{"id":995,"date":"2021-10-31T14:50:43","date_gmt":"2021-10-31T14:50:43","guid":{"rendered":"http:\/\/stolpersteine-goeppingen.de\/?page_id=995"},"modified":"2025-04-19T09:56:16","modified_gmt":"2025-04-19T09:56:16","slug":"stern-erna-hilde-berta-und-leo","status":"publish","type":"page","link":"https:\/\/stolpersteine-goeppingen.de\/en\/goeppingen\/stern-erna-hilde-berta-und-leo\/","title":{"rendered":"Stern, Erna, Leo and Hilde Berta"},"content":{"rendered":"\n<p><strong>Franklinstr. 5<\/strong><\/p>\n\n\n<div class=\"wp-block-image\">\n<figure class=\"aligncenter size-large\"><img loading=\"lazy\" width=\"1024\" height=\"942\" src=\"http:\/\/stolpersteine-goeppingen.de\/wp-content\/uploads\/2022\/06\/Stern-Steine-Auschnitt-1024x942.jpg\" alt=\"\" class=\"wp-image-1756\" srcset=\"https:\/\/stolpersteine-goeppingen.de\/wp-content\/uploads\/2022\/06\/Stern-Steine-Auschnitt-1024x942.jpg 1024w, https:\/\/stolpersteine-goeppingen.de\/wp-content\/uploads\/2022\/06\/Stern-Steine-Auschnitt-300x276.jpg 300w, https:\/\/stolpersteine-goeppingen.de\/wp-content\/uploads\/2022\/06\/Stern-Steine-Auschnitt-768x707.jpg 768w, https:\/\/stolpersteine-goeppingen.de\/wp-content\/uploads\/2022\/06\/Stern-Steine-Auschnitt-676x622.jpg 676w, https:\/\/stolpersteine-goeppingen.de\/wp-content\/uploads\/2022\/06\/Stern-Steine-Auschnitt.jpg 1087w\" sizes=\"auto, (max-width: 1024px) 100vw, 1024px\" \/><\/figure>\n<\/div>\n\n\n<p><strong>\u201d&#8230; but they were very lonely\u201d<\/strong><\/p>\n\n\n\n<p>In early 1936 the Jewish Stern family from Nordeck \/ Hessen (now part of the city of Allendorf) moved to G\u00f6ppingen. They were 42-year-old Erna Stern, n\u00e9e Strauss and her one year older husband Leo together with their children, daughter Hilde Berta, born in 1929 and their sons Herbert Ludwig, born in 1920 and Berthold Artur, born in 1923. The couple had operated a thriving textile store with Erna as manager in Nordeck, which was a village of about 550 inhabitants at that time. It is documented that the Sterns owned a house with a piece of land. The Stern family was influential in the Jewish congregation. Leo\u2019s father Meyer Stern was a synagogue elder and congregation president until 1923, Leo himself was treasurer of the congregation starting in 1932. The small Jewish community of Nordeck had in earlier years already experienced periods of strong anti-Semitism, but during the time of the Nazi regime the non-Jewish majority acted moderately towards them. The mayor saw to it that the synagogue was not destroyed during Pogrom Night.<\/p>\n\n\n\n<p>It could not be determined from the examined documents why the Stern family moved away from Nordeck. Leo\u2019s brother Heinemann Stern, who had left his hometown long before, remembered: <em>\u201cIn 1935, in the so-called \u2018good old days\u2019, I visited my hometown. Nobody harmed the [Jewish \u2013 kmr] people. But they were very lonely. They only left their houses when it was absolutely necessary. Not from fear they would be harmed; but so they did not have to feel that they were being avoided over and over again. As a stranger and visitor I was still able to visit old friends in their homes, but the local Jewish people no longer did.\u201d<\/em> Most Jewish families who were able to flee had left Nordeck during the following years. Only the Lion family who was too poor to flee, and in 1941 and 1942 they were deported and murdered.<\/p>\n\n\n\n<p>It is also not clear why the Stern family chose to move to G\u00f6ppingen. Perhaps they had contacts through their business relationships? Their first home in G\u00f6ppingen was located at Franklinstr. 5 and belonged to the Rothschild family, owners of a weaving mill in Uhingen. Betty Rothschild, a 58-year-old widow, allocated a major part of her house to the Sterns. They were able to bring their whole household, including furniture for several rooms, to G\u00f6ppingen. According to a list of their possessions it can also be assumed that the Stern family had separate dinnerware for Pessach but otherwise did not keep a kosher home.<\/p>\n\n\n<div class=\"wp-block-image\">\n<figure class=\"aligncenter size-large\"><img loading=\"lazy\" width=\"1024\" height=\"768\" src=\"http:\/\/stolpersteine-goeppingen.de\/wp-content\/uploads\/2022\/06\/Stern-Franklinstr.5-1024x768.jpg\" alt=\"\" class=\"wp-image-1757\" srcset=\"https:\/\/stolpersteine-goeppingen.de\/wp-content\/uploads\/2022\/06\/Stern-Franklinstr.5-1024x768.jpg 1024w, https:\/\/stolpersteine-goeppingen.de\/wp-content\/uploads\/2022\/06\/Stern-Franklinstr.5-300x225.jpg 300w, https:\/\/stolpersteine-goeppingen.de\/wp-content\/uploads\/2022\/06\/Stern-Franklinstr.5-768x576.jpg 768w, https:\/\/stolpersteine-goeppingen.de\/wp-content\/uploads\/2022\/06\/Stern-Franklinstr.5-676x507.jpg 676w, https:\/\/stolpersteine-goeppingen.de\/wp-content\/uploads\/2022\/06\/Stern-Franklinstr.5.jpg 1333w\" sizes=\"auto, (max-width: 1024px) 100vw, 1024px\" \/><figcaption class=\"wp-element-caption\">Franklinstr. 5<\/figcaption><\/figure>\n<\/div>\n\n\n<p>Leo Stern worked for his landlords as a custodian in the houses at Franklinstr. 5 and 7 which also belonged to the Rothschild family. Probably he worked at their weaving mill in Uhingen as well. From March 1936 until April 1937 he is listed as a \u2018factory worker\u2019 in the AOK documents [AOK = a sick fund]. From May 1937 until November 1938 he worked at the paper factory in Eislingen which was owned by the Jewish family Fleischer. Leo Stern earned RM 40 monthly for his job as a custodian, but the family was allowed to live rent-free. In addition he also earned approximately RM 160 monthly at the paper factory. Because of this rather meager income it is likely that Erna Stern also worked to earn some money, but there is no documentation for this. On July 26, 1938 Betty Rothschild sold the house at Franklinstr. 5 to the W\u00fcrttemberg finance ministry, and on November 10 Alfred Nagel, the Nazi county administrator, moved into an impressive apartment there. Most likely the Stern family had to move out because of this. It has to be pointed out that Leo Stern was not arrested during the Pogrom Night from November 9 to 10, 1938. He also is not listed as a prisoner of a concentration camp where Jewish men were detained after the Pogrom Night. Their 18-year-old son Herbert Ludwig would most likely have been a victim of Jewish persecution, but he probably no longer lived in G\u00f6ppingen at that time. Herbert Ludwig possibly spent some time in Frankfurt\/Main and eventually made his way to Palestine.<\/p>\n\n\n\n<p><strong>Berthold\u2019s Hachschara and Flight<\/strong><\/p>\n\n\n\n<p>The path of Berthold Artur, the younger son of the Sterns, is easier to follow. According to the G\u00f6ppingen documents, he moved to Rathenow\/Brandenburg in June 1938 when he was only 15 years old. In retrospect, even if this decision most probably saved his life it must have been difficult for his parents to let their 15-year-old son move into an uncertain fate. Berthold\u2019s destination certainly was not the small town of Rathenow but the nearby \u2018Landwerk Steckelsdorf\u2019. This Jewish establishment had a Zionist background and it was there that young Jewish people were being prepared for life in Palestine: \u2019Hachschara\u2019 is the Hebrew term which outlined the educational goals of this facility in which young people were specifically trained in manual and agricultural skills. The organizational structure of the \u2018Landwerk\u2019 followed the example of the kibbutz, and the steering committee organized emigration to Palestine as well. But only a single group of 15 young people actually made it to the Middle East, as Ezra Ben Gershom describes in his memoirs. (In: David \u2013 Record of a Survivor). So it is quite possible that Berthold Artur Stern and his companions got on a Danube ship in Vienna in September 1940 and arrived in the harbor of Haifa in November after they and other refugees had changed to three oceangoing ships in Rumania. However, before the passengers who were exhausted from the long trip could land, they were stopped by ships of the British military. The British forced the passengers of two of the three refugee ships to switch onto the ship \u2018Patria\u2019, on which they were to be deported to the island of Mauritius. In order to prevent this, the Jewish commando group \u2018Haganah\u2019 smuggled an explosive device on board of the \u2018Patria\u2019. Tragically, the fighters had miscalculated the amount of dynamite needed and the ship sank much faster than expected. Approximately 270 Jewish refugees died in the harbor of Haifa &#8211; but none of them were from the Steckelsdorf group including Berthold Artur Stern. The British showed mercy to the survivors of the \u2018Patria\u2019 and allowed them to go ashore, but the passengers of the third refugee ship were exiled to Mauritius.<\/p>\n\n\n\n<p><strong>Hilde Berta \u2013 At The Jewish School?<\/strong><\/p>\n\n\n\n<p>While her brothers were preparing for their escape to Palestine, Hilde Berta probably attended the Jewish school which had recently been founded in G\u00f6ppingen in September 1936. The Rabbi\u2019s house&nbsp; (Freihofstr. 46) served as the schoolroom (see biography of <a href=\"https:\/\/stolpersteine-goeppingen.de\/en\/goeppingen\/erlanger-fritz-max\/\" data-type=\"link\" data-id=\"https:\/\/stolpersteine-goeppingen.de\/en\/goeppingen\/erlanger-fritz-max\/\">Fritz Max Erlanger<\/a>). Her name as a classmate is in the poetry album of Beate D\u00f6rzbacher, who attended this school.<\/p>\n\n\n<div class=\"wp-block-image\">\n<figure class=\"aligncenter size-large\"><img loading=\"lazy\" width=\"1024\" height=\"366\" src=\"https:\/\/stolpersteine-goeppingen.de\/wp-content\/uploads\/2023\/10\/Stern-Hilde-Unterschrift-1024x366.jpg\" alt=\"\" class=\"wp-image-4547\" title=\"Stern, Hilde Unterschrift\" srcset=\"https:\/\/stolpersteine-goeppingen.de\/wp-content\/uploads\/2023\/10\/Stern-Hilde-Unterschrift-1024x366.jpg 1024w, https:\/\/stolpersteine-goeppingen.de\/wp-content\/uploads\/2023\/10\/Stern-Hilde-Unterschrift-300x107.jpg 300w, https:\/\/stolpersteine-goeppingen.de\/wp-content\/uploads\/2023\/10\/Stern-Hilde-Unterschrift-768x274.jpg 768w, https:\/\/stolpersteine-goeppingen.de\/wp-content\/uploads\/2023\/10\/Stern-Hilde-Unterschrift-1536x549.jpg 1536w, https:\/\/stolpersteine-goeppingen.de\/wp-content\/uploads\/2023\/10\/Stern-Hilde-Unterschrift-2048x732.jpg 2048w, https:\/\/stolpersteine-goeppingen.de\/wp-content\/uploads\/2023\/10\/Stern-Hilde-Unterschrift-676x242.jpg 676w\" sizes=\"auto, (max-width: 1024px) 100vw, 1024px\" \/><figcaption class=\"wp-element-caption\">Poetry album signature<\/figcaption><\/figure>\n<\/div>\n\n\n<p>Even if Hilde Berta had found companionship with other students, it most likely became more and more lonely for her. Hardly any Jewish children remained in G\u00f6ppingen; most of the ones who did can be seen on a photo taken by Inge Auerbacher\u2019s father in winter 1940. (She would not have been allowed to have \u2018Aryan\u2019 children as her friends). Hilde Berta Stern most likely was the third girl from the left in the back row. The photo was taken at the \u2018Judenhaus\u2019 [Jewish house] at Metzgerstr. 16 in G\u00f6ppingen which belonged to the <a href=\"https:\/\/stolpersteine-goeppingen.de\/en\/goeppingen\/geschmay-pauline-und-david\/\" data-type=\"link\" data-id=\"https:\/\/stolpersteine-goeppingen.de\/en\/goeppingen\/geschmay-pauline-und-david\/\">Geschmay family<\/a>. It is not known if the Stern family found different living quarters after they had to move out of their Franklinstra\u00dfe residence and before they were ordered to move to Metzgerstra\u00dfe. They probably would not have been able to take all of their household goods with them to Metzgerstra\u00dfe. Some of their possessions would probably have been auctioned off, the tax office (the Nazi regime) being the beneficiary. It is very likely that various pieces of their furniture could still be found in some G\u00f6ppingen households.<\/p>\n\n\n<div class=\"wp-block-image\">\n<figure class=\"aligncenter size-large is-resized\"><img loading=\"lazy\" width=\"1024\" height=\"670\" src=\"https:\/\/stolpersteine-goeppingen.de\/wp-content\/uploads\/2023\/10\/Bild-Inge-Kinderbild-grossbearb-1024x670.jpg\" alt=\"\" class=\"wp-image-4542\" style=\"aspect-ratio:1.528358208955224;width:676px;height:auto\" srcset=\"https:\/\/stolpersteine-goeppingen.de\/wp-content\/uploads\/2023\/10\/Bild-Inge-Kinderbild-grossbearb-1024x670.jpg 1024w, https:\/\/stolpersteine-goeppingen.de\/wp-content\/uploads\/2023\/10\/Bild-Inge-Kinderbild-grossbearb-300x196.jpg 300w, https:\/\/stolpersteine-goeppingen.de\/wp-content\/uploads\/2023\/10\/Bild-Inge-Kinderbild-grossbearb-768x503.jpg 768w, https:\/\/stolpersteine-goeppingen.de\/wp-content\/uploads\/2023\/10\/Bild-Inge-Kinderbild-grossbearb-676x442.jpg 676w, https:\/\/stolpersteine-goeppingen.de\/wp-content\/uploads\/2023\/10\/Bild-Inge-Kinderbild-grossbearb.jpg 1328w\" sizes=\"auto, (max-width: 1024px) 100vw, 1024px\" \/><figcaption class=\"wp-element-caption\">Hilde Berta Stern, back, third from left<\/figcaption><\/figure>\n<\/div>\n\n<div class=\"wp-block-image\">\n<figure class=\"aligncenter size-large\"><img loading=\"lazy\" width=\"1024\" height=\"751\" src=\"https:\/\/stolpersteine-goeppingen.de\/wp-content\/uploads\/2023\/10\/Geschmay-Metzgerstr.16-bearb-1024x751.jpg\" alt=\"\" class=\"wp-image-4543\" srcset=\"https:\/\/stolpersteine-goeppingen.de\/wp-content\/uploads\/2023\/10\/Geschmay-Metzgerstr.16-bearb-1024x751.jpg 1024w, https:\/\/stolpersteine-goeppingen.de\/wp-content\/uploads\/2023\/10\/Geschmay-Metzgerstr.16-bearb-300x220.jpg 300w, https:\/\/stolpersteine-goeppingen.de\/wp-content\/uploads\/2023\/10\/Geschmay-Metzgerstr.16-bearb-768x563.jpg 768w, https:\/\/stolpersteine-goeppingen.de\/wp-content\/uploads\/2023\/10\/Geschmay-Metzgerstr.16-bearb-676x496.jpg 676w, https:\/\/stolpersteine-goeppingen.de\/wp-content\/uploads\/2023\/10\/Geschmay-Metzgerstr.16-bearb.jpg 1036w\" sizes=\"auto, (max-width: 1024px) 100vw, 1024px\" \/><figcaption class=\"wp-element-caption\">The house of the Geschmay family, Metzgerstr.16<\/figcaption><\/figure>\n<\/div>\n\n\n<p><strong>Heinemann Stern \u2013 A \u2018Celebrity\u2019 in the Family<\/strong><\/p>\n\n\n\n<p>Leo Stern, born in 1892, was the youngest of five siblings. His 14-years-older brother Heinemann Stern gained nationwide prominence. He had studied to be a teacher and became a well-respected educator who wrote authoritative texts on teaching concepts and methodology. The highest point of his career in education was when he became the chairman of the Jewish Teachers Association of Germany. In addition, <a href=\"https:\/\/de.wikipedia.org\/wiki\/Heinemann_Stern\" data-type=\"link\" data-id=\"https:\/\/de.wikipedia.org\/wiki\/Heinemann_Stern\">Heinemann Stern<\/a> was involved with the \u2018Central Association of German Citizens of Jewish Faith\u2019, of which he became a member of the governing board. A very interesting testimony of that time which reflects Jewish life from an \u2018inside view\u2019 is his book \u201cWhy Do They Hate Us?\u201d which he wrote after his emigration.<\/p>\n\n\n<div class=\"wp-block-image\">\n<figure class=\"aligncenter size-full\"><img loading=\"lazy\" width=\"636\" height=\"915\" src=\"https:\/\/stolpersteine-goeppingen.de\/wp-content\/uploads\/2023\/10\/Stern-Dr.-Heinemann-bearb.jpg\" alt=\"\" class=\"wp-image-4544\" srcset=\"https:\/\/stolpersteine-goeppingen.de\/wp-content\/uploads\/2023\/10\/Stern-Dr.-Heinemann-bearb.jpg 636w, https:\/\/stolpersteine-goeppingen.de\/wp-content\/uploads\/2023\/10\/Stern-Dr.-Heinemann-bearb-209x300.jpg 209w\" sizes=\"auto, (max-width: 636px) 100vw, 636px\" \/><figcaption class=\"wp-element-caption\">Dr. Heinemann Stern (photo in the possession of Johanna Stern, Kibbutz Doroth)<\/figcaption><\/figure>\n<\/div>\n\n\n<p>In May 1940 Heinemann and his wife fled to Rio de Janeiro, but not without first saying good bye to his relatives:<br><em>\u201cIn Munich we stayed an extra day so we can say farewell to my youngest brother and his family who have come from G\u00f6ppingen. (\u2026)&nbsp; We left behind my sister in Berlin (her two daughters in Holland) and a brother and his wife and child in Southern Germany. In their last letters at the end of 1941 it is evident that they were expecting to be deported hourly.\u201d<\/em><\/p>\n\n\n\n<p><strong>The Hour of Deportation\u2026<\/strong><\/p>\n\n\n\n<p>\u2026began on November 28, 1941, when Erna, Hilde Berta and Leo Stern were taken to the railroad station by G\u00f6ppingen police officers. They were among the first Jewish citizens to be deported from G\u00f6ppingen, not counting the \u2018Polish operation\u2019 in October 1938. A total of 39 persons, among them nine children and juveniles between the ages of three and fourteen, were taken into custody. Three days after their arrest in G\u00f6ppingen the deportation train left from Stuttgart Nordbahnhof [northern railroad station] and reached the Latvian city of Riga three days later. Together with approximately 1000 other Jews, the group from G\u00f6ppingen was housed at the country estate of \u2018Jungfernhof\u2019, several kilometers outside the city. Then fourteen-year-old <a href=\"https:\/\/stolpersteine-goeppingen.de\/en\/goeppingen\/fleischer-irma-und-julius\/\" data-type=\"link\" data-id=\"https:\/\/stolpersteine-goeppingen.de\/en\/goeppingen\/fleischer-irma-und-julius\/\">Richard Fleischer<\/a> reported about the misery of the train ride, the arrival in Riga and the cruel living conditions. Most of the people from G\u00f6ppingen interned at \u2018Jungfernhof\u2019 were murdered on March 26, 1942 &#8211; they were taken to the nearby woods and were shot while standing in front of ditches which had been excavated there. The perpetrators were the German SS and \u2018Security Police\u2019 supported by Latvian auxiliary police. Most likely Erna, Hilde Berta and Leo Stern lost their lives in this way.<\/p>\n\n\n\n<p>None of Erna Stern\u2019s close relatives, the Strauss family from Bavarian-Swabian Binswangen, were murdered. However, there were victims among Leo Stern\u2019s relatives: Leo\u2019s five-years-older sister Berta had married Julius Hess, and they had twin daughters named Hannelore and Rosemarie. After her divorce from Julius Berta lived in Berlin-Steglitz where she had her own grocery store starting in 1934 and which she operated successfully until 1938. Since the beginning of 1939 her two daughters lived in Utrecht in the Netherlands (Who gave the 13-year-old children refuge there?).&nbsp; In 1943, the Netherlands were occupied by Nazi Germany, and the twins were deported via Camp Westerbork to Sobibor, where they were murdered on March 5. At that point in time, their mother was already no longer alive. In 1941 Berta Hess was forcibly taken from Berlin, but it is not known where she has been murdered during that same year.<\/p>\n\n\n<div class=\"wp-block-image\">\n<figure class=\"aligncenter size-full is-resized\"><img loading=\"lazy\" width=\"515\" height=\"633\" src=\"http:\/\/stolpersteine-goeppingen.de\/wp-content\/uploads\/2022\/06\/Stern-Hess-Zwill.jpg\" alt=\"\" class=\"wp-image-1762\" style=\"aspect-ratio:0.8135860979462876;width:545px;height:auto\" srcset=\"https:\/\/stolpersteine-goeppingen.de\/wp-content\/uploads\/2022\/06\/Stern-Hess-Zwill.jpg 515w, https:\/\/stolpersteine-goeppingen.de\/wp-content\/uploads\/2022\/06\/Stern-Hess-Zwill-244x300.jpg 244w\" sizes=\"auto, (max-width: 515px) 100vw, 515px\" \/><figcaption class=\"wp-element-caption\">Hannelore and Rosemarie Hess<\/figcaption><\/figure>\n<\/div>\n\n\n<p>The two sons of Erna and Leo Stern first lived in Israel, then emigrated to the United States in 1960. Herbert Ludwig Stern lived and worked in a factory in Denver, Colorado, Berthold Artur (Abraham) Stern lived in New York.<br>Descendants of Heinemann Stern live in Israel and in Brazil.<\/p>\n\n\n\n<p>On October 2, 2013, Stumbling Stones in memory of Erna, Hilde Berta and Leo Stern were placed in front of the house at Franklinstr. 5, where the family had initially found a generous reception after their arrival in G\u00f6ppingen.<\/p>\n\n\n\n<p>(22.07.2023 kmr \/ ir)<\/p>\n\n\n<p><div class=\"leaflet-map WPLeafletMap\" style=\"height:450px; width:95%;\"><\/div><script>\nwindow.WPLeafletMapPlugin = window.WPLeafletMapPlugin || [];\nwindow.WPLeafletMapPlugin.push(function WPLeafletMapShortcode() {\/*<script>*\/\nvar baseUrl = atob('aHR0cHM6Ly97c30udGlsZS5vcGVuc3RyZWV0bWFwLm9yZy97en0ve3h9L3t5fS5wbmc=');\nvar base = (!baseUrl && window.MQ) ?\n    window.MQ.mapLayer() : L.tileLayer(baseUrl,\n        L.Util.extend({}, {\n            detectRetina: 1,\n        },\n        {\"subdomains\":\"abc\",\"noWrap\":false,\"maxZoom\":19}        )\n    );\n    var options = L.Util.extend({}, {\n        layers: [base],\n        attributionControl: false\n    },\n    {\"zoomControl\":true,\"scrollWheelZoom\":true,\"doubleClickZoom\":false,\"fitBounds\":false,\"minZoom\":0,\"maxZoom\":19,\"maxBounds\":null,\"attribution\":\"<a href=\\\"http:\\\/\\\/leafletjs.com\\\" title=\\\"Eine Javascript-Bibliothek f\\u00fcr interaktive Karten\\\">Leaflet<\\\/a>; \\u00a9 <a href=\\\"http:\\\/\\\/www.openstreetmap.org\\\/copyright\\\">OpenStreetMap<\\\/a> Mitwirkende\"},\n    {});\nwindow.WPLeafletMapPlugin.createMap(options).setView([48.709675483955,9.6588865810746],18);});<\/script><br \/>\n<script>\nwindow.WPLeafletMapPlugin = window.WPLeafletMapPlugin || [];\nwindow.WPLeafletMapPlugin.push(function WPLeafletMarkerShortcode() {\/*<script>*\/\nvar map = window.WPLeafletMapPlugin.getCurrentMap();\nvar group = window.WPLeafletMapPlugin.getCurrentGroup();\nvar marker_options = window.WPLeafletMapPlugin.getIconOptions({});\nvar marker = L.marker(\n    [48.709739203913,9.6608497120413],\n    marker_options\n);\nvar is_image = map.is_image_map;\nif (marker_options.draggable) {\n    marker.on('dragend', function () {\n        var latlng = this.getLatLng();\n        var lat = latlng.lat;\n        var lng = latlng.lng;\n        if (is_image) {\n            console.log('leaflet-marker y=' + lat + ' x=' + lng);\n        } else {\n            console.log('leaflet-marker lat=' + lat + ' lng=' + lng);\n        }\n    });\n}\nmarker.addTo( group );\nwindow.WPLeafletMapPlugin.markers.push( marker );\n        });<\/script><\/p>\n","protected":false},"excerpt":{"rendered":"<p>Franklinstr. 5 \u201d&#8230; but they were very lonely\u201d In early 1936 the Jewish Stern family from Nordeck \/ Hessen (now part of the city of Allendorf) moved to G\u00f6ppingen. They [&hellip;]<\/p>\n","protected":false},"author":1,"featured_media":0,"parent":118,"menu_order":53,"comment_status":"open","ping_status":"closed","template":"","meta":{"_coblocks_attr":"","_coblocks_dimensions":"","_coblocks_responsive_height":"","_coblocks_accordion_ie_support":"","ngg_post_thumbnail":0,"cybocfi_hide_featured_image":"","footnotes":"","_links_to":"","_links_to_target":""},"class_list":["post-995","page","type-page","status-publish","hentry","post-preview"],"translation":{"provider":"WPGlobus","version":"3.0.2","language":"en","enabled_languages":["de","en"],"languages":{"de":{"title":true,"content":true,"excerpt":false},"en":{"title":true,"content":true,"excerpt":false}}},"publishpress_future_action":{"enabled":false,"date":"2026-05-07 00:26:22","action":"change-status","newStatus":"draft","terms":[],"taxonomy":"","extraData":[]},"publishpress_future_workflow_manual_trigger":{"enabledWorkflows":[]},"_links":{"self":[{"href":"https:\/\/stolpersteine-goeppingen.de\/en\/wp-json\/wp\/v2\/pages\/995","targetHints":{"allow":["GET"]}}],"collection":[{"href":"https:\/\/stolpersteine-goeppingen.de\/en\/wp-json\/wp\/v2\/pages"}],"about":[{"href":"https:\/\/stolpersteine-goeppingen.de\/en\/wp-json\/wp\/v2\/types\/page"}],"author":[{"embeddable":true,"href":"https:\/\/stolpersteine-goeppingen.de\/en\/wp-json\/wp\/v2\/users\/1"}],"replies":[{"embeddable":true,"href":"https:\/\/stolpersteine-goeppingen.de\/en\/wp-json\/wp\/v2\/comments?post=995"}],"version-history":[{"count":41,"href":"https:\/\/stolpersteine-goeppingen.de\/en\/wp-json\/wp\/v2\/pages\/995\/revisions"}],"predecessor-version":[{"id":8594,"href":"https:\/\/stolpersteine-goeppingen.de\/en\/wp-json\/wp\/v2\/pages\/995\/revisions\/8594"}],"up":[{"embeddable":true,"href":"https:\/\/stolpersteine-goeppingen.de\/en\/wp-json\/wp\/v2\/pages\/118"}],"wp:attachment":[{"href":"https:\/\/stolpersteine-goeppingen.de\/en\/wp-json\/wp\/v2\/media?parent=995"}],"curies":[{"name":"wp","href":"https:\/\/api.w.org\/{rel}","templated":true}]}}