{"id":9136,"date":"2025-10-19T06:09:58","date_gmt":"2025-10-19T06:09:58","guid":{"rendered":"https:\/\/stolpersteine-goeppingen.de\/ebersbach-2\/neumann-franziska-lutz-und-wolfgang\/"},"modified":"2025-11-10T17:19:04","modified_gmt":"2025-11-10T17:19:04","slug":"neumann-franziska-lutz-und-wolfgang","status":"publish","type":"page","link":"https:\/\/stolpersteine-goeppingen.de\/en\/ebersbach\/neumann-franziska-lutz-und-wolfgang\/","title":{"rendered":"Neumann, Franziska, Lutz and Wolfgang"},"content":{"rendered":"\n<p><strong>B\u00fcchenbronner Str. 34<\/strong><\/p>\n\n\n\n<figure class=\"wp-block-image size-large\"><img loading=\"lazy\" width=\"1024\" height=\"356\" src=\"http:\/\/stolpersteine-goeppingen.de\/wp-content\/uploads\/2021\/10\/Stolpersteine-Buechenbronner-Strasse_Neumann_2018-12-11_-1-1024x356.jpg\" alt=\"\" class=\"wp-image-65\" srcset=\"https:\/\/stolpersteine-goeppingen.de\/wp-content\/uploads\/2021\/10\/Stolpersteine-Buechenbronner-Strasse_Neumann_2018-12-11_-1-1024x356.jpg 1024w, https:\/\/stolpersteine-goeppingen.de\/wp-content\/uploads\/2021\/10\/Stolpersteine-Buechenbronner-Strasse_Neumann_2018-12-11_-1-300x104.jpg 300w, https:\/\/stolpersteine-goeppingen.de\/wp-content\/uploads\/2021\/10\/Stolpersteine-Buechenbronner-Strasse_Neumann_2018-12-11_-1-768x267.jpg 768w, https:\/\/stolpersteine-goeppingen.de\/wp-content\/uploads\/2021\/10\/Stolpersteine-Buechenbronner-Strasse_Neumann_2018-12-11_-1-1536x534.jpg 1536w, https:\/\/stolpersteine-goeppingen.de\/wp-content\/uploads\/2021\/10\/Stolpersteine-Buechenbronner-Strasse_Neumann_2018-12-11_-1-2048x713.jpg 2048w, https:\/\/stolpersteine-goeppingen.de\/wp-content\/uploads\/2021\/10\/Stolpersteine-Buechenbronner-Strasse_Neumann_2018-12-11_-1-676x235.jpg 676w\" sizes=\"auto, (max-width: 1024px) 100vw, 1024px\" \/><\/figure>\n\n\n\n<p>Three Stumbling Stones in Ebersbach\/Fils commemorate the fate of the Neumann family of three. This was the location where the Neumann family passed when they were forcibly taken from the rectory. The inscriptions on the Stumbling Stones give the names and dates of the murdered persons and summarize the last period of their lives.<\/p>\n\n\n\n<p><strong>Silent Helpers for the Persecuted<\/strong><\/p>\n\n\n\n<p>The help that was given to the persecuted family by Pastor Hermann Diem and his wife Anneliese and by Vicar Ilse H\u00e4rter had been known for several decades. In his 1975 memoir entitled \u2018Yes or No. Fifty Years of Theology in Church and State\u2019, Hermann Diem mentioned in a short paragraph how he had hidden a Jewish mother and her two sons in the rectory. Ilse H\u00e4rter, who worked as a vicar in Ebersbach from 1942-1944, also spoke in two seminars in 1983 about her experiences with the struggle by the church during the Nazi era. These lectures were not published until 2011. A link between the Ebersbach rectory and the W\u00fcrttemberg \u2018Rectory Chain\u2019 became only known through recent research into the actions by the \u2018Silent Helpers.\u2019 This \u2018Rectory Chain\u2019 was able to save seventeen people from being murdered. It is thanks to numerous publications that the background and fate of the three-member Neumann family became known in Ebersbach in November 2018.<\/p>\n\n\n<div class=\"wp-block-image\">\n<figure class=\"aligncenter size-full\" id=\"attachment_4768\"><img loading=\"lazy\" width=\"703\" height=\"1024\" src=\"http:\/\/stolpersteine-goeppingen.de\/wp-content\/uploads\/2021\/10\/Diem-Hermann-als-Pfarrer-im-Talar-in-Ebersbach-um-1938-703x1024-1.jpg\" alt=\"\" class=\"wp-image-66\" srcset=\"https:\/\/stolpersteine-goeppingen.de\/wp-content\/uploads\/2021\/10\/Diem-Hermann-als-Pfarrer-im-Talar-in-Ebersbach-um-1938-703x1024-1.jpg 703w, https:\/\/stolpersteine-goeppingen.de\/wp-content\/uploads\/2021\/10\/Diem-Hermann-als-Pfarrer-im-Talar-in-Ebersbach-um-1938-703x1024-1-206x300.jpg 206w, https:\/\/stolpersteine-goeppingen.de\/wp-content\/uploads\/2021\/10\/Diem-Hermann-als-Pfarrer-im-Talar-in-Ebersbach-um-1938-703x1024-1-676x985.jpg 676w\" sizes=\"auto, (max-width: 703px) 100vw, 703px\" \/><figcaption class=\"wp-element-caption\">Hermann Diem 1938<\/figcaption><\/figure>\n<\/div>\n\n<div class=\"wp-block-image\">\n<figure class=\"aligncenter size-full\" id=\"attachment_4767\"><img loading=\"lazy\" width=\"549\" height=\"1024\" src=\"http:\/\/stolpersteine-goeppingen.de\/wp-content\/uploads\/2021\/10\/Haerter_Ilse-im-Talar_Ebersbach-1944-549x1024-1.jpg\" alt=\"\" class=\"wp-image-67\" srcset=\"https:\/\/stolpersteine-goeppingen.de\/wp-content\/uploads\/2021\/10\/Haerter_Ilse-im-Talar_Ebersbach-1944-549x1024-1.jpg 549w, https:\/\/stolpersteine-goeppingen.de\/wp-content\/uploads\/2021\/10\/Haerter_Ilse-im-Talar_Ebersbach-1944-549x1024-1-161x300.jpg 161w\" sizes=\"auto, (max-width: 549px) 100vw, 549px\" \/><figcaption class=\"wp-element-caption\">Ilse H\u00e4rter 1944<\/figcaption><\/figure>\n<\/div>\n\n\n<p><strong>Hidden From Persecution<\/strong><\/p>\n\n\n\n<p>It is not known how many people found temporary refuge in the Ebersbach rectory or in private homes in Ebersbach. It was mostly Jews who were provided with protection and a roof over their heads as well as a short-term hiding place from persecution by the Nazis. So far, two such examples for the Ebersbach rectory are known. An event that occurred at a private residence during the Second World War has been handed down orally. The local group leader of the NSDAP (Nazi party), accompanied by a town official, demanded to search a residence on the grounds that a \u201cJewish woman\u201d was being hidden in the house. He was not permitted entry.<\/p>\n\n\n\n<p><strong>Memories of a Survivor<\/strong><\/p>\n\n\n\n<p>In her biography \u2018Passing. Growing up in Hitler\u2019s Germany\u2019, Anita Witt, n\u00e9e Schr\u00f6der, tells how she grew up in Cannstatt as the daughter of a Protestant father and a Jewish woman who had converted to the Protestant faith. At the end of August 1943, Anita\u2019s parents were able send her to Ebersbach to avoid being separated from them through a Kinderlandverschickung (evacuation of children). Contact with Pastor Diem in Ebersbach presumably came about through the pastor of the Reformed Congregation in Stuttgart, Kurt M\u00fcller and his wife Elisabeth. Kurt M\u00fcller had already offered to provide shelter for the aunt of Anita Schr\u00f6der&#8217;s best friend, but Dr. Marga Wolf declined. She died in Theresienstadt in 1944. Anita Schr\u00f6der spent the war years in Ebersbach. At first she lived in the house of Pastor Diem. After a short time there, a permanent stay was arranged with an Ebersbach family who had a daughter of the same age. The Jewish origin of her mother was a \u2018life-threatening secret\u2019 about which Anita Witt talked in a telephone conversation in February 2015. She did not even tell this secret to the daughter of the host family with whom she had shared a room for two years and with whom she went to school in G\u00f6ppingen. In April 1945, immediately after the American invasion, she returned to Bad Cannstatt together with her parents. She later emigrated to the United States.<\/p>\n\n\n\n<p><strong>Franziska Neumann and her sons Ludwig and Wolfgang<\/strong><\/p>\n\n\n<div class=\"wp-block-image\">\n<figure class=\"aligncenter size-full\" id=\"attachment_4820\"><img loading=\"lazy\" width=\"794\" height=\"1024\" src=\"http:\/\/stolpersteine-goeppingen.de\/wp-content\/uploads\/2021\/10\/Franziska-Neumann-und-S_hne_-1942-794x1024-1.jpg\" alt=\"\" class=\"wp-image-68\" srcset=\"https:\/\/stolpersteine-goeppingen.de\/wp-content\/uploads\/2021\/10\/Franziska-Neumann-und-S_hne_-1942-794x1024-1.jpg 794w, https:\/\/stolpersteine-goeppingen.de\/wp-content\/uploads\/2021\/10\/Franziska-Neumann-und-S_hne_-1942-794x1024-1-233x300.jpg 233w, https:\/\/stolpersteine-goeppingen.de\/wp-content\/uploads\/2021\/10\/Franziska-Neumann-und-S_hne_-1942-794x1024-1-768x990.jpg 768w, https:\/\/stolpersteine-goeppingen.de\/wp-content\/uploads\/2021\/10\/Franziska-Neumann-und-S_hne_-1942-794x1024-1-676x872.jpg 676w\" sizes=\"auto, (max-width: 794px) 100vw, 794px\" \/><figcaption class=\"wp-element-caption\">Franziska Neumann and her Sons Ludwig &amp; Wolfgang 1942<\/figcaption><\/figure>\n<\/div>\n\n\n<p>Since November 2018 and following extensive research, the life and fate of Franziska Neumann and her sons Ludwig and Wolfgang have become better known. They lived in the rectory in Ebersbach for about three weeks, four months before Anita Schr\u00f6der arrived there. Sadly, they were among the fugitives protected by the \u2018Rectory Chain\u2019 who were arrested by the Gestapo at their hiding places. In April 1943 the family was taken from the rectory in Ebersbach &#8211; probably a unique case in the history of the Church in W\u00fcrttemberg. They were deported from Stuttgart to Auschwitz on June 17, 1943, where they later died.<\/p>\n\n\n\n<p><strong>The Neumann family<\/strong><\/p>\n\n\n\n<p>In 1937, Franziska and Erich Neumann lived as a happy family with their two sons. Erich Neumann had accepted a position as a teacher and cantor at the Orthodox Jewish congregation of Eschwege in 1937 \u2013 together with his wife Franziska (called Fr\u00e4nze) and their two sons, three-year-old Ludwig (called Lutz), and one-year-old Wolfgang (called Wolfi), and they led as quiet a family life as was possible. The November pogrom in 1938 ended their happy life together. During the Pogrom Night Erich Neumann was deported to the Dachau concentration camp via the Buchenwald concentration camp.<\/p>\n\n\n\n<p>At an advanced age, Erich Neumann wrote a memoir of his life, in which he tells how his wife Franziska had arranged that he was released from Dachau before the turn of the year 1938\/39. In order to speed up her husband&#8217;s release, Franziska Neumann went to Munich and presented an exit visa for her husband to San Domingo at the Gestapo main headquarters in the Wittelsbach Palace. At that time, nobody noticed that the visa of the Paris travel agency was not genuine. &#8220;She was ingenious, she was smart, and she could really figure things out,&#8221; Erich Neumann described his wife in his memoir. On December 28, 1938, he was released from Dachau, along with 300 other detainees. Before he was released, he had to sign an agreement that he would leave Germany within four weeks. On December 29, Erich Neumann finally arrived at the home of his parents in Kassel, where his wife and children were staying at the time. Only then did Erich and Franziska Neumann decide to leave Germany. From then on it was up to Franziska Neumann to plan their emigration. Shanghai was an option, but the window of time needed to dissolve their household was too short. Then Franziska came up with the idea of dividing their family and sending her husband to England alone.<\/p>\n\n\n\n<p><strong>The Family is Separated<\/strong><\/p>\n\n\n\n<p>Since Erich Neumann fulfilled the requirements for the so-called \u2018Kitchener Camp\u2019, he was able to leave the country. On July 19, 1939, early in the morning, he said goodbye to his family in Eschwege, and his five-year-old son Ludwig quietly asked him &#8220;Are you going to England?&#8221;<\/p>\n\n\n\n<p>Franziska Neumann hoped to travel to England with her sons later, however the outbreak of the war canceled this plan and the small family was trapped in Germany. Franziska Neumann probably moved to Berlin in October 1939 with her sons and her mother Paula M\u00fcller. She hoped that there would be more security in the anonymity of a big city rather than in an easily surveilled small town. Franziska lived there with her mother, who took care of her grandchildren, while she was at work at the radio manufacturer \u2018Lorenz\u2019. At the beginning of the war, she could only keep in touch with her husband in London through a friend who had moved to Madrid. Living conditions in Berlin became more depressing and life became more and more dangerous. Raids also took place at her workplace, the Lorenzwerke, and people were arrested and deported. In March 1942 Frieda Neumann, Franziska Neumann&#8217;s mother-in-law, was deported from Koblenz to the Izbica ghetto &#8211; it is not known whether the family learned about it. When Paula M\u00fcller was deported to Auschwitz on December 14, 1942, the situation for the family came to a head. The last letter Franziska Neumann was able to write to her husband from Berlin in March 1943 expresses her despair: &#8220;&#8230; VERY AFRAID OF THE FUTURE.&#8221;<\/p>\n\n\n\n<p><strong>Escape to W\u00fcrttemberg &#8211; the &#8220;Rectory Chain&#8221;<\/strong><\/p>\n\n\n\n<p>When Franziska Neumann received the deportation order in 1943, she realized that it had become imperative for them to flee. At that time there were several pastors of the Confessing Church in Berlin who helped Jews to flee. Those seeking help who wanted to avoid deportation and go into hiding were referred to certain rectories in East Prussia and W\u00fcrttemberg. More than 40 rectories and their trusted friends formed the W\u00fcrttemberg \u2018Rectory Chain\u201d. It is not known who gave Franziska Neumann the tip. She and her two sons arrived in Ebersbach at the beginning of April 1943 via an intermediate stop at another rectory.<\/p>\n\n\n\n<p>They now lived in the rectory without the required notification report to the police with Pastor Hermann Diem, his wife Anneliese and his two children, who were three and eight years old. Ilse H\u00e4rter, a young vicar, also lived at the rectory. The Neumanns were disguised as \u2018Berlin bomb refugees\u2019. Numerous so-called \u2018evacuees\u2019 or \u2018relocated people\u2019 lived scattered in Ebersbach at the time, so the Neumanns did not stand out in everyday village life during the war. Everyone involved tried to create a normal life for the refugee children, so the Neumann sons played with the children of the pastor and his wife. The members of the congregation collected food stamps to provide them with food.<\/p>\n\n\n\n<p>Mayor Gustav Seebich, who was let in on the secret by Pastor Diem, wanted to \u2018legitimize\u2019 the family&#8217;s stay in order to avert the danger for the refugees and their helpers. They wanted the family to \u2018emerge\u2019. The fact that the family was never \u201clegitimized\u201d is evident from the official population register of Ebersbach during that time, which does not mention Franziska Neumann and her children. The silent help the people who were hiding those who were being persecuted was also dangerous for themselves. Sacristan Lina Politt also was a helper. The saying &#8220;You are going to get us all taken to the concentration camp&#8221; expresses the general fear of the mother of the sacristan, even though she probably didn\u2019t know any details.<\/p>\n\n\n\n<p><strong>Denunciation &#8211; Arrest<\/strong><\/p>\n\n\n\n<p>Despite the warning from Mrs. Diem, Franziska Neumann had written to a supposedly trustworthy person in Berlin. This unknown person is the alleged leak who denounced the hiding place in the rectory at the Gestapo. In April 1943, the family of three was arrested in the rectory at B\u00fcchenbronner Strasse 34 by the local head of police <a href=\"https:\/\/stolpersteine-goeppingen.de\/en\/waeschenbeuren\/182-2\/\" data-type=\"link\" data-id=\"https:\/\/stolpersteine-goeppingen.de\/en\/waeschenbeuren\/182-2\/\">Hans Strohm<\/a>, accompanied by another police officer, on behalf of the Stuttgart Gestapo.<\/p>\n\n\n<div class=\"wp-block-image\">\n<figure class=\"aligncenter size-full\"><img loading=\"lazy\" width=\"509\" height=\"730\" src=\"https:\/\/stolpersteine-goeppingen.de\/wp-content\/uploads\/2023\/08\/StAL-EL-50-1-II_Bue-3059_0003-Strohm-1.jpg\" alt=\"\" class=\"wp-image-3965\" srcset=\"https:\/\/stolpersteine-goeppingen.de\/wp-content\/uploads\/2023\/08\/StAL-EL-50-1-II_Bue-3059_0003-Strohm-1.jpg 509w, https:\/\/stolpersteine-goeppingen.de\/wp-content\/uploads\/2023\/08\/StAL-EL-50-1-II_Bue-3059_0003-Strohm-1-209x300.jpg 209w\" sizes=\"auto, (max-width: 509px) 100vw, 509px\" \/><figcaption class=\"wp-element-caption\">Hans Strohm (Source: State Archives Ludwigsburg)<\/figcaption><\/figure>\n<\/div>\n\n\n<p>Although Mayor Seebich had been able to warn the pastor by phone of the impending arrest, a hurried escape was no longer possible with the children. The family was taken to Stuttgart, where Franziska Neumann was held by the Gestapo. The Jewish community of Stuttgart organized temporary accommodation for the two boys in the Jewish residential and senior home in Buttenhausen. There they were better looked after by the remaining Jewish community members than they would have been in Stuttgart. Pastor Diem was interrogated by Hans Strohm, the Ebersbach head of police, after the arrest. At the risk of life for himself and his family, he had to make believe that he had not known anything about the Neumann family&#8217;s Jewish identity.<\/p>\n\n\n\n<p><strong>Deportation to Auschwitz<\/strong><\/p>\n\n\n\n<p>On June 17, 1943, the family of three was deported from Stuttgart to the Auschwitz concentration camp, where all three of them died a violent death. Franziska and her sons Ludwig and Wolfgang were officially declared deceased in the post-war period: Auschwitz, June 30, 1943. Of the 22 people who had been deported with them from Stuttgart on June 17, only two had survived.<\/p>\n\n\n\n<p><strong>Erich Neumann survived<\/strong><\/p>\n\n\n\n<p>The only survivor of the Neumann family of four was the father. He emigrated from London to New York in 1947. Immediately after the war he started looking for his family and other relatives. At the beginning of 1947, he was able to get in contact with Public Prosecutor Alfred Marx in Stuttgart, Mayor Gustav Seebich and Pastor Hermann Diem in Ebersbach. He learned from them that his wife and sons had been deported and murdered in 1943. Few relatives had survived the Nazi persecution. It could not be determined who had denounced the family. The Stuttgart Gestapo officials at the headquarters who were responsible for the persecution and deportation of thousands of people were acquitted of the charges after a trial by jury in Stuttgart in 1952, and their help in the murders remained unpunished.<\/p>\n\n\n\n<p>On November 14, 2018, the Stumbling Stones were installed by Gunter Demnig in the pedestrian walkway at B\u00fcchenbronner Strasse 34 in Ebersbach in front of the rectory.<\/p>\n\n\n<div class=\"wp-block-image\">\n<figure class=\"aligncenter size-large\"><img loading=\"lazy\" width=\"768\" height=\"1024\" src=\"https:\/\/stolpersteine-goeppingen.de\/wp-content\/uploads\/2023\/08\/Stolpersteinverlegung_2018-11-14_Ebersbach_Familie-Neumann-8-768x1024.jpg\" alt=\"\" class=\"wp-image-3966\" srcset=\"https:\/\/stolpersteine-goeppingen.de\/wp-content\/uploads\/2023\/08\/Stolpersteinverlegung_2018-11-14_Ebersbach_Familie-Neumann-8-768x1024.jpg 768w, https:\/\/stolpersteine-goeppingen.de\/wp-content\/uploads\/2023\/08\/Stolpersteinverlegung_2018-11-14_Ebersbach_Familie-Neumann-8-225x300.jpg 225w, https:\/\/stolpersteine-goeppingen.de\/wp-content\/uploads\/2023\/08\/Stolpersteinverlegung_2018-11-14_Ebersbach_Familie-Neumann-8-1152x1536.jpg 1152w, https:\/\/stolpersteine-goeppingen.de\/wp-content\/uploads\/2023\/08\/Stolpersteinverlegung_2018-11-14_Ebersbach_Familie-Neumann-8-1536x2048.jpg 1536w, https:\/\/stolpersteine-goeppingen.de\/wp-content\/uploads\/2023\/08\/Stolpersteinverlegung_2018-11-14_Ebersbach_Familie-Neumann-8-676x901.jpg 676w, https:\/\/stolpersteine-goeppingen.de\/wp-content\/uploads\/2023\/08\/Stolpersteinverlegung_2018-11-14_Ebersbach_Familie-Neumann-8-scaled.jpg 1920w\" sizes=\"auto, (max-width: 768px) 100vw, 768px\" \/><figcaption class=\"wp-element-caption\">Descendants of the family with Gunter Demnig<\/figcaption><\/figure>\n<\/div>\n\n\n<p>(Uwe Geiger, Archive Stadt Ebersbach \/ Fils, November 14, 2018)<\/p>\n\n\n<p><div class=\"leaflet-map WPLeafletMap\" style=\"height:450px; width:95%;\"><\/div><script>\nwindow.WPLeafletMapPlugin = window.WPLeafletMapPlugin || [];\nwindow.WPLeafletMapPlugin.push(function WPLeafletMapShortcode() {\/*<script>*\/\nvar baseUrl = atob('aHR0cHM6Ly97c30udGlsZS5vcGVuc3RyZWV0bWFwLm9yZy97en0ve3h9L3t5fS5wbmc=');\nvar base = (!baseUrl && window.MQ) ?\n    window.MQ.mapLayer() : L.tileLayer(baseUrl,\n        L.Util.extend({}, {\n            detectRetina: 1,\n        },\n        {\"subdomains\":\"abc\",\"noWrap\":false,\"maxZoom\":19}        )\n    );\n    var options = L.Util.extend({}, {\n        layers: [base],\n        attributionControl: false\n    },\n    {\"zoomControl\":true,\"scrollWheelZoom\":true,\"doubleClickZoom\":false,\"fitBounds\":false,\"minZoom\":0,\"maxZoom\":19,\"maxBounds\":null,\"attribution\":\"<a href=\\\"http:\\\/\\\/leafletjs.com\\\" title=\\\"Eine Javascript-Bibliothek f\\u00fcr interaktive Karten\\\">Leaflet<\\\/a>; \\u00a9 <a href=\\\"http:\\\/\\\/www.openstreetmap.org\\\/copyright\\\">OpenStreetMap<\\\/a> Mitwirkende\"},\n    {});\nwindow.WPLeafletMapPlugin.createMap(options).setView([48.715360144255,9.5241385074614],17);});<\/script><br \/>\n<script>\nwindow.WPLeafletMapPlugin = window.WPLeafletMapPlugin || [];\nwindow.WPLeafletMapPlugin.push(function WPLeafletMarkerShortcode() {\/*<script>*\/\nvar map = window.WPLeafletMapPlugin.getCurrentMap();\nvar group = window.WPLeafletMapPlugin.getCurrentGroup();\nvar marker_options = window.WPLeafletMapPlugin.getIconOptions({});\nvar marker = L.marker(\n    [48.715990172603,9.5206075010815],\n    marker_options\n);\nvar is_image = map.is_image_map;\nif (marker_options.draggable) {\n    marker.on('dragend', function () {\n        var latlng = this.getLatLng();\n        var lat = latlng.lat;\n        var lng = latlng.lng;\n        if (is_image) {\n            console.log('leaflet-marker y=' + lat + ' x=' + lng);\n        } else {\n            console.log('leaflet-marker lat=' + lat + ' lng=' + lng);\n        }\n    });\n}\nmarker.addTo( group );\nwindow.WPLeafletMapPlugin.markers.push( marker );\n        });<\/script><\/p>\n","protected":false},"excerpt":{"rendered":"<p>B\u00fcchenbronner Str. 34 Three Stumbling Stones in Ebersbach\/Fils commemorate the fate of the Neumann family of three. This was the location where the Neumann family passed when they were forcibly [&hellip;]<\/p>\n","protected":false},"author":5,"featured_media":0,"parent":9135,"menu_order":0,"comment_status":"open","ping_status":"closed","template":"","meta":{"_coblocks_attr":"","_coblocks_dimensions":"","_coblocks_responsive_height":"","_coblocks_accordion_ie_support":"","ngg_post_thumbnail":0,"cybocfi_hide_featured_image":"","footnotes":"","_links_to":"","_links_to_target":""},"class_list":["post-9136","page","type-page","status-publish","hentry","post-preview"],"translation":{"provider":"WPGlobus","version":"3.0.2","language":"en","enabled_languages":["de","en"],"languages":{"de":{"title":true,"content":true,"excerpt":false},"en":{"title":true,"content":true,"excerpt":false}}},"publishpress_future_action":{"enabled":false,"date":"2026-04-18 15:33:19","action":"change-status","newStatus":"draft","terms":[],"taxonomy":"","extraData":[]},"publishpress_future_workflow_manual_trigger":{"enabledWorkflows":[]},"_links":{"self":[{"href":"https:\/\/stolpersteine-goeppingen.de\/en\/wp-json\/wp\/v2\/pages\/9136","targetHints":{"allow":["GET"]}}],"collection":[{"href":"https:\/\/stolpersteine-goeppingen.de\/en\/wp-json\/wp\/v2\/pages"}],"about":[{"href":"https:\/\/stolpersteine-goeppingen.de\/en\/wp-json\/wp\/v2\/types\/page"}],"author":[{"embeddable":true,"href":"https:\/\/stolpersteine-goeppingen.de\/en\/wp-json\/wp\/v2\/users\/5"}],"replies":[{"embeddable":true,"href":"https:\/\/stolpersteine-goeppingen.de\/en\/wp-json\/wp\/v2\/comments?post=9136"}],"version-history":[{"count":2,"href":"https:\/\/stolpersteine-goeppingen.de\/en\/wp-json\/wp\/v2\/pages\/9136\/revisions"}],"predecessor-version":[{"id":9295,"href":"https:\/\/stolpersteine-goeppingen.de\/en\/wp-json\/wp\/v2\/pages\/9136\/revisions\/9295"}],"up":[{"embeddable":true,"href":"https:\/\/stolpersteine-goeppingen.de\/en\/wp-json\/wp\/v2\/pages\/9135"}],"wp:attachment":[{"href":"https:\/\/stolpersteine-goeppingen.de\/en\/wp-json\/wp\/v2\/media?parent=9136"}],"curies":[{"name":"wp","href":"https:\/\/api.w.org\/{rel}","templated":true}]}}