{"id":892,"date":"2021-10-31T10:42:34","date_gmt":"2021-10-31T10:42:34","guid":{"rendered":"http:\/\/stolpersteine-goeppingen.de\/?page_id=892"},"modified":"2025-01-14T16:06:11","modified_gmt":"2025-01-14T16:06:11","slug":"kuhnle-kurt","status":"publish","type":"page","link":"https:\/\/stolpersteine-goeppingen.de\/en\/goeppingen\/kuhnle-kurt\/","title":{"rendered":"Kuhnle, Kurt"},"content":{"rendered":"\n<p><strong>Vordere Karlstr. 12<\/strong><\/p>\n\n\n<div class=\"wp-block-image\">\n<figure class=\"aligncenter size-full\"><img loading=\"lazy\" width=\"608\" height=\"633\" src=\"http:\/\/stolpersteine-goeppingen.de\/wp-content\/uploads\/2021\/10\/Kuhnle-Kurt-Stolperstein.jpg\" alt=\"\" class=\"wp-image-896\" srcset=\"https:\/\/stolpersteine-goeppingen.de\/wp-content\/uploads\/2021\/10\/Kuhnle-Kurt-Stolperstein.jpg 608w, https:\/\/stolpersteine-goeppingen.de\/wp-content\/uploads\/2021\/10\/Kuhnle-Kurt-Stolperstein-288x300.jpg 288w\" sizes=\"auto, (max-width: 608px) 100vw, 608px\" \/><\/figure>\n<\/div>\n\n\n<p>As a student he got hurt, was permanently handicapped , therefore he was gased. A Stolperstein (stumbling stone) reminds us of Kurt Kuhnle.<\/p>\n\n\n\n<p>\u201eThat he is not forgotten!\u201c Gerd Kuhnle is moved when he puts roses to the Stolperstein for his uncle Kurt. Nothing reminds us of the little house in which he lived with his parents and sisters and brothers at the end of Vordere Karlsstra\u00dfe in Goeppingen. Today there is a mighty office building. Only a few years ago Gerd Kuhnle learned about the fate of his uncle. \u201eMy father always told us that his three brothers had been killed in the war. Only shortly before his 90th birthday he told us what really had happened\u201c and asked his son to do research in the matter. It became quickly clear to Gerd Kuhnle that his uncle Kurt had a fate that differed from the fates of his younger brothers Erwin and Ernst who were killed in the war as soldiers. <\/p>\n\n\n\n<p>Gerd Kuhnle contacted the Goeppingen Stolperstein initiative. Because Kurt Kuhnle had become a victim of the inhumane \u201eAktion T4\u201c, \u201eT4\u201c stood for Tiergartenstra\u00dfe vier (four) in Berlin, the place where the systematic murder of thousands of people was organized. People whose lives in the Nazi version were \u201enot valuable\u201c, which means they were psychically ill or handicapped and therefore depending on the support of the so-called \u201ehealthy body of the nation\u201c. In Goeppingen there were also 293 people concerned as patients of Klinikum Christophsbad. The ones who could privately pay the bill had a chance of survival. The \u201eStaatsz\u00f6glinge (people dependent on state subsidies)\u201c for whom the State of Wuerttemberg paid did not have a chance. They were moved from the private hospitals to public hospitals and from there deported. For example to the Mordanstalt (place of murder) Grafeneck near Muensingen. \u201eI hope he did not have to suffer too long\u201c, Gerd Kuhnle says. Because he knows that the first victims were poisoned by automobile gases.<\/p>\n\n\n\n<p>Kurt Kuhnle who was born in 1910 in Schleiz, Thuringia, first led an inconspicuous life. His parents, Ernst and Helene, n\u00e9e Voelkel, moved at about 1911 together with his older sister Hedwig from Schleiz to Goeppingen. Ernst Kuhnle had difficulties as a plumber, mechanic and metalworker to earn enough money for his altogether seven children. Although he seems to have been a talented workman for he constructed a model locomotive for the Maerklin company. The small house that belonged to the town of Goeppingen at the end of Vordere Karlsstra\u00dfe supplied little comfort for the family. <\/p>\n\n\n<div class=\"wp-block-image\">\n<figure class=\"aligncenter size-large\"><img loading=\"lazy\" width=\"1024\" height=\"683\" src=\"http:\/\/stolpersteine-goeppingen.de\/wp-content\/uploads\/2021\/10\/Kuhnle-Familie-ca-1924-1024x683.jpg\" alt=\"\" class=\"wp-image-901\" srcset=\"https:\/\/stolpersteine-goeppingen.de\/wp-content\/uploads\/2021\/10\/Kuhnle-Familie-ca-1924-1024x683.jpg 1024w, https:\/\/stolpersteine-goeppingen.de\/wp-content\/uploads\/2021\/10\/Kuhnle-Familie-ca-1924-300x200.jpg 300w, https:\/\/stolpersteine-goeppingen.de\/wp-content\/uploads\/2021\/10\/Kuhnle-Familie-ca-1924-768x512.jpg 768w, https:\/\/stolpersteine-goeppingen.de\/wp-content\/uploads\/2021\/10\/Kuhnle-Familie-ca-1924-1536x1024.jpg 1536w, https:\/\/stolpersteine-goeppingen.de\/wp-content\/uploads\/2021\/10\/Kuhnle-Familie-ca-1924-2048x1365.jpg 2048w, https:\/\/stolpersteine-goeppingen.de\/wp-content\/uploads\/2021\/10\/Kuhnle-Familie-ca-1924-676x451.jpg 676w\" sizes=\"auto, (max-width: 1024px) 100vw, 1024px\" \/><figcaption class=\"wp-element-caption\">Family Kuhnle <\/figcaption><\/figure>\n<\/div>\n\n\n<p>On the family photo dating approximately in 1924 Kurt is in a prominent position, he alone stands in one row with his parents and in contrast to his younger brother Erwin he wears an \u201eadult\u201c suit. He possibly was the \u201ehopeful\u201c of his family, he seems to have been intelligent and he gained a Freistelle (scholarship) for Gymnasium (grammar school or college). <\/p>\n\n\n<div class=\"wp-block-image\">\n<figure class=\"aligncenter size-large\"><img loading=\"lazy\" width=\"720\" height=\"1024\" src=\"http:\/\/stolpersteine-goeppingen.de\/wp-content\/uploads\/2021\/10\/Kuhnle-Kurt-Ehrenurkunde-720x1024.jpg\" alt=\"\" class=\"wp-image-895\" srcset=\"https:\/\/stolpersteine-goeppingen.de\/wp-content\/uploads\/2021\/10\/Kuhnle-Kurt-Ehrenurkunde-720x1024.jpg 720w, https:\/\/stolpersteine-goeppingen.de\/wp-content\/uploads\/2021\/10\/Kuhnle-Kurt-Ehrenurkunde-211x300.jpg 211w, https:\/\/stolpersteine-goeppingen.de\/wp-content\/uploads\/2021\/10\/Kuhnle-Kurt-Ehrenurkunde-768x1093.jpg 768w, https:\/\/stolpersteine-goeppingen.de\/wp-content\/uploads\/2021\/10\/Kuhnle-Kurt-Ehrenurkunde-1079x1536.jpg 1079w, https:\/\/stolpersteine-goeppingen.de\/wp-content\/uploads\/2021\/10\/Kuhnle-Kurt-Ehrenurkunde-1439x2048.jpg 1439w, https:\/\/stolpersteine-goeppingen.de\/wp-content\/uploads\/2021\/10\/Kuhnle-Kurt-Ehrenurkunde-676x962.jpg 676w, https:\/\/stolpersteine-goeppingen.de\/wp-content\/uploads\/2021\/10\/Kuhnle-Kurt-Ehrenurkunde.jpg 1718w\" sizes=\"auto, (max-width: 720px) 100vw, 720px\" \/><figcaption class=\"wp-element-caption\">Diploma of Honor<\/figcaption><\/figure>\n<\/div>\n\n\n<p>A diploma of honor of 1922 documents that the then 12-year-old boy had won the victory in triathlon class I in Reichsjugendk\u00e4mpfen (Imperial\/Reichs youth competition) in Goeppingen. But sport should dominate his future life badly: In a sports accident with the \u201eRh\u00f6nrad (Rh\u00f6n wheel, a sports apparatus)\u201c he suffered a serious head injury that lead to epileptic fits. The timing of the accident cannot be traced in the family memory but it seems probable that thus his time in Gymnasium ended. Kurt&#8217;s psyche had been damaged, according to the family memory he acted sometimes \u201emaliciously\u201c. <\/p>\n\n\n<div class=\"wp-block-image\">\n<figure class=\"aligncenter size-full\"><img loading=\"lazy\" width=\"808\" height=\"885\" src=\"http:\/\/stolpersteine-goeppingen.de\/wp-content\/uploads\/2021\/10\/Kuhnle-Kurt-c-1924.jpg\" alt=\"\" class=\"wp-image-894\" srcset=\"https:\/\/stolpersteine-goeppingen.de\/wp-content\/uploads\/2021\/10\/Kuhnle-Kurt-c-1924.jpg 808w, https:\/\/stolpersteine-goeppingen.de\/wp-content\/uploads\/2021\/10\/Kuhnle-Kurt-c-1924-274x300.jpg 274w, https:\/\/stolpersteine-goeppingen.de\/wp-content\/uploads\/2021\/10\/Kuhnle-Kurt-c-1924-768x841.jpg 768w, https:\/\/stolpersteine-goeppingen.de\/wp-content\/uploads\/2021\/10\/Kuhnle-Kurt-c-1924-676x740.jpg 676w\" sizes=\"auto, (max-width: 808px) 100vw, 808px\" \/><figcaption class=\"wp-element-caption\">Kurt Kuhnle at the age of 14<\/figcaption><\/figure>\n<\/div>\n\n\n<p>From May 6, 1925 till October 20, 1926 Kurt Kuhnle worked in the nearby situated company Gutmann as a weaver. Gerd Kuhnle is able to add from the family memory: \u201e The noise of the looms have made him definitely sick\u201c. Kurt could no longer live at home and was institutionalized on November 24, 1926, shortly after bis 16th birthday, in the Goeppingen private mental home Christophsbad where he lived till June 1940. From there he was brought to the Staatliche Heil- und Pflegeanstalt Weissenau near Ravensburg (State institution to heal and care), then on December 5, 1940 deported to Grafeneck and possibly on Nicholas Day 1940 killed by gas. <\/p>\n\n\n<div class=\"wp-block-image\">\n<figure class=\"aligncenter size-full is-resized\"><img loading=\"lazy\" width=\"185\" height=\"258\" src=\"https:\/\/stolpersteine-goeppingen.de\/wp-content\/uploads\/2023\/08\/kuhnle.jpg\" alt=\"\" class=\"wp-image-3575\" style=\"width:485px;height:676px\"\/><figcaption class=\"wp-element-caption\">Kurt Kuhnle (Source: &#8220;Das Christophsbad G\u00f6ppingen&#8221;)<\/figcaption><\/figure>\n<\/div>\n\n\n<p>Why Gerd Kuhnle&#8217;s father Willy, deceased in the meantime, Kurt&#8217;s younger brother, has remained silent for such a long time, Gerd Kuhnle cannot say. \u201eMaybe he was ashamed of his brother. But really others have to be ashamed.\u201c Together with his father Gerd Kuhnle had visited the memorial in Grafeneck and now is happy that he could create a memorial for his uncle. He admonishes to be cautious. \u201eResist against the beginnings\u201c, he demands in the face of Nazist attacks on society.<\/p>\n\n\n\n<p>The Stolperstein for Kurt Kuhnle was set exactly 80 years after his murder. One can find it on the pavement\/sidewalk leading to the railroad bridge, slightly above the site where Kurt&#8217;s home Vordere Karlsstrasse 12 had stood.<\/p>\n\n\n<div class=\"wp-block-image\">\n<figure class=\"aligncenter size-large\"><img loading=\"lazy\" width=\"1024\" height=\"683\" src=\"http:\/\/stolpersteine-goeppingen.de\/wp-content\/uploads\/2021\/10\/2020-12-Stolperstein-Kuhnle-a-1024x683.jpg\" alt=\"\" class=\"wp-image-893\" srcset=\"https:\/\/stolpersteine-goeppingen.de\/wp-content\/uploads\/2021\/10\/2020-12-Stolperstein-Kuhnle-a-1024x683.jpg 1024w, https:\/\/stolpersteine-goeppingen.de\/wp-content\/uploads\/2021\/10\/2020-12-Stolperstein-Kuhnle-a-300x200.jpg 300w, https:\/\/stolpersteine-goeppingen.de\/wp-content\/uploads\/2021\/10\/2020-12-Stolperstein-Kuhnle-a-768x512.jpg 768w, https:\/\/stolpersteine-goeppingen.de\/wp-content\/uploads\/2021\/10\/2020-12-Stolperstein-Kuhnle-a-1536x1024.jpg 1536w, https:\/\/stolpersteine-goeppingen.de\/wp-content\/uploads\/2021\/10\/2020-12-Stolperstein-Kuhnle-a-2048x1366.jpg 2048w, https:\/\/stolpersteine-goeppingen.de\/wp-content\/uploads\/2021\/10\/2020-12-Stolperstein-Kuhnle-a-676x451.jpg 676w\" sizes=\"auto, (max-width: 1024px) 100vw, 1024px\" \/><figcaption class=\"wp-element-caption\">Gerd Kuhle at the Stumbling Stone laying<\/figcaption><\/figure>\n<\/div>\n\n\n<p>In the publication \u201eThe Aktion T 4 and the healing institution Christophsbad in Goeppingen\u201c the town archives have documented \u201eThe annihilation of not valuable life in 1940\/41 (subtitle)\u201c. The publication can be purchased in the town archives and in bookstores (ISBN 978-3-933844-65-1). Further information also in: Daniel Hildwein \/ Thomas St\u00f6ckle: Das Christophsbad G\u00f6ppingen. Eugenics and Nazi &#8220;Euthanasia&#8221; 1933 to 1945. G\u00f6ppingen 2023.<\/p>\n\n\n\n<p>(08.12.2020 mh\/kmr\/pr)<\/p>\n\n\n<p><div class=\"leaflet-map WPLeafletMap\" style=\"height:450px; width:95%;\"><\/div><script>\nwindow.WPLeafletMapPlugin = window.WPLeafletMapPlugin || [];\nwindow.WPLeafletMapPlugin.push(function WPLeafletMapShortcode() {\/*<script>*\/\nvar baseUrl = atob('aHR0cHM6Ly97c30udGlsZS5vcGVuc3RyZWV0bWFwLm9yZy97en0ve3h9L3t5fS5wbmc=');\nvar base = (!baseUrl && window.MQ) ?\n    window.MQ.mapLayer() : L.tileLayer(baseUrl,\n        L.Util.extend({}, {\n            detectRetina: 1,\n        },\n        {\"subdomains\":\"abc\",\"noWrap\":false,\"maxZoom\":19}        )\n    );\n    var options = L.Util.extend({}, {\n        layers: [base],\n        attributionControl: false\n    },\n    {\"zoomControl\":true,\"scrollWheelZoom\":true,\"doubleClickZoom\":false,\"fitBounds\":false,\"minZoom\":0,\"maxZoom\":19,\"maxBounds\":null,\"attribution\":\"<a href=\\\"http:\\\/\\\/leafletjs.com\\\" title=\\\"Eine Javascript-Bibliothek f\\u00fcr interaktive Karten\\\">Leaflet<\\\/a>; \\u00a9 <a href=\\\"http:\\\/\\\/www.openstreetmap.org\\\/copyright\\\">OpenStreetMap<\\\/a> Mitwirkende\"},\n    {});\nwindow.WPLeafletMapPlugin.createMap(options).setView([48.70002494329,9.6617057888242],18);});<\/script><br \/>\n<script>\nwindow.WPLeafletMapPlugin = window.WPLeafletMapPlugin || [];\nwindow.WPLeafletMapPlugin.push(function WPLeafletMarkerShortcode() {\/*<script>*\/\nvar map = window.WPLeafletMapPlugin.getCurrentMap();\nvar group = window.WPLeafletMapPlugin.getCurrentGroup();\nvar marker_options = window.WPLeafletMapPlugin.getIconOptions({});\nvar marker = L.marker(\n    [48.699989540848,9.6614187434853],\n    marker_options\n);\nvar is_image = map.is_image_map;\nif (marker_options.draggable) {\n    marker.on('dragend', function () {\n        var latlng = this.getLatLng();\n        var lat = latlng.lat;\n        var lng = latlng.lng;\n        if (is_image) {\n            console.log('leaflet-marker y=' + lat + ' x=' + lng);\n        } else {\n            console.log('leaflet-marker lat=' + lat + ' lng=' + lng);\n        }\n    });\n}\nmarker.addTo( group );\nwindow.WPLeafletMapPlugin.markers.push( marker );\n        });<\/script><\/p>\n","protected":false},"excerpt":{"rendered":"<p>Vordere Karlstr. 12 As a student he got hurt, was permanently handicapped , therefore he was gased. A Stolperstein (stumbling stone) reminds us of Kurt Kuhnle. \u201eThat he is not [&hellip;]<\/p>\n","protected":false},"author":1,"featured_media":0,"parent":118,"menu_order":33,"comment_status":"open","ping_status":"closed","template":"","meta":{"_coblocks_attr":"","_coblocks_dimensions":"","_coblocks_responsive_height":"","_coblocks_accordion_ie_support":"","ngg_post_thumbnail":0,"cybocfi_hide_featured_image":"","footnotes":"","_links_to":"","_links_to_target":""},"class_list":["post-892","page","type-page","status-publish","hentry","post-preview"],"translation":{"provider":"WPGlobus","version":"3.0.2","language":"en","enabled_languages":["de","en"],"languages":{"de":{"title":true,"content":true,"excerpt":false},"en":{"title":true,"content":true,"excerpt":false}}},"publishpress_future_action":{"enabled":false,"date":"2026-04-18 13:55:18","action":"change-status","newStatus":"draft","terms":[],"taxonomy":"","extraData":[]},"publishpress_future_workflow_manual_trigger":{"enabledWorkflows":[]},"_links":{"self":[{"href":"https:\/\/stolpersteine-goeppingen.de\/en\/wp-json\/wp\/v2\/pages\/892","targetHints":{"allow":["GET"]}}],"collection":[{"href":"https:\/\/stolpersteine-goeppingen.de\/en\/wp-json\/wp\/v2\/pages"}],"about":[{"href":"https:\/\/stolpersteine-goeppingen.de\/en\/wp-json\/wp\/v2\/types\/page"}],"author":[{"embeddable":true,"href":"https:\/\/stolpersteine-goeppingen.de\/en\/wp-json\/wp\/v2\/users\/1"}],"replies":[{"embeddable":true,"href":"https:\/\/stolpersteine-goeppingen.de\/en\/wp-json\/wp\/v2\/comments?post=892"}],"version-history":[{"count":13,"href":"https:\/\/stolpersteine-goeppingen.de\/en\/wp-json\/wp\/v2\/pages\/892\/revisions"}],"predecessor-version":[{"id":7667,"href":"https:\/\/stolpersteine-goeppingen.de\/en\/wp-json\/wp\/v2\/pages\/892\/revisions\/7667"}],"up":[{"embeddable":true,"href":"https:\/\/stolpersteine-goeppingen.de\/en\/wp-json\/wp\/v2\/pages\/118"}],"wp:attachment":[{"href":"https:\/\/stolpersteine-goeppingen.de\/en\/wp-json\/wp\/v2\/media?parent=892"}],"curies":[{"name":"wp","href":"https:\/\/api.w.org\/{rel}","templated":true}]}}