{"id":880,"date":"2021-10-31T10:29:27","date_gmt":"2021-10-31T10:29:27","guid":{"rendered":"http:\/\/stolpersteine-goeppingen.de\/?page_id=880"},"modified":"2025-01-08T16:03:56","modified_gmt":"2025-01-08T16:03:56","slug":"kirchhausen-emma-und-sigmund","status":"publish","type":"page","link":"https:\/\/stolpersteine-goeppingen.de\/en\/goeppingen\/kirchhausen-emma-und-sigmund\/","title":{"rendered":"Kirchhausen, Emma and Sigmund"},"content":{"rendered":"\n<p><strong>Gartenstr. 48<\/strong><\/p>\n\n\n<div class=\"wp-block-image\">\n<figure class=\"aligncenter size-large\"><img loading=\"lazy\" width=\"1024\" height=\"455\" src=\"http:\/\/stolpersteine-goeppingen.de\/wp-content\/uploads\/2022\/06\/Kirchhausen-Steine-Ausschnitt-1024x455.jpg\" alt=\"\" class=\"wp-image-1599\" title=\"Kirchhausen, Steine Ausschnitt\" srcset=\"https:\/\/stolpersteine-goeppingen.de\/wp-content\/uploads\/2022\/06\/Kirchhausen-Steine-Ausschnitt-1024x455.jpg 1024w, https:\/\/stolpersteine-goeppingen.de\/wp-content\/uploads\/2022\/06\/Kirchhausen-Steine-Ausschnitt-300x133.jpg 300w, https:\/\/stolpersteine-goeppingen.de\/wp-content\/uploads\/2022\/06\/Kirchhausen-Steine-Ausschnitt-768x341.jpg 768w, https:\/\/stolpersteine-goeppingen.de\/wp-content\/uploads\/2022\/06\/Kirchhausen-Steine-Ausschnitt-1536x683.jpg 1536w, https:\/\/stolpersteine-goeppingen.de\/wp-content\/uploads\/2022\/06\/Kirchhausen-Steine-Ausschnitt-2048x911.jpg 2048w, https:\/\/stolpersteine-goeppingen.de\/wp-content\/uploads\/2022\/06\/Kirchhausen-Steine-Ausschnitt-676x301.jpg 676w\" sizes=\"auto, (max-width: 1024px) 100vw, 1024px\" \/><\/figure>\n<\/div>\n\n\n<p><strong><br>An Inconspicuous Family<\/strong><\/p>\n\n\n\n<p><em>\u201eIt is true that the Kirchhausen family have lived long years in our house Gartenstra\u00dfe 48 on the second floor, they were always modest people. Mr Kirchhausen had been a cattle dealer in the Laichingen area, had gone there every Tuesday and Thursday very early, the animals purchased were shipped to Schlachthof Stuttgart (Slaughterhouse Stuttgart) &#8230; I think that Mr Kirchhausen owned a small business &#8230; It will be correct to say that the Kirchhausen family had to suffer a lot from the boycott measures.\u201d<\/em><\/p>\n\n\n\n<p>Emil Geiger remembered with these words in June 1961 the Kirchhausen couple that had been renting in the Geiger house from January 1, 1920 till April 1, 1939. Gertrud Kayser, n\u00e9e Remshardt, had similar recollections of her former neighbours: Herr Kirchhausen had been home only over the weekends. In Aron T\u00e4nzer\u2019s volume on the Jews in Jebenhausen and G\u00f6ppingen the name Kirchhausen only appears on the side \u2013 Sigmund Kirchhausen\u2019s cattle trade business did not seem to be worth specially mentioning. The name Kirchhausen is also not mentioned in Aron T\u00e4nzer\u2019s book respecting the activities in Jewish organisations.<\/p>\n\n\n<div class=\"wp-block-image\">\n<figure class=\"aligncenter size-large\"><img loading=\"lazy\" width=\"1024\" height=\"766\" src=\"https:\/\/stolpersteine-goeppingen.de\/wp-content\/uploads\/2023\/07\/Kirchhausen-Gartenstr.-48-alt-1024x766.jpg\" alt=\"\" class=\"wp-image-3565\" srcset=\"https:\/\/stolpersteine-goeppingen.de\/wp-content\/uploads\/2023\/07\/Kirchhausen-Gartenstr.-48-alt-1024x766.jpg 1024w, https:\/\/stolpersteine-goeppingen.de\/wp-content\/uploads\/2023\/07\/Kirchhausen-Gartenstr.-48-alt-300x224.jpg 300w, https:\/\/stolpersteine-goeppingen.de\/wp-content\/uploads\/2023\/07\/Kirchhausen-Gartenstr.-48-alt-768x574.jpg 768w, https:\/\/stolpersteine-goeppingen.de\/wp-content\/uploads\/2023\/07\/Kirchhausen-Gartenstr.-48-alt-1536x1149.jpg 1536w, https:\/\/stolpersteine-goeppingen.de\/wp-content\/uploads\/2023\/07\/Kirchhausen-Gartenstr.-48-alt-2048x1531.jpg 2048w, https:\/\/stolpersteine-goeppingen.de\/wp-content\/uploads\/2023\/07\/Kirchhausen-Gartenstr.-48-alt-676x505.jpg 676w\" sizes=\"auto, (max-width: 1024px) 100vw, 1024px\" \/><figcaption class=\"wp-element-caption\">The house that once stood on Gartenstr.48, where the Kirchhausen&#8217;s used to live<\/figcaption><\/figure>\n<\/div>\n\n<div class=\"wp-block-image\">\n<figure class=\"aligncenter size-large\"><img loading=\"lazy\" width=\"1024\" height=\"768\" src=\"http:\/\/stolpersteine-goeppingen.de\/wp-content\/uploads\/2022\/06\/Kirchhausen-Gartenstr.-48-neu-1024x768.jpg\" alt=\"\" class=\"wp-image-1600\" srcset=\"https:\/\/stolpersteine-goeppingen.de\/wp-content\/uploads\/2022\/06\/Kirchhausen-Gartenstr.-48-neu-1024x768.jpg 1024w, https:\/\/stolpersteine-goeppingen.de\/wp-content\/uploads\/2022\/06\/Kirchhausen-Gartenstr.-48-neu-300x225.jpg 300w, https:\/\/stolpersteine-goeppingen.de\/wp-content\/uploads\/2022\/06\/Kirchhausen-Gartenstr.-48-neu-768x576.jpg 768w, https:\/\/stolpersteine-goeppingen.de\/wp-content\/uploads\/2022\/06\/Kirchhausen-Gartenstr.-48-neu-676x507.jpg 676w, https:\/\/stolpersteine-goeppingen.de\/wp-content\/uploads\/2022\/06\/Kirchhausen-Gartenstr.-48-neu.jpg 1333w\" sizes=\"auto, (max-width: 1024px) 100vw, 1024px\" \/><figcaption class=\"wp-element-caption\">Gartenstr. 48 today<\/figcaption><\/figure>\n<\/div>\n\n\n<p>Emma, ne\u00e9 N\u00f6rdlinger and Sigmund Kirchhausen supposedly came to G\u00f6ppingen 1902 after they had married in Emma\u2019s birthplace Laupheim in July of that year. Emma was one of the nine children of the couple Leopold N\u00f6rdlinger and Rebekka, n\u00e9e L\u00f6ffler- She was born on June 9, 1876. Sigmund\u2019s parents Karl Kirchhausen and Rachel, n\u00e9e Oppenheim lived in Schluchtern in Baden (today Leingarten) near Heilbronn and already his father worked as a cattle dealer. Sigmund, born on July 3, 1874 was the oldest of six brothers and sisters. In G\u00f6ppingen Emma gave birth to Gretchen on April 25, 1903. Gretchen throughout her lifetime behaved inconspicuously like her parents.<\/p>\n\n\n\n<p>We owe some insight into the life of the Kirchhausen family to Mrs Helga Baur whose mother Sofie Mezger had worked with the Kirchhausens as a household help till November 1938. From oral tradition Frau Baur could report that her mother found the household \u201crefined\u201d and that her mother had been given unusual appreciation: \u201c<em>It was the first position where my mother was allowed to eat at the family table. She received some silver cutlery as a present.\u201d<\/em> And a little tiny memory: Daughter Gretchen in venturing not to sound provincial had always pronounced the neighbouring village Birenbach as \u201cBirnenbach\u201d. `Biren\u00b4 is the dialect version of the high German word `Birnen\u00b4 (pears).<\/p>\n\n\n<div class=\"wp-block-image\">\n<figure class=\"aligncenter size-full\"><img loading=\"lazy\" width=\"408\" height=\"572\" src=\"http:\/\/stolpersteine-goeppingen.de\/wp-content\/uploads\/2022\/06\/Kirchhausen-Gretchen.jpg\" alt=\"\" class=\"wp-image-1602\" srcset=\"https:\/\/stolpersteine-goeppingen.de\/wp-content\/uploads\/2022\/06\/Kirchhausen-Gretchen.jpg 408w, https:\/\/stolpersteine-goeppingen.de\/wp-content\/uploads\/2022\/06\/Kirchhausen-Gretchen-214x300.jpg 214w\" sizes=\"auto, (max-width: 408px) 100vw, 408px\" \/><figcaption class=\"wp-element-caption\">Gretchen Steiner, ne\u00e9 Kirchhausen<\/figcaption><\/figure>\n<\/div>\n\n\n<p>As for Gretchen Kirchhausen: The next trace left by her is the date of her wedding: On August 22, 1930 she married <a href=\"https:\/\/gedenkbuch-augsburg.de\/biografien\/julius-steiner\" data-type=\"link\" data-id=\"https:\/\/gedenkbuch-augsburg.de\/biografien\/julius-steiner\">Julius Steiner<\/a> who was born in Hainsfarth, a Bavarian-Swabian village in the surroundings of N\u00f6rdlingen. Her husband, three years older, worked as a tradesman and both lived after their marriage in Oettingen, Bavaria.<\/p>\n\n\n<div class=\"wp-block-image\">\n<figure class=\"aligncenter size-full\"><img loading=\"lazy\" width=\"416\" height=\"606\" src=\"http:\/\/stolpersteine-goeppingen.de\/wp-content\/uploads\/2022\/06\/Kirchhausen-Steiner.jpg\" alt=\"\" class=\"wp-image-1603\" srcset=\"https:\/\/stolpersteine-goeppingen.de\/wp-content\/uploads\/2022\/06\/Kirchhausen-Steiner.jpg 416w, https:\/\/stolpersteine-goeppingen.de\/wp-content\/uploads\/2022\/06\/Kirchhausen-Steiner-206x300.jpg 206w\" sizes=\"auto, (max-width: 416px) 100vw, 416px\" \/><figcaption class=\"wp-element-caption\">Julius Steiner, Gretchen&#8217;s husband<\/figcaption><\/figure>\n<\/div>\n\n\n<p>Only from July 1937 the next news of the life of the Kirchhausens dates, not a good one, though. <a href=\"https:\/\/stolpersteine-goeppingen.de\/en\/goeppingen\/fraenkl-mina-und-isidor\/\" data-type=\"URL\" data-id=\"https:\/\/stolpersteine-goeppingen.de\/en\/goeppingen\/fraenkl-mina-und-isidor\/\">Isidor Fr\u00e4nkl<\/a> a G\u00f6ppingen Jew who had for years run a clothes business in the city centre wrote to his son Lothar who had fled to South America: \u201c<em>On the 19th on Monday Frau Kirchhausen called me and I have immediately phoned Dr. Kr\u00e4mer. (K = Kirchhausen) has lost his language capacities and cannot speak any more. The man must suffer terribly &#8230; Now I will get ready, it is a quarter past nine in the morning and I will go to the Kirchhausen family.\u201d<\/em> Might Sigmund Kirchhausen have had a stroke?<\/p>\n\n\n\n<p>When after the pogrom night on 9th to 10th of November 1938 twenty-seven Jewish men from G\u00f6ppingen were taken to KZ Dachau, Sigmund Kirchhausen was not among them, as almost all Jews older than 60. But it might be possible that he was arrested at pogrom night and had to spend one or two days in prison.<\/p>\n\n\n\n<p>The next document shows how the Nazi state interfered with the lives of the Kirchhausens: On December 29, 1938 Emma Kirchhausen wrote to the registry office Laupheim: <em>\u201cI am applying to add the addition `Sara\u00b4 to my name in the registry.\u201d&nbsp;<\/em> The Nazi law that forced Jews to use the names \u201cSara\u201d and \u201cIsrael\u201d had been issued on August 15, 1938 and was to be in force on January 1, 1939. That Emma filed her application only in the last minute can be interpreted as an act of protest. Emma\u2019s sisters-in-law Betty and Fanny Kirchhausen who lived in Schluchtern had risked it and were fined because they had not displayed the names Sara for some time.<br>There is no hint that the couple planned to leave Germany. From her mother\u2019s memory Frau Baur knows \u201c<em>that the Kirchhausen family did not believe the stories about the Nazis and believed that the danger would pass soon. And then it was too late.\u201d<\/em><\/p>\n\n\n\n<p><strong>The Loss of Their Home<\/strong><\/p>\n\n\n\n<p>On April 1, 1939 the couple left their home town G\u00f6ppingen and moved to Heilbronn \/ Sontheim in the Jewish old age pensioners\u2019 home \u201cWilhelmsruhe\u201d. How voluntary was that removal? Would Sigmund have under different auspices withdrawn completely from his professional life? As a Jewish cattle dealer his business was banned since January 1, 1939. And even if he had chosen the life of an old age pensioner, would he and his wife have wanted to stay in their apartment where they had lived in the neighbourhood for decades?<br>The removal into a Jewish institution has to be seen against the background of the \u201c<em>Law on the renting situation of Jews\u201d<\/em> from April 30, 1939. On the basis of this law the Jews should be forced out of their apartments if the landlord was an \u201cAryan\u201d as in the case of the Kirchhausens. In the restitution files there is a memo: <em>\u201dThe removal to the old age pensioners\u2019 home had come out of the blue, as I was informed by <a href=\"https:\/\/stolpersteine-goeppingen.de\/en\/goeppingen\/guggenheim-pauline\/\" data-type=\"URL\" data-id=\"https:\/\/stolpersteine-goeppingen.de\/en\/goeppingen\/guggenheim-pauline\/\">Frau Guggenheim<\/a> in America. The apartment was immediately sealed after the removal by the Gestapo. A sale of household goods or even a jumble sale obviously had not been possible.<\/em>\u201d<br>The old age pensioners\u2019 home \u201cWilhelmsruhe\u201d had originally been a spacious and comfortable institution but forced by the Nazis they had to take in many more old people than envisaged. When the couple came to Sontheim, there lived already a G\u00f6ppingen friend, <a href=\"https:\/\/stolpersteine-goeppingen.de\/en\/goeppingen\/taenzer-berta\/\" data-type=\"URL\" data-id=\"https:\/\/stolpersteine-goeppingen.de\/en\/goeppingen\/taenzer-berta\/\">Berta T\u00e4nzer<\/a>, the widow of the G\u00f6ppingen rabbi Aron T\u00e4nzer, who had moved to Wilhelmsruhe in December 1937. Almost at the same time as the Kirchhausens the three sisters Emilie and Julie Goldstein and Rosa Fleischer moved to Sontheim. As the Goldstein sisters had not lived in G\u00f6ppingen for years it has to be doubted that they were known to the Kirchhausens. Maybe the couple had visits by Sigmund\u2019s brothers and sisters out of the not so far off Schluchtern? The stay at Wilhelmsruhe did not stop voluntarily as the Nazis closed the institution. Emma and Sigmund had to move into the forced old peoples\u2019 home Herrlingen near Ulm. There they met cramped conditions, isolation and inadequate food. To compensate for this \u201cgrace\u201d Sigmund Kirchhausen was blackmailed to pay 6000 Reich marks for the two \u201cHeimpl\u00e4tze\u201d (accommodation for two in a home) as the Ulm archivist Ulrich Seem\u00fcller found out. Herr Seem\u00fcller continues: \u201c<em>The Kirchhausens lived on a small monthly pension, the major part of which had to be passed on to the Jewish \u201cReichsvereinigung\u201d (Imperial Jewish Organization) The neediness of the couple was known in G\u00f6ppingen as on September 3, 1941 <a href=\"https:\/\/stolpersteine-goeppingen.de\/en\/goeppingen\/frankfurter-hedwig-und-sigmund\/\" data-type=\"URL\" data-id=\"https:\/\/stolpersteine-goeppingen.de\/en\/goeppingen\/frankfurter-hedwig-und-sigmund\/\">Hedwig <\/a><a href=\"http:\/\/stolpersteine-goeppingen.de\/goeppingen\/frankfurter-hedwig-und-sigmund\/\" data-type=\"page\" data-id=\"513\">Frankfurter<\/a> named those in a letter that should be supported. The letter to Hilde Gutmann ended thus: \u201cYou surely think of the Kirchhausens. You see there is so much misery to be cured.\u201d<\/em><\/p>\n\n\n\n<p><strong>In the Murder Machine of the Nazis<\/strong><\/p>\n\n\n\n<p>The stay at Herrlingen also was forcefully terminated as Emma and Sigmund were taken to Castle Oberstotzingen on June 17, 1942 where they met again <a href=\"https:\/\/stolpersteine-goeppingen.de\/en\/goeppingen\/fleischer-rosa\/\" data-type=\"URL\" data-id=\"https:\/\/stolpersteine-goeppingen.de\/en\/goeppingen\/fleischer-rosa\/\">Rosa Fleischer<\/a> and <a href=\"https:\/\/stolpersteine-goeppingen.de\/en\/goeppingen\/goldstein-emilie\/\" data-type=\"URL\" data-id=\"https:\/\/stolpersteine-goeppingen.de\/en\/goeppingen\/goldstein-emilie\/\">Emilie Goldstein<\/a>. They had a common fate together afterwards. As soon as on August 16 they had to leave Oberstotzingen, stayed three days in Deportation Camp Stuttgart-Killesberg and were transported by train into KZ Ghetto Theresienstadt. Emma Kirchhausen was put onto the hot attic at the summer heat, with toilets stories below, a torture especially for old people. Because of the bad hygiene and the insufficient food many prisoners suffered from diarrhoea. \u201cEnteritis Darmkatarrh\u201d was the official statement on the death certificate in which Emma Kirchhausen\u2019s death was documented on October 26, 1942 at 13:30. Sigmund survived his wife for some months. He died on August 2, 1943 at the age of 69 in the old age clinic ward with the same diagnosis like his wife. A double murder through neglect with deadly accuracy.<\/p>\n\n\n\n<p><strong>The Fate of Their Daughter Gretchen Steiner<\/strong><\/p>\n\n\n\n<p>When Sigmund died miserably in Theresienstadt his daughter Gretchen and his son-in-law Julius Steiner did not live any more. Already in February 1939 Gretchen and Julius Steiner attempted to flee from Nazi Germany. The emigration into the Dominican Republic failed, because of the lack of the sum of money needed and the immigration into the USA failed because of the waiting period. Even their attempt to find temporary shelter in Palestine was not successful though Victor\u2019s sister Sidonie Ascher who lived there provided an affidavit. From Oettingen where Julius worked as a tradesman, both were forcefully sent to Augsburg together with all Oettingen Jews. In Augsburg the Steiners lived in a shack and were forced to forced labour, Julius as conductor, Gretchen in the balloon company Gersthofen. Through M\u00fcnchen (Munich) the couple was deported into the extermination camp Auschwitz and murdered there. The exact date of death is not known.<\/p>\n\n\n<div class=\"wp-block-image\">\n<figure class=\"aligncenter size-full\"><img loading=\"lazy\" width=\"358\" height=\"489\" src=\"http:\/\/stolpersteine-goeppingen.de\/wp-content\/uploads\/2022\/06\/KirchhausenFanny.jpg\" alt=\"\" class=\"wp-image-1604\" srcset=\"https:\/\/stolpersteine-goeppingen.de\/wp-content\/uploads\/2022\/06\/KirchhausenFanny.jpg 358w, https:\/\/stolpersteine-goeppingen.de\/wp-content\/uploads\/2022\/06\/KirchhausenFanny-220x300.jpg 220w\" sizes=\"auto, (max-width: 358px) 100vw, 358px\" \/><figcaption class=\"wp-element-caption\">Fanny Kirchhausen: Sigmund&#8217;s sister<\/figcaption><\/figure>\n<\/div>\n\n\n<p>Murdered were also the single brother and sisters of Sigmund who lived in Schluchtern at the beginning of the war: Fanny, Betty and Siegfried Kirchhausen were deported to Gurs \/ France, and via Drancy sent into the extermination camp Auschwitz on August 10, 1942.<\/p>\n\n\n<div class=\"wp-block-image\">\n<figure class=\"aligncenter size-full\"><img loading=\"lazy\" width=\"393\" height=\"528\" src=\"http:\/\/stolpersteine-goeppingen.de\/wp-content\/uploads\/2022\/06\/KirchhausenSiegfried.jpg\" alt=\"\" class=\"wp-image-1605\" srcset=\"https:\/\/stolpersteine-goeppingen.de\/wp-content\/uploads\/2022\/06\/KirchhausenSiegfried.jpg 393w, https:\/\/stolpersteine-goeppingen.de\/wp-content\/uploads\/2022\/06\/KirchhausenSiegfried-223x300.jpg 223w\" sizes=\"auto, (max-width: 393px) 100vw, 393px\" \/><figcaption class=\"wp-element-caption\">Siegfried Kirchhausen: Sigmund&#8217;s brother<\/figcaption><\/figure>\n<\/div>\n\n\n<p>In Emma\u2019s family there were also victims of the Nazi terror: Her oldest brother Siegmund N\u00f6rdlinger and his wife Rosalie, n\u00e9e Pollack, who lived in K\u00f6ln (Cologne), were deported into KZ Theresienstadt where Rosalie died while Siegmund N\u00f6rdlinger ended his life in the extermination camp Treblinka. Emma\u2019s sister-in-law Thekla N\u00f6rdlinger, n\u00e9e Leiter, who lived as a widow in Laupheim, was murdered in Izbica in April 1942.<\/p>\n\n\n\n<p>On October 2, 2013 Stolpersteine (Stumbling stones) were laid to the memory of Emma and Sigmund Kirchhausen at the spot where house Gartenstra\u00dfe 48 formerly stood.<\/p>\n\n\n\n<p>(24-01-2017 kmr \/pr)<\/p>\n\n\n<p><div class=\"leaflet-map WPLeafletMap\" style=\"height:450px; width:95%;\"><\/div><script>\nwindow.WPLeafletMapPlugin = window.WPLeafletMapPlugin || [];\nwindow.WPLeafletMapPlugin.push(function WPLeafletMapShortcode() {\/*<script>*\/\nvar baseUrl = atob('aHR0cHM6Ly97c30udGlsZS5vcGVuc3RyZWV0bWFwLm9yZy97en0ve3h9L3t5fS5wbmc=');\nvar base = (!baseUrl && window.MQ) ?\n    window.MQ.mapLayer() : L.tileLayer(baseUrl,\n        L.Util.extend({}, {\n            detectRetina: 1,\n        },\n        {\"subdomains\":\"abc\",\"noWrap\":false,\"maxZoom\":19}        )\n    );\n    var options = L.Util.extend({}, {\n        layers: [base],\n        attributionControl: false\n    },\n    {\"zoomControl\":true,\"scrollWheelZoom\":true,\"doubleClickZoom\":false,\"fitBounds\":false,\"minZoom\":0,\"maxZoom\":19,\"maxBounds\":null,\"attribution\":\"<a href=\\\"http:\\\/\\\/leafletjs.com\\\" title=\\\"Eine Javascript-Bibliothek f\\u00fcr interaktive Karten\\\">Leaflet<\\\/a>; \\u00a9 <a href=\\\"http:\\\/\\\/www.openstreetmap.org\\\/copyright\\\">OpenStreetMap<\\\/a> Mitwirkende\"},\n    {});\nwindow.WPLeafletMapPlugin.createMap(options).setView([48.700471047223,9.653383960308],18);});<\/script><br \/>\n<script>\nwindow.WPLeafletMapPlugin = window.WPLeafletMapPlugin || [];\nwindow.WPLeafletMapPlugin.push(function WPLeafletMarkerShortcode() {\/*<script>*\/\nvar map = window.WPLeafletMapPlugin.getCurrentMap();\nvar group = window.WPLeafletMapPlugin.getCurrentGroup();\nvar marker_options = window.WPLeafletMapPlugin.getIconOptions({});\nvar marker = L.marker(\n    [48.700570183695,9.6538277116408],\n    marker_options\n);\nvar is_image = map.is_image_map;\nif (marker_options.draggable) {\n    marker.on('dragend', function () {\n        var latlng = this.getLatLng();\n        var lat = latlng.lat;\n        var lng = latlng.lng;\n        if (is_image) {\n            console.log('leaflet-marker y=' + lat + ' x=' + lng);\n        } else {\n            console.log('leaflet-marker lat=' + lat + ' lng=' + lng);\n        }\n    });\n}\nmarker.addTo( group );\nwindow.WPLeafletMapPlugin.markers.push( marker );\n        });<\/script><\/p>\n","protected":false},"excerpt":{"rendered":"<p>Gartenstr. 48 An Inconspicuous Family \u201eIt is true that the Kirchhausen family have lived long years in our house Gartenstra\u00dfe 48 on the second floor, they were always modest people. [&hellip;]<\/p>\n","protected":false},"author":1,"featured_media":0,"parent":118,"menu_order":32,"comment_status":"open","ping_status":"closed","template":"","meta":{"_coblocks_attr":"","_coblocks_dimensions":"","_coblocks_responsive_height":"","_coblocks_accordion_ie_support":"","ngg_post_thumbnail":0,"cybocfi_hide_featured_image":"","footnotes":"","_links_to":"","_links_to_target":""},"class_list":["post-880","page","type-page","status-publish","hentry","post-preview"],"translation":{"provider":"WPGlobus","version":"3.0.2","language":"en","enabled_languages":["de","en"],"languages":{"de":{"title":true,"content":true,"excerpt":false},"en":{"title":true,"content":true,"excerpt":false}}},"publishpress_future_action":{"enabled":false,"date":"2026-04-20 14:00:16","action":"change-status","newStatus":"draft","terms":[],"taxonomy":"","extraData":[]},"publishpress_future_workflow_manual_trigger":{"enabledWorkflows":[]},"_links":{"self":[{"href":"https:\/\/stolpersteine-goeppingen.de\/en\/wp-json\/wp\/v2\/pages\/880","targetHints":{"allow":["GET"]}}],"collection":[{"href":"https:\/\/stolpersteine-goeppingen.de\/en\/wp-json\/wp\/v2\/pages"}],"about":[{"href":"https:\/\/stolpersteine-goeppingen.de\/en\/wp-json\/wp\/v2\/types\/page"}],"author":[{"embeddable":true,"href":"https:\/\/stolpersteine-goeppingen.de\/en\/wp-json\/wp\/v2\/users\/1"}],"replies":[{"embeddable":true,"href":"https:\/\/stolpersteine-goeppingen.de\/en\/wp-json\/wp\/v2\/comments?post=880"}],"version-history":[{"count":20,"href":"https:\/\/stolpersteine-goeppingen.de\/en\/wp-json\/wp\/v2\/pages\/880\/revisions"}],"predecessor-version":[{"id":7422,"href":"https:\/\/stolpersteine-goeppingen.de\/en\/wp-json\/wp\/v2\/pages\/880\/revisions\/7422"}],"up":[{"embeddable":true,"href":"https:\/\/stolpersteine-goeppingen.de\/en\/wp-json\/wp\/v2\/pages\/118"}],"wp:attachment":[{"href":"https:\/\/stolpersteine-goeppingen.de\/en\/wp-json\/wp\/v2\/media?parent=880"}],"curies":[{"name":"wp","href":"https:\/\/api.w.org\/{rel}","templated":true}]}}