{"id":854,"date":"2021-10-31T09:47:21","date_gmt":"2021-10-31T09:47:21","guid":{"rendered":"http:\/\/stolpersteine-goeppingen.de\/?page_id=854"},"modified":"2025-01-14T15:59:13","modified_gmt":"2025-01-14T15:59:13","slug":"regensburger-julius","status":"publish","type":"page","link":"https:\/\/stolpersteine-goeppingen.de\/en\/goeppingen\/regensburger-julius\/","title":{"rendered":"Regensburger, Julius"},"content":{"rendered":"\n<p><strong>Querstr. 16<\/strong><\/p>\n\n\n<div class=\"wp-block-image\">\n<figure class=\"aligncenter size-full\"><img loading=\"lazy\" width=\"721\" height=\"731\" src=\"https:\/\/stolpersteine-goeppingen.de\/wp-content\/uploads\/2023\/09\/Regensburger-Julius-Stolperstein.jpg\" alt=\"\" class=\"wp-image-4162\" srcset=\"https:\/\/stolpersteine-goeppingen.de\/wp-content\/uploads\/2023\/09\/Regensburger-Julius-Stolperstein.jpg 721w, https:\/\/stolpersteine-goeppingen.de\/wp-content\/uploads\/2023\/09\/Regensburger-Julius-Stolperstein-296x300.jpg 296w, https:\/\/stolpersteine-goeppingen.de\/wp-content\/uploads\/2023\/09\/Regensburger-Julius-Stolperstein-676x685.jpg 676w\" sizes=\"auto, (max-width: 721px) 100vw, 721px\" \/><\/figure>\n<\/div>\n\n\n<p>The father of Julius Regensburger was a cattle dealer who owned his own business. Many Jewish citizens \u2013 Dr. Aron T\u00e4nzer lists more than twenty names in his book \u2018The History of the Jewish People in Jebenhausen and G\u00f6ppingen\u2019 \u2013 practiced this profession. According to the Jewish religion, God rested on the seventh day of creation, the Sabbath. This day is sacred for people of Jewish faith; they are encouraged to abstain from any work and to spend their time reading the Torah. However, Jews could not follow the rules of their religion if they worked for a Christian employer because they would have had to work six days from Monday through Saturday. Therefore many decided to become self-employed in their profession, just as Julius Regensburger\u2019s father did.<\/p>\n\n\n\n<p><strong>Collaboration of Jews and Non-Jews in the Cattle Trade<\/strong><\/p>\n\n\n\n<p>Shortly after Baron von Liebenstein permitted \u2018Schutzjuden\u2019 [Jews under special protection] to move to the area in 1777, Jonathan, the founding father of the Regensburger family, settled in Jebenhausen with his family. Just as in other regions of Germany, the economic opportunities for the Schutzjuden of Jebenhausen were mainly in trade. They were not tied to their property like the native farmers but were able to earn their living as traveling merchants or as cattle dealers. At the end of the 18th century, new breeds of livestock and cattle started to appear at cattle markets, which led to an economic upswing at the trading locations. The farmers were tied to their farms by their everyday chores. This made it impossible for them to go on the long trips to the markets in order to buy or sell cattle, so they delegated Jewish cattle dealers to act as middlemen. Jewish butchers worked hand in hand with Jewish cattle dealers. They had to have special training for their occupation of \u2018Sch\u00e4chten\u2019 [kosher butchery]; therefore they were regularly examined to see if their religious lifestyle was up to the high standards of a licensed kosher butcher. The condition of their butcher knives was checked regularly so that the proper killing of the animals could be assured. Only meat that was completely drained of blood was considered \u2018clean\u2019 (kosher) and complied with the dietary rules of the Thora. Because of the good cooperation between Jewish cattle dealers and butchers and of the high standards set for qualification in these professions, following the rules of kosher eating could be guaranteed \u2013 then as well as today.<\/p>\n\n\n\n<p>Kosher restaurants sprang up in the vicinity of the cattle markets. By-products such as furs, skins, leather or fat were also traded. The market places gained considerable importance. At first the non-Jews were suspicious of the cattle and fur merchants because of their Jewish customs, for example they did not go to market on a Saturday, and they communicated with each other in their own language which was usually spoken among the cattle dealers and was a derivation of Hebrew. But they were experts in their field, asked reasonable prices and treated their customers fairly who in turn became less suspicious of them. More and more, Jewish cattle dealers acted as middlemen, traveled far and wide, bought cattle from the farmers and sold them to other farmers or butchers. These business relations between Christian farmers and Jewish merchants sometimes lasted for several generations, and this explains why Jewish cattle dealers were represented on average at a higher rate in the rural areas surrounding Goeppingen than in other parts of the country.<\/p>\n\n\n\n<p>In 1864 the Jewish population in W\u03cbrttemberg was granted equal legal rights, and the Israelite church authorities received permission to found their own independent religious community in GGoeppingen. This is why cattle dealer Adolf Regensburger moved from Jebenhausen to the nearby town Goeppingen.<\/p>\n\n\n\n<p><strong>Julius Regensburger\u2019s Life Prior to 1933<\/strong><\/p>\n\n\n\n<p>Julius Regensburger, the first-born son of Adolf Regensburger and his wife Rebekka, n\u00e9e B\u00e4r, grew up at Sauerbrunnenstra\u00dfe 18. The house which his grandfather had built on August 30, 1881, four years before Julius was born, was small and built simply. It was not worth keeping up. When the machine factory Louis Schuler took over the property in 1912, the house was torn down to make more room on the firm\u2019s grounds. Together with his son Julius, Adolf Regensburger relocated the cattle dealership to a rental property at Pfarrstra\u00dfe 46.<\/p>\n\n\n\n<p>Adolf Regensburger died in December 1917. The name of his son Julius does not appear again in the Goeppingen address book until 1927. Where had he been in the meantime, and what did he do? Did he live in Paris after 1919 like his brother and try to find his luck there? There are no answers to these questions because of the lack of information about Julius Regensburger.<\/p>\n\n\n\n<p>There are only sparse insights into his later life too. In 1927 Julius Regensburger came back to Goeppingen and moved into an attic room at Querstra\u00dfe 16. His landlords were Wilhelm and Pauline Hiller who ran a restaurant and pub in the same building. A restaurant and pub? Actually, the main business of Wilhelm Hiller was to bake and sell bread. But besides the bakery store and the oven which was built into the main area on the ground floor, there also was a small room which was just big enough for three tables. It was enough for the \u2018Wirtschaft zum Blumenstrau\u00df\u2019 [restaurant\/pub named \u2018Bouquet of Flowers\u2019] and became a favorite meeting place for young and old.<\/p>\n\n\n<div class=\"wp-block-image\">\n<figure class=\"aligncenter size-large\"><img loading=\"lazy\" width=\"1024\" height=\"768\" src=\"http:\/\/stolpersteine-goeppingen.de\/wp-content\/uploads\/2022\/06\/Regensburger-Haus-Querstr.alt_-1024x768.jpg\" alt=\"\" class=\"wp-image-1711\" srcset=\"https:\/\/stolpersteine-goeppingen.de\/wp-content\/uploads\/2022\/06\/Regensburger-Haus-Querstr.alt_-1024x768.jpg 1024w, https:\/\/stolpersteine-goeppingen.de\/wp-content\/uploads\/2022\/06\/Regensburger-Haus-Querstr.alt_-300x225.jpg 300w, https:\/\/stolpersteine-goeppingen.de\/wp-content\/uploads\/2022\/06\/Regensburger-Haus-Querstr.alt_-768x576.jpg 768w, https:\/\/stolpersteine-goeppingen.de\/wp-content\/uploads\/2022\/06\/Regensburger-Haus-Querstr.alt_-676x507.jpg 676w, https:\/\/stolpersteine-goeppingen.de\/wp-content\/uploads\/2022\/06\/Regensburger-Haus-Querstr.alt_.jpg 1152w\" sizes=\"auto, (max-width: 1024px) 100vw, 1024px\" \/><figcaption class=\"wp-element-caption\">The former house Querstra\u00dfe 16<\/figcaption><\/figure>\n<\/div>\n\n\n<p>Everyone felt comfortable in the familiar and cozy atmosphere of the \u2018Str\u00e4u\u00dfle\u2019 [Swabian for \u2018Little Bouquet of Flowers\u2019]. Even the wives didn\u2019t mind if their husbands were steady customers there. They could be assured that they would not be staying out until late into the night but would leave and go home early, because baker Hiller needed to get his sleep. Such small restaurant\/pubs connected to stores were common in Goeppingen. When it closed in 1986, many customers missed their \u2018Ado\u2019 restaurant which the Adomeit family had taken over from the Hillers in 1953.<\/p>\n\n\n\n<p>Julius Regensburger apparently felt very comfortable in his attic room above the \u2018Str\u00e4u\u00dfle\u2019 which he rented for eleven years. During the summer of 1938 he moved out \u2013 but not of his own free will!<\/p>\n\n\n\n<p><strong>His Life After 1933<\/strong><\/p>\n\n\n\n<p>The merciless actions of the Nazis to exclude Jews from the economic life of Germany forced him to do so. Julius Regensburger was trained as a merchant and started his own business selling oil and fat in 1909. It is not known in which type of fat and oil he was dealing with. It can be assumed that it was kosher fat and cooking oil because these were \u2013 and still are \u2013 prepared according to Jewish food laws according to specific ritual regulations. Orthodox Jews cannot cook or eat a meal that has been prepared with pork fat. Because Julius Regensburger started his business while his father was still alive and he had contacts with butchers and specialty stores, he was able to deliver merchandise which met the requirements for pureness. Kosher restaurants and specialty stores as well as private customers purchased these products. He might also have sold lubrication oils which were needed by Jewish cattle dealers for their wagons and later, when they were motorized, for their trucks.<\/p>\n\n\n\n<p>Julius Regensburger remained unmarried and did not have to feed a family. But despite this, the measures the Nazis introduced affected his business so severely that he could barely live on the proceeds from his work as a sales representative. Starting in 1935 the commercial licenses of Jewish cattle dealers were cancelled and anti-Semitic hate tirades destroyed the business relations between Christian farmers and Jewish cattle dealers. They became impoverished and along with them people who worked in related businesses, like Julius Regensburger. In a letter from December 1939 to the Martin Brothers Bank he described his dire situation: <em>\u201cI herewith confirm that my business of selling oil and fat can no longer be conducted profitably, and my brother-in-law Julius D\u00f6rzbacher has allowed me to live at his residence with free room and board since August 1938. Since that date he has contributed to my living expenses. On the 12th of July 1939 he loaned me the amount of RM 1,674.15 to cover the cost of equipment.\u201d<\/em><\/p>\n\n\n\n<p>Hermine, Julius Regensburgers sister, had married Julius D\u00f6rzbacher in 1912. According to the Swabian saying &#8216;<em>The same belongs to the same<\/em>&#8216; she had married into the D\u00f6rzbacher cattle merchant dynasty. The brothers Samuel and Leopold D\u00f6rzbacher from Jebenhausen had a cattle dealership in Goeppingen since 1885. <\/p>\n\n\n<div class=\"wp-block-image\">\n<figure class=\"aligncenter size-large is-resized\"><img loading=\"lazy\" width=\"591\" height=\"1024\" src=\"https:\/\/stolpersteine-goeppingen.de\/wp-content\/uploads\/2023\/12\/Doerzbacher-Hermine-geb.-Regensburger-und-Julius-591x1024.jpg\" alt=\"\" class=\"wp-image-5813\" style=\"width:500px\" srcset=\"https:\/\/stolpersteine-goeppingen.de\/wp-content\/uploads\/2023\/12\/Doerzbacher-Hermine-geb.-Regensburger-und-Julius-591x1024.jpg 591w, https:\/\/stolpersteine-goeppingen.de\/wp-content\/uploads\/2023\/12\/Doerzbacher-Hermine-geb.-Regensburger-und-Julius-173x300.jpg 173w, https:\/\/stolpersteine-goeppingen.de\/wp-content\/uploads\/2023\/12\/Doerzbacher-Hermine-geb.-Regensburger-und-Julius-768x1330.jpg 768w, https:\/\/stolpersteine-goeppingen.de\/wp-content\/uploads\/2023\/12\/Doerzbacher-Hermine-geb.-Regensburger-und-Julius-887x1536.jpg 887w, https:\/\/stolpersteine-goeppingen.de\/wp-content\/uploads\/2023\/12\/Doerzbacher-Hermine-geb.-Regensburger-und-Julius-1183x2048.jpg 1183w, https:\/\/stolpersteine-goeppingen.de\/wp-content\/uploads\/2023\/12\/Doerzbacher-Hermine-geb.-Regensburger-und-Julius-676x1171.jpg 676w, https:\/\/stolpersteine-goeppingen.de\/wp-content\/uploads\/2023\/12\/Doerzbacher-Hermine-geb.-Regensburger-und-Julius-scaled.jpg 1478w\" sizes=\"auto, (max-width: 591px) 100vw, 591px\" \/><figcaption class=\"wp-element-caption\">Hermine D\u00f6rzbacher, n\u00e9e Regensburger and her husband Julius D\u00f6rzbacher (Source: Dave Dorzback)<\/figcaption><\/figure>\n<\/div>\n\n\n<p>The business was profitable, and the brothers had \u2018master builder\u2019 K\u03cbbler build a spacious house for them at Geislinger Stra\u00dfe 6. It was equipped with fourteen gas lights as well as a water pipeline with four \u2018faucets\u2019 which lived up to the most modern tastes of that time. On the ground and second floors, there each were apartments with four rooms and an additional parlor, and in the attic there were six additional rooms. The house was large enough for many occupants. This was a necessity because Samuel D\u00f6rzbacher had ten children, and his brother Leopold, who had already died in 1896, had three. Samuel survived his brother by many years. Surrounded by his family, he celebrated his 75th birthday in 1926. This celebration in his honor was documented in a photograph. He died in 1931 at the age of 80, and his wife followed him into death two years later.<\/p>\n\n\n\n<p>The house with the stables and shop buildings, which stretched all the way to Gartenstra\u00dfe, passed into the ownership of D\u00f6rzbacher heirs. Sigmund, another brother of Samuel, had moved into a more modest house next-door at Geislinger Stra\u00dfe 8 in 1912. Sigmund also was a cattle dealer.<\/p>\n\n\n\n<p>Julius D\u00f6rzbacher, the third child of Samuel and Hannchen D\u00f6rzbacher, moved to Bahnhofstra\u00dfe 28 after his marriage to Hermine, n\u00e9e Regensburger. He rented a building from Netter &amp; Eisig and opened a horse and cattle dealership there, following the family tradition. In 1924 the couple purchased an old building at W\u00fchlestr.23, which was in dire need of renovation and which he mainly used as a stable.<\/p>\n\n\n\n<p>Brother-in-law Julius D\u00f6rzbacher and his wife Hermine supported Julius Regensburger financially as well as they could, also after they were able to emigrate to England in the summer of 1939. All nine siblings of Julius D\u00f6rzbacher managed to emigrate with their families. Why Julius Regensburger did not have or did not take the opportunity to leave Germany cannot be explained.<\/p>\n\n\n\n<p>It is also unclear why Julius Regensburger was not arrested during the pogrom night of November 9-10, 1938, although his age threatened him with this fate. His brother-in-law Julius was one of the 27 Jewish men from the town who were taken to the Dachau concentration camp on November 12, from where Julius D\u00f6rzbacher was only allowed to return after a month of torment.<\/p>\n\n\n\n<p>After the departure of his sister to England, Julius Regensburger moved to Geislinger Stra\u00dfe 6, the birth place of his brother-in-law.&nbsp; Beginning in 1939, different renters began moving into that house. After the death of Samuel and his wife, citizens of both Christian and Jewish religions had lived together under one roof, now there were more and more Jewish renters. Because their own houses had been confiscated or they were evicted from their apartments, they were now assigned space in the house, in the workshop, in the stables and other areas. They were barred from the ground floor apartment because Marie Bauer, a seamstress, had rented this space since 1932 to house her tailor\u2019s workshop. Living space became tight on the approximately one-quarter acre area. It is not possible to ascertain how many Jewish men and women from Goeppingen had been forced to live there together.<\/p>\n\n\n\n<p>Eleven of them, among them Julius Regensburger, were ordered to report to Schiller School in Goeppingen on November 28, 1941. None of these deportees survived, they were murdered by the Nazis in Riga.<\/p>\n\n\n\n<p>Among Julius Regensburger\u2019s close relatives, his cousin Jakob Regensburger, born in Goeppingen in 1890, also lost his life. Jakob, who had lived at first in Stuttgart, later in Frankfurt\/Main since 1919, was deported from Drancy (France) to Auschwitz and murdered in August 1942.<\/p>\n\n\n<div class=\"wp-block-image\">\n<figure class=\"aligncenter size-full\"><img loading=\"lazy\" width=\"569\" height=\"731\" src=\"https:\/\/stolpersteine-goeppingen.de\/wp-content\/uploads\/2023\/09\/Jakob-Regensburger-StAL-F-201_Bue-486.jpg\" alt=\"\" class=\"wp-image-4160\" srcset=\"https:\/\/stolpersteine-goeppingen.de\/wp-content\/uploads\/2023\/09\/Jakob-Regensburger-StAL-F-201_Bue-486.jpg 569w, https:\/\/stolpersteine-goeppingen.de\/wp-content\/uploads\/2023\/09\/Jakob-Regensburger-StAL-F-201_Bue-486-234x300.jpg 234w\" sizes=\"auto, (max-width: 569px) 100vw, 569px\" \/><figcaption class=\"wp-element-caption\">Jakob Regensburger (Source: State Archives Ludwigsburg)<\/figcaption><\/figure>\n<\/div>\n\n\n<p>On September 19, 2012, Gunter Demnig placed a Stumbling Stone in memory of Julius Regensburger in front of his former home at Querstra\u00dfe 16. Unfortunately the original house had to make room for a new building.<\/p>\n\n\n<div class=\"wp-block-image\">\n<figure class=\"aligncenter size-large\"><img loading=\"lazy\" width=\"1024\" height=\"744\" src=\"http:\/\/stolpersteine-goeppingen.de\/wp-content\/uploads\/2022\/06\/Regensburger-Querstr.-neu-1024x744.jpg\" alt=\"\" class=\"wp-image-1712\" srcset=\"https:\/\/stolpersteine-goeppingen.de\/wp-content\/uploads\/2022\/06\/Regensburger-Querstr.-neu-1024x744.jpg 1024w, https:\/\/stolpersteine-goeppingen.de\/wp-content\/uploads\/2022\/06\/Regensburger-Querstr.-neu-300x218.jpg 300w, https:\/\/stolpersteine-goeppingen.de\/wp-content\/uploads\/2022\/06\/Regensburger-Querstr.-neu-768x558.jpg 768w, https:\/\/stolpersteine-goeppingen.de\/wp-content\/uploads\/2022\/06\/Regensburger-Querstr.-neu-676x491.jpg 676w, https:\/\/stolpersteine-goeppingen.de\/wp-content\/uploads\/2022\/06\/Regensburger-Querstr.-neu.jpg 1220w\" sizes=\"auto, (max-width: 1024px) 100vw, 1024px\" \/><figcaption class=\"wp-element-caption\">Querstra\u00dfe 16 today<\/figcaption><\/figure>\n<\/div>\n\n\n<p>(17.04.2023 clm \/ ir)<\/p>\n\n\n<p><div class=\"leaflet-map WPLeafletMap\" style=\"height:450px; width:95%;\"><\/div><script>\nwindow.WPLeafletMapPlugin = window.WPLeafletMapPlugin || [];\nwindow.WPLeafletMapPlugin.push(function WPLeafletMapShortcode() {\/*<script>*\/\nvar baseUrl = atob('aHR0cHM6Ly97c30udGlsZS5vcGVuc3RyZWV0bWFwLm9yZy97en0ve3h9L3t5fS5wbmc=');\nvar base = (!baseUrl && window.MQ) ?\n    window.MQ.mapLayer() : L.tileLayer(baseUrl,\n        L.Util.extend({}, {\n            detectRetina: 1,\n        },\n        {\"subdomains\":\"abc\",\"noWrap\":false,\"maxZoom\":19}        )\n    );\n    var options = L.Util.extend({}, {\n        layers: [base],\n        attributionControl: false\n    },\n    {\"zoomControl\":true,\"scrollWheelZoom\":true,\"doubleClickZoom\":false,\"fitBounds\":false,\"minZoom\":0,\"maxZoom\":19,\"maxBounds\":null,\"attribution\":\"<a href=\\\"http:\\\/\\\/leafletjs.com\\\" title=\\\"Eine Javascript-Bibliothek f\\u00fcr interaktive Karten\\\">Leaflet<\\\/a>; \\u00a9 <a href=\\\"http:\\\/\\\/www.openstreetmap.org\\\/copyright\\\">OpenStreetMap<\\\/a> Mitwirkende\"},\n    {});\nwindow.WPLeafletMapPlugin.createMap(options).setView([48.702958183303,9.6515334282957],19);});<\/script><br \/>\n<script>\nwindow.WPLeafletMapPlugin = window.WPLeafletMapPlugin || [];\nwindow.WPLeafletMapPlugin.push(function WPLeafletMarkerShortcode() {\/*<script>*\/\nvar map = window.WPLeafletMapPlugin.getCurrentMap();\nvar group = window.WPLeafletMapPlugin.getCurrentGroup();\nvar marker_options = window.WPLeafletMapPlugin.getIconOptions({});\nvar marker = L.marker(\n    [48.702915700185,9.6513601569766],\n    marker_options\n);\nvar is_image = map.is_image_map;\nif (marker_options.draggable) {\n    marker.on('dragend', function () {\n        var latlng = this.getLatLng();\n        var lat = latlng.lat;\n        var lng = latlng.lng;\n        if (is_image) {\n            console.log('leaflet-marker y=' + lat + ' x=' + lng);\n        } else {\n            console.log('leaflet-marker lat=' + lat + ' lng=' + lng);\n        }\n    });\n}\nmarker.addTo( group );\nwindow.WPLeafletMapPlugin.markers.push( marker );\n        });<\/script><\/p>\n\n\n\n<p><br><\/p>\n","protected":false},"excerpt":{"rendered":"<p>Querstr. 16 The father of Julius Regensburger was a cattle dealer who owned his own business. Many Jewish citizens \u2013 Dr. Aron T\u00e4nzer lists more than twenty names in his [&hellip;]<\/p>\n","protected":false},"author":1,"featured_media":0,"parent":118,"menu_order":44,"comment_status":"open","ping_status":"closed","template":"","meta":{"_coblocks_attr":"","_coblocks_dimensions":"","_coblocks_responsive_height":"","_coblocks_accordion_ie_support":"","ngg_post_thumbnail":0,"cybocfi_hide_featured_image":"","footnotes":"","_links_to":"","_links_to_target":""},"class_list":["post-854","page","type-page","status-publish","hentry","post-preview"],"translation":{"provider":"WPGlobus","version":"3.0.2","language":"en","enabled_languages":["de","en"],"languages":{"de":{"title":true,"content":true,"excerpt":false},"en":{"title":true,"content":true,"excerpt":false}}},"publishpress_future_action":{"enabled":false,"date":"2026-04-18 13:44:29","action":"change-status","newStatus":"draft","terms":[],"taxonomy":"","extraData":[]},"publishpress_future_workflow_manual_trigger":{"enabledWorkflows":[]},"_links":{"self":[{"href":"https:\/\/stolpersteine-goeppingen.de\/en\/wp-json\/wp\/v2\/pages\/854","targetHints":{"allow":["GET"]}}],"collection":[{"href":"https:\/\/stolpersteine-goeppingen.de\/en\/wp-json\/wp\/v2\/pages"}],"about":[{"href":"https:\/\/stolpersteine-goeppingen.de\/en\/wp-json\/wp\/v2\/types\/page"}],"author":[{"embeddable":true,"href":"https:\/\/stolpersteine-goeppingen.de\/en\/wp-json\/wp\/v2\/users\/1"}],"replies":[{"embeddable":true,"href":"https:\/\/stolpersteine-goeppingen.de\/en\/wp-json\/wp\/v2\/comments?post=854"}],"version-history":[{"count":35,"href":"https:\/\/stolpersteine-goeppingen.de\/en\/wp-json\/wp\/v2\/pages\/854\/revisions"}],"predecessor-version":[{"id":7663,"href":"https:\/\/stolpersteine-goeppingen.de\/en\/wp-json\/wp\/v2\/pages\/854\/revisions\/7663"}],"up":[{"embeddable":true,"href":"https:\/\/stolpersteine-goeppingen.de\/en\/wp-json\/wp\/v2\/pages\/118"}],"wp:attachment":[{"href":"https:\/\/stolpersteine-goeppingen.de\/en\/wp-json\/wp\/v2\/media?parent=854"}],"curies":[{"name":"wp","href":"https:\/\/api.w.org\/{rel}","templated":true}]}}