{"id":816,"date":"2021-10-30T16:07:29","date_gmt":"2021-10-30T16:07:29","guid":{"rendered":"http:\/\/stolpersteine-goeppingen.de\/?page_id=816"},"modified":"2023-12-09T11:16:47","modified_gmt":"2023-12-09T11:16:47","slug":"heimann-betty-und-louis","status":"publish","type":"page","link":"https:\/\/stolpersteine-goeppingen.de\/en\/goeppingen\/heimann-betty-und-louis\/","title":{"rendered":"Heimann, Betty and Louis"},"content":{"rendered":"\n<p><strong>Hauptstr. 2<\/strong><\/p>\n\n\n<div class=\"wp-block-image\">\n<figure class=\"aligncenter size-full\"><img loading=\"lazy\" width=\"358\" height=\"731\" src=\"https:\/\/stolpersteine-goeppingen.de\/wp-content\/uploads\/2023\/07\/Steine-Heimann-B-und-L-geputzt.jpg\" alt=\"\" class=\"wp-image-3449\" srcset=\"https:\/\/stolpersteine-goeppingen.de\/wp-content\/uploads\/2023\/07\/Steine-Heimann-B-und-L-geputzt.jpg 358w, https:\/\/stolpersteine-goeppingen.de\/wp-content\/uploads\/2023\/07\/Steine-Heimann-B-und-L-geputzt-147x300.jpg 147w\" sizes=\"auto, (max-width: 358px) 100vw, 358px\" \/><\/figure>\n<\/div>\n\n\n<p>Betty Bergmann out of <a href=\"https:\/\/jl-gunzenhausen.de\/en\/home-257.html\" data-type=\"URL\" data-id=\"https:\/\/jl-gunzenhausen.de\/en\/home-257.html\">Gunzenhausen <\/a>\/Franconia was only 22 years old when she married 1910 the G\u00f6ppingen businessman Ludwig Heimann, then 33 years of age. Ludwig\u00b4s father had set up a clothes shop at the marketplace in the centre of G\u00f6ppingen and had developed it into one of the best establishments in town. In 1913 Louis, as Ludwig called himself now, took over the business together with his wife Betty.<\/p>\n\n\n<div class=\"wp-block-image\">\n<figure class=\"aligncenter size-full is-resized\"><img loading=\"lazy\" width=\"700\" height=\"453\" src=\"https:\/\/stolpersteine-goeppingen.de\/wp-content\/uploads\/2023\/07\/Heimann-Geschaeft-2-1.jpg\" alt=\"\" class=\"wp-image-3452\" style=\"width:700px;height:453px\" srcset=\"https:\/\/stolpersteine-goeppingen.de\/wp-content\/uploads\/2023\/07\/Heimann-Geschaeft-2-1.jpg 700w, https:\/\/stolpersteine-goeppingen.de\/wp-content\/uploads\/2023\/07\/Heimann-Geschaeft-2-1-300x194.jpg 300w, https:\/\/stolpersteine-goeppingen.de\/wp-content\/uploads\/2023\/07\/Heimann-Geschaeft-2-1-676x437.jpg 676w\" sizes=\"auto, (max-width: 700px) 100vw, 700px\" \/><figcaption class=\"wp-element-caption\">The Clothes Shop&nbsp;Heimann (picture was taken in 1907)<\/figcaption><\/figure>\n<\/div>\n\n<div class=\"wp-block-image\">\n<figure class=\"aligncenter size-full\"><img loading=\"lazy\" width=\"2560\" height=\"1958\" src=\"https:\/\/stolpersteine-goeppingen.de\/wp-content\/uploads\/2023\/07\/Heimann-B-und-L-Marktstr.-neu-1-scaled.jpg\" alt=\"\" class=\"wp-image-3451\" srcset=\"https:\/\/stolpersteine-goeppingen.de\/wp-content\/uploads\/2023\/07\/Heimann-B-und-L-Marktstr.-neu-1-scaled.jpg 2560w, https:\/\/stolpersteine-goeppingen.de\/wp-content\/uploads\/2023\/07\/Heimann-B-und-L-Marktstr.-neu-1-300x229.jpg 300w, https:\/\/stolpersteine-goeppingen.de\/wp-content\/uploads\/2023\/07\/Heimann-B-und-L-Marktstr.-neu-1-1024x783.jpg 1024w, https:\/\/stolpersteine-goeppingen.de\/wp-content\/uploads\/2023\/07\/Heimann-B-und-L-Marktstr.-neu-1-768x587.jpg 768w, https:\/\/stolpersteine-goeppingen.de\/wp-content\/uploads\/2023\/07\/Heimann-B-und-L-Marktstr.-neu-1-1536x1175.jpg 1536w, https:\/\/stolpersteine-goeppingen.de\/wp-content\/uploads\/2023\/07\/Heimann-B-und-L-Marktstr.-neu-1-2048x1566.jpg 2048w, https:\/\/stolpersteine-goeppingen.de\/wp-content\/uploads\/2023\/07\/Heimann-B-und-L-Marktstr.-neu-1-676x517.jpg 676w\" sizes=\"auto, (max-width: 2560px) 100vw, 2560px\" \/><figcaption class=\"wp-element-caption\">Today&#8217;s successor building &#8216;Drugstore M\u00fcller&#8217;<\/figcaption><\/figure>\n<\/div>\n\n\n<p>In December 1922 the NSDAP group of G\u00f6ppingen, which was still small by then, wanted to provoke the citizens of G\u00f6ppingen, dominated by Social Democrats and the Liberal Bourgeoisie. They reserved the \u201cApostelsaal\u201d (Apostle Hall, a restaurant) and asked for support from Munich, a group of thugs called \u201cSchutztruppe\u201d (Protection Unit). On a poster as well as in an advertisement in the local paper one could read: \u201cNo access for Jews\u201d. Betty Heimann understood that the exclusion of Jews was the central focus of the Nazis, and so they started to remove the posters. In the act of civil disobedience she was supported by the G\u00f6ppingen entrepreneur Theodor Mayer. <\/p>\n\n\n\n<p>On the day to come the Nazi rally was counteracted through the initiative as well of workers from G\u00f6ppingen as of some members of the Jewish community. The originally planned event was prevented and couldn\u00b4t be carried out by the Nazis, neither in the Apostle Hall nor in the alternative place, the guest house \u201cWalfischkeller\u201d (Whale Cellar). The quarrel, in which weapons were used, is known as the <a href=\"https:\/\/stolpersteine-goeppingen.de\/en\/goeppingen\/gahr-johann\/\" data-type=\"URL\" data-id=\"https:\/\/stolpersteine-goeppingen.de\/en\/goeppingen\/gahr-johann\/\">\u201cSchlacht am Walfischkeller\u201d (The Battle of the Whale Cellar)<\/a>.<\/p>\n\n\n\n<p>The rise of the Nazis to power in the Reich could not be prevented. In April 1933 the shop windows of the prosperous businesses of the Heimann\u00b4s were stuck with black posters \u2013 with an enormous yellow star. SA men stood at the entrance and warned \u201cto buy at the Jew Heimann, who is a con man, a profiteer and a traitor\u201d. Harassment of different types followed, the Heimanns were defamed arbitrary as \u201cVolkssch\u00e4dlinge\u201d (pest to the people).<\/p>\n\n\n<div class=\"wp-block-image\">\n<figure class=\"aligncenter size-large is-resized\"><img loading=\"lazy\" width=\"831\" height=\"1024\" src=\"https:\/\/stolpersteine-goeppingen.de\/wp-content\/uploads\/2023\/07\/Ho-27.7.35-Heimann-831x1024.jpg\" alt=\"\" class=\"wp-image-3450\" style=\"width:623px;height:768px\" srcset=\"https:\/\/stolpersteine-goeppingen.de\/wp-content\/uploads\/2023\/07\/Ho-27.7.35-Heimann-831x1024.jpg 831w, https:\/\/stolpersteine-goeppingen.de\/wp-content\/uploads\/2023\/07\/Ho-27.7.35-Heimann-243x300.jpg 243w, https:\/\/stolpersteine-goeppingen.de\/wp-content\/uploads\/2023\/07\/Ho-27.7.35-Heimann-768x947.jpg 768w, https:\/\/stolpersteine-goeppingen.de\/wp-content\/uploads\/2023\/07\/Ho-27.7.35-Heimann-1246x1536.jpg 1246w, https:\/\/stolpersteine-goeppingen.de\/wp-content\/uploads\/2023\/07\/Ho-27.7.35-Heimann-1661x2048.jpg 1661w, https:\/\/stolpersteine-goeppingen.de\/wp-content\/uploads\/2023\/07\/Ho-27.7.35-Heimann-676x833.jpg 676w\" sizes=\"auto, (max-width: 831px) 100vw, 831px\" \/><figcaption class=\"wp-element-caption\">Advertisement in the G\u00f6ppingen local newspaper &#8216;Hohenstaufen&#8217; of 27.07.1935.<br>The comparatively large-format advertisement shows how self-confident<br>the Heimann couple still was in the first years of the Nazi era.<\/figcaption><\/figure>\n<\/div>\n\n\n<p>In 1937 the couple sent their only child, 16-year-old Rolf, to North America to protect him from further humiliations.<\/p>\n\n\n\n<p>In 1938 they had to register all their property and they were handed out special identity cards marked with a \u201cJ\u201d. In September 1938 their clothes shop was made Aryan because it was \u201ca Jewish business\u201d. After 70 years of the family business Heimann Helmut Haux bought the merchandise and the shop furniture and he rented the rooms. In November1938 Betty and Louis Heimann moved out of their business and living quarters in Hauptstra\u00dfe 2. They found shelter in \u00d6stliche Ringstra\u00dfe 52, in a house that then belonged to Emilie Ott. One week later, in the night from November 9 to 10 about 40 Jewish men were taken out of their flats and taken into \u201cSchutzhaft\u201d (Protective Custody) for at least two days. 27 of them later were interned and tortured in KZ Dachau; Louis Heimann probably was arrested, too, but because of his age was not taken to the KZ. A contemporary witness stated that Betty was apparently been dragged at the first light through the streets with a rope round her neck while the flames of the synagogue blazed \u2013 but this memory cannot be verified by another witness\u2019s statement. In December all the Jews had to give away 20 percent of their property as a \u201cS\u00fchneleistung\u201d (Act of Atonement) for the damage done at the Pogromnacht. What a perfidious meanness!<\/p>\n\n\n\n<p>In May 1939 the Heimann family took valuables to the lending house in Stuttgart and they sent a container with furniture to Rotterdam, a little later also a suitcase. Interpreting these pieces of information the couple several times attempted to emigrate. In vain.<\/p>\n\n\n\n<p>On August 20, 1942 Betty and Louis Heimann were driven together with some other \u201cVolljuden\u201d (Full Jews) and deported to KZ Theresienstadt. They were only allowed to take their wedding rings and a watch. Two days later their complete property was transferred to the Deutsches Reich. Louis Heimann was murdered on August 15, 1943 in Theresienstadt.<\/p>\n\n\n<div class=\"wp-block-image\">\n<figure class=\"aligncenter size-large is-resized\"><img loading=\"lazy\" width=\"727\" height=\"1024\" src=\"https:\/\/stolpersteine-goeppingen.de\/wp-content\/uploads\/2023\/07\/Heimann-Louis-Sterbeurkunde-1-727x1024.jpg\" alt=\"\" class=\"wp-image-3453\" style=\"width:545px;height:768px\" srcset=\"https:\/\/stolpersteine-goeppingen.de\/wp-content\/uploads\/2023\/07\/Heimann-Louis-Sterbeurkunde-1-727x1024.jpg 727w, https:\/\/stolpersteine-goeppingen.de\/wp-content\/uploads\/2023\/07\/Heimann-Louis-Sterbeurkunde-1-213x300.jpg 213w, https:\/\/stolpersteine-goeppingen.de\/wp-content\/uploads\/2023\/07\/Heimann-Louis-Sterbeurkunde-1-768x1082.jpg 768w, https:\/\/stolpersteine-goeppingen.de\/wp-content\/uploads\/2023\/07\/Heimann-Louis-Sterbeurkunde-1-676x952.jpg 676w, https:\/\/stolpersteine-goeppingen.de\/wp-content\/uploads\/2023\/07\/Heimann-Louis-Sterbeurkunde-1.jpg 800w\" sizes=\"auto, (max-width: 727px) 100vw, 727px\" \/><figcaption class=\"wp-element-caption\">Death certificate Louis Heimann<\/figcaption><\/figure>\n<\/div>\n\n\n<p>His wife Betty was seen on a transport to the extermination camp Auschwitz in May 1944; there she disappeared without leaving any traces.<\/p>\n\n\n\n<p>Their son Rolf Heimann lived as a single man and made a living as a musician and bookkeeper. The knowledge about the fate of his family did not allow him to lead a carefree life in his new \u201cHeimat\u201d (home).<\/p>\n\n\n\n<p>From their closer family were murdered by the Nazis: Louis\u2019 sister-in-law <a href=\"https:\/\/stolpersteine-goeppingen.de\/en\/goeppingen\/heimann-jenny-und-felicia\/\" data-type=\"URL\" data-id=\"https:\/\/stolpersteine-goeppingen.de\/en\/goeppingen\/heimann-jenny-und-felicia\/\">Jenny Heimann and her daughter Felicia<\/a>  as well as Betty\u2019s nephew Eduard Gunzenh\u00e4user, who was deported to Izbica in 1942.<\/p>\n\n\n\n<p>The Stolpersteine for Betty and Louis Heimann were placed in front of the former residential and business building Hauptstra\u00dfe 2.<\/p>\n\n\n\n<p>(10.10.2019 cml\/ pr)<\/p>\n\n\n\n<p><br><a href=\"http:\/\/stolpersteine-goeppingen.de\/wp-content\/uploads\/2021\/10\/zeitung_heimann.jpg\" data-type=\"URL\" data-id=\"http:\/\/stolpersteine-goeppingen.de\/wp-content\/uploads\/2021\/10\/zeitung_heimann.jpg\">Zeitungsartikel<\/a><br><\/p>\n\n\n<p><div class=\"leaflet-map WPLeafletMap\" style=\"height:450px; width:95%;\"><\/div><script>\nwindow.WPLeafletMapPlugin = window.WPLeafletMapPlugin || [];\nwindow.WPLeafletMapPlugin.push(function WPLeafletMapShortcode() {\/*<script>*\/\nvar baseUrl = atob('aHR0cHM6Ly97c30udGlsZS5vcGVuc3RyZWV0bWFwLm9yZy97en0ve3h9L3t5fS5wbmc=');\nvar base = (!baseUrl && window.MQ) ?\n    window.MQ.mapLayer() : L.tileLayer(baseUrl,\n        L.Util.extend({}, {\n            detectRetina: 1,\n        },\n        {\"subdomains\":\"abc\",\"noWrap\":false,\"maxZoom\":19}        )\n    );\n    var options = L.Util.extend({}, {\n        layers: [base],\n        attributionControl: false\n    },\n    {\"zoomControl\":true,\"scrollWheelZoom\":true,\"doubleClickZoom\":false,\"fitBounds\":false,\"minZoom\":0,\"maxZoom\":19,\"maxBounds\":null,\"attribution\":\"<a href=\\\"http:\\\/\\\/leafletjs.com\\\" title=\\\"Eine Javascript-Bibliothek f\\u00fcr interaktive Karten\\\">Leaflet<\\\/a>; \\u00a9 <a href=\\\"http:\\\/\\\/www.openstreetmap.org\\\/copyright\\\">OpenStreetMap<\\\/a> Mitwirkende\"},\n    {});\nwindow.WPLeafletMapPlugin.createMap(options).setView([48.703144047489,9.6538735707377],18);});<\/script><br \/>\n<script>\nwindow.WPLeafletMapPlugin = window.WPLeafletMapPlugin || [];\nwindow.WPLeafletMapPlugin.push(function WPLeafletMarkerShortcode() {\/*<script>*\/\nvar map = window.WPLeafletMapPlugin.getCurrentMap();\nvar group = window.WPLeafletMapPlugin.getCurrentGroup();\nvar marker_options = window.WPLeafletMapPlugin.getIconOptions({});\nvar marker = L.marker(\n    [48.703172372712,9.6537050677667],\n    marker_options\n);\nvar is_image = map.is_image_map;\nif (marker_options.draggable) {\n    marker.on('dragend', function () {\n        var latlng = this.getLatLng();\n        var lat = latlng.lat;\n        var lng = latlng.lng;\n        if (is_image) {\n            console.log('leaflet-marker y=' + lat + ' x=' + lng);\n        } else {\n            console.log('leaflet-marker lat=' + lat + ' lng=' + lng);\n        }\n    });\n}\nmarker.addTo( group );\nwindow.WPLeafletMapPlugin.markers.push( marker );\n        });<\/script><\/p>\n","protected":false},"excerpt":{"rendered":"<p>Hauptstr. 2 Betty Bergmann out of Gunzenhausen \/Franconia was only 22 years old when she married 1910 the G\u00f6ppingen businessman Ludwig Heimann, then 33 years of age. Ludwig\u00b4s father had [&hellip;]<\/p>\n","protected":false},"author":1,"featured_media":0,"parent":118,"menu_order":26,"comment_status":"open","ping_status":"closed","template":"","meta":{"_coblocks_attr":"","_coblocks_dimensions":"","_coblocks_responsive_height":"","_coblocks_accordion_ie_support":"","ngg_post_thumbnail":0,"cybocfi_hide_featured_image":"","footnotes":"","_links_to":"","_links_to_target":""},"class_list":["post-816","page","type-page","status-publish","hentry","post-preview"],"translation":{"provider":"WPGlobus","version":"3.0.2","language":"en","enabled_languages":["de","en"],"languages":{"de":{"title":true,"content":true,"excerpt":false},"en":{"title":true,"content":true,"excerpt":false}}},"publishpress_future_action":{"enabled":false,"date":"2026-04-22 22:08:46","action":"change-status","newStatus":"draft","terms":[],"taxonomy":"","extraData":[]},"publishpress_future_workflow_manual_trigger":{"enabledWorkflows":[]},"_links":{"self":[{"href":"https:\/\/stolpersteine-goeppingen.de\/en\/wp-json\/wp\/v2\/pages\/816","targetHints":{"allow":["GET"]}}],"collection":[{"href":"https:\/\/stolpersteine-goeppingen.de\/en\/wp-json\/wp\/v2\/pages"}],"about":[{"href":"https:\/\/stolpersteine-goeppingen.de\/en\/wp-json\/wp\/v2\/types\/page"}],"author":[{"embeddable":true,"href":"https:\/\/stolpersteine-goeppingen.de\/en\/wp-json\/wp\/v2\/users\/1"}],"replies":[{"embeddable":true,"href":"https:\/\/stolpersteine-goeppingen.de\/en\/wp-json\/wp\/v2\/comments?post=816"}],"version-history":[{"count":21,"href":"https:\/\/stolpersteine-goeppingen.de\/en\/wp-json\/wp\/v2\/pages\/816\/revisions"}],"predecessor-version":[{"id":6021,"href":"https:\/\/stolpersteine-goeppingen.de\/en\/wp-json\/wp\/v2\/pages\/816\/revisions\/6021"}],"up":[{"embeddable":true,"href":"https:\/\/stolpersteine-goeppingen.de\/en\/wp-json\/wp\/v2\/pages\/118"}],"wp:attachment":[{"href":"https:\/\/stolpersteine-goeppingen.de\/en\/wp-json\/wp\/v2\/media?parent=816"}],"curies":[{"name":"wp","href":"https:\/\/api.w.org\/{rel}","templated":true}]}}