{"id":7230,"date":"2024-12-02T17:19:25","date_gmt":"2024-12-02T17:19:25","guid":{"rendered":"https:\/\/stolpersteine-goeppingen.de\/?page_id=7230"},"modified":"2026-03-24T21:35:30","modified_gmt":"2026-03-24T21:35:30","slug":"strassenverzeichnis","status":"publish","type":"page","link":"https:\/\/stolpersteine-goeppingen.de\/en\/strassenverzeichnis\/","title":{"rendered":"Street directory"},"content":{"rendered":"<\/p>\n\n\n<p><strong>Core City of G\u00f6ppingen (unless otherwise stated)<\/strong><\/p>\n\n\n\n<p><strong>B<\/strong><\/p>\n\n\n\n<p>Bachstr. 2 <em><strong>(S\u00fc\u00dfen) <\/strong><\/em><br><a href=\"https:\/\/stolpersteine-goeppingen.de\/en\/suessen\/die-familien-baer-und-metzger\/\" data-type=\"link\" data-id=\"https:\/\/stolpersteine-goeppingen.de\/en\/suessen\/die-familien-baer-und-metzger\/\">Baer, Hermine (Hilda), Alfred, Hans, Werner and Siegfried<\/a><br><a href=\"https:\/\/stolpersteine-goeppingen.de\/en\/suessen\/lang-eva-und-leopold\/\" data-type=\"page\" data-id=\"211\">Lang, Eva und Leopold<\/a><br><a href=\"https:\/\/stolpersteine-goeppingen.de\/en\/suessen\/die-familien-baer-und-metzger-2\/\" data-type=\"link\" data-id=\"https:\/\/stolpersteine-goeppingen.de\/en\/suessen\/die-familien-baer-und-metzger-2\/\">Metzger, Eugenie, Alfred and Rudolf<\/a><br><a href=\"https:\/\/stolpersteine-goeppingen.de\/en\/suessen\/sahm-falk\/\" data-type=\"page\" data-id=\"228\">Sahm, Falk<\/a><\/p>\n\n\n\n<p>Bahnhofstr. 4<br><a href=\"https:\/\/stolpersteine-goeppingen.de\/en\/goeppingen\/dettelbacher-frida\/\" data-type=\"page\" data-id=\"288\">Dettelbacher, Frida<\/a><\/p>\n\n\n\n<p>Bahnhofstr. 26<br><a href=\"https:\/\/stolpersteine-goeppingen.de\/en\/goeppingen\/heimann-jenny-und-felicia\/\" data-type=\"link\" data-id=\"https:\/\/stolpersteine-goeppingen.de\/en\/goeppingen\/heimann-jenny-und-felicia\/\">Heimann, Jenny and Felicia<\/a><\/p>\n\n\n\n<p>Bergstr. 11\/1<br><a href=\"https:\/\/stolpersteine-goeppingen.de\/en\/goeppingen\/buehler-rosa\/\" data-type=\"link\" data-id=\"https:\/\/stolpersteine-goeppingen.de\/en\/goeppingen\/buehler-rosa\/\">B\u00fchler, Rosa<\/a><\/p>\n\n\n\n<p>B\u00fcchenbronnerstr. 34 <strong><em>(Ebersbach)<\/em><\/strong><br><a href=\"https:\/\/stolpersteine-goeppingen.de\/en\/ebersbach\/neumann-franziska-lutz-und-wolfgang\/\" data-type=\"link\" data-id=\"https:\/\/stolpersteine-goeppingen.de\/en\/ebersbach\/neumann-franziska-lutz-und-wolfgang\/\">Neumann, Franziska, Lutz and Wolfgang<\/a><\/p>\n\n\n\n<p>Burgstr. 1<br><a href=\"https:\/\/stolpersteine-goeppingen.de\/en\/goeppingen\/119-2\/\" data-type=\"link\" data-id=\"https:\/\/stolpersteine-goeppingen.de\/en\/goeppingen\/119-2\/\">Banemann, Hedwig, Stephan, Erich and Inge<\/a><\/p>\n\n\n\n<p>Burgstr. 14<br><a href=\"https:\/\/stolpersteine-goeppingen.de\/en\/goeppingen\/einstein-robert\/\" data-type=\"link\" data-id=\"https:\/\/stolpersteine-goeppingen.de\/en\/goeppingen\/einstein-robert\/\">Einstein, Robert<\/a><\/p>\n\n\n\n<p><strong>E<\/strong><\/p>\n\n\n\n<p>Eberhardstr. 35 <strong><em>(Geislingen)<\/em><\/strong><br><a href=\"https:\/\/stolpersteine-goeppingen.de\/en\/geislingen\/stolperschwelle-geislingen\/\" data-type=\"link\" data-id=\"https:\/\/stolpersteine-goeppingen.de\/en\/geislingen\/stolperschwelle-geislingen\/\">Stolperschwelle Geislingen<\/a><\/p>\n\n\n\n<p>Eschenbacherstr. 38-42 <strong><em>(G\u00f6ppingen St. Gotthardt) <\/em><\/strong><br><a href=\"https:\/\/stolpersteine-goeppingen.de\/en\/goeppingen\/reinhardt-paul-rita-rudi-und-paula\/\" data-type=\"link\" data-id=\"https:\/\/stolpersteine-goeppingen.de\/en\/goeppingen\/reinhardt-paul-rita-rudi-und-paula\/\">Reinhardt, Paul, Rudi, Paula and Rita<\/a><\/p>\n\n\n\n<p><strong>F<\/strong><\/p>\n\n\n\n<p>Franklinstr. 5<br><a href=\"https:\/\/stolpersteine-goeppingen.de\/en\/goeppingen\/stern-erna-hilde-berta-und-leo\/\" data-type=\"link\" data-id=\"https:\/\/stolpersteine-goeppingen.de\/en\/goeppingen\/stern-erna-hilde-berta-und-leo\/\">Stern, Erna, Leo and Hilde Berta<\/a><\/p>\n\n\n\n<p>Freihofstr. 46<br><a href=\"https:\/\/stolpersteine-goeppingen.de\/en\/goeppingen\/taenzer-berta\/\" data-type=\"link\" data-id=\"https:\/\/stolpersteine-goeppingen.de\/en\/goeppingen\/taenzer-berta\/\">T\u00e4nzer, Bertha<\/a><\/p>\n\n\n\n<p>Fr\u00fchlingstr. 29<br><a href=\"https:\/\/stolpersteine-goeppingen.de\/en\/goeppingen\/bodenheimer-sophie\/\" data-type=\"link\" data-id=\"https:\/\/stolpersteine-goeppingen.de\/en\/goeppingen\/bodenheimer-sophie\/\">Bodenheimer, Sofie<\/a><br><a href=\"https:\/\/stolpersteine-goeppingen.de\/en\/goeppingen\/hilb-emil-und-elsbeth-oberdorfer-ludwig-oberdorfer-franz-sepp-oberdorfer-doris-roedelsheimer-lise-roedelsheimer-2\/\" data-type=\"page\" data-id=\"8519\">Hilb, Emil<\/a><br><a href=\"https:\/\/stolpersteine-goeppingen.de\/en\/goeppingen\/hilb-emil-und-elsbeth-oberdorfer-ludwig-oberdorfer-franz-sepp-oberdorfer-doris-roedelsheimer-lise-roedelsheimer-3\/\" data-type=\"page\" data-id=\"8520\">Oberdorfer, Elsbeth, Ludwig and Franz-Sepp<\/a><br><a href=\"https:\/\/stolpersteine-goeppingen.de\/en\/goeppingen\/hilb-emil-und-elsbeth-oberdorfer-ludwig-oberdorfer-franz-sepp-oberdorfer-doris-roedelsheimer-lise-roedelsheimer\/\" data-type=\"page\" data-id=\"713\">R\u00f6delsheimer, Lise and Doris<\/a><\/p>\n\n\n\n<p><strong>G<\/strong><\/p>\n\n\n\n<p>Gartenstr. 2<br><a href=\"https:\/\/stolpersteine-goeppingen.de\/en\/goeppingen\/dreifuss-lothar\/\" data-type=\"link\" data-id=\"https:\/\/stolpersteine-goeppingen.de\/en\/goeppingen\/dreifuss-lothar\/\">Dreifu\u00df, Lothar<\/a><br><a href=\"https:\/\/stolpersteine-goeppingen.de\/en\/goeppingen\/sinn-lotte\/\" data-type=\"link\" data-id=\"https:\/\/stolpersteine-goeppingen.de\/en\/goeppingen\/sinn-lotte\/\">Sinn, Lotte<\/a><\/p>\n\n\n\n<p>Gartenstr. 48<br><a href=\"https:\/\/stolpersteine-goeppingen.de\/en\/goeppingen\/kirchhausen-emma-und-sigmund\/\" data-type=\"link\" data-id=\"https:\/\/stolpersteine-goeppingen.de\/en\/goeppingen\/kirchhausen-emma-und-sigmund\/\">Kirchhausen, Emma and Sigmund<\/a><\/p>\n\n\n\n<p>Geislinger Str. 2 (statt 3)<br><a href=\"https:\/\/stolpersteine-goeppingen.de\/en\/goeppingen\/bernheimer-2\/\" data-type=\"link\" data-id=\"https:\/\/stolpersteine-goeppingen.de\/en\/goeppingen\/bernheimer-2\/\">Bernheimer, Selma (geb. Simon), Eugen, Beate, Anneliese and Margot<\/a><\/p>\n\n\n\n<p>Geislinger Str. 6<br><a href=\"https:\/\/stolpersteine-goeppingen.de\/en\/goeppingen\/fleissig-wilhelm\/\" data-type=\"link\" data-id=\"https:\/\/stolpersteine-goeppingen.de\/en\/goeppingen\/fleissig-wilhelm\/\">Fleissig, Wilhelm<\/a><br><a href=\"https:\/\/stolpersteine-goeppingen.de\/en\/goeppingen\/hirschhahn-jenny\/\" data-type=\"link\" data-id=\"https:\/\/stolpersteine-goeppingen.de\/en\/goeppingen\/hirschhahn-jenny\/\">Hirschhahn, Jenny<\/a><br><a href=\"https:\/\/stolpersteine-goeppingen.de\/en\/goeppingen\/schwab-hannacha-marianne-und-max\/\" data-type=\"link\" data-id=\"https:\/\/stolpersteine-goeppingen.de\/en\/goeppingen\/schwab-hannacha-marianne-und-max\/\">Schwab, Marianne, Max and Hannacha<\/a><\/p>\n\n\n\n<p>Grabenstr. 18<br><a href=\"https:\/\/stolpersteine-goeppingen.de\/en\/goeppingen\/frank-flora-und-rosa\/\" data-type=\"link\" data-id=\"https:\/\/stolpersteine-goeppingen.de\/en\/goeppingen\/frank-flora-und-rosa\/\">Frank, Flora und Rosa<\/a><br><a href=\"https:\/\/stolpersteine-goeppingen.de\/en\/goeppingen\/katz-johannette-rosa-gerhard-wilhelm-fritz-ilse-und-herbert\/\" data-type=\"link\" data-id=\"https:\/\/stolpersteine-goeppingen.de\/en\/goeppingen\/katz-johannette-rosa-gerhard-wilhelm-fritz-ilse-und-herbert\/\">Katz, Johannette, Wilhelm, Rosa, Fritz, Herbert, Ilse and Gerhard<\/a><br><a href=\"https:\/\/stolpersteine-goeppingen.de\/en\/goeppingen\/oppenheimer-frida-und-simon\/\" data-type=\"link\" data-id=\"https:\/\/stolpersteine-goeppingen.de\/en\/goeppingen\/oppenheimer-frida-und-simon\/\">Oppenheimer, Frida and Simon<\/a><br><a href=\"https:\/\/stolpersteine-goeppingen.de\/en\/goeppingen\/oppenheimer-kurt\/\" data-type=\"link\" data-id=\"https:\/\/stolpersteine-goeppingen.de\/en\/goeppingen\/oppenheimer-kurt\/\">Oppenheimer, Kurt<\/a><\/p>\n\n\n\n<p>Grabenstr. 20<br><a href=\"https:\/\/stolpersteine-goeppingen.de\/en\/goeppingen\/guggenheim-pauline\/\" data-type=\"link\" data-id=\"https:\/\/stolpersteine-goeppingen.de\/en\/goeppingen\/guggenheim-pauline\/\">Guggenheim, Pauline<\/a><\/p>\n\n\n\n<p><strong>H<\/strong><\/p>\n\n\n\n<p>Haldenstr. 18 <em><strong>(S\u00fc\u00dfen)<\/strong><\/em><br><a href=\"https:\/\/stolpersteine-goeppingen.de\/en\/suessen\/zeimann-pauline-und-walter\/\" data-type=\"link\" data-id=\"https:\/\/stolpersteine-goeppingen.de\/en\/suessen\/zeimann-pauline-und-walter\/\">Zeimann, Pauline and Walter<\/a><\/p>\n\n\n\n<p>Hauptstr. 2<br><a href=\"https:\/\/stolpersteine-goeppingen.de\/en\/goeppingen\/heimann-betty-und-louis\/\" data-type=\"link\" data-id=\"https:\/\/stolpersteine-goeppingen.de\/en\/goeppingen\/heimann-betty-und-louis\/\">Heimann, Betty and Louis<\/a><\/p>\n\n\n\n<p>Hauptstr. 11<br><a href=\"https:\/\/stolpersteine-goeppingen.de\/en\/goeppingen\/fleischer-irma-und-julius\/\" data-type=\"link\" data-id=\"https:\/\/stolpersteine-goeppingen.de\/en\/goeppingen\/fleischer-irma-und-julius\/\">Fleischer, Irma and Julius<\/a><\/p>\n\n\n\n<p>Hauptstr. 20<br><a href=\"https:\/\/stolpersteine-goeppingen.de\/en\/goeppingen\/zitter-paula-rosa-und-sara\/\" data-type=\"link\" data-id=\"https:\/\/stolpersteine-goeppingen.de\/en\/goeppingen\/zitter-paula-rosa-und-sara\/\">Zitter, Paula, Rosa and Sara<\/a><\/p>\n\n\n\n<p>Hauptstr. 79 <strong><em>(Donzdorf)<\/em><\/strong><br><a href=\"https:\/\/stolpersteine-goeppingen.de\/en\/donzdorf\/dangelmaier-hedwig\/\" data-type=\"link\" data-id=\"https:\/\/stolpersteine-goeppingen.de\/en\/donzdorf\/dangelmaier-hedwig\/\">Dangelmaier, Hedwig<\/a><\/p>\n\n\n\n<p><strong>I<\/strong><\/p>\n\n\n\n<p>Im St\u00e4dtle 33 <strong><em>(Wei\u00dfenstein)<\/em><\/strong><br><a href=\"https:\/\/stolpersteine-goeppingen.de\/en\/weissenstein-lauterstein\/gedenktafel-in-weissenstein\/\" data-type=\"link\" data-id=\"https:\/\/stolpersteine-goeppingen.de\/en\/weissenstein-lauterstein\/gedenktafel-in-weissenstein\/\">Memorial plaque in Wei\u00dfenstein<\/a><\/p>\n\n\n\n<p><strong>J<\/strong><\/p>\n\n\n\n<p>Jahnstr. 5 <strong><em>(Eislingen)<\/em><\/strong><br><a href=\"https:\/\/stolpersteine-goeppingen.de\/en\/eislingen\/schrag-arthur\/\" data-type=\"link\" data-id=\"https:\/\/stolpersteine-goeppingen.de\/en\/eislingen\/schrag-arthur\/\">Schrag, Arthur<\/a><\/p>\n\n\n\n<p><strong>K<\/strong><\/p>\n\n\n\n<p>Kirchstr. 11<br><a href=\"https:\/\/stolpersteine-goeppingen.de\/en\/goeppingen\/wassermann-isaak-und-therese\/\" data-type=\"link\" data-id=\"https:\/\/stolpersteine-goeppingen.de\/en\/goeppingen\/wassermann-isaak-und-therese\/\">Wassermann, Therese and Issak<\/a><\/p>\n\n\n\n<p><strong>L<\/strong><\/p>\n\n\n\n<p>Lutherstr. 11<br><a href=\"https:\/\/stolpersteine-goeppingen.de\/en\/goeppingen\/fleischer-rosa\/\" data-type=\"link\" data-id=\"https:\/\/stolpersteine-goeppingen.de\/en\/goeppingen\/fleischer-rosa\/\">Fleischer, Rosa<\/a><br><a href=\"https:\/\/stolpersteine-goeppingen.de\/en\/goeppingen\/frankfurter-hedwig-und-sigmund\/\" data-type=\"link\" data-id=\"https:\/\/stolpersteine-goeppingen.de\/en\/goeppingen\/frankfurter-hedwig-und-sigmund\/\">Frankfurter, Hedwig and Sigmund<\/a><br><a href=\"https:\/\/stolpersteine-goeppingen.de\/en\/goeppingen\/frankfurter-jakob\/\" data-type=\"link\" data-id=\"https:\/\/stolpersteine-goeppingen.de\/en\/goeppingen\/frankfurter-jakob\/\">Frankfurter, Jakob<\/a><br><a href=\"https:\/\/stolpersteine-goeppingen.de\/en\/goeppingen\/goldstein-emilie\/\" data-type=\"link\" data-id=\"https:\/\/stolpersteine-goeppingen.de\/en\/goeppingen\/goldstein-emilie\/\">Goldstein, Emilie<\/a><\/p>\n\n\n\n<p><strong>M<\/strong><\/p>\n\n\n\n<p>Marktstr. 8<br><a href=\"https:\/\/stolpersteine-goeppingen.de\/en\/goeppingen\/lendt-georg-und-mathilde\/\" data-type=\"link\" data-id=\"https:\/\/stolpersteine-goeppingen.de\/en\/goeppingen\/lendt-georg-und-mathilde\/\">Lendt, Mathilde and Georg<\/a><\/p>\n\n\n\n<p>Marktstr. 44<br><a href=\"https:\/\/stolpersteine-goeppingen.de\/en\/goeppingen\/rosinberg-irma-fritz-heinz-und-arnold\/\" data-type=\"link\" data-id=\"https:\/\/stolpersteine-goeppingen.de\/en\/goeppingen\/rosinberg-irma-fritz-heinz-und-arnold\/\">Rosinberg, Irma, Fritz, Heinz and Arnold<\/a><\/p>\n\n\n\n<p>Marstallstr. 11 (today the Youth Detention Center)<br><a href=\"https:\/\/stolpersteine-goeppingen.de\/en\/goeppingen\/gahr-johann\/\" data-type=\"link\" data-id=\"https:\/\/stolpersteine-goeppingen.de\/en\/goeppingen\/gahr-johann\/\">Gahr, Johann<\/a><\/p>\n\n\n\n<p>Marstallstr. 46<br><a href=\"https:\/\/stolpersteine-goeppingen.de\/en\/goeppingen\/piotrkowsky\/\" data-type=\"link\" data-id=\"https:\/\/stolpersteine-goeppingen.de\/en\/goeppingen\/piotrkowsky\/\">Piotrkowsky, Rebekka, Isaak and Sigmund<\/a><\/p>\n\n\n\n<p>Metzgerstr. 16<br><a href=\"https:\/\/stolpersteine-goeppingen.de\/en\/goeppingen\/geschmay-pauline-und-david\/\" data-type=\"link\" data-id=\"https:\/\/stolpersteine-goeppingen.de\/en\/goeppingen\/geschmay-pauline-und-david\/\">Geschmay, Pauline and David<\/a><\/p>\n\n\n\n<p>Metzgerstr. 72<br><a href=\"https:\/\/stolpersteine-goeppingen.de\/en\/goeppingen\/barbian-jakob\/\" data-type=\"link\" data-id=\"https:\/\/stolpersteine-goeppingen.de\/en\/goeppingen\/barbian-jakob\/\">Barbian, Jakob<\/a><\/p>\n\n\n\n<p>Mittlere Karlstr. 79<br><a href=\"https:\/\/stolpersteine-goeppingen.de\/en\/goeppingen\/kuttner-ester\/\" data-type=\"link\" data-id=\"https:\/\/stolpersteine-goeppingen.de\/en\/goeppingen\/kuttner-ester\/\">Kuttner, Ester<\/a><\/p>\n\n\n\n<p><strong>N<\/strong><\/p>\n\n\n\n<p>N\u00f6rdliche Ringstr. 33<br><a href=\"https:\/\/stolpersteine-goeppingen.de\/en\/goeppingen\/fleischer-arthur-und-paula\/\" data-type=\"link\" data-id=\"https:\/\/stolpersteine-goeppingen.de\/en\/goeppingen\/fleischer-arthur-und-paula\/\">Fleischer, Paula and Arthur<\/a><\/p>\n\n\n\n<p><strong>P<\/strong><\/p>\n\n\n\n<p>Poststr. 18<br><a href=\"https:\/\/stolpersteine-goeppingen.de\/en\/goeppingen\/loewenstein-ida-und-julius\/\" data-type=\"link\" data-id=\"https:\/\/stolpersteine-goeppingen.de\/en\/goeppingen\/loewenstein-ida-und-julius\/\">L\u00f6wenstein, Ida und Julius<\/a><\/p>\n\n\n\n<p><strong>Q<\/strong><\/p>\n\n\n\n<p>Querstr. 16<br><a href=\"https:\/\/stolpersteine-goeppingen.de\/en\/goeppingen\/regensburger-julius\/\" data-type=\"link\" data-id=\"https:\/\/stolpersteine-goeppingen.de\/en\/goeppingen\/regensburger-julius\/\">Regensburger, Julius<\/a><\/p>\n\n\n\n<p><strong>R<\/strong><\/p>\n\n\n\n<p>Rosenstr. 3<br><a href=\"https:\/\/stolpersteine-goeppingen.de\/en\/goeppingen\/adelsheimer-ida-geb-goetz-leopold-und-paula\/\" data-type=\"link\" data-id=\"https:\/\/stolpersteine-goeppingen.de\/en\/goeppingen\/adelsheimer-ida-geb-goetz-leopold-und-paula\/\">Adelsheimer, Ida (geb. Goetz), Leopold and Paula<\/a><\/p>\n\n\n\n<p>Richard-Wagner-Str. 26 <strong><em>(Eislingen)<\/em><\/strong><br><a href=\"https:\/\/stolpersteine-goeppingen.de\/en\/eislingen\/plawner-mina-pnina-rachel-dina-und-wolf-bernard\/\" data-type=\"link\" data-id=\"https:\/\/stolpersteine-goeppingen.de\/en\/eislingen\/plawner-mina-pnina-rachel-dina-und-wolf-bernard\/\">Plawner, Mina, Wolf Bernhard, Pnina and Rachel-Dina <\/a><\/p>\n\n\n\n<p><strong>S<\/strong><\/p>\n\n\n\n<p>Schillerstr. 33<br><a href=\"https:\/\/stolpersteine-goeppingen.de\/en\/goeppingen\/erlanger-fritz-max\/\" data-type=\"link\" data-id=\"https:\/\/stolpersteine-goeppingen.de\/en\/goeppingen\/erlanger-fritz-max\/\">Erlanger, Fritz Max<\/a><\/p>\n\n\n\n<p>Schlossstr. 16<br><a href=\"https:\/\/stolpersteine-goeppingen.de\/en\/goeppingen\/simon-helene-und-sofie\/\" data-type=\"link\" data-id=\"https:\/\/stolpersteine-goeppingen.de\/en\/goeppingen\/simon-helene-und-sofie\/\">Simon, Helene and Sofia<\/a><\/p>\n\n\n\n<p>Schlossstr. 83 <strong>(Stuttgart) <\/strong>(starting in fall 2026)<br><a href=\"https:\/\/stolpersteine-goeppingen.de\/en\/weitere\/fleischer-bernhard\/\" data-type=\"link\" data-id=\"https:\/\/stolpersteine-goeppingen.de\/en\/weitere\/fleischer-bernhard\/\">Fleischer, Bernhard<\/a><\/p>\n\n\n\n<p>Sch\u00fctzenstr. 19<br><a href=\"https:\/\/stolpersteine-goeppingen.de\/en\/goeppingen\/frey-johanna\/\" data-type=\"link\" data-id=\"https:\/\/stolpersteine-goeppingen.de\/en\/goeppingen\/frey-johanna\/\">Frey, Johanna<\/a><\/p>\n\n\n\n<p>Schumannstr. 14<br><a href=\"https:\/\/stolpersteine-goeppingen.de\/en\/goeppingen\/ottenheimer-alfred-luise-richard-und-werner\/\" data-type=\"link\" data-id=\"https:\/\/stolpersteine-goeppingen.de\/en\/goeppingen\/ottenheimer-alfred-luise-richard-und-werner\/\">Ottenheimer, Luise, Alfred, Richard and Werner<\/a><\/p>\n\n\n\n<p>Seestr. 6 <strong><em>(W\u00e4schenbeuren)<\/em><\/strong><br><a href=\"https:\/\/stolpersteine-goeppingen.de\/en\/waeschenbeuren\/182-2\/\" data-type=\"link\" data-id=\"https:\/\/stolpersteine-goeppingen.de\/en\/waeschenbeuren\/182-2\/\">L\u00f6wenthal, Theresia and Eduard<\/a><\/p>\n\n\n\n<p>Spitalstr. 17<br><a href=\"https:\/\/stolpersteine-goeppingen.de\/en\/goeppingen\/bensinger-elise\/\" data-type=\"link\" data-id=\"https:\/\/stolpersteine-goeppingen.de\/en\/goeppingen\/bensinger-elise\/\">Bensinger, Elise<\/a><br><a href=\"https:\/\/stolpersteine-goeppingen.de\/en\/goeppingen\/hirsch-max-elsa-und-hermann\/\" data-type=\"link\" data-id=\"https:\/\/stolpersteine-goeppingen.de\/en\/goeppingen\/hirsch-max-elsa-und-hermann\/\">Hirsch, Max, Hermann and Elsa<\/a><br><a href=\"https:\/\/stolpersteine-goeppingen.de\/en\/goeppingen\/katz-johannette-rosa-gerhard-wilhelm-fritz-ilse-und-herbert\/\" data-type=\"link\" data-id=\"https:\/\/stolpersteine-goeppingen.de\/en\/goeppingen\/katz-johannette-rosa-gerhard-wilhelm-fritz-ilse-und-herbert\/\">Katz, Johannette, Wilhelm, Rosa, Fritz, Herbert, Ilse and Gerhard<\/a><\/p>\n\n\n\n<p>Stuttgarter Str. 19<br><a href=\"https:\/\/stolpersteine-goeppingen.de\/en\/goeppingen\/fraenkl-mina-und-isidor\/\" data-type=\"link\" data-id=\"https:\/\/stolpersteine-goeppingen.de\/en\/goeppingen\/fraenkl-mina-und-isidor\/\">Fr\u00e4nkl, Mina and Isidor<\/a><\/p>\n\n\n\n<p><strong>V<\/strong><\/p>\n\n\n\n<p>Vordere Karlstr. 12<br><a href=\"https:\/\/stolpersteine-goeppingen.de\/en\/goeppingen\/kuhnle-kurt\/\" data-type=\"link\" data-id=\"https:\/\/stolpersteine-goeppingen.de\/en\/goeppingen\/kuhnle-kurt\/\">Kuhnle, Kurt<\/a><\/p>\n\n\n\n<p>Vordere Karlstr. 64<br><a href=\"https:\/\/stolpersteine-goeppingen.de\/en\/goeppingen\/kynast-theodor\/\" data-type=\"link\" data-id=\"https:\/\/stolpersteine-goeppingen.de\/en\/goeppingen\/kynast-theodor\/\">Kynast, Theodor<\/a><\/p>\n\n\n\n<p>Vorderer Berg 23<strong><em> (G\u00f6ppingen Jebenhausen)<\/em><\/strong><br><a href=\"https:\/\/stolpersteine-goeppingen.de\/en\/goeppingen\/lauchheimer-betty-und-max\/\" data-type=\"link\" data-id=\"https:\/\/stolpersteine-goeppingen.de\/en\/goeppingen\/lauchheimer-betty-und-max\/\">Lauchheimer, Betty and Max<\/a><\/p>\n\n\n\n<p><strong>W<\/strong><\/p>\n\n\n\n<p>Wolfstr. 8<br><a href=\"https:\/\/stolpersteine-goeppingen.de\/en\/goeppingen\/schuler-albert\/\" data-type=\"page\" data-id=\"1024\">Schuler, Albert<\/a><\/p>\n\n\n<p>","protected":false},"excerpt":{"rendered":"<p>Core City of G\u00f6ppingen (unless otherwise stated) B Bachstr. 2 (S\u00fc\u00dfen) Baer, Hermine (Hilda), Alfred, Hans, Werner and SiegfriedLang, Eva und LeopoldMetzger, Eugenie, Alfred and RudolfSahm, Falk Bahnhofstr. 4Dettelbacher, Frida [&hellip;]<\/p>\n","protected":false},"author":1,"featured_media":0,"parent":0,"menu_order":7,"comment_status":"closed","ping_status":"closed","template":"","meta":{"_coblocks_attr":"","_coblocks_dimensions":"","_coblocks_responsive_height":"","_coblocks_accordion_ie_support":"","ngg_post_thumbnail":0,"cybocfi_hide_featured_image":"","footnotes":"","_links_to":"","_links_to_target":""},"class_list":["post-7230","page","type-page","status-publish","hentry","post-preview"],"translation":{"provider":"WPGlobus","version":"3.0.2","language":"en","enabled_languages":["de","en"],"languages":{"de":{"title":true,"content":true,"excerpt":false},"en":{"title":true,"content":true,"excerpt":false}}},"publishpress_future_action":{"enabled":false,"date":"2026-04-18 13:51:14","action":"change-status","newStatus":"draft","terms":[],"taxonomy":"","extraData":[]},"publishpress_future_workflow_manual_trigger":{"enabledWorkflows":[]},"_links":{"self":[{"href":"https:\/\/stolpersteine-goeppingen.de\/en\/wp-json\/wp\/v2\/pages\/7230","targetHints":{"allow":["GET"]}}],"collection":[{"href":"https:\/\/stolpersteine-goeppingen.de\/en\/wp-json\/wp\/v2\/pages"}],"about":[{"href":"https:\/\/stolpersteine-goeppingen.de\/en\/wp-json\/wp\/v2\/types\/page"}],"author":[{"embeddable":true,"href":"https:\/\/stolpersteine-goeppingen.de\/en\/wp-json\/wp\/v2\/users\/1"}],"replies":[{"embeddable":true,"href":"https:\/\/stolpersteine-goeppingen.de\/en\/wp-json\/wp\/v2\/comments?post=7230"}],"version-history":[{"count":148,"href":"https:\/\/stolpersteine-goeppingen.de\/en\/wp-json\/wp\/v2\/pages\/7230\/revisions"}],"predecessor-version":[{"id":9810,"href":"https:\/\/stolpersteine-goeppingen.de\/en\/wp-json\/wp\/v2\/pages\/7230\/revisions\/9810"}],"wp:attachment":[{"href":"https:\/\/stolpersteine-goeppingen.de\/en\/wp-json\/wp\/v2\/media?parent=7230"}],"curies":[{"name":"wp","href":"https:\/\/api.w.org\/{rel}","templated":true}]}}