{"id":720,"date":"2021-10-30T14:02:04","date_gmt":"2021-10-30T14:02:04","guid":{"rendered":"http:\/\/stolpersteine-goeppingen.de\/?page_id=720"},"modified":"2023-12-06T17:41:01","modified_gmt":"2023-12-06T17:41:01","slug":"taenzer-berta","status":"publish","type":"page","link":"https:\/\/stolpersteine-goeppingen.de\/en\/goeppingen\/taenzer-berta\/","title":{"rendered":"T\u00e4nzer, Bertha"},"content":{"rendered":"\n<p><strong>Freihofstr. 46<\/strong><\/p>\n\n\n<div class=\"wp-block-image\">\n<figure class=\"aligncenter size-full\"><img loading=\"lazy\" width=\"749\" height=\"734\" src=\"https:\/\/stolpersteine-goeppingen.de\/wp-content\/uploads\/2023\/10\/Taenzer-Stein-neu.jpg\" alt=\"\" class=\"wp-image-4720\" srcset=\"https:\/\/stolpersteine-goeppingen.de\/wp-content\/uploads\/2023\/10\/Taenzer-Stein-neu.jpg 749w, https:\/\/stolpersteine-goeppingen.de\/wp-content\/uploads\/2023\/10\/Taenzer-Stein-neu-300x294.jpg 300w, https:\/\/stolpersteine-goeppingen.de\/wp-content\/uploads\/2023\/10\/Taenzer-Stein-neu-676x662.jpg 676w\" sizes=\"auto, (max-width: 749px) 100vw, 749px\" \/><\/figure>\n<\/div>\n\n\n<p>Bertha T\u00e4nzer, n\u00e9e Strauss (April 14, 1876 \u2013 September 25, 1943) grew up in Merchingen in the Odenwald. In 1913 she married Rabbi Dr. Aron T\u00e4nzer from G\u00f6ppingen. During their marriage she would stand at the side of an important man who was outstanding as a clergyman, scientist, translator and man of letters. He was responsible for the founding of the first lending library in G\u00f6ppingen. Dr. T\u00e4nzer was a widower. Bertha was responsible for the four children of his first marriage. Together they had two more children, Erwin was born in 1914, Ilse in 1915.<\/p>\n\n\n<div class=\"wp-block-image\">\n<figure class=\"aligncenter size-large\"><img loading=\"lazy\" width=\"1024\" height=\"662\" src=\"https:\/\/stolpersteine-goeppingen.de\/wp-content\/uploads\/2023\/10\/Taenzer_Aron_Berta_Erwin_Ilse_f-tae-021-1024x662.jpg\" alt=\"\" class=\"wp-image-4716\" srcset=\"https:\/\/stolpersteine-goeppingen.de\/wp-content\/uploads\/2023\/10\/Taenzer_Aron_Berta_Erwin_Ilse_f-tae-021-1024x662.jpg 1024w, https:\/\/stolpersteine-goeppingen.de\/wp-content\/uploads\/2023\/10\/Taenzer_Aron_Berta_Erwin_Ilse_f-tae-021-300x194.jpg 300w, https:\/\/stolpersteine-goeppingen.de\/wp-content\/uploads\/2023\/10\/Taenzer_Aron_Berta_Erwin_Ilse_f-tae-021-768x496.jpg 768w, https:\/\/stolpersteine-goeppingen.de\/wp-content\/uploads\/2023\/10\/Taenzer_Aron_Berta_Erwin_Ilse_f-tae-021-1536x992.jpg 1536w, https:\/\/stolpersteine-goeppingen.de\/wp-content\/uploads\/2023\/10\/Taenzer_Aron_Berta_Erwin_Ilse_f-tae-021-676x437.jpg 676w, https:\/\/stolpersteine-goeppingen.de\/wp-content\/uploads\/2023\/10\/Taenzer_Aron_Berta_Erwin_Ilse_f-tae-021.jpg 2020w\" sizes=\"auto, (max-width: 1024px) 100vw, 1024px\" \/><figcaption class=\"wp-element-caption\">Bertha ans Aron T\u00e4nzer with their joint children Erwin and Ilse<\/figcaption><\/figure>\n<\/div>\n\n\n<p>The T\u00e4nzers, a family of eight, lived on the upper floors of the rabbi\u2019s house next to the synagogue. During World War I Dr. T\u00e4nzer served at the Eastern front from August 1915 to November 1918. To serve his fatherland Germany during the First World War had been self-evident for him. Still he experienced little appreciation for it. Dr. T\u00e4nzer fought until 1936 against the defamation of Jewish Germans who were accused of having been cowardly and devious during the war. He died on February 26, 1937. Only very few Christians participated in the funeral procession of the man who had done so much for the city of G\u00f6ppingen and its citizens of all faiths. An important legacy of Dr. Aron T\u00e4nzer is his &#8216;Geschichte der Juden in Jebenhausen und G\u00f6ppingen&#8217;, published in 1927.<\/p>\n\n\n<div class=\"wp-block-image\">\n<figure class=\"aligncenter size-large\"><img loading=\"lazy\" width=\"1024\" height=\"681\" src=\"http:\/\/stolpersteine-goeppingen.de\/wp-content\/uploads\/2022\/06\/Taenzer-Freihofstr.-46-Rabbinerhaus-vorn-1024x681.jpg\" alt=\"\" class=\"wp-image-1782\" srcset=\"https:\/\/stolpersteine-goeppingen.de\/wp-content\/uploads\/2022\/06\/Taenzer-Freihofstr.-46-Rabbinerhaus-vorn-1024x681.jpg 1024w, https:\/\/stolpersteine-goeppingen.de\/wp-content\/uploads\/2022\/06\/Taenzer-Freihofstr.-46-Rabbinerhaus-vorn-300x199.jpg 300w, https:\/\/stolpersteine-goeppingen.de\/wp-content\/uploads\/2022\/06\/Taenzer-Freihofstr.-46-Rabbinerhaus-vorn-768x511.jpg 768w, https:\/\/stolpersteine-goeppingen.de\/wp-content\/uploads\/2022\/06\/Taenzer-Freihofstr.-46-Rabbinerhaus-vorn-1536x1021.jpg 1536w, https:\/\/stolpersteine-goeppingen.de\/wp-content\/uploads\/2022\/06\/Taenzer-Freihofstr.-46-Rabbinerhaus-vorn-2048x1362.jpg 2048w, https:\/\/stolpersteine-goeppingen.de\/wp-content\/uploads\/2022\/06\/Taenzer-Freihofstr.-46-Rabbinerhaus-vorn-676x449.jpg 676w\" sizes=\"auto, (max-width: 1024px) 100vw, 1024px\" \/><figcaption class=\"wp-element-caption\">The former house of the rabbi in Freihofstra\u00dfe 46<\/figcaption><\/figure>\n<\/div>\n\n\n<p>After the death of her husband Bertha T\u00e4nzer wrote 257 letters to her children Erwin and Ilse. They had been able to flee from Germany like their step siblings and lived abroad. In her letters she confirmed regularly: \u201c<em>I am healthy.<\/em>\u201d Only rarely did she mention her emotional state, as she did on October 16, 1938:<em> \u201c&#8230;but I feel lonely and miss you both, and also your dearly departed father. But one has to be glad that you children got out, and that your father did not have to live during these difficult times\u2026 Because this is no longer a place for young people to live, it is getting WORSE AND WORSE.\u201d<\/em><\/p>\n\n\n\n<p>In her letters she tried with motherly care to take part of her children&#8217;s lives. She was proud of them and of the careers they had. Erwin had found employment as an engineer in America, Ilse had received a scholarship at the \u2018Royal College\u2019 in London. Since the end of 1937 Mrs. T\u00e4nzer lived at \u2018Wilhelmsruhe\u2019, a Jewish retirement home in Sontheim, where her sister Emilie Adler also had a room. Her brother Max Strauss and his family lived in nearby Heilbronn, therefore the three siblings could support and help each other. Mrs. T\u00e4nzer considered the dignified and protected atmosphere of the home as shelter from<em> \u201cthe cruel world outside\u2026 I thank God that you are able to live as persons of equal value with the other people around you, and that you can live as human beings\u2026,\u201d<\/em> she wrote to Erwin in April 1938.<\/p>\n\n\n\n<p>But Bertha T\u00e4nzer\u2019s concerns were not limited only to the lives of her children. Due to constant correspondence with friends and acquaintances in G\u00f6ppingen she learned of the business closings through \u2018Aryanization\u2019 that were taking place, as well about the emigration attempts and problems of her fellow Jewish citizens. Mrs. T\u00e4nzer used her contacts and wrote letters to relatives and friends in order to establish connections abroad. When her nephew Erich Strauss and his wife happened to get tickets for passage on a ship to Bolivia but did not have the \u2018up-front money\u2019, a required fixed amount, she appealed urgently to relatives in America to provide the necessary money. Her request was honored, and when the money arrived from the USA she expressed her thanks with the following words:<em> \u201cWe will not perish as long as our family is willing and able to help one another.\u201d<\/em><\/p>\n\n\n\n<p>She described the events that befell the Jewish community in Germany on the night of November 9-10, 1938, as a \u2018catastrophe\u2019. After it became known abroad what had happened during the Pogrom Night, Erwin acted immediately. On December 4, Bertha T\u00e4nzer already received a large envelope containing sponsorship papers for her and her sister. What was Mrs. T\u00e4nzer\u2019s reaction?<br><em>\u201cI was speechless, Aunt Emilie cried with joy, and I?! I did not know if I should laugh or cry. I felt as if the ground had been pulled out from under me\u2026 It\u2019s been a year since I left G\u00f6ppingen\u2026 I was glad to finally have found a place where I can live in peace after all the unrest, worries and sorrow, independent from my children, not being a burden to anyone. &#8211; Now everything, everything is suddenly changing?! Don\u2019t think that I am not grateful, dear Erwin, it is the whole upheaval, all the shocks of the last few weeks. All the ideals have collapsed, \u2018Faith + Homeland.\u2019 I will now be 63 years old. My parents, grandparents and great-grandparents have lived here, were respected, highly regarded and were awarded the highest honors\u2026 and your dear father was an ardent admirer of Germany. \u2026 You children are scattered in different countries, I am alone here and wanted to stay where my roots are.\u201d<\/em> She wanted to wait, <em>\u201c&#8230;to see how the conditions here will develop; everything is still so new; maybe I will know more.\u201d<\/em> She thanked him for his love and care and brought up the argument which she would repeat again and again during the following months:<br><em>\u201cErwin, have you considered what it will mean for you to have your mother come to stay with you?! &#8211; It will mean that you will have to take on a huge obligation and responsibility, it will be a conversion for you; until now you have been on your own, could do as you pleased without having to take someone else into consideration, and were free and independent, as I am here also. Until now I have been able to live on my pension, and if I were to come to you, you would have to support both of us&#8230;\u201d<\/em><\/p>\n\n\n\n<p>It was unbearable for her to think that she would become a burden for her youngest son. Her daughter Ilse also tried everything she could and sent a permit-document from the British Consulate to her mother which would have allowed her to apply for a visiting visa for England. But Mrs. T\u00e4nzer argued: <em>\u201cAs much as I would like to be with you \u2026 I am independent here, on my own and not a burden to anyone.\u201d<\/em> The worst thing for her was that Erwin would have to support her, whether she would go to America or England. Ilse was a foreign student whose legal and financial circumstances were not assured. In addition she did not want to leave<em> \u201c\u2026because I do not want to leave my brother and his family behind in dire circumstances.\u201d<\/em> Bertha T\u00e4nzer had supported the Strauss family financially since the Pogrom Night. She asked for a delay to make her decision. In the summer of 1939, Mrs. T\u00e4nzer appeared exhausted and drained when she wrote to Ilse: <em>\u201cIf I am in danger, I will not be able to get out. It takes months to get everything ready for emigration, and I just do not have the energy to take care of it all by myself.\u201d<\/em><\/p>\n\n\n<div class=\"wp-block-image\">\n<figure class=\"aligncenter size-full is-resized\"><img loading=\"lazy\" width=\"321\" height=\"448\" src=\"http:\/\/stolpersteine-goeppingen.de\/wp-content\/uploads\/2021\/10\/bertha-tanzer.jpg\" alt=\"\" class=\"wp-image-778\" style=\"aspect-ratio:0.7165178571428571;width:463px;height:auto\" srcset=\"https:\/\/stolpersteine-goeppingen.de\/wp-content\/uploads\/2021\/10\/bertha-tanzer.jpg 321w, https:\/\/stolpersteine-goeppingen.de\/wp-content\/uploads\/2021\/10\/bertha-tanzer-215x300.jpg 215w\" sizes=\"auto, (max-width: 321px) 100vw, 321px\" \/><figcaption class=\"wp-element-caption\">Bertha T\u00e4nzer<\/figcaption><\/figure>\n<\/div>\n\n\n<p>On September 1, 1939, the Second World War started and the border between Germany and England were closed. Fate had made the decision for Bertha T\u00e4nzer. She could no longer travel to her daughter; she had to remain in Germany. On the Jewish New Year she wrote to her:<em> \u201cI cannot look backwards, because then I would reproach myself for not having followed your filial advice.\u201d<\/em><\/p>\n\n\n\n<p>Since November 1938 the number of inhabitants at the state home \u2018Wilhelmsruhe\u2019 had steadily increased, and Mrs. T\u00e4nzer had to share a room with her sister. Older Jewish residents from Heilbronn were forced to give up their apartments and to re-settle in the state home. Despite the adversities and misery of her surroundings, Bertha T\u00e4nzer described happy events during her life in her letters. She built a wall of resistance against the gloom of her world with these positive thoughts.<\/p>\n\n\n\n<p>At the end of 1940 the deportations began. Her brother-in-law, Lehman Mayer, was the first victim of the racial fanaticism of the Nazis; he did not survive the hardships of \u2018Camp de Gurs.\u2019 It was a consolation for her to know that \u2018death was salvation\u2019 for him. But his fate had also shown her that she might also become a victim of the terror regime of the \u201cDritte Reich\u201d. In November 1940, the \u201cWilhelmsruhe\u201d Home was confiscated by the \u201cVolksdeutsche Mittelstelle\u201d [Ethnic German Intermediate Office]. 150 to 160 mostly elderly people were put on the street. Mrs. T\u00e4nzer and Mrs. Adler were given shelter by their brother Max Strauss in Heilbronn. It was her wish that: \u201c<em>Now may God grant that we can live here in tranquility and peace.\u201d<\/em> She herself had been forced to face the fact of how her life depended on external arbitrary forces. After what had happened to Lehman the thought that <em>\u201cthe same fate \u2026 could be in store for me,\u201d<\/em> was with her continuously.<\/p>\n\n\n\n<p>The three siblings lived until March 1942 in the so-called \u2018Jewish house\u2019 at her brother Max in Heilbronn. Mrs. T\u00e4nzer\u2019s opinion on the subject of emigration to America now changed due to their living conditions and uncertainty. In January 1941 she wrote cautiously in a letter to Erwin: <em>\u201c\u2026I also would now be happy if I could go there soon.\u201d<\/em> New provisions had been put in place that would benefit them: Starting in March 1941 children living in the USA could request visas for their parents, regardless of the quota system. She then clarified her request: \u201c<em>If you are now in a position to have me come to you, I want to ask you to act as quickly as possible.\u2026 I would have rather spared you, I did not want to be a burden to you children, but I now can no longer take that into consideration.<\/em>\u201d Erwin made every possible effort, sent new sponsorship documents, paid the required fees and for the ship\u2019s passage. Mrs. T\u00e4nzer submitted the papers for approval to the \u2018Jewish Emigration Office\u2019 in Stuttgart. She waited hopefully for a positive reply. However, in June 1941 the U.S. government closed the American consulate because of recent submarine incidents. Bertha T\u00e4nzer\u2019s and Aunt Emilie\u2019s papers remained unprocessed at the consulate. She wrote:<em> \u201cWe now have little or no prospect for emigration. We are very depressed, but we are consoled because many others are in the same position as we are.\u201d<\/em> She confirmed to her son: <em>\u201c\u2026but it may be reassuring to you in the future that you have done everything humanly possible to make it possible for me to come to you. At any rate, I am proud and happy that I have such a good son to me.\u201d<\/em> In a letter of October 1941 she implored him to finance her emigration through the intermediate transit country of Cuba because \u201c<em>urgent help is necessary<\/em>.\u201d She closed her letter with the same words she usually used in her letters: \u201c<em>Dearest greetings from you mother.\u201d<\/em><\/p>\n\n\n\n<p>This would be her last letter to Erwin. Five months later she, her sister Emilie, her brother Max and his wife Hermine and his mother-in-law would be forced to re-settle in Haigerloch. On August 3, 1942, Mrs. T\u00e4nzer sent a last sign of life in the form of a postcard to her children. With the sentence <em>\u201con August 18th, the most heartfelt blessings<\/em>\u201d she gave them coded information about the date of her deportation. On August 19, 1942, she was taken to the Haigerloch railroad depot, together with 135 other elderly people. Bertha T\u00e4nzer was 66 years old at that time. She and her siblings were crammed into railroad wagon and were transported with 1200 other people into the inferno. Two messages about Bertha T\u00e4nzer would be sent from Theresienstadt in 1943. On the second postcard in December 1943 her brother Max wrote that his sister Bertha T\u00e4nzer had died on September 25. She had starved to death due to the miserable living conditions. Her corpse was cremated and the ashes were thrown into the Eger river. Sixty years later her son Erwin would still be haunted wondering what was really hidden behind the words <em>\u201cWe are healthy.\u201d<\/em><\/p>\n\n\n\n<p>Bertha\u2019s sister <a href=\"https:\/\/lbr-hn.de\/stolpersteinverlegung-fuer-emilie-adler\/\" data-type=\"link\" data-id=\"https:\/\/lbr-hn.de\/stolpersteinverlegung-fuer-emilie-adler\/\">Emilie Adler<\/a> had already died during the previous year at Theresienstadt concentration camp; the life of her brother <a href=\"http:\/\/stolpersteine-heilbronn.de\/list\/gymnasiumstr-32.html\" data-type=\"link\" data-id=\"http:\/\/stolpersteine-heilbronn.de\/list\/gymnasiumstr-32.html\">Max Strauss<\/a> ended in June 1944 at the same place of horror. In October 1944 his wife <a href=\"http:\/\/stolpersteine-heilbronn.de\/list\/gymnasiumstr-32.html\" data-type=\"link\" data-id=\"http:\/\/stolpersteine-heilbronn.de\/list\/gymnasiumstr-32.html\">Hermine<\/a> was taken from Theresienstadt to the extermination camp Auschwitz and murdered there.<\/p>\n\n\n\n<p>&nbsp;In April 2007 a Stumbling Stone has been laid in front of the building at Freihof Street 46, the \u2018Aron-T\u00e4nzer-House\u2019. Bertha\u2019s granddaughter Helen Lott, who came from New York, participated in the ceremony.<\/p>\n\n\n<div class=\"wp-block-image\">\n<figure class=\"aligncenter size-full is-resized\"><img loading=\"lazy\" width=\"448\" height=\"298\" src=\"http:\/\/stolpersteine-goeppingen.de\/wp-content\/uploads\/2021\/10\/inge-a-u-helen-l.jpg\" alt=\"\" class=\"wp-image-775\" style=\"aspect-ratio:1.5033557046979866;width:518px;height:auto\" srcset=\"https:\/\/stolpersteine-goeppingen.de\/wp-content\/uploads\/2021\/10\/inge-a-u-helen-l.jpg 448w, https:\/\/stolpersteine-goeppingen.de\/wp-content\/uploads\/2021\/10\/inge-a-u-helen-l-300x200.jpg 300w\" sizes=\"auto, (max-width: 448px) 100vw, 448px\" \/><figcaption class=\"wp-element-caption\">Helen Lott wth Inge Auerbacher in the Jewish Museum Jebenhausen<br>(in the back Claudia Liebenau-Meyer)<\/figcaption><\/figure>\n<\/div>\n\n\n<p>(January 31, 2018 clm\/ir)<\/p>\n\n\n<p><div class=\"leaflet-map WPLeafletMap\" style=\"height:450px; width:95%;\"><\/div><script>\nwindow.WPLeafletMapPlugin = window.WPLeafletMapPlugin || [];\nwindow.WPLeafletMapPlugin.push(function WPLeafletMapShortcode() {\/*<script>*\/\nvar baseUrl = atob('aHR0cHM6Ly97c30udGlsZS5vcGVuc3RyZWV0bWFwLm9yZy97en0ve3h9L3t5fS5wbmc=');\nvar base = (!baseUrl && window.MQ) ?\n    window.MQ.mapLayer() : L.tileLayer(baseUrl,\n        L.Util.extend({}, {\n            detectRetina: 1,\n        },\n        {\"subdomains\":\"abc\",\"noWrap\":false,\"maxZoom\":19}        )\n    );\n    var options = L.Util.extend({}, {\n        layers: [base],\n        attributionControl: false\n    },\n    {\"zoomControl\":true,\"scrollWheelZoom\":true,\"doubleClickZoom\":false,\"fitBounds\":false,\"minZoom\":0,\"maxZoom\":19,\"maxBounds\":null,\"attribution\":\"<a href=\\\"http:\\\/\\\/leafletjs.com\\\" title=\\\"Eine Javascript-Bibliothek f\\u00fcr interaktive Karten\\\">Leaflet<\\\/a>; \\u00a9 <a href=\\\"http:\\\/\\\/www.openstreetmap.org\\\/copyright\\\">OpenStreetMap<\\\/a> Mitwirkende\"},\n    {});\nwindow.WPLeafletMapPlugin.createMap(options).setView([48.704910619624,9.6538929158486],17);});<\/script><br \/>\n<script>\nwindow.WPLeafletMapPlugin = window.WPLeafletMapPlugin || [];\nwindow.WPLeafletMapPlugin.push(function WPLeafletMarkerShortcode() {\/*<script>*\/\nvar map = window.WPLeafletMapPlugin.getCurrentMap();\nvar group = window.WPLeafletMapPlugin.getCurrentGroup();\nvar marker_options = window.WPLeafletMapPlugin.getIconOptions({});\nvar marker = L.marker(\n    [48.705094719824,9.6538817676283],\n    marker_options\n);\nvar is_image = map.is_image_map;\nif (marker_options.draggable) {\n    marker.on('dragend', function () {\n        var latlng = this.getLatLng();\n        var lat = latlng.lat;\n        var lng = latlng.lng;\n        if (is_image) {\n            console.log('leaflet-marker y=' + lat + ' x=' + lng);\n        } else {\n            console.log('leaflet-marker lat=' + lat + ' lng=' + lng);\n        }\n    });\n}\nmarker.addTo( group );\nwindow.WPLeafletMapPlugin.markers.push( marker );\n        });<\/script><\/p>\n","protected":false},"excerpt":{"rendered":"<p>Freihofstr. 46 Bertha T\u00e4nzer, n\u00e9e Strauss (April 14, 1876 \u2013 September 25, 1943) grew up in Merchingen in the Odenwald. In 1913 she married Rabbi Dr. Aron T\u00e4nzer from G\u00f6ppingen. [&hellip;]<\/p>\n","protected":false},"author":1,"featured_media":0,"parent":118,"menu_order":54,"comment_status":"open","ping_status":"closed","template":"","meta":{"_coblocks_attr":"","_coblocks_dimensions":"","_coblocks_responsive_height":"","_coblocks_accordion_ie_support":"","ngg_post_thumbnail":0,"cybocfi_hide_featured_image":"","footnotes":"","_links_to":"","_links_to_target":""},"class_list":["post-720","page","type-page","status-publish","hentry","post-preview"],"translation":{"provider":"WPGlobus","version":"3.0.2","language":"en","enabled_languages":["de","en"],"languages":{"de":{"title":true,"content":true,"excerpt":false},"en":{"title":true,"content":true,"excerpt":false}}},"publishpress_future_action":{"enabled":false,"date":"2026-05-07 00:29:18","action":"change-status","newStatus":"draft","terms":[],"taxonomy":"","extraData":[]},"publishpress_future_workflow_manual_trigger":{"enabledWorkflows":[]},"_links":{"self":[{"href":"https:\/\/stolpersteine-goeppingen.de\/en\/wp-json\/wp\/v2\/pages\/720","targetHints":{"allow":["GET"]}}],"collection":[{"href":"https:\/\/stolpersteine-goeppingen.de\/en\/wp-json\/wp\/v2\/pages"}],"about":[{"href":"https:\/\/stolpersteine-goeppingen.de\/en\/wp-json\/wp\/v2\/types\/page"}],"author":[{"embeddable":true,"href":"https:\/\/stolpersteine-goeppingen.de\/en\/wp-json\/wp\/v2\/users\/1"}],"replies":[{"embeddable":true,"href":"https:\/\/stolpersteine-goeppingen.de\/en\/wp-json\/wp\/v2\/comments?post=720"}],"version-history":[{"count":28,"href":"https:\/\/stolpersteine-goeppingen.de\/en\/wp-json\/wp\/v2\/pages\/720\/revisions"}],"predecessor-version":[{"id":5941,"href":"https:\/\/stolpersteine-goeppingen.de\/en\/wp-json\/wp\/v2\/pages\/720\/revisions\/5941"}],"up":[{"embeddable":true,"href":"https:\/\/stolpersteine-goeppingen.de\/en\/wp-json\/wp\/v2\/pages\/118"}],"wp:attachment":[{"href":"https:\/\/stolpersteine-goeppingen.de\/en\/wp-json\/wp\/v2\/media?parent=720"}],"curies":[{"name":"wp","href":"https:\/\/api.w.org\/{rel}","templated":true}]}}