{"id":679,"date":"2021-10-30T13:27:15","date_gmt":"2021-10-30T13:27:15","guid":{"rendered":"http:\/\/stolpersteine-goeppingen.de\/?page_id=679"},"modified":"2024-05-17T11:36:04","modified_gmt":"2024-05-17T11:36:04","slug":"frey-johanna","status":"publish","type":"page","link":"https:\/\/stolpersteine-goeppingen.de\/en\/goeppingen\/frey-johanna\/","title":{"rendered":"Frey, Johanna"},"content":{"rendered":"\n<p><strong>Sch\u00fctzenstr. 19 (the house was torn down)<\/strong><\/p>\n\n\n<div class=\"wp-block-image\">\n<figure class=\"aligncenter size-large\"><img loading=\"lazy\" width=\"1024\" height=\"768\" src=\"https:\/\/stolpersteine-goeppingen.de\/wp-content\/uploads\/2022\/02\/Frey-Johanna-Stein-1024x768.jpg\" alt=\"\" class=\"wp-image-1360\" title=\"Frey, Johanna Stein\" srcset=\"https:\/\/stolpersteine-goeppingen.de\/wp-content\/uploads\/2022\/02\/Frey-Johanna-Stein-1024x768.jpg 1024w, https:\/\/stolpersteine-goeppingen.de\/wp-content\/uploads\/2022\/02\/Frey-Johanna-Stein-300x225.jpg 300w, https:\/\/stolpersteine-goeppingen.de\/wp-content\/uploads\/2022\/02\/Frey-Johanna-Stein-768x576.jpg 768w, https:\/\/stolpersteine-goeppingen.de\/wp-content\/uploads\/2022\/02\/Frey-Johanna-Stein-1536x1152.jpg 1536w, https:\/\/stolpersteine-goeppingen.de\/wp-content\/uploads\/2022\/02\/Frey-Johanna-Stein-676x507.jpg 676w, https:\/\/stolpersteine-goeppingen.de\/wp-content\/uploads\/2022\/02\/Frey-Johanna-Stein.jpg 1680w\" sizes=\"auto, (max-width: 1024px) 100vw, 1024px\" \/><\/figure>\n<\/div>\n\n\n<p>We know only little about Johanna Frey\u2019s life. We guess it has not been easy. In 1885, Johanna was 13 years old, her father died. He was shoemaker and later the \u201ctradesman\u201d Aron L\u00f6w Frey (alternative spelling: Aron L\u00f6b Frei). The town archives in Schw\u00e4bisch Hall are telling us: \u201cAron Frey was over indebted and did not leave anything\u201d.<\/p>\n\n\n\n<p>When Johanna Frey was born on July 12, 1872 in Schw\u00e4bisch Hall she was the sixth of eight children of the married couple Ester (also: Ernestine) n\u00e9e Rosenfeld and Aron Frey. After the death of her husband Johanna\u2019s mother Ester must have looked into an abyss. Dr. Thomas Kreutzer of Kreisarchiv Hohenlohekreis has done research at our request: \u201cEster Frey moved after the death of her husband with her children from Hall to Hohebach; I assume that they moved to Ester\u2019s mother. On September 3, 1885 Nathan H\u00e4hnlein as teacher in Hall, had been appointed foster father of her under-age children. He continued in this position for some time. Ester, grandmother of Johanna, died May 2, 1888 at Hohebach where she is buried. At this point two of Johanna\u2019s brethren were grown up and five were under age, among them Johanna. Two of them (one them a minor) had immigrated into the US. From March 19, 1889 the five under age children were registered as foster children at Hohebach. Foster father and general agent was still Teacher H\u00e4hnlein assigned by a local representative. After the death of Br\u00fcnette Rosenfeld (Johanna\u2019s grandmother, mother\u2019s side) on May 2, 1890 besides the still living brothers and sisters of Ester also Ester\u2019s children inherited part of the heritage. In her last will attested on June 14, 1888 the current residential addresses of the grandchildren. (&#8230;) Hence it is stated that Johanna resided again in Hall (&#8230;) probably cared for by relatives, possibly Nathan H\u00e4hnlein. In 1893, the year of her coming of age, the foster ship ended and Johanna\u2019s property was taken over privately by Nathan H\u00e4hnlein.<\/p>\n\n\n<div class=\"wp-block-image\">\n<figure class=\"aligncenter size-full\"><img loading=\"lazy\" width=\"554\" height=\"806\" src=\"https:\/\/stolpersteine-goeppingen.de\/wp-content\/uploads\/2022\/02\/Frey-Johanna-Ausschnitt.jpg\" alt=\"\" class=\"wp-image-1361\" srcset=\"https:\/\/stolpersteine-goeppingen.de\/wp-content\/uploads\/2022\/02\/Frey-Johanna-Ausschnitt.jpg 554w, https:\/\/stolpersteine-goeppingen.de\/wp-content\/uploads\/2022\/02\/Frey-Johanna-Ausschnitt-206x300.jpg 206w\" sizes=\"auto, (max-width: 554px) 100vw, 554px\" \/><figcaption class=\"wp-element-caption\">Johanna Frey<\/figcaption><\/figure>\n<\/div>\n\n\n<p>After the end of this possibly traumatic period of time, characterized by the death of close by relatives, Johanna Frey returned to her town of birth Schw\u00e4bisch Hall \u2013 and from that time on her traces of life got lost for decades.<\/p>\n\n\n<div class=\"wp-block-image\">\n<figure class=\"aligncenter size-large\"><img loading=\"lazy\" width=\"1024\" height=\"738\" src=\"https:\/\/stolpersteine-goeppingen.de\/wp-content\/uploads\/2022\/02\/Frey-Johanna-1024x738.jpg\" alt=\"\" class=\"wp-image-1362\" srcset=\"https:\/\/stolpersteine-goeppingen.de\/wp-content\/uploads\/2022\/02\/Frey-Johanna-1024x738.jpg 1024w, https:\/\/stolpersteine-goeppingen.de\/wp-content\/uploads\/2022\/02\/Frey-Johanna-300x216.jpg 300w, https:\/\/stolpersteine-goeppingen.de\/wp-content\/uploads\/2022\/02\/Frey-Johanna-768x554.jpg 768w, https:\/\/stolpersteine-goeppingen.de\/wp-content\/uploads\/2022\/02\/Frey-Johanna-1536x1107.jpg 1536w, https:\/\/stolpersteine-goeppingen.de\/wp-content\/uploads\/2022\/02\/Frey-Johanna-2048x1476.jpg 2048w, https:\/\/stolpersteine-goeppingen.de\/wp-content\/uploads\/2022\/02\/Frey-Johanna-676x487.jpg 676w\" sizes=\"auto, (max-width: 1024px) 100vw, 1024px\" \/><figcaption class=\"wp-element-caption\">&#8220;Kennkarte&#8221; (identity card) Johanna Frey<\/figcaption><\/figure>\n<\/div>\n\n\n<p>How has Johanna made a living? She would have been barred from a qualified education, on one of the very few documents in writing, the application for an identity card in December 1938 she was listed as \u201cRentnerin\u201d, old age pensioner or senior citizen. She had possibly seen her sister Recha (Rosa) Frey as a role model as her older sister worked in Stuttgart as a \u201cHausdame\u201d (housekeeper) or \u201cPflegerin\u201d (nurse).<\/p>\n\n\n\n<p>In the address book of 1930 Johanna can be traced to G\u00f6ppingen, she lived in Sch\u00fctzenstra\u00dfe 19, in a house that belonged to the trader August Ehrhardt.<\/p>\n\n\n\n<p>Did family connections bring her to G\u00f6ppingen? Johanna\u2019s half-sister Bertha, married Wassermann, lived in G\u00f6ppingen. Her oldest daughter, Johanna\u2019s half-niece, <a href=\"http:\/\/stolpersteine-goeppingen.de\/goeppingen\/wassermann-isaak-und-therese\/\" data-type=\"page\" data-id=\"658\">Therese Wassermann (See Stolperstein-Biography)<\/a> was twelve years younger than Johanna. Beside Therese there were three more grown-up children of Bertha Wassermann in G\u00f6ppingen. From 1939 Jewish tenants were chased out of the leases with Non-Jews. Probably Johanna Frey had to leave the apartment of her landlord in Sch\u00fctzenstra\u00dfe 19 around 1939, although her name does not appear in anyone of the \u201cJudenh\u00e4user\u201d (Jews\u2019 dwellings).<\/p>\n\n\n\n<p>With the probably forced removal from the G\u00f6ppingen apartment a series of nerve-wracking removal began. The Berlin Bundesarchiv (Federal Archives) hosts a document stating that Johanna was a resident at the Landesasyl (state asylum) \u2018Wilhelmsruhe\u2019 in Sontheim near Heilbronn at the national census on May 17, 1939. This house was at that time not an address where old Jewish people feel good (<a href=\"http:\/\/stolpersteine-goeppingen.de\/goeppingen\/loewenstein-ida-und-julius\/\" data-type=\"page\" data-id=\"700\">See Stolperstein-biography Ida L\u00f6wenstein<\/a>). We guess that Johanna Frey could or had to spend about one year, before the old age pensioners home was evicted in mid-November 1940. Many of the evicted people returned to their former communities, as Johanna. Her next place of residence was Jebenhausen \/ Goeppingen in the house of the widow Betty Lauchheimer. Finally she found a home again.<\/p>\n\n\n\n<p>Betty\u2019s granddaughter, Inge Auerbacher, who lived from November 1938 with her grandparents Betty and Max Lauchheimer, remembers \u201cMiss Frey\u201d who had lived in the house of her grandparents \u201clike a family member\u201d, preserved in a photo that was taken in the summer of 1941.<\/p>\n\n\n<div class=\"wp-block-image\">\n<figure class=\"aligncenter size-large\"><img loading=\"lazy\" width=\"1024\" height=\"661\" src=\"https:\/\/stolpersteine-goeppingen.de\/wp-content\/uploads\/2022\/02\/Frey-Johanna-Jebenhausen-1024x661.jpg\" alt=\"\" class=\"wp-image-1363\" srcset=\"https:\/\/stolpersteine-goeppingen.de\/wp-content\/uploads\/2022\/02\/Frey-Johanna-Jebenhausen-1024x661.jpg 1024w, https:\/\/stolpersteine-goeppingen.de\/wp-content\/uploads\/2022\/02\/Frey-Johanna-Jebenhausen-300x194.jpg 300w, https:\/\/stolpersteine-goeppingen.de\/wp-content\/uploads\/2022\/02\/Frey-Johanna-Jebenhausen-768x496.jpg 768w, https:\/\/stolpersteine-goeppingen.de\/wp-content\/uploads\/2022\/02\/Frey-Johanna-Jebenhausen-1536x992.jpg 1536w, https:\/\/stolpersteine-goeppingen.de\/wp-content\/uploads\/2022\/02\/Frey-Johanna-Jebenhausen-676x437.jpg 676w, https:\/\/stolpersteine-goeppingen.de\/wp-content\/uploads\/2022\/02\/Frey-Johanna-Jebenhausen.jpg 1548w\" sizes=\"auto, (max-width: 1024px) 100vw, 1024px\" \/><figcaption class=\"wp-element-caption\">Johanna Frey (middle) with the Lauchheimer family.&nbsp;Left front with&nbsp;doll &#8211; Inge Auerbacher<\/figcaption><\/figure>\n<\/div>\n\n\n<p>How could Johanna Frey, who, unmarried and unqualified, received only a small pension, make a living? In a letter of September 3, 1941 Hedwig Frankfurter from Goeppingen writes to her friend Tilde Gutmann, who had fled to Switzerland. Hedwig listed all those who were in drastic need for help; a \u201cMiss Frey\u201d was among the ones mentioned.<\/p>\n\n\n\n<p>On December 1<sup>st<\/sup>, 1941 Johanna\u2019s landlady <a href=\"http:\/\/stolpersteine-goeppingen.de\/lauchheimer-betty-und-max\/\" data-type=\"page\" data-id=\"697\">Betty Lauchheimer<\/a> was deported to Riga, and murdered (<a href=\"http:\/\/stolpersteine-goeppingen.de\/lauchheimer-betty-und-max\/\" data-type=\"page\" data-id=\"697\">see Stolperstein-biography<\/a>). The Auerbachers, the family of Betty\u2019s daughter, were evicted from the house in Jebenhausen and with them definitely Johanna Frey too.<\/p>\n\n\n\n<p>If Johanna was sent to a G\u00f6ppingen Judenhaus (Jewish dwelling) cannot be secured. Nevertheless she had to leave G\u00f6ppingen on December 29<sup>th<\/sup>, 1941. She was forcefully sent to Schloss Eschenau near Heilbronn, a Forced Senior Citizens Home. It was a property of the alchemist and poet Alexander von Bernus. He and the community of Eschenau profited by the way massively from the lending of the building that had only been renovated provisionally for the new purpose. The historian Dr. Martin Ulmer of T\u00fcbingen writes about the developing Forced Old Age Pensioners\u2019 Homes: \u201cIn the course of ghettoization before deportation in autumn 1941 all over Germany old people were transferred into Forced Old Age Pensioners\u2019 Homes and kept there. In 1941 there were 140 Homes of that kind in Germany. The people should be concentrated and completely controlled so that later the deportation could run smoothly. Besides Eschenau, there were six more Homes, in Tigerfeld and Buttenhausen near M\u00fcnsingen, in Delmensingen, Herrlingen and for a short time in Oberstotzingen in Kreis Ulm as well as in Wei\u00dfenstein in Kreis G\u00f6ppingen.\u201d The same author states about the living conditions in Schloss Eschenau: \u201cThe cramped living conditions with any privacy in a ramshackle and overcrowded dwelling partly without electric light and with insufficient hygiene caused serious problems for the old people. Besides, they had been ripped out of their surroundings they were used to for good. Despite the forced community many suffered from loneliness, (&#8230;)\u201d. Johanna Frey spent eight months in Eschenau, probably starving and freezing in the first cold months. Martin Ulmer writes: \u201dThe large majority was in a bad physical condition as eye witnesses remember. The women often knitted, because they were bored and they mended clothes. Jews could no longer buy textiles after the withdrawal of the \u201cReichskleiderkarten\u201d (Imperial Ration Card for Textiles).\u201d<\/p>\n\n\n\n<p>On August 19, 1942 Johanna Frey and further 79 inmates of the home were taken to Killesberg Camp Stuttgart. Among her fellow-sufferers were <a href=\"http:\/\/stolpersteine-goeppingen.de\/goeppingen\/simon-helene-und-sofie\/\" data-type=\"page\" data-id=\"519\">Helene Simon <\/a>of G\u00f6ppingen and her brother <a href=\"http:\/\/stolpersteine-goeppingen.de\/goeppingen\/hirsch-max-elsa-und-hermann\/\" data-type=\"page\" data-id=\"578\">Max Hirsch (See Stolperstein biographies)<\/a>. Three days later, on August 22nd the transport started from Stuttgart Nordbahnhof taking 1078 Jews male and female to the KZ Ghetto Theresienstadt. The living conditions in Theresienstadt possibly finally ruined Johanna\u2019s health as she was kept on the loft hot because of the summer heat of the Dresden barracks, some storeys away from the toilets.<\/p>\n\n\n\n<p>How heavily Johanna Frey had suffered from the conditions in G\u00f6ppingen and Eschenau can be seen at the fact that she died on September 1st in the KZ Ghetto Theresienstadt. Murder in instalments which the (Jewish) doctors, prisoners themselves, were not allowed published on the death certificate. The death certificate states that Johanna died of \u201cinfirmity\u201d.<\/p>\n\n\n<div class=\"wp-block-image\">\n<figure class=\"aligncenter size-large\"><img loading=\"lazy\" width=\"729\" height=\"1024\" src=\"https:\/\/stolpersteine-goeppingen.de\/wp-content\/uploads\/2022\/02\/Frey-JohannaSterbeurkunde-729x1024.jpg\" alt=\"\" class=\"wp-image-1364\" srcset=\"https:\/\/stolpersteine-goeppingen.de\/wp-content\/uploads\/2022\/02\/Frey-JohannaSterbeurkunde-729x1024.jpg 729w, https:\/\/stolpersteine-goeppingen.de\/wp-content\/uploads\/2022\/02\/Frey-JohannaSterbeurkunde-214x300.jpg 214w, https:\/\/stolpersteine-goeppingen.de\/wp-content\/uploads\/2022\/02\/Frey-JohannaSterbeurkunde-768x1078.jpg 768w, https:\/\/stolpersteine-goeppingen.de\/wp-content\/uploads\/2022\/02\/Frey-JohannaSterbeurkunde-676x949.jpg 676w, https:\/\/stolpersteine-goeppingen.de\/wp-content\/uploads\/2022\/02\/Frey-JohannaSterbeurkunde.jpg 800w\" sizes=\"auto, (max-width: 729px) 100vw, 729px\" \/><figcaption class=\"wp-element-caption\">Death certificate Johanna Frey<\/figcaption><\/figure>\n<\/div>\n\n\n<p>In Theresienstadt Johanna took part of the misery of her sisters, Recha Frey and Jeanette Bacher. Johanna\u2019s younger sister Jeanette had married Leo Bacher of Augsburg, lithographer, and had lived with him in Munich. The couple had been transported to Theresienstadt in July 1942, deported on September 19, 1942 to Treblinka and murdered there.<\/p>\n\n\n\n<p>Recha Frey reached the ghetto on August 22, 1942, was deported on September 29, 1942 from Theresienstadt to the extermination camp Treblinka too and murdered through gas.<\/p>\n\n\n<div class=\"wp-block-image\">\n<figure class=\"aligncenter size-full\"><img loading=\"lazy\" width=\"429\" height=\"587\" src=\"https:\/\/stolpersteine-goeppingen.de\/wp-content\/uploads\/2022\/02\/Frey-Jeannette-verh.-Bacher.jpg\" alt=\"\" class=\"wp-image-1365\" srcset=\"https:\/\/stolpersteine-goeppingen.de\/wp-content\/uploads\/2022\/02\/Frey-Jeannette-verh.-Bacher.jpg 429w, https:\/\/stolpersteine-goeppingen.de\/wp-content\/uploads\/2022\/02\/Frey-Jeannette-verh.-Bacher-219x300.jpg 219w\" sizes=\"auto, (max-width: 429px) 100vw, 429px\" \/><figcaption class=\"wp-element-caption\">Jeannette Frey, married Bacher<\/figcaption><\/figure>\n<\/div>\n\n\n<p>The three sisters Recha, Johanna and Jeanette were the only children of the married couple Esther and Aron Frey still living in Germany. With their assassination the German branch of this family was extinguished.<\/p>\n\n\n<div class=\"wp-block-image\">\n<figure class=\"aligncenter size-full\"><img loading=\"lazy\" width=\"507\" height=\"680\" src=\"https:\/\/stolpersteine-goeppingen.de\/wp-content\/uploads\/2022\/02\/Frey-Bacher-Leo.jpg\" alt=\"\" class=\"wp-image-1366\" srcset=\"https:\/\/stolpersteine-goeppingen.de\/wp-content\/uploads\/2022\/02\/Frey-Bacher-Leo.jpg 507w, https:\/\/stolpersteine-goeppingen.de\/wp-content\/uploads\/2022\/02\/Frey-Bacher-Leo-224x300.jpg 224w\" sizes=\"auto, (max-width: 507px) 100vw, 507px\" \/><figcaption class=\"wp-element-caption\">Leo Bacher<\/figcaption><\/figure>\n<\/div>\n\n\n<p>On May 16 2014 Gunter Demnig set a \u2018Stolperstein\u2019 (stumbling stone) to the memory of Johanna Frey on the spot where she spent her first years in G\u00f6ppingen.<\/p>\n\n\n\n<p>The quotations of Dr Ulmer as well as the identity card photo derive from: \u201cThe Jewish Forced Old Age Pensioners\u2019 Home Eschenauc and its inhabitants.\u201d Ed. Martin Ulmer and Martin Ritter. Dr Thomas Kreutzer of the Hohenlohekreis Archives kindly investigated into the period of Johanna Frey\u2019s life after the death of her father. Inge Auerbacher supplied the photo from Johanna\u2019s time in Jebenhausen.<\/p>\n\n\n\n<p>Our cordial thanks go to all those who helped us.<\/p>\n\n\n<div class=\"wp-block-image\">\n<figure class=\"aligncenter size-large\"><img loading=\"lazy\" width=\"1024\" height=\"768\" src=\"https:\/\/stolpersteine-goeppingen.de\/wp-content\/uploads\/2022\/02\/Frey-Johanna-Schuetzenstr.19-1-1024x768.jpg\" alt=\"\" class=\"wp-image-1367\" srcset=\"https:\/\/stolpersteine-goeppingen.de\/wp-content\/uploads\/2022\/02\/Frey-Johanna-Schuetzenstr.19-1-1024x768.jpg 1024w, https:\/\/stolpersteine-goeppingen.de\/wp-content\/uploads\/2022\/02\/Frey-Johanna-Schuetzenstr.19-1-300x225.jpg 300w, https:\/\/stolpersteine-goeppingen.de\/wp-content\/uploads\/2022\/02\/Frey-Johanna-Schuetzenstr.19-1-768x576.jpg 768w, https:\/\/stolpersteine-goeppingen.de\/wp-content\/uploads\/2022\/02\/Frey-Johanna-Schuetzenstr.19-1-676x507.jpg 676w, https:\/\/stolpersteine-goeppingen.de\/wp-content\/uploads\/2022\/02\/Frey-Johanna-Schuetzenstr.19-1.jpg 1333w\" sizes=\"auto, (max-width: 1024px) 100vw, 1024px\" \/><figcaption class=\"wp-element-caption\">Sch\u00fctzenstr. 19-1<\/figcaption><\/figure>\n<\/div>\n\n<div class=\"wp-block-image\">\n<figure class=\"aligncenter size-large\"><img loading=\"lazy\" width=\"1024\" height=\"540\" src=\"https:\/\/stolpersteine-goeppingen.de\/wp-content\/uploads\/2022\/02\/Schuetzenstr.19-Bauluecke-1024x540.jpg\" alt=\"\" class=\"wp-image-1368\" srcset=\"https:\/\/stolpersteine-goeppingen.de\/wp-content\/uploads\/2022\/02\/Schuetzenstr.19-Bauluecke-1024x540.jpg 1024w, https:\/\/stolpersteine-goeppingen.de\/wp-content\/uploads\/2022\/02\/Schuetzenstr.19-Bauluecke-300x158.jpg 300w, https:\/\/stolpersteine-goeppingen.de\/wp-content\/uploads\/2022\/02\/Schuetzenstr.19-Bauluecke-768x405.jpg 768w, https:\/\/stolpersteine-goeppingen.de\/wp-content\/uploads\/2022\/02\/Schuetzenstr.19-Bauluecke-676x356.jpg 676w, https:\/\/stolpersteine-goeppingen.de\/wp-content\/uploads\/2022\/02\/Schuetzenstr.19-Bauluecke.jpg 1385w\" sizes=\"auto, (max-width: 1024px) 100vw, 1024px\" \/><figcaption class=\"wp-element-caption\">The house was torn down<\/figcaption><\/figure>\n<\/div>\n\n\n<p>(April-22-2018 kmr\/pr)<\/p>\n\n\n<p><div class=\"leaflet-map WPLeafletMap\" style=\"height:450px; width:95%;\"><\/div><script>\nwindow.WPLeafletMapPlugin = window.WPLeafletMapPlugin || [];\nwindow.WPLeafletMapPlugin.push(function WPLeafletMapShortcode() {\/*<script>*\/\nvar baseUrl = atob('aHR0cHM6Ly97c30udGlsZS5vcGVuc3RyZWV0bWFwLm9yZy97en0ve3h9L3t5fS5wbmc=');\nvar base = (!baseUrl && window.MQ) ?\n    window.MQ.mapLayer() : L.tileLayer(baseUrl,\n        L.Util.extend({}, {\n            detectRetina: 1,\n        },\n        {\"subdomains\":\"abc\",\"noWrap\":false,\"maxZoom\":19}        )\n    );\n    var options = L.Util.extend({}, {\n        layers: [base],\n        attributionControl: false\n    },\n    {\"zoomControl\":true,\"scrollWheelZoom\":true,\"doubleClickZoom\":false,\"fitBounds\":false,\"minZoom\":0,\"maxZoom\":19,\"maxBounds\":null,\"attribution\":\"<a href=\\\"http:\\\/\\\/leafletjs.com\\\" title=\\\"Eine Javascript-Bibliothek f\\u00fcr interaktive Karten\\\">Leaflet<\\\/a>; \\u00a9 <a href=\\\"http:\\\/\\\/www.openstreetmap.org\\\/copyright\\\">OpenStreetMap<\\\/a> Mitwirkende\"},\n    {});\nwindow.WPLeafletMapPlugin.createMap(options).setView([48.702467844941,9.6563742189767],18);});<\/script><br \/>\n<script>\nwindow.WPLeafletMapPlugin = window.WPLeafletMapPlugin || [];\nwindow.WPLeafletMapPlugin.push(function WPLeafletMarkerShortcode() {\/*<script>*\/\nvar map = window.WPLeafletMapPlugin.getCurrentMap();\nvar group = window.WPLeafletMapPlugin.getCurrentGroup();\nvar marker_options = window.WPLeafletMapPlugin.getIconOptions({});\nvar marker = L.marker(\n    [48.702412972268,9.6557055794102],\n    marker_options\n);\nvar is_image = map.is_image_map;\nif (marker_options.draggable) {\n    marker.on('dragend', function () {\n        var latlng = this.getLatLng();\n        var lat = latlng.lat;\n        var lng = latlng.lng;\n        if (is_image) {\n            console.log('leaflet-marker y=' + lat + ' x=' + lng);\n        } else {\n            console.log('leaflet-marker lat=' + lat + ' lng=' + lng);\n        }\n    });\n}\nmarker.addTo( group );\nwindow.WPLeafletMapPlugin.markers.push( marker );\n        });<\/script><\/p>\n","protected":false},"excerpt":{"rendered":"<p>Sch\u00fctzenstr. 19 (the house was torn down) We know only little about Johanna Frey\u2019s life. We guess it has not been easy. In 1885, Johanna was 13 years old, her [&hellip;]<\/p>\n","protected":false},"author":1,"featured_media":0,"parent":118,"menu_order":21,"comment_status":"open","ping_status":"closed","template":"","meta":{"_coblocks_attr":"","_coblocks_dimensions":"","_coblocks_responsive_height":"","_coblocks_accordion_ie_support":"","ngg_post_thumbnail":0,"cybocfi_hide_featured_image":"","footnotes":"","_links_to":"","_links_to_target":""},"class_list":["post-679","page","type-page","status-publish","hentry","post-preview"],"translation":{"provider":"WPGlobus","version":"3.0.2","language":"en","enabled_languages":["de","en"],"languages":{"de":{"title":true,"content":true,"excerpt":false},"en":{"title":true,"content":true,"excerpt":false}}},"publishpress_future_action":{"enabled":false,"date":"2026-04-18 15:09:33","action":"change-status","newStatus":"draft","terms":[],"taxonomy":"","extraData":[]},"publishpress_future_workflow_manual_trigger":{"enabledWorkflows":[]},"_links":{"self":[{"href":"https:\/\/stolpersteine-goeppingen.de\/en\/wp-json\/wp\/v2\/pages\/679","targetHints":{"allow":["GET"]}}],"collection":[{"href":"https:\/\/stolpersteine-goeppingen.de\/en\/wp-json\/wp\/v2\/pages"}],"about":[{"href":"https:\/\/stolpersteine-goeppingen.de\/en\/wp-json\/wp\/v2\/types\/page"}],"author":[{"embeddable":true,"href":"https:\/\/stolpersteine-goeppingen.de\/en\/wp-json\/wp\/v2\/users\/1"}],"replies":[{"embeddable":true,"href":"https:\/\/stolpersteine-goeppingen.de\/en\/wp-json\/wp\/v2\/comments?post=679"}],"version-history":[{"count":13,"href":"https:\/\/stolpersteine-goeppingen.de\/en\/wp-json\/wp\/v2\/pages\/679\/revisions"}],"predecessor-version":[{"id":6873,"href":"https:\/\/stolpersteine-goeppingen.de\/en\/wp-json\/wp\/v2\/pages\/679\/revisions\/6873"}],"up":[{"embeddable":true,"href":"https:\/\/stolpersteine-goeppingen.de\/en\/wp-json\/wp\/v2\/pages\/118"}],"wp:attachment":[{"href":"https:\/\/stolpersteine-goeppingen.de\/en\/wp-json\/wp\/v2\/media?parent=679"}],"curies":[{"name":"wp","href":"https:\/\/api.w.org\/{rel}","templated":true}]}}