{"id":6369,"date":"2024-01-03T13:36:12","date_gmt":"2024-01-03T13:36:12","guid":{"rendered":"https:\/\/stolpersteine-goeppingen.de\/weissenstein-lauterstein\/loewenthal-kaethe\/"},"modified":"2025-11-20T17:11:36","modified_gmt":"2025-11-20T17:11:36","slug":"loewenthal-kaethe","status":"publish","type":"page","link":"https:\/\/stolpersteine-goeppingen.de\/en\/weissenstein-lauterstein\/loewenthal-kaethe\/","title":{"rendered":"L\u00f6wenthal, K\u00e4the"},"content":{"rendered":"\n<p><strong>Born on March 03, 1878 in Berlin<br>Deported to the Izbica ghetto on April 26, 1942, and murdered there<br>Interned in Wei\u00dfenstein in November 1941<\/strong><\/p>\n\n\n\n<p>She is certainly the most prominent among the internees of the Wei\u00dfenstein forced residence. Her life story differs significantly from that of her fellow internees. K\u00e4the&#8217;s father was a university professor and taught at various universities in Europe and overseas, so his first-born daughter got to know the wider world at an early age. At the age of 12, K\u00e4the became a Protestant.<\/p>\n\n\n\n<p>Her interest in art, especially painting, awoke early. From 1904 to 1909, she studied with various painters and worked as a freelance artist, first in Munich and then in Stuttgart. From there, she traveled to areas that inspired her as a landscape painter, including the Rems Valley, where she painted the picture below above Lorch Monastery.<\/p>\n\n\n<div class=\"wp-block-image\">\n<figure class=\"aligncenter size-large\"><img loading=\"lazy\" width=\"1024\" height=\"792\" src=\"https:\/\/stolpersteine-goeppingen.de\/wp-content\/uploads\/2024\/01\/Kaethe-Loewenthal-Schwaebische-Alb-1-1024x792.jpg\" alt=\"\" class=\"wp-image-6480\" style=\"object-fit:cover\" srcset=\"https:\/\/stolpersteine-goeppingen.de\/wp-content\/uploads\/2024\/01\/Kaethe-Loewenthal-Schwaebische-Alb-1-1024x792.jpg 1024w, https:\/\/stolpersteine-goeppingen.de\/wp-content\/uploads\/2024\/01\/Kaethe-Loewenthal-Schwaebische-Alb-1-300x232.jpg 300w, https:\/\/stolpersteine-goeppingen.de\/wp-content\/uploads\/2024\/01\/Kaethe-Loewenthal-Schwaebische-Alb-1-768x594.jpg 768w, https:\/\/stolpersteine-goeppingen.de\/wp-content\/uploads\/2024\/01\/Kaethe-Loewenthal-Schwaebische-Alb-1-676x523.jpg 676w, https:\/\/stolpersteine-goeppingen.de\/wp-content\/uploads\/2024\/01\/Kaethe-Loewenthal-Schwaebische-Alb-1.jpg 1329w\" sizes=\"auto, (max-width: 1024px) 100vw, 1024px\" \/><figcaption class=\"wp-element-caption\">The painting is entitled &#8220;Schw\u00e4bische Alb <em>[Swabian Alb<\/em>]&#8221;<\/figcaption><\/figure>\n<\/div>\n\n\n<p>Under Nazi rule, K\u00e4the L\u00f6wenthal lost her earning potential: the Christian with Jewish roots was no longer allowed to exhibit and sell her paintings.<\/p>\n\n\n<div class=\"wp-block-image\">\n<figure class=\"aligncenter size-large is-resized\"><img loading=\"lazy\" width=\"654\" height=\"1024\" src=\"https:\/\/stolpersteine-goeppingen.de\/wp-content\/uploads\/2024\/01\/Loewenthal-Kaethe-StAL-F-201_Bue-578-654x1024.jpg\" alt=\"\" class=\"wp-image-6294\" style=\"width:500px\" srcset=\"https:\/\/stolpersteine-goeppingen.de\/wp-content\/uploads\/2024\/01\/Loewenthal-Kaethe-StAL-F-201_Bue-578-654x1024.jpg 654w, https:\/\/stolpersteine-goeppingen.de\/wp-content\/uploads\/2024\/01\/Loewenthal-Kaethe-StAL-F-201_Bue-578-192x300.jpg 192w, https:\/\/stolpersteine-goeppingen.de\/wp-content\/uploads\/2024\/01\/Loewenthal-Kaethe-StAL-F-201_Bue-578-768x1203.jpg 768w, https:\/\/stolpersteine-goeppingen.de\/wp-content\/uploads\/2024\/01\/Loewenthal-Kaethe-StAL-F-201_Bue-578-676x1058.jpg 676w, https:\/\/stolpersteine-goeppingen.de\/wp-content\/uploads\/2024\/01\/Loewenthal-Kaethe-StAL-F-201_Bue-578.jpg 882w\" sizes=\"auto, (max-width: 654px) 100vw, 654px\" \/><figcaption class=\"wp-element-caption\">K\u00e4the L\u00f6wenthal (Source: State Archives Ludwigsburg)<\/figcaption><\/figure>\n<\/div>\n\n\n<p>She returned to Nazi Germany from a trip to Switzerland to care for her sick friend Erna. Later, K\u00e4the L\u00f6wenthal no longer had the opportunity to escape. At the beginning of February 1942, she had to move into the Schloss Wei\u00dfenstein forced residence; a few weeks later, she was deported from Stuttgart to the Izbica ghetto and subsequently murdered.<\/p>\n\n\n\n<p>See also the <a href=\"https:\/\/www.stolpersteine-stuttgart.de\/biografien\/kaethe-loewenthal-ameisenbergstr-32\/\" data-type=\"link\" data-id=\"https:\/\/www.stolpersteine-stuttgart.de\/biografien\/kaethe-loewenthal-ameisenbergstr-32\/\">Stuttgart Stumbling Stone biography<\/a> of K\u00e4the L\u00f6wenthal.<\/p>\n\n\n\n<p>(12.07.2023 kmr\/ww)<\/p>\n","protected":false},"excerpt":{"rendered":"<p>Born on March 03, 1878 in BerlinDeported to the Izbica ghetto on April 26, 1942, and murdered thereInterned in Wei\u00dfenstein in November 1941 She is certainly the most prominent among [&hellip;]<\/p>\n","protected":false},"author":5,"featured_media":0,"parent":1841,"menu_order":20,"comment_status":"closed","ping_status":"closed","template":"","meta":{"_coblocks_attr":"","_coblocks_dimensions":"","_coblocks_responsive_height":"","_coblocks_accordion_ie_support":"","ngg_post_thumbnail":0,"cybocfi_hide_featured_image":"","footnotes":"","_links_to":"","_links_to_target":""},"class_list":["post-6369","page","type-page","status-publish","hentry","post-preview"],"translation":{"provider":"WPGlobus","version":"3.0.2","language":"en","enabled_languages":["de","en"],"languages":{"de":{"title":true,"content":true,"excerpt":false},"en":{"title":true,"content":true,"excerpt":false}}},"publishpress_future_action":{"enabled":false,"date":"2026-04-20 16:38:26","action":"change-status","newStatus":"draft","terms":[],"taxonomy":"","extraData":[]},"publishpress_future_workflow_manual_trigger":{"enabledWorkflows":[]},"_links":{"self":[{"href":"https:\/\/stolpersteine-goeppingen.de\/en\/wp-json\/wp\/v2\/pages\/6369","targetHints":{"allow":["GET"]}}],"collection":[{"href":"https:\/\/stolpersteine-goeppingen.de\/en\/wp-json\/wp\/v2\/pages"}],"about":[{"href":"https:\/\/stolpersteine-goeppingen.de\/en\/wp-json\/wp\/v2\/types\/page"}],"author":[{"embeddable":true,"href":"https:\/\/stolpersteine-goeppingen.de\/en\/wp-json\/wp\/v2\/users\/5"}],"replies":[{"embeddable":true,"href":"https:\/\/stolpersteine-goeppingen.de\/en\/wp-json\/wp\/v2\/comments?post=6369"}],"version-history":[{"count":17,"href":"https:\/\/stolpersteine-goeppingen.de\/en\/wp-json\/wp\/v2\/pages\/6369\/revisions"}],"predecessor-version":[{"id":9300,"href":"https:\/\/stolpersteine-goeppingen.de\/en\/wp-json\/wp\/v2\/pages\/6369\/revisions\/9300"}],"up":[{"embeddable":true,"href":"https:\/\/stolpersteine-goeppingen.de\/en\/wp-json\/wp\/v2\/pages\/1841"}],"wp:attachment":[{"href":"https:\/\/stolpersteine-goeppingen.de\/en\/wp-json\/wp\/v2\/media?parent=6369"}],"curies":[{"name":"wp","href":"https:\/\/api.w.org\/{rel}","templated":true}]}}