{"id":6345,"date":"2024-01-02T13:23:42","date_gmt":"2024-01-02T13:23:42","guid":{"rendered":"https:\/\/stolpersteine-goeppingen.de\/weissenstein-lauterstein\/kaulla-johanna\/"},"modified":"2024-01-03T15:51:29","modified_gmt":"2024-01-03T15:51:29","slug":"kaulla-johanna","status":"publish","type":"page","link":"https:\/\/stolpersteine-goeppingen.de\/en\/weissenstein-lauterstein\/kaulla-johanna\/","title":{"rendered":"Kaulla, Johanna, n\u00e9e B\u00e4rlein"},"content":{"rendered":"\n<p><strong>Born on August 21, 1866 in F\u00fcrth<br>Murdered on April 6, 1943 in the Theresienstadt ghetto concentration camp<br>Interned in Wei\u00dfenstein in February 1942<\/strong><\/p>\n\n\n\n<p>Johanna B\u00e4rlein had nine siblings, at least two of whom had died before Johanna was born. When she was 15 years old, the family moved to Stuttgart; Johanna&#8217;s father was then 71 years old, a &#8216;privateer&#8217; and presumably wealthy. Two years after his death, Johanna married Eduard von Kaulla, a bank employee 12 years her senior, who was also an honorary member of the W\u00fcrttemberg Animal Protection Association. Eduard came from a respected W\u00fcrttemberg banking family who had been elevated to the nobility.<\/p>\n\n\n\n<p>Four children were born between 1888 and 1901. In 1917, Johanna had been a widow for two years when her daughter, who lived in Zurich, announced the arrival of her first grandchild. Johanna wanted to support her daughter and successfully applied for an exit visa &#8211; not a matter of course in wartime.<\/p>\n\n\n<div class=\"wp-block-image\">\n<figure class=\"aligncenter size-large is-resized\"><img loading=\"lazy\" width=\"671\" height=\"1024\" src=\"https:\/\/stolpersteine-goeppingen.de\/wp-content\/uploads\/2024\/01\/Kaulla-Johanna-1928-StAL-F-201_Bue-573-671x1024.jpg\" alt=\"\" class=\"wp-image-6287\" style=\"width:500px\" srcset=\"https:\/\/stolpersteine-goeppingen.de\/wp-content\/uploads\/2024\/01\/Kaulla-Johanna-1928-StAL-F-201_Bue-573-671x1024.jpg 671w, https:\/\/stolpersteine-goeppingen.de\/wp-content\/uploads\/2024\/01\/Kaulla-Johanna-1928-StAL-F-201_Bue-573-196x300.jpg 196w, https:\/\/stolpersteine-goeppingen.de\/wp-content\/uploads\/2024\/01\/Kaulla-Johanna-1928-StAL-F-201_Bue-573-768x1173.jpg 768w, https:\/\/stolpersteine-goeppingen.de\/wp-content\/uploads\/2024\/01\/Kaulla-Johanna-1928-StAL-F-201_Bue-573-676x1032.jpg 676w, https:\/\/stolpersteine-goeppingen.de\/wp-content\/uploads\/2024\/01\/Kaulla-Johanna-1928-StAL-F-201_Bue-573.jpg 941w\" sizes=\"auto, (max-width: 671px) 100vw, 671px\" \/><figcaption class=\"wp-element-caption\">Johanna Kaulla in 1928 (Source: State Archives Ludwigsburg)<\/figcaption><\/figure>\n<\/div>\n\n\n<p>Johanna Kaulla and her family were Protestant Christians and insisted on not being &#8216;Jewish&#8217; even during the Nazi era. Mrs. Kaulla and her daughter Margarethe refused to wear the &#8216;Jewish star&#8217; &#8211; which had consequences under criminal law. At the beginning of February 1942, Johanna Kaulla was forced to move to Wei\u00dfenstein Castle, and in August she was deported to Theresienstadt concentration camp, where she died miserably on April 6, 1943.<\/p>\n\n\n\n<p>(01.09.2023 kmr\/ww)<\/p>\n","protected":false},"excerpt":{"rendered":"<p>Born on August 21, 1866 in F\u00fcrthMurdered on April 6, 1943 in the Theresienstadt ghetto concentration campInterned in Wei\u00dfenstein in February 1942 Johanna B\u00e4rlein had nine siblings, at least two [&hellip;]<\/p>\n","protected":false},"author":5,"featured_media":0,"parent":1841,"menu_order":16,"comment_status":"closed","ping_status":"closed","template":"","meta":{"_coblocks_attr":"","_coblocks_dimensions":"","_coblocks_responsive_height":"","_coblocks_accordion_ie_support":"","ngg_post_thumbnail":0,"cybocfi_hide_featured_image":"","footnotes":"","_links_to":"","_links_to_target":""},"class_list":["post-6345","page","type-page","status-publish","hentry","post-preview"],"translation":{"provider":"WPGlobus","version":"3.0.2","language":"en","enabled_languages":["de","en"],"languages":{"de":{"title":true,"content":true,"excerpt":false},"en":{"title":true,"content":true,"excerpt":false}}},"publishpress_future_action":{"enabled":false,"date":"2026-04-20 15:16:41","action":"change-status","newStatus":"draft","terms":[],"taxonomy":"","extraData":[]},"publishpress_future_workflow_manual_trigger":{"enabledWorkflows":[]},"_links":{"self":[{"href":"https:\/\/stolpersteine-goeppingen.de\/en\/wp-json\/wp\/v2\/pages\/6345","targetHints":{"allow":["GET"]}}],"collection":[{"href":"https:\/\/stolpersteine-goeppingen.de\/en\/wp-json\/wp\/v2\/pages"}],"about":[{"href":"https:\/\/stolpersteine-goeppingen.de\/en\/wp-json\/wp\/v2\/types\/page"}],"author":[{"embeddable":true,"href":"https:\/\/stolpersteine-goeppingen.de\/en\/wp-json\/wp\/v2\/users\/5"}],"replies":[{"embeddable":true,"href":"https:\/\/stolpersteine-goeppingen.de\/en\/wp-json\/wp\/v2\/comments?post=6345"}],"version-history":[{"count":14,"href":"https:\/\/stolpersteine-goeppingen.de\/en\/wp-json\/wp\/v2\/pages\/6345\/revisions"}],"predecessor-version":[{"id":6400,"href":"https:\/\/stolpersteine-goeppingen.de\/en\/wp-json\/wp\/v2\/pages\/6345\/revisions\/6400"}],"up":[{"embeddable":true,"href":"https:\/\/stolpersteine-goeppingen.de\/en\/wp-json\/wp\/v2\/pages\/1841"}],"wp:attachment":[{"href":"https:\/\/stolpersteine-goeppingen.de\/en\/wp-json\/wp\/v2\/media?parent=6345"}],"curies":[{"name":"wp","href":"https:\/\/api.w.org\/{rel}","templated":true}]}}