{"id":6271,"date":"2024-01-02T11:02:24","date_gmt":"2024-01-02T11:02:24","guid":{"rendered":"https:\/\/stolpersteine-goeppingen.de\/weissenstein-lauterstein\/gruenwald-chana-eugenie\/"},"modified":"2024-01-02T11:21:37","modified_gmt":"2024-01-02T11:21:37","slug":"gruenwald-chana-eugenie","status":"publish","type":"page","link":"https:\/\/stolpersteine-goeppingen.de\/en\/weissenstein-lauterstein\/gruenwald-chana-eugenie\/","title":{"rendered":"Gr\u00fcnwald, Chana Eugenie"},"content":{"rendered":"\n<p><strong>Born on January 1, 1876 in Stuttgart<br>Murdered in the concentration camp Auschwitz on October 7, 1942<br>Interned in Wei\u00dfenstein in November 1941<\/strong><\/p>\n\n\n\n<p>Eugenie Gr\u00fcnwald, as she was originally called, grew up as the eldest of three siblings in Stuttgart, where her father worked as a merchant. She probably experienced the relative impoverishment of her family as a teenager. At the age of 23, she married Jonas Israel, 10 years her senior, who was living in Switzerland as a wine merchant at the time. Their daughter Meta Blanka was born in Zurich in 1900 and their son Hans Heinz in 1907 in Stuttgart, where the family had lived since 1903.<\/p>\n\n\n<div class=\"wp-block-image\">\n<figure class=\"aligncenter size-large is-resized\"><img loading=\"lazy\" width=\"511\" height=\"1024\" src=\"https:\/\/stolpersteine-goeppingen.de\/wp-content\/uploads\/2024\/01\/Gruenwald-Eugenie-1925-StAL-F-215_Bue-129_0001-511x1024.jpg\" alt=\"\" class=\"wp-image-6279\" style=\"width:500px\" srcset=\"https:\/\/stolpersteine-goeppingen.de\/wp-content\/uploads\/2024\/01\/Gruenwald-Eugenie-1925-StAL-F-215_Bue-129_0001-511x1024.jpg 511w, https:\/\/stolpersteine-goeppingen.de\/wp-content\/uploads\/2024\/01\/Gruenwald-Eugenie-1925-StAL-F-215_Bue-129_0001-150x300.jpg 150w, https:\/\/stolpersteine-goeppingen.de\/wp-content\/uploads\/2024\/01\/Gruenwald-Eugenie-1925-StAL-F-215_Bue-129_0001-676x1355.jpg 676w, https:\/\/stolpersteine-goeppingen.de\/wp-content\/uploads\/2024\/01\/Gruenwald-Eugenie-1925-StAL-F-215_Bue-129_0001.jpg 748w\" sizes=\"auto, (max-width: 511px) 100vw, 511px\" \/><figcaption class=\"wp-element-caption\">Eugenie Gr\u00fcnwald in 1925 (Source: State Archives Ludwigsburg)<\/figcaption><\/figure>\n<\/div>\n\n\n<p>The marriage was divorced in 1924, Eugenie took her maiden name again and the following year she opened a guesthouse with the beautiful name &#8216;Daheim&#8217;. She was able to run her business successfully well into the Nazi era. Her adult children were able to flee to the USA and Palestine.<\/p>\n\n\n<div class=\"wp-block-image\">\n<figure class=\"aligncenter size-large is-resized\"><img loading=\"lazy\" width=\"811\" height=\"1024\" src=\"https:\/\/stolpersteine-goeppingen.de\/wp-content\/uploads\/2024\/01\/Gruenwald-Eugenie-1931-StAL-F-215_Bue-420_0002-811x1024.jpg\" alt=\"\" class=\"wp-image-6278\" style=\"width:500px\" srcset=\"https:\/\/stolpersteine-goeppingen.de\/wp-content\/uploads\/2024\/01\/Gruenwald-Eugenie-1931-StAL-F-215_Bue-420_0002-811x1024.jpg 811w, https:\/\/stolpersteine-goeppingen.de\/wp-content\/uploads\/2024\/01\/Gruenwald-Eugenie-1931-StAL-F-215_Bue-420_0002-237x300.jpg 237w, https:\/\/stolpersteine-goeppingen.de\/wp-content\/uploads\/2024\/01\/Gruenwald-Eugenie-1931-StAL-F-215_Bue-420_0002-768x970.jpg 768w, https:\/\/stolpersteine-goeppingen.de\/wp-content\/uploads\/2024\/01\/Gruenwald-Eugenie-1931-StAL-F-215_Bue-420_0002-676x854.jpg 676w, https:\/\/stolpersteine-goeppingen.de\/wp-content\/uploads\/2024\/01\/Gruenwald-Eugenie-1931-StAL-F-215_Bue-420_0002.jpg 843w\" sizes=\"auto, (max-width: 811px) 100vw, 811px\" \/><figcaption class=\"wp-element-caption\">Eugenie Gr\u00fcnwald in 1931 (Source: State Archives Ludwigsburg)<\/figcaption><\/figure>\n<\/div>\n\n\n<p>At the beginning of November 1941, Mrs. Gr\u00fcnwald had to move into Wei\u00dfenstein Castle, although she was able to remain in contact with her son by letter. In August 1942, Mrs. Gr\u00fcnwald, who had borne the first name &#8216;Chana&#8217; since 1939, is said to have gone to Treffelhausen. She was denounced during this trip and on August 14 was sent to the Ravensbr\u00fcck women&#8217;s concentration camp, from where she was deported to the Auschwitz concentration camp. There her life ended violently on October 7, 1942.<\/p>\n\n\n\n<p>(01.07.2023 kmr\/ww)<\/p>\n","protected":false},"excerpt":{"rendered":"<p>Born on January 1, 1876 in StuttgartMurdered in the concentration camp Auschwitz on October 7, 1942Interned in Wei\u00dfenstein in November 1941 Eugenie Gr\u00fcnwald, as she was originally called, grew up [&hellip;]<\/p>\n","protected":false},"author":5,"featured_media":0,"parent":1841,"menu_order":12,"comment_status":"closed","ping_status":"closed","template":"","meta":{"_coblocks_attr":"","_coblocks_dimensions":"","_coblocks_responsive_height":"","_coblocks_accordion_ie_support":"","ngg_post_thumbnail":0,"cybocfi_hide_featured_image":"","footnotes":"","_links_to":"","_links_to_target":""},"class_list":["post-6271","page","type-page","status-publish","hentry","post-preview"],"translation":{"provider":"WPGlobus","version":"3.0.2","language":"en","enabled_languages":["de","en"],"languages":{"de":{"title":true,"content":true,"excerpt":false},"en":{"title":true,"content":true,"excerpt":false}}},"publishpress_future_action":{"enabled":false,"date":"2026-04-18 13:56:42","action":"change-status","newStatus":"draft","terms":[],"taxonomy":"","extraData":[]},"publishpress_future_workflow_manual_trigger":{"enabledWorkflows":[]},"_links":{"self":[{"href":"https:\/\/stolpersteine-goeppingen.de\/en\/wp-json\/wp\/v2\/pages\/6271","targetHints":{"allow":["GET"]}}],"collection":[{"href":"https:\/\/stolpersteine-goeppingen.de\/en\/wp-json\/wp\/v2\/pages"}],"about":[{"href":"https:\/\/stolpersteine-goeppingen.de\/en\/wp-json\/wp\/v2\/types\/page"}],"author":[{"embeddable":true,"href":"https:\/\/stolpersteine-goeppingen.de\/en\/wp-json\/wp\/v2\/users\/5"}],"replies":[{"embeddable":true,"href":"https:\/\/stolpersteine-goeppingen.de\/en\/wp-json\/wp\/v2\/comments?post=6271"}],"version-history":[{"count":5,"href":"https:\/\/stolpersteine-goeppingen.de\/en\/wp-json\/wp\/v2\/pages\/6271\/revisions"}],"predecessor-version":[{"id":6283,"href":"https:\/\/stolpersteine-goeppingen.de\/en\/wp-json\/wp\/v2\/pages\/6271\/revisions\/6283"}],"up":[{"embeddable":true,"href":"https:\/\/stolpersteine-goeppingen.de\/en\/wp-json\/wp\/v2\/pages\/1841"}],"wp:attachment":[{"href":"https:\/\/stolpersteine-goeppingen.de\/en\/wp-json\/wp\/v2\/media?parent=6271"}],"curies":[{"name":"wp","href":"https:\/\/api.w.org\/{rel}","templated":true}]}}