{"id":6240,"date":"2023-12-24T11:52:16","date_gmt":"2023-12-24T11:52:16","guid":{"rendered":"https:\/\/stolpersteine-goeppingen.de\/weissenstein-lauterstein\/gruenberg-betty\/"},"modified":"2024-01-03T15:50:35","modified_gmt":"2024-01-03T15:50:35","slug":"gruenberg-betty","status":"publish","type":"page","link":"https:\/\/stolpersteine-goeppingen.de\/en\/weissenstein-lauterstein\/gruenberg-betty\/","title":{"rendered":"Gr\u00fcnberg, Betty, n\u00e9e G\u00f6tz"},"content":{"rendered":"\n<p><strong>Born on July 10, 1872 in Kobylin\/Poznan<br>Murdered in the Ghetto Theresienstadt concentration camp on September 7, 1942<br>Interned in Wei\u00dfenstein in November 1941<\/strong><\/p>\n\n\n\n<p>As her birthplace is now in Poland, it was not possible to find out much about her family of origin. While still in the former district of Posen\/Prussia, Betty married the merchant Josef Gr\u00fcnberg, who was one year older and also came from the region. In September 1898, the young family &#8211; their son Martin was born in February &#8211; left their home and settled in Sonneberg\/Thuringia. The family grew there: Hertha was born in 1899 and daughter Meta in 1902, who died in 1931.<\/p>\n\n\n<div class=\"wp-block-image\">\n<figure class=\"aligncenter size-large is-resized\"><img loading=\"lazy\" width=\"777\" height=\"1024\" src=\"https:\/\/stolpersteine-goeppingen.de\/wp-content\/uploads\/2023\/12\/Gruenberg-Betty-1924-StAL-F-215_Bue-75_0002-777x1024.jpg\" alt=\"\" class=\"wp-image-6239\" style=\"width:500px\" srcset=\"https:\/\/stolpersteine-goeppingen.de\/wp-content\/uploads\/2023\/12\/Gruenberg-Betty-1924-StAL-F-215_Bue-75_0002-777x1024.jpg 777w, https:\/\/stolpersteine-goeppingen.de\/wp-content\/uploads\/2023\/12\/Gruenberg-Betty-1924-StAL-F-215_Bue-75_0002-228x300.jpg 228w, https:\/\/stolpersteine-goeppingen.de\/wp-content\/uploads\/2023\/12\/Gruenberg-Betty-1924-StAL-F-215_Bue-75_0002-768x1013.jpg 768w, https:\/\/stolpersteine-goeppingen.de\/wp-content\/uploads\/2023\/12\/Gruenberg-Betty-1924-StAL-F-215_Bue-75_0002-676x891.jpg 676w, https:\/\/stolpersteine-goeppingen.de\/wp-content\/uploads\/2023\/12\/Gruenberg-Betty-1924-StAL-F-215_Bue-75_0002.jpg 782w\" sizes=\"auto, (max-width: 777px) 100vw, 777px\" \/><figcaption class=\"wp-element-caption\">Betty Gr\u00fcnberg (Source: Ludwigsburg State Archives)<\/figcaption><\/figure>\n<\/div>\n\n\n<p>In 1914, the family moved to Stuttgart; Josef became a partner in a company there and the Gr\u00fcnbergs moved into their own house in G\u00e4nsheidenstra\u00dfe. Their son Martin studied law, obtained a doctorate in law and opened a practice in Stuttgart in 1932, which he was forced to close at the beginning of the Nazi era. He and his wife fled to the USA in 1938. Betty&#8217;s daughter Hertha must also have managed to leave Nazi Germany.<\/p>\n\n\n\n<p>Josef Gr\u00fcnberg died of bowel cancer in January 1941; he and his wife were no longer living in their own house, which they had to sell without being able to dispose of the proceeds. A few months after Josef&#8217;s death, at the beginning of November, Betty was forced to move to Wei\u00dfenstein Castle. From there, she was deported to Theresienstadt concentration camp in August 1942, where she died on September 7.<\/p>\n\n\n\n<p>See also the <a href=\"https:\/\/www.stolpersteine-stuttgart.de\/biografien\/hannchen-und-emil-nachmann-betty-und-josef-gruenberg-albert-schaeffle-str-105\/\" data-type=\"link\" data-id=\"https:\/\/www.stolpersteine-stuttgart.de\/biografien\/hannchen-und-emil-nachmann-betty-und-josef-gruenberg-albert-schaeffle-str-105\/\">Stuttgart Stumbling Stone biography<\/a> of Betty Gr\u00fcnberg.<\/p>\n\n\n\n<p>(16.09.2023 kmr\/ww)<\/p>\n","protected":false},"excerpt":{"rendered":"<p>Born on July 10, 1872 in Kobylin\/PoznanMurdered in the Ghetto Theresienstadt concentration camp on September 7, 1942Interned in Wei\u00dfenstein in November 1941 As her birthplace is now in Poland, it [&hellip;]<\/p>\n","protected":false},"author":5,"featured_media":0,"parent":1841,"menu_order":11,"comment_status":"closed","ping_status":"closed","template":"","meta":{"_coblocks_attr":"","_coblocks_dimensions":"","_coblocks_responsive_height":"","_coblocks_accordion_ie_support":"","ngg_post_thumbnail":0,"cybocfi_hide_featured_image":"","footnotes":"","_links_to":"","_links_to_target":""},"class_list":["post-6240","page","type-page","status-publish","hentry","post-preview"],"translation":{"provider":"WPGlobus","version":"3.0.2","language":"en","enabled_languages":["de","en"],"languages":{"de":{"title":true,"content":true,"excerpt":false},"en":{"title":true,"content":true,"excerpt":false}}},"publishpress_future_action":{"enabled":false,"date":"2026-04-20 15:17:43","action":"change-status","newStatus":"draft","terms":[],"taxonomy":"","extraData":[]},"publishpress_future_workflow_manual_trigger":{"enabledWorkflows":[]},"_links":{"self":[{"href":"https:\/\/stolpersteine-goeppingen.de\/en\/wp-json\/wp\/v2\/pages\/6240","targetHints":{"allow":["GET"]}}],"collection":[{"href":"https:\/\/stolpersteine-goeppingen.de\/en\/wp-json\/wp\/v2\/pages"}],"about":[{"href":"https:\/\/stolpersteine-goeppingen.de\/en\/wp-json\/wp\/v2\/types\/page"}],"author":[{"embeddable":true,"href":"https:\/\/stolpersteine-goeppingen.de\/en\/wp-json\/wp\/v2\/users\/5"}],"replies":[{"embeddable":true,"href":"https:\/\/stolpersteine-goeppingen.de\/en\/wp-json\/wp\/v2\/comments?post=6240"}],"version-history":[{"count":13,"href":"https:\/\/stolpersteine-goeppingen.de\/en\/wp-json\/wp\/v2\/pages\/6240\/revisions"}],"predecessor-version":[{"id":6398,"href":"https:\/\/stolpersteine-goeppingen.de\/en\/wp-json\/wp\/v2\/pages\/6240\/revisions\/6398"}],"up":[{"embeddable":true,"href":"https:\/\/stolpersteine-goeppingen.de\/en\/wp-json\/wp\/v2\/pages\/1841"}],"wp:attachment":[{"href":"https:\/\/stolpersteine-goeppingen.de\/en\/wp-json\/wp\/v2\/media?parent=6240"}],"curies":[{"name":"wp","href":"https:\/\/api.w.org\/{rel}","templated":true}]}}