{"id":536,"date":"2021-10-28T11:01:57","date_gmt":"2021-10-28T11:01:57","guid":{"rendered":"http:\/\/stolpersteine-goeppingen.de\/?page_id=536"},"modified":"2026-03-24T21:09:34","modified_gmt":"2026-03-24T21:09:34","slug":"fleischer-rosa","status":"publish","type":"page","link":"https:\/\/stolpersteine-goeppingen.de\/en\/goeppingen\/fleischer-rosa\/","title":{"rendered":"Fleischer, Rosa"},"content":{"rendered":"\n<p><strong>Lutherstr. 11<\/strong><\/p>\n\n\n\n<figure class=\"wp-block-image size-full\"><img loading=\"lazy\" width=\"958\" height=\"979\" src=\"https:\/\/stolpersteine-goeppingen.de\/wp-content\/uploads\/2023\/06\/Stolperstein-neu-1019x1024-1.jpg\" alt=\"\" class=\"wp-image-3218\" srcset=\"https:\/\/stolpersteine-goeppingen.de\/wp-content\/uploads\/2023\/06\/Stolperstein-neu-1019x1024-1.jpg 958w, https:\/\/stolpersteine-goeppingen.de\/wp-content\/uploads\/2023\/06\/Stolperstein-neu-1019x1024-1-294x300.jpg 294w, https:\/\/stolpersteine-goeppingen.de\/wp-content\/uploads\/2023\/06\/Stolperstein-neu-1019x1024-1-768x785.jpg 768w, https:\/\/stolpersteine-goeppingen.de\/wp-content\/uploads\/2023\/06\/Stolperstein-neu-1019x1024-1-676x691.jpg 676w\" sizes=\"auto, (max-width: 958px) 100vw, 958px\" \/><\/figure>\n\n\n\n<p><strong>Early on her Own Feet<\/strong><\/p>\n\n\n\n<p>Rosa Fleischer, n\u00e9e Goldstein, was born on January 21, 1874 in G\u00f6ppingen. Her parents were Martin Goldstein and Sofie, n\u00e9e Fleischer. Her mother died at the young age of 37, when Rosa was only 14 years old. Her father, who ran a men\u2019s clothing store in G\u00f6ppingen until 1881, also seemed to have disappeared early from her life. Rosa\u2019s marriage certificate from 1904 reports about him: \u201c\u2026absent, whereabouts unknown, last place of residence in Cologne on the Rhine\u2026 .\u201d We were able to learn that Martin Goldstein had emigrated to England, where he started two more families with new partners and lived there until 1928.<\/p>\n\n\n<div class=\"wp-block-image is-resized\">\n<figure class=\"aligncenter size-full\"><img loading=\"lazy\" width=\"467\" height=\"670\" src=\"http:\/\/stolpersteine-goeppingen.de\/wp-content\/uploads\/2022\/02\/Fleischer2c-Rosa-StaL.jpg\" alt=\"\" class=\"wp-image-1297\" srcset=\"https:\/\/stolpersteine-goeppingen.de\/wp-content\/uploads\/2022\/02\/Fleischer2c-Rosa-StaL.jpg 467w, https:\/\/stolpersteine-goeppingen.de\/wp-content\/uploads\/2022\/02\/Fleischer2c-Rosa-StaL-209x300.jpg 209w\" sizes=\"auto, (max-width: 467px) 100vw, 467px\" \/><figcaption class=\"wp-element-caption\">Rosa Fleischer (Source: Staatsarchiv Ludwigsburg)<\/figcaption><\/figure>\n<\/div>\n\n\n<p>Rosa had six siblings, of which three died in infancy. Apparently Martin Goldstein left his family fundless, as was indicated by the unusual fact for the time being that his daughters made sure to learn a vocation which guaranteed an independence living. In 1894 Rosa began training at the well-known and demanding Jewish nurse\u2019s training school in Frankfurt am Main. After successfully completing her education, she worked for the Association of Jewish Nurses in Frankfurt. The institute employed single Jewish nurses who were paid well so that they could be financially independent. <a href=\"https:\/\/www.juedische-pflegegeschichte.de\/deine-dir-gute-obeli-frankfurter-juedische-krankenschwestern-in-der-kinder-und-saeuglingspflege\/\" data-type=\"link\" data-id=\"https:\/\/www.juedische-pflegegeschichte.de\/deine-dir-gute-obeli-frankfurter-juedische-krankenschwestern-in-der-kinder-und-saeuglingspflege\/\">Presumably in 1902, the association entrusted its &#8216;nurse for the poor&#8217; Rosa Goldstein with the management of the Boarding Children&#8217;s Commission (&#8216;Kostkinderkommission&#8217;)<\/a>.<\/p>\n\n\n\n<p>Why and when exactly Rosa moved back to G\u00f6ppingen is unknown. Before her marriage however she was living at N\u00f6rdliche Ringstrasse 33 with the family of her uncle Samuel Fleischer. Many relatives on her mother\u2019s side of the family lived in G\u00f6ppingen. Silvia Hurst, n\u00e9e Fleischer, knew from the family history that Samuel Fleischer, Rosa\u2019s uncle, introduced her to her future husband. In November 1904 Rosa married Leopold Fleischer, a distant relative who was eight years older than her. (Leopold\u2019s great-grandparents are Rosa\u2019s great-great-grandparents.)&nbsp; The couple settled in Cannstatt where Leopold was employed as managing director with &#8216;Mechanical Strap and Ribbon Weaving Mill Gutmann and Marx,&#8217; a firm that had originally been founded in G\u0151ppingen.<\/p>\n\n\n<div class=\"wp-block-image is-resized\">\n<figure class=\"aligncenter size-full\"><img loading=\"lazy\" width=\"601\" height=\"884\" src=\"http:\/\/stolpersteine-goeppingen.de\/wp-content\/uploads\/2022\/02\/leo_fleischer.png\" alt=\"\" class=\"wp-image-1298\" srcset=\"https:\/\/stolpersteine-goeppingen.de\/wp-content\/uploads\/2022\/02\/leo_fleischer.png 601w, https:\/\/stolpersteine-goeppingen.de\/wp-content\/uploads\/2022\/02\/leo_fleischer-204x300.png 204w\" sizes=\"auto, (max-width: 601px) 100vw, 601px\" \/><figcaption class=\"wp-element-caption\">Leopold Fleischer<\/figcaption><\/figure>\n<\/div>\n\n\n<p><strong>Being Wife and Mother<\/strong><\/p>\n\n\n\n<p>The couple had three children: Edgar Siegfried born in 1906, Sofie Gabriele born in 1909 and the \u201clatecomer\u201d Elsbeth Beate born in 1918. With their growing family they moved several times, the longest time at one place they lived from 1915-1937 in Cannstatt at Moltkestrasse 29<em>.<\/em><\/p>\n\n\n<div class=\"wp-block-image is-resized\">\n<figure class=\"aligncenter size-full\"><img loading=\"lazy\" width=\"885\" height=\"595\" src=\"https:\/\/stolpersteine-goeppingen.de\/wp-content\/uploads\/2023\/06\/Rosas-Kinder.jpg\" alt=\"\" class=\"wp-image-3219\" srcset=\"https:\/\/stolpersteine-goeppingen.de\/wp-content\/uploads\/2023\/06\/Rosas-Kinder.jpg 885w, https:\/\/stolpersteine-goeppingen.de\/wp-content\/uploads\/2023\/06\/Rosas-Kinder-300x202.jpg 300w, https:\/\/stolpersteine-goeppingen.de\/wp-content\/uploads\/2023\/06\/Rosas-Kinder-768x516.jpg 768w, https:\/\/stolpersteine-goeppingen.de\/wp-content\/uploads\/2023\/06\/Rosas-Kinder-676x454.jpg 676w\" sizes=\"auto, (max-width: 885px) 100vw, 885px\" \/><figcaption class=\"wp-element-caption\">Children by left: Sofie Gabriele, Elsbeth Beate and Edgar<\/figcaption><\/figure>\n<\/div>\n\n\n<p>The threat from the Nazi dictatorship was probably recognized quite early by the family. Their son Edgar left Germany in 1934 and fled to Peru. However, he soon died in 1937 in an airplane crash as he was flying to meet his bride.<\/p>\n\n\n\n<p>Their daughter Sofie Gabriele fled in 1936 at first to Italy and 1939 to England. In September 1939, Rosa\u2019s youngest daughter Elsbeth and her husband Richard Frankfurter and Rosa\u2019s first grandchild Edith, also fled to Peru. Rosa\u2019s husband, Leopold, died earlier in October 1938. His obituary reads: \u201c\u2026and he was a devoted companion, a helpful, comforting attendant for so many years to his wife who suffered greatly\u2026\u201d The suffering mentioned here refers to diabetes which brought with it major complications, one of them being Rosa Fleischer going blind.<\/p>\n\n\n<div class=\"wp-block-image is-resized\">\n<figure class=\"aligncenter size-full\"><img loading=\"lazy\" width=\"411\" height=\"601\" src=\"http:\/\/stolpersteine-goeppingen.de\/wp-content\/uploads\/2022\/02\/Fleischer2c-Elsbeth-lilo-1.jpg\" alt=\"\" class=\"wp-image-1300\" srcset=\"https:\/\/stolpersteine-goeppingen.de\/wp-content\/uploads\/2022\/02\/Fleischer2c-Elsbeth-lilo-1.jpg 411w, https:\/\/stolpersteine-goeppingen.de\/wp-content\/uploads\/2022\/02\/Fleischer2c-Elsbeth-lilo-1-205x300.jpg 205w\" sizes=\"auto, (max-width: 411px) 100vw, 411px\" \/><figcaption class=\"wp-element-caption\">Elsbeth Fleischer, Rosa&#8217;s daughter<\/figcaption><\/figure>\n<\/div>\n\n<div class=\"wp-block-image\">\n<figure class=\"aligncenter size-full\"><img loading=\"lazy\" width=\"444\" height=\"607\" src=\"http:\/\/stolpersteine-goeppingen.de\/wp-content\/uploads\/2022\/02\/Fleischer2c-Sofie-Gabriele.jpg\" alt=\"\" class=\"wp-image-1301\" srcset=\"https:\/\/stolpersteine-goeppingen.de\/wp-content\/uploads\/2022\/02\/Fleischer2c-Sofie-Gabriele.jpg 444w, https:\/\/stolpersteine-goeppingen.de\/wp-content\/uploads\/2022\/02\/Fleischer2c-Sofie-Gabriele-219x300.jpg 219w\" sizes=\"auto, (max-width: 444px) 100vw, 444px\" \/><figcaption class=\"wp-element-caption\">Sofie Fleischer, Rosa&#8217;s daughter<\/figcaption><\/figure>\n<\/div>\n\n<div class=\"wp-block-image\">\n<figure class=\"aligncenter size-full\"><img loading=\"lazy\" width=\"462\" height=\"694\" src=\"http:\/\/stolpersteine-goeppingen.de\/wp-content\/uploads\/2022\/02\/Fleischer2c-Edgar.jpg\" alt=\"\" class=\"wp-image-1302\" srcset=\"https:\/\/stolpersteine-goeppingen.de\/wp-content\/uploads\/2022\/02\/Fleischer2c-Edgar.jpg 462w, https:\/\/stolpersteine-goeppingen.de\/wp-content\/uploads\/2022\/02\/Fleischer2c-Edgar-200x300.jpg 200w\" sizes=\"auto, (max-width: 462px) 100vw, 462px\" \/><figcaption class=\"wp-element-caption\">Edgar Fleischer, Rosa&#8217;s son<\/figcaption><\/figure>\n<\/div>\n\n\n<p><strong>In the Senior Citizens Home<\/strong><\/p>\n\n\n\n<p>While her husband was still living, the couple had been able to reserve a place in the Jewish retirement home &#8216;Wilhelmsruhe&#8217; in Sontheim near Heilbronn. However, after Leopold&#8217;s death, these plans were changed.&nbsp; Rosa&#8217;s son-in-law Richard Frankfurter wrote in a letter dated November 7, 1938: \u201cElsbeth is in Cannstatt&nbsp; with her mother. Most likely she and her blind sister, who currently lives in Friedrichshafen, will be going to live in Sontheim, with healthy aunt Emilie coming from Bonn to be their caregiver. This should be an arrangement that could be considered a happy one for all three of them.\u201d<\/p>\n\n\n\n<p>The sister who is mentioned and who was blind too refers to the older sister Julie who had remained unmarried. A later letter written by <a href=\"http:\/\/stolpersteine-goeppingen.de\/goeppingen\/frankfurter-hedwig-und-sigmund\/\" data-type=\"page\" data-id=\"513\">Richard Frankfurter<\/a> mentions that he had to pay 5,000 Reichsmarks to secure a place in the home for his aunt. By this time, the living conditions there had certainly sunk to well below what they originally had been. For example, the Nazis ordered that twice as many people had to share the same amount of space as before the NS period. In November1940, the home was already closed by the Nazis and the last occupants were evicted.<\/p>\n\n\n<div class=\"wp-block-image is-resized\">\n<figure class=\"aligncenter size-full\"><img loading=\"lazy\" width=\"604\" height=\"667\" src=\"http:\/\/stolpersteine-goeppingen.de\/wp-content\/uploads\/2022\/02\/Goldstein2c-Julie-.jpg\" alt=\"\" class=\"wp-image-1304\" srcset=\"https:\/\/stolpersteine-goeppingen.de\/wp-content\/uploads\/2022\/02\/Goldstein2c-Julie-.jpg 604w, https:\/\/stolpersteine-goeppingen.de\/wp-content\/uploads\/2022\/02\/Goldstein2c-Julie--272x300.jpg 272w\" sizes=\"auto, (max-width: 604px) 100vw, 604px\" \/><figcaption class=\"wp-element-caption\">Julie Goldstein, Rosa&#8217;s sister<\/figcaption><\/figure>\n<\/div>\n\n\n<p><strong>Return to G\u0151ppingen for a Short Time<\/strong><\/p>\n\n\n\n<p>The oldest sister Julie already died in May 1940 in Sontheim and Rosa and <a href=\"http:\/\/stolpersteine-goeppingen.de\/goldstein-emilie\/\" data-type=\"page\" data-id=\"521\">Emilie <\/a>moved back to their hometown of G\u00f6ppingen where they still had relatives. Here they were taken in by <a href=\"http:\/\/stolpersteine-goeppingen.de\/goeppingen\/frankfurter-hedwig-und-sigmund\/\" data-type=\"page\" data-id=\"513\">Hedwig and Sigmund Frankfurter<\/a>, Rosa\u2019s youngest daughter Elsbeth\u2019s parents-in-law. They lived at Lutherstrasse 11. In a letter from January 2, 1940, <a href=\"http:\/\/stolpersteine-goeppingen.de\/goeppingen\/frankfurter-hedwig-und-sigmund\/\" data-type=\"page\" data-id=\"513\">Hedwig Frankfurter<\/a> wrote about Rosa: \u201cThe poor mother is blind and diabetic; we are doing as much for her as we possibly can.\u201d In a letter from November 24, 1941: \u201cMother Rosa is doing well physically. Lately she has been in the yard a lot and that is good for her. She doesn\u2019t speak much about our misfortune, but you can tell that she is suffering greatly.\u201d The misfortune mentioned here is a car accident in which Rosa\u2019s youngest daughter Elsbeth Frankfurter died while being in exile in Peru. And so Rosa\u2019s granddaughter Edith, born in 1938, lost her mother. Within four years Rosa had to suffer the deaths of her husband and two of her adult children, but according to some statements she appeared surprisingly composed, at least on the outside.<\/p>\n\n\n\n<p>Rosa and her sister Emilie were soon forced to leave the relative safety on Lutherstrasse and were forced to move to the senior citizens home in Herrlingen, where Jewish citizens were forced to live in crowded conditions. Hedwig Frankfurter wrote on September 15, 1941, to her son Richard, who of course was Rosa&#8217;s son-in-law: \u201cYesterday we visited Mother Rosa and this brought her great joy. (\u2026) Their health is good, and her admirable serenity helps her to deal with everything more easily. They have nice accommodations, the home is run well, and nice people try to make each others lives more bearable.&nbsp; The room is very small, only the most necessary things fit in, but it has running water and heat. (\u2026).\u201d<\/p>\n\n\n\n<p>There is more that can be read about Rosa&#8217;s life, her fears and hopes, in the letter of November 22, 1941, in the attachment.<\/p>\n\n\n\n<p><strong>Compulsory Senior Citizens Home<\/strong><\/p>\n\n\n\n<p>That this &#8216;home&#8217;, and especially the next one, was only stopovers on the way to certain death was implied in a letter by Hedwig Frankfurter from May 8, 1942: \u201cFor Mother Rosa the news (remarriage of her son-in-law Richard Frankfurter. \/ kmr) will reopen old wounds even though she also hoped Richard would make this decision. She and her sister will have to leave the home in Herrlingen soon and will move to somewhere near Aalen, which means a difficult change for the sick, blind old woman.\u201d<\/p>\n\n\n<div class=\"wp-block-image\">\n<figure class=\"aligncenter size-full\"><img loading=\"lazy\" width=\"388\" height=\"565\" src=\"http:\/\/stolpersteine-goeppingen.de\/wp-content\/uploads\/2022\/02\/Oma-Rosa-Fleischer-....jpg\" alt=\"\" class=\"wp-image-1305\" srcset=\"https:\/\/stolpersteine-goeppingen.de\/wp-content\/uploads\/2022\/02\/Oma-Rosa-Fleischer-....jpg 388w, https:\/\/stolpersteine-goeppingen.de\/wp-content\/uploads\/2022\/02\/Oma-Rosa-Fleischer-...-206x300.jpg 206w\" sizes=\"auto, (max-width: 388px) 100vw, 388px\" \/><figcaption class=\"wp-element-caption\">by left: Rosa Fleischer, Hedwig Frankfurter with grand child, Emilie Goldstein (supposed)<\/figcaption><\/figure>\n<\/div>\n\n\n<p>The new location of deportation was the castle in Oberstotzingen where elderly Jews, especially those from the Ulm region, were forced to live. Not only were they were forced to live there, but the Nazi administration also exploited them financially by forcing them to buy a place in the home. Documents from these \u201ccontracts\u201d show that Rosa Fleischer was required to pay 6,500 Reichsmarks. Before she was deported to Theresienstadt, she had paid 5,680 Reichsmarks of this amount. The archivist Ulrich Seem\u00fcller from Ulm researched the deportation of the occupants of the castle in Oberstotzingen: \u201cStarting on Tuesday evening, August 18, 1942, the Jews had to be ready for deportation from the castle in Oberstotzingen. (\u2026) Before the new day dawned, the old-age home was cleared. Half of the occupants had to be at the train station in Niederstotzingen by 5:19 AM and therefore they were driven there early in the morning when it was still dark in farm wagons, horse-drawn carriages and cattle carts by residents of the village on the bad, unpaved streets. The village spokesperson of Oberstotzingen, Josef Groll, remembered this night 50 years later: &#8216;The Jews were in despair and the deportation was in no way as quiet and unnoticed as the Gestapo would have wished. Their lamenting and moaning sent a chill down my spine. Today I can still hear the screaming of the old people in my ears and I\u2019ll probably never forget it.\u2019 Obviously the occupants of the old-age home suspected what was awaiting them.\u201d<\/p>\n\n\n\n<p><strong>Murdered in the &#8216;City the F\u0171hrer Had Given to the Jews&#8217;<\/strong><\/p>\n\n\n\n<p>On August 22 Rosa Fleischer arrived at the concentration camp Theresienstadt. She survived there only four months and died on December 12, 1942 of the inhumane conditions (hunger, cold, inadequate medical care). Her sister <a href=\"https:\/\/stolpersteine-goeppingen.de\/en\/goeppingen\/goldstein-emilie\/\" data-type=\"link\" data-id=\"https:\/\/stolpersteine-goeppingen.de\/en\/goeppingen\/goldstein-emilie\/\">Emilie Goldstein<\/a> survived the years in Theresienstadt and was murdered in Auschwitz.<\/p>\n\n\n\n<p>On her mother\u2019s side of the family, Rosa\u2019s cousins <a href=\"https:\/\/stolpersteine-goeppingen.de\/en\/weitere\/fleischer-bernhard\/\" data-type=\"link\" data-id=\"https:\/\/stolpersteine-goeppingen.de\/en\/weitere\/fleischer-bernhard\/\">Bernhard<\/a>, <a href=\"https:\/\/stolpersteine-goeppingen.de\/en\/goeppingen\/fleischer-irma-und-julius\/\" data-type=\"link\" data-id=\"https:\/\/stolpersteine-goeppingen.de\/en\/goeppingen\/fleischer-irma-und-julius\/\">Julius <\/a>and <a href=\"https:\/\/stolpersteine-goeppingen.de\/en\/goeppingen\/fleischer-arthur-und-paula\/\" data-type=\"link\" data-id=\"https:\/\/stolpersteine-goeppingen.de\/en\/goeppingen\/fleischer-arthur-und-paula\/\">Arthur <\/a>Fleischer were murdered, as did her cousin <a href=\"https:\/\/stolpersteine-goeppingen.de\/wp-content\/uploads\/2026\/01\/Albert-Friederike-Julius-Martha-englisch.pdf\" data-type=\"link\" data-id=\"https:\/\/stolpersteine-goeppingen.de\/wp-content\/uploads\/2026\/01\/Albert-Friederike-Julius-Martha-englisch.pdf\">Martha Albert<\/a>. Her cousin Pauline Guggenheim decided to escape by terminating her own life. <a href=\"https:\/\/www.badkissingen.de\/bildung-und-soziales\/juedisches-leben\/badkissinger-stolpersteine\/37082.OTTO-GOLDSTEIN-1889---1933-Stadtrat-und-Textilkaufmann-Rathausplatz-1.html\" data-type=\"link\" data-id=\"https:\/\/www.badkissingen.de\/bildung-und-soziales\/juedisches-leben\/badkissinger-stolpersteine\/37082.OTTO-GOLDSTEIN-1889---1933-Stadtrat-und-Textilkaufmann-Rathausplatz-1.html\">Otto Goldstein<\/a>, Rosa\u2019s cousin on her father\u2019s side, also committed suicide.<\/p>\n\n\n\n<p>Rosa\u2019s only child who survived her, daughter Sofie Gabriele Fleischer, lived in London where she remained until her death in 1992. Also living near London was Sofie&#8217;s son Edgar Fleischer, born in 1951, who died in 2023. Rosa\u2019s granddaughter, Edith Neisser, n\u00e9e Frankfurter, at time being lives in Peru and has two sons and six grandchildren.<\/p>\n\n\n\n<p>On November 25, 2011, Gunter Demnig laid a Stumbling Stone in front of the house at Lutherstrasse 11 in memory of Rosa Fleischer. We would like to thank Mrs. Adler, Mrs. Johnson, Mrs. Neisser and Mr. Fleischer (\u271d) for the information and photos they provided.<\/p>\n\n\n<div class=\"wp-block-image is-resized\">\n<figure class=\"aligncenter size-large\"><img loading=\"lazy\" width=\"1024\" height=\"768\" src=\"http:\/\/stolpersteine-goeppingen.de\/wp-content\/uploads\/2022\/02\/Lutherstr.-11-Frankfurter-neu-1024x768.jpg\" alt=\"\" class=\"wp-image-1307\" srcset=\"https:\/\/stolpersteine-goeppingen.de\/wp-content\/uploads\/2022\/02\/Lutherstr.-11-Frankfurter-neu-1024x768.jpg 1024w, https:\/\/stolpersteine-goeppingen.de\/wp-content\/uploads\/2022\/02\/Lutherstr.-11-Frankfurter-neu-300x225.jpg 300w, https:\/\/stolpersteine-goeppingen.de\/wp-content\/uploads\/2022\/02\/Lutherstr.-11-Frankfurter-neu-768x576.jpg 768w, https:\/\/stolpersteine-goeppingen.de\/wp-content\/uploads\/2022\/02\/Lutherstr.-11-Frankfurter-neu-1536x1152.jpg 1536w, https:\/\/stolpersteine-goeppingen.de\/wp-content\/uploads\/2022\/02\/Lutherstr.-11-Frankfurter-neu-2048x1536.jpg 2048w, https:\/\/stolpersteine-goeppingen.de\/wp-content\/uploads\/2022\/02\/Lutherstr.-11-Frankfurter-neu-676x507.jpg 676w\" sizes=\"auto, (max-width: 1024px) 100vw, 1024px\" \/><figcaption class=\"wp-element-caption\">Lutherstr.11<\/figcaption><\/figure>\n<\/div>\n\n<div class=\"wp-block-image is-resized\">\n<figure class=\"aligncenter size-large\"><img loading=\"lazy\" width=\"1024\" height=\"871\" src=\"http:\/\/stolpersteine-goeppingen.de\/wp-content\/uploads\/2022\/02\/Edgar-Fleischer.-Jenny-Johnson-Edith-Neisser-1024x871.jpg\" alt=\"\" class=\"wp-image-1308\" srcset=\"https:\/\/stolpersteine-goeppingen.de\/wp-content\/uploads\/2022\/02\/Edgar-Fleischer.-Jenny-Johnson-Edith-Neisser-1024x871.jpg 1024w, https:\/\/stolpersteine-goeppingen.de\/wp-content\/uploads\/2022\/02\/Edgar-Fleischer.-Jenny-Johnson-Edith-Neisser-300x255.jpg 300w, https:\/\/stolpersteine-goeppingen.de\/wp-content\/uploads\/2022\/02\/Edgar-Fleischer.-Jenny-Johnson-Edith-Neisser-768x654.jpg 768w, https:\/\/stolpersteine-goeppingen.de\/wp-content\/uploads\/2022\/02\/Edgar-Fleischer.-Jenny-Johnson-Edith-Neisser-1536x1307.jpg 1536w, https:\/\/stolpersteine-goeppingen.de\/wp-content\/uploads\/2022\/02\/Edgar-Fleischer.-Jenny-Johnson-Edith-Neisser-2048x1743.jpg 2048w, https:\/\/stolpersteine-goeppingen.de\/wp-content\/uploads\/2022\/02\/Edgar-Fleischer.-Jenny-Johnson-Edith-Neisser-676x575.jpg 676w\" sizes=\"auto, (max-width: 1024px) 100vw, 1024px\" \/><figcaption class=\"wp-element-caption\"><br>Rosa&#8217;s grand child Edgar Fleischer\u2020 (left), and grand child Edith Neisser (right) with Jenny Johnson (middle)<\/figcaption><\/figure>\n<\/div>\n\n\n<p><a href=\"https:\/\/stolpersteine-goeppingen.de\/wp-content\/uploads\/2023\/06\/Stammbaum-Rosa-und-Leopold-Fleischer.pdf\" data-type=\"URL\" data-id=\"https:\/\/stolpersteine-goeppingen.de\/wp-content\/uploads\/2023\/06\/Stammbaum-Rosa-und-Leopold-Fleischer.pdf\">FamilyTree Leopold und Rosa Fleischer<\/a><\/p>\n\n\n\n<p>(026.01.2026 kmr\/ir)<\/p>\n\n\n<p><div class=\"leaflet-map WPLeafletMap\" style=\"height:450px; width:95%;\"><\/div><script>\nwindow.WPLeafletMapPlugin = window.WPLeafletMapPlugin || [];\nwindow.WPLeafletMapPlugin.push(function WPLeafletMapShortcode() {\/*<script>*\/\nvar baseUrl = atob('aHR0cHM6Ly97c30udGlsZS5vcGVuc3RyZWV0bWFwLm9yZy97en0ve3h9L3t5fS5wbmc=');\nvar base = (!baseUrl && window.MQ) ?\n    window.MQ.mapLayer() : L.tileLayer(baseUrl,\n        L.Util.extend({}, {\n            detectRetina: 1,\n        },\n        {\"subdomains\":\"abc\",\"noWrap\":false,\"maxZoom\":19}        )\n    );\n    var options = L.Util.extend({}, {\n        layers: [base],\n        attributionControl: false\n    },\n    {\"zoomControl\":true,\"scrollWheelZoom\":true,\"doubleClickZoom\":false,\"fitBounds\":false,\"minZoom\":0,\"maxZoom\":19,\"maxBounds\":null,\"attribution\":\"<a href=\\\"http:\\\/\\\/leafletjs.com\\\" title=\\\"Eine Javascript-Bibliothek f\\u00fcr interaktive Karten\\\">Leaflet<\\\/a>; \\u00a9 <a href=\\\"http:\\\/\\\/www.openstreetmap.org\\\/copyright\\\">OpenStreetMap<\\\/a> Mitwirkende\"},\n    {});\nwindow.WPLeafletMapPlugin.createMap(options).setView([48.706362080663,9.6617294834733],18);});<\/script><br \/>\n<script>\nwindow.WPLeafletMapPlugin = window.WPLeafletMapPlugin || [];\nwindow.WPLeafletMapPlugin.push(function WPLeafletMarkerShortcode() {\/*<script>*\/\nvar map = window.WPLeafletMapPlugin.getCurrentMap();\nvar group = window.WPLeafletMapPlugin.getCurrentGroup();\nvar marker_options = window.WPLeafletMapPlugin.getIconOptions({});\nvar marker = L.marker(\n    [48.706447045249,9.6632211354432],\n    marker_options\n);\nvar is_image = map.is_image_map;\nif (marker_options.draggable) {\n    marker.on('dragend', function () {\n        var latlng = this.getLatLng();\n        var lat = latlng.lat;\n        var lng = latlng.lng;\n        if (is_image) {\n            console.log('leaflet-marker y=' + lat + ' x=' + lng);\n        } else {\n            console.log('leaflet-marker lat=' + lat + ' lng=' + lng);\n        }\n    });\n}\nmarker.addTo( group );\nwindow.WPLeafletMapPlugin.markers.push( marker );\n        });<\/script><\/p>\n","protected":false},"excerpt":{"rendered":"<p>Lutherstr. 11 Early on her Own Feet Rosa Fleischer, n\u00e9e Goldstein, was born on January 21, 1874 in G\u00f6ppingen. Her parents were Martin Goldstein and Sofie, n\u00e9e Fleischer. Her mother [&hellip;]<\/p>\n","protected":false},"author":1,"featured_media":0,"parent":118,"menu_order":14,"comment_status":"open","ping_status":"closed","template":"","meta":{"_coblocks_attr":"","_coblocks_dimensions":"","_coblocks_responsive_height":"","_coblocks_accordion_ie_support":"","ngg_post_thumbnail":0,"cybocfi_hide_featured_image":"","footnotes":"","_links_to":"","_links_to_target":""},"class_list":["post-536","page","type-page","status-publish","hentry","post-preview"],"translation":{"provider":"WPGlobus","version":"3.0.2","language":"en","enabled_languages":["de","en"],"languages":{"de":{"title":true,"content":true,"excerpt":false},"en":{"title":true,"content":true,"excerpt":false}}},"publishpress_future_action":{"enabled":false,"date":"2026-04-18 13:49:57","action":"change-status","newStatus":"draft","terms":[],"taxonomy":"","extraData":[]},"publishpress_future_workflow_manual_trigger":{"enabledWorkflows":[]},"_links":{"self":[{"href":"https:\/\/stolpersteine-goeppingen.de\/en\/wp-json\/wp\/v2\/pages\/536","targetHints":{"allow":["GET"]}}],"collection":[{"href":"https:\/\/stolpersteine-goeppingen.de\/en\/wp-json\/wp\/v2\/pages"}],"about":[{"href":"https:\/\/stolpersteine-goeppingen.de\/en\/wp-json\/wp\/v2\/types\/page"}],"author":[{"embeddable":true,"href":"https:\/\/stolpersteine-goeppingen.de\/en\/wp-json\/wp\/v2\/users\/1"}],"replies":[{"embeddable":true,"href":"https:\/\/stolpersteine-goeppingen.de\/en\/wp-json\/wp\/v2\/comments?post=536"}],"version-history":[{"count":49,"href":"https:\/\/stolpersteine-goeppingen.de\/en\/wp-json\/wp\/v2\/pages\/536\/revisions"}],"predecessor-version":[{"id":9790,"href":"https:\/\/stolpersteine-goeppingen.de\/en\/wp-json\/wp\/v2\/pages\/536\/revisions\/9790"}],"up":[{"embeddable":true,"href":"https:\/\/stolpersteine-goeppingen.de\/en\/wp-json\/wp\/v2\/pages\/118"}],"wp:attachment":[{"href":"https:\/\/stolpersteine-goeppingen.de\/en\/wp-json\/wp\/v2\/media?parent=536"}],"curies":[{"name":"wp","href":"https:\/\/api.w.org\/{rel}","templated":true}]}}