{"id":450,"date":"2021-10-27T09:13:34","date_gmt":"2021-10-27T09:13:34","guid":{"rendered":"http:\/\/stolpersteine-goeppingen.de\/?page_id=450"},"modified":"2025-01-14T10:54:05","modified_gmt":"2025-01-14T10:54:05","slug":"oppenheimer-frida-und-simon","status":"publish","type":"page","link":"https:\/\/stolpersteine-goeppingen.de\/en\/goeppingen\/oppenheimer-frida-und-simon\/","title":{"rendered":"Oppenheimer, Frida and Simon"},"content":{"rendered":"\n<p><strong>Grabenstr. 18<\/strong><\/p>\n\n\n<div class=\"wp-block-image\">\n<figure class=\"aligncenter size-large\"><img loading=\"lazy\" width=\"1024\" height=\"554\" src=\"https:\/\/stolpersteine-goeppingen.de\/wp-content\/uploads\/2023\/08\/Oppenheimer-Steine-1024x554.jpg\" alt=\"\" class=\"wp-image-3987\" title=\"Oppenheimer, Steine\" srcset=\"https:\/\/stolpersteine-goeppingen.de\/wp-content\/uploads\/2023\/08\/Oppenheimer-Steine-1024x554.jpg 1024w, https:\/\/stolpersteine-goeppingen.de\/wp-content\/uploads\/2023\/08\/Oppenheimer-Steine-300x162.jpg 300w, https:\/\/stolpersteine-goeppingen.de\/wp-content\/uploads\/2023\/08\/Oppenheimer-Steine-768x415.jpg 768w, https:\/\/stolpersteine-goeppingen.de\/wp-content\/uploads\/2023\/08\/Oppenheimer-Steine-1536x830.jpg 1536w, https:\/\/stolpersteine-goeppingen.de\/wp-content\/uploads\/2023\/08\/Oppenheimer-Steine-2048x1107.jpg 2048w, https:\/\/stolpersteine-goeppingen.de\/wp-content\/uploads\/2023\/08\/Oppenheimer-Steine-676x365.jpg 676w\" sizes=\"auto, (max-width: 1024px) 100vw, 1024px\" \/><\/figure>\n<\/div>\n\n\n<p><strong>Home in G\u00f6ppingen<\/strong><\/p>\n\n\n\n<p>Frida Ullmann, born on September 7, 1888, moved to G\u00f6ppingen in November 1911, when she was 23 years of age. Her hometown was Haigerloch, a small community between Horb and Hechingen, which goes back with a long Jewish history. Her father, Louis, who had already passed away, has had operated in cattle business \u2013 an occupation which was quite common among the Jewish-Swabian rural communities. Her mother Helene, was originally out of Laupheim. Frida left her hometown to marry the butcher Simon Oppenheimer in G\u00f6ppingen He was 11 years her senior. Did the families know each other through business dealings? Simon Oppenheimer (born December 14, 1877) was not from G\u00f6ppingen too. His parents\u2019 house was in Hemsbach on the Bergstra\u00dfe, where his father Isaac had also been a butcher. At the end of 1907 he moved to G\u00f6ppingen and soon took over the butcher shop founded by Sigmund D\u00f6rzbacher. It can be assumed that the Oppenheimer couple was successful in their business, because they could afford a large house in the city, buying it from Jakob M\u00fcller in Grabenstra\u00dfe 18 \/ today at the Spitalplatz. On the ground floor they set up a kosher butcher shop, the second floor offered lots of room for their growing family, the third and attic floors were rented out.<\/p>\n\n\n<div class=\"wp-block-image\">\n<figure class=\"aligncenter size-large\"><img loading=\"lazy\" width=\"1024\" height=\"859\" src=\"http:\/\/stolpersteine-goeppingen.de\/wp-content\/uploads\/2022\/06\/Oberdorf-1936-001-2-1024x859.jpg\" alt=\"\" class=\"wp-image-1662\" srcset=\"https:\/\/stolpersteine-goeppingen.de\/wp-content\/uploads\/2022\/06\/Oberdorf-1936-001-2-1024x859.jpg 1024w, https:\/\/stolpersteine-goeppingen.de\/wp-content\/uploads\/2022\/06\/Oberdorf-1936-001-2-300x252.jpg 300w, https:\/\/stolpersteine-goeppingen.de\/wp-content\/uploads\/2022\/06\/Oberdorf-1936-001-2-768x645.jpg 768w, https:\/\/stolpersteine-goeppingen.de\/wp-content\/uploads\/2022\/06\/Oberdorf-1936-001-2-676x567.jpg 676w, https:\/\/stolpersteine-goeppingen.de\/wp-content\/uploads\/2022\/06\/Oberdorf-1936-001-2.jpg 1126w\" sizes=\"auto, (max-width: 1024px) 100vw, 1024px\" \/><figcaption class=\"wp-element-caption\">Simon (standing, 2nd from right), his wife Frida ( sitting, first from right) and daughter Selma (sitting, second from right) and son Lothar (sitting, first from left)<\/figcaption><\/figure>\n<\/div>\n\n\n<p><strong>Good Neighborhood<\/strong><\/p>\n\n\n\n<p>The couple\u2019s children were Selma, born in 1913, Lothar, born in 1915, Erna, born in 1916 and Kurt, born in 1920.<\/p>\n\n\n<div class=\"wp-block-image\">\n<figure class=\"aligncenter size-full\"><img loading=\"lazy\" width=\"437\" height=\"595\" src=\"http:\/\/stolpersteine-goeppingen.de\/wp-content\/uploads\/2022\/06\/Guggenheim-Lilo-Rad.jpg\" alt=\"\" class=\"wp-image-1664\" srcset=\"https:\/\/stolpersteine-goeppingen.de\/wp-content\/uploads\/2022\/06\/Guggenheim-Lilo-Rad.jpg 437w, https:\/\/stolpersteine-goeppingen.de\/wp-content\/uploads\/2022\/06\/Guggenheim-Lilo-Rad-220x300.jpg 220w\" sizes=\"auto, (max-width: 437px) 100vw, 437px\" \/><figcaption class=\"wp-element-caption\">Lilo Guggenheim<\/figcaption><\/figure>\n<\/div>\n\n\n<p>Late <a href=\"http:\/\/stolpersteine-goeppingen.de\/goeppingen\/guggenheim-pauline\/\" data-type=\"page\" data-id=\"414\">Lilo Guggenheim Levine<\/a>, who grew up in the house next door, remembered her playmates well, especially Erna, <em>\u201cwho sewed beautiful clothes for her dolls and little Kurt\u2019s teddy bears\u201d, <\/em>and Kurt, who once<em> \u201cgot himself covered in fresh tar\u201d<\/em>.<br>About the parents she wrote: <em>\u201cSimon Oppenheimer was especially friendly and nice, I think Mrs. Oppenheimer was more reserved, but also very nice. As a child you have a feeling for that and I had only good feelings about the whole family. I never heard my parents say a bad word about the Oppenheimers.\u201d<\/em><br>It is known that Erna and Lothar Oppenheimer joined the G\u00f6ppingen chapter of the Zionist Association. Maybe one can assume that this step represented scepticism of Germany&#8217;s majority society, or maybe their youthful spirit of rebellion played a role, because most of Goppingen\u2019s Jewish men and women of the older generation considered themselves Germans belonging to the Jewish religion. However, the Oppenheimers\u2019 carefree life ends when the Nazis come to power.&nbsp;<\/p>\n\n\n\n<p><strong>\u201cDisrespect for the SA Guards\u201d<\/strong><\/p>\n\n\n\n<p>The first expression of the state-supported hatred of Jews was the boycott of &#8216;Jewish&#8217; stores on April 1, 1933, which was preceded by a rally against <em>\u201cJewish atrocity propaganda\u201d<\/em>. Also in front of the Oppenheimers&#8217; butcher shop SA guards were posted. Mr. Oppenheimer must have resisted this provocation, because in the G\u00f6ppingen Zeitung (a local newspaper) from April 3 there was an article which read: \u201c<em>The butcher Oppenheimer was arrested for disrespecting the SA guards.\u201d<\/em> The duration of his imprisonment and possible further consequences are unknown. At the latest on November 9, 1938 Simon Oppenheimer must have felt Nazi violence firsthand. During the pogrom night his son <a href=\"https:\/\/stolpersteine-goeppingen.de\/en\/goeppingen\/oppenheimer-kurt\/\" data-type=\"page\" data-id=\"487\">Kurt <\/a>was arrested and two days later taken to the concentration camp in Dachau, where he remained in torturous custody until December 29, 1938.&nbsp;Probably Simon had to stay one to two days in prison in G\u00f6ppingen too. It might be because of his age of 61 by then, he was not deported to the KZ Dachau himself.<\/p>\n\n\n\n<p><strong>The Flight of the Children<\/strong><\/p>\n\n\n\n<p>Already in May 1937 their son Lothar was able to flee to England. Kurt and Erna followed him to London at the beginning of 1939. Lothar later continued on to the USA from where he tried to save his parents by taking afford to make it possible for them to emigrate. Selma, their oldest daughter, had already moved to Stuttgart in 1936. She immigrated to Palestine.<\/p>\n\n\n\n<p>The parents Mr. and Mrs. Oppenheimer could not spend their remaining time in their own house in G\u00f6ppingen. Hedwig Frankfurter, who owned the house at Lutherstra\u00dfe 11 in G\u00f6ppingen, wrote in a letter dated September 13, 1941: <em>\u201cNext week the butcher Oppenheimer is going to move in with us. I am anticipating with trepidations that additional people will be moving in with us, but it cannot be changed.\u201d<\/em> But despite the anticipated crowded conditions the Oppenheimers must have felt comfortable there, because Mrs. Frankfurter wrote on April 10, 1942: \u201c<em>To our great sorrow, Mr. and Mrs. Oppenheimer \u2026 will be leaving us in the next few days after we had lived together in such harmony.\u201d<\/em> The reason &#8211;<\/p>\n\n\n\n<p><strong>Deportation Destination Izbica<\/strong><\/p>\n\n\n\n<p>In April 1942 Frida and Simon Oppenheimer were on the death list of the Nazis. Their initial destination was the &#8216;transit camp&#8217; in Izbica, Poland. City archivist Dr. Rue\u00df writes about the circumstances: <em>\u201cIn the last few days, seven people from G\u00f6ppingen who were on the deportation list, had to go through the same procedure as those in November the year before. After Schiller School (first gathering, ed.) the assembly area was again the garden show premises at Killesberg (Stuttgart, ed.). But this time each person was only allowed to take with them one suitcase or backpack, two woollen blankets and a pillow.\u201d<\/em> Izbica is located on the railroad lines which lead to the extermination camps Belzec and Sobibor. In one of these camps Frida and Simon Oppenheimer were most probably been murdered. After the war they were &#8216;declared deceased&#8217;.&nbsp; Simon and Frida were not the only victims in their family. Their son <a href=\"https:\/\/stolpersteine-goeppingen.de\/en\/goeppingen\/oppenheimer-kurt\/\" data-type=\"page\" data-id=\"487\">Kurt <\/a>drowned when the English ship, which was supposed to take him from Australia back to England, was torpedoed.<\/p>\n\n\n\n<p>Their son Lothar, who had no children and lived in New York, died at the age of 95 in December 2010. Descendants of their daughter Selma are still living in Israel. Erna, who had moved to the USA, working as teacher, died childless several years ago.<\/p>\n\n\n\n<p>At time being the Stolpersteine initiative are in contact with Selma Oppenheimer. A few years ago her granddaughter Shlomit Dente-Ben Zeev visited with her daughter Inbal the hometown of her grandmother, G\u00f6ppingen. She supported us with important photos of her family \u2013 we are very thankful for that.<\/p>\n\n\n<div class=\"wp-block-image\">\n<figure class=\"aligncenter size-large\"><img loading=\"lazy\" width=\"1024\" height=\"701\" src=\"http:\/\/stolpersteine-goeppingen.de\/wp-content\/uploads\/2022\/06\/Claudia-Inbal-Shlomit-1024x701.jpg\" alt=\"\" class=\"wp-image-1665\" srcset=\"https:\/\/stolpersteine-goeppingen.de\/wp-content\/uploads\/2022\/06\/Claudia-Inbal-Shlomit-1024x701.jpg 1024w, https:\/\/stolpersteine-goeppingen.de\/wp-content\/uploads\/2022\/06\/Claudia-Inbal-Shlomit-300x205.jpg 300w, https:\/\/stolpersteine-goeppingen.de\/wp-content\/uploads\/2022\/06\/Claudia-Inbal-Shlomit-768x526.jpg 768w, https:\/\/stolpersteine-goeppingen.de\/wp-content\/uploads\/2022\/06\/Claudia-Inbal-Shlomit-676x463.jpg 676w, https:\/\/stolpersteine-goeppingen.de\/wp-content\/uploads\/2022\/06\/Claudia-Inbal-Shlomit.jpg 1088w\" sizes=\"auto, (max-width: 1024px) 100vw, 1024px\" \/><figcaption class=\"wp-element-caption\">by left: Claudia Liebenau-Meyer from the Stolperstein-Initiative, Inbal Dente, Shlomit Dente-Ben Zeev<\/figcaption><\/figure>\n<\/div>\n\n\n<p>Two Stumbling Stones in front of the house at Grabenstra\u00dfe 18 were laid in May 2009, to commemorate the fate of the Oppenheimer family. At the same place the Stumbling Stone for their son Kurt was laid in 2013.<\/p>\n\n\n<div class=\"wp-block-image\">\n<figure class=\"aligncenter size-full\"><img loading=\"lazy\" width=\"750\" height=\"1000\" src=\"http:\/\/stolpersteine-goeppingen.de\/wp-content\/uploads\/2022\/06\/Bild-Grabenstr.18.jpg\" alt=\"\" class=\"wp-image-1666\" srcset=\"https:\/\/stolpersteine-goeppingen.de\/wp-content\/uploads\/2022\/06\/Bild-Grabenstr.18.jpg 750w, https:\/\/stolpersteine-goeppingen.de\/wp-content\/uploads\/2022\/06\/Bild-Grabenstr.18-225x300.jpg 225w, https:\/\/stolpersteine-goeppingen.de\/wp-content\/uploads\/2022\/06\/Bild-Grabenstr.18-676x901.jpg 676w\" sizes=\"auto, (max-width: 750px) 100vw, 750px\" \/><figcaption class=\"wp-element-caption\">Grabenstrasse 18<\/figcaption><\/figure>\n<\/div>\n\n\n<p>(13.02.2017 kmr\/ir)<br><\/p>\n\n\n<p><div class=\"leaflet-map WPLeafletMap\" style=\"height:450px; width:95%;\"><\/div><script>\nwindow.WPLeafletMapPlugin = window.WPLeafletMapPlugin || [];\nwindow.WPLeafletMapPlugin.push(function WPLeafletMapShortcode() {\/*<script>*\/\nvar baseUrl = atob('aHR0cHM6Ly97c30udGlsZS5vcGVuc3RyZWV0bWFwLm9yZy97en0ve3h9L3t5fS5wbmc=');\nvar base = (!baseUrl && window.MQ) ?\n    window.MQ.mapLayer() : L.tileLayer(baseUrl,\n        L.Util.extend({}, {\n            detectRetina: 1,\n        },\n        {\"subdomains\":\"abc\",\"noWrap\":false,\"maxZoom\":19}        )\n    );\n    var options = L.Util.extend({}, {\n        layers: [base],\n        attributionControl: false\n    },\n    {\"zoomControl\":true,\"scrollWheelZoom\":true,\"doubleClickZoom\":false,\"fitBounds\":false,\"minZoom\":0,\"maxZoom\":19,\"maxBounds\":null,\"attribution\":\"<a href=\\\"http:\\\/\\\/leafletjs.com\\\" title=\\\"Eine Javascript-Bibliothek f\\u00fcr interaktive Karten\\\">Leaflet<\\\/a>; \\u00a9 <a href=\\\"http:\\\/\\\/www.openstreetmap.org\\\/copyright\\\">OpenStreetMap<\\\/a> Mitwirkende\"},\n    {});\nwindow.WPLeafletMapPlugin.createMap(options).setView([48.701887223986,9.6528657833006],18);});<\/script><br \/>\n<script>\nwindow.WPLeafletMapPlugin = window.WPLeafletMapPlugin || [];\nwindow.WPLeafletMapPlugin.push(function WPLeafletMarkerShortcode() {\/*<script>*\/\nvar map = window.WPLeafletMapPlugin.getCurrentMap();\nvar group = window.WPLeafletMapPlugin.getCurrentGroup();\nvar marker_options = window.WPLeafletMapPlugin.getIconOptions({});\nvar marker = L.marker(\n    [48.701919090306,9.6526907884606],\n    marker_options\n);\nvar is_image = map.is_image_map;\nif (marker_options.draggable) {\n    marker.on('dragend', function () {\n        var latlng = this.getLatLng();\n        var lat = latlng.lat;\n        var lng = latlng.lng;\n        if (is_image) {\n            console.log('leaflet-marker y=' + lat + ' x=' + lng);\n        } else {\n            console.log('leaflet-marker lat=' + lat + ' lng=' + lng);\n        }\n    });\n}\nmarker.addTo( group );\nwindow.WPLeafletMapPlugin.markers.push( marker );\n        });<\/script><\/p>\n","protected":false},"excerpt":{"rendered":"<p>Grabenstr. 18 Home in G\u00f6ppingen Frida Ullmann, born on September 7, 1888, moved to G\u00f6ppingen in November 1911, when she was 23 years of age. Her hometown was Haigerloch, a [&hellip;]<\/p>\n","protected":false},"author":1,"featured_media":0,"parent":118,"menu_order":40,"comment_status":"open","ping_status":"closed","template":"","meta":{"_coblocks_attr":"","_coblocks_dimensions":"","_coblocks_responsive_height":"","_coblocks_accordion_ie_support":"","ngg_post_thumbnail":0,"cybocfi_hide_featured_image":"","footnotes":"","_links_to":"","_links_to_target":""},"class_list":["post-450","page","type-page","status-publish","hentry","post-preview"],"translation":{"provider":"WPGlobus","version":"3.0.2","language":"en","enabled_languages":["de","en"],"languages":{"de":{"title":true,"content":true,"excerpt":false},"en":{"title":true,"content":true,"excerpt":false}}},"publishpress_future_action":{"enabled":false,"date":"2026-04-23 01:55:47","action":"change-status","newStatus":"draft","terms":[],"taxonomy":"","extraData":[]},"publishpress_future_workflow_manual_trigger":{"enabledWorkflows":[]},"_links":{"self":[{"href":"https:\/\/stolpersteine-goeppingen.de\/en\/wp-json\/wp\/v2\/pages\/450","targetHints":{"allow":["GET"]}}],"collection":[{"href":"https:\/\/stolpersteine-goeppingen.de\/en\/wp-json\/wp\/v2\/pages"}],"about":[{"href":"https:\/\/stolpersteine-goeppingen.de\/en\/wp-json\/wp\/v2\/types\/page"}],"author":[{"embeddable":true,"href":"https:\/\/stolpersteine-goeppingen.de\/en\/wp-json\/wp\/v2\/users\/1"}],"replies":[{"embeddable":true,"href":"https:\/\/stolpersteine-goeppingen.de\/en\/wp-json\/wp\/v2\/comments?post=450"}],"version-history":[{"count":15,"href":"https:\/\/stolpersteine-goeppingen.de\/en\/wp-json\/wp\/v2\/pages\/450\/revisions"}],"predecessor-version":[{"id":7642,"href":"https:\/\/stolpersteine-goeppingen.de\/en\/wp-json\/wp\/v2\/pages\/450\/revisions\/7642"}],"up":[{"embeddable":true,"href":"https:\/\/stolpersteine-goeppingen.de\/en\/wp-json\/wp\/v2\/pages\/118"}],"wp:attachment":[{"href":"https:\/\/stolpersteine-goeppingen.de\/en\/wp-json\/wp\/v2\/media?parent=450"}],"curies":[{"name":"wp","href":"https:\/\/api.w.org\/{rel}","templated":true}]}}