{"id":445,"date":"2021-10-27T09:17:08","date_gmt":"2021-10-27T09:17:08","guid":{"rendered":"http:\/\/stolpersteine-goeppingen.de\/?page_id=445"},"modified":"2026-01-14T16:06:03","modified_gmt":"2026-01-14T16:06:03","slug":"fleissig-wilhelm","status":"publish","type":"page","link":"https:\/\/stolpersteine-goeppingen.de\/en\/goeppingen\/fleissig-wilhelm\/","title":{"rendered":"Fleissig, Wilhelm"},"content":{"rendered":"\n<p><strong>Geislinger Str. 6<\/strong><\/p>\n\n\n<div class=\"wp-block-image\">\n<figure class=\"aligncenter size-full\"><img loading=\"lazy\" width=\"486\" height=\"506\" src=\"http:\/\/stolpersteine-goeppingen.de\/wp-content\/uploads\/2022\/02\/Fleissig-Wilhelm-Stein.jpg\" alt=\"\" class=\"wp-image-1314\" title=\"Fleissig-Wilhelm-Stein\" srcset=\"https:\/\/stolpersteine-goeppingen.de\/wp-content\/uploads\/2022\/02\/Fleissig-Wilhelm-Stein.jpg 486w, https:\/\/stolpersteine-goeppingen.de\/wp-content\/uploads\/2022\/02\/Fleissig-Wilhelm-Stein-288x300.jpg 288w\" sizes=\"auto, (max-width: 486px) 100vw, 486px\" \/><\/figure>\n<\/div>\n\n\n<p>The following notation can be found in the residents\u2019 registration files of the G\u00f6ppingen city archives:<br><em>Born: May 13, 1906, in Nuremberg, Single, Profession: Dipl. Engineer<\/em><br><em>Moved from Nuremberg to G\u00f6ppingen, Geislingerstrasse 6 (L\u00f6wenstein) on April 6, 1938<\/em> <br><sub>(They are Gisela, n\u00e9e D\u00f6rzbacher and Albert L\u00f6wenstein, the author)<\/sub><br>And the following notation was added in pencil: <em>\u2018Half-Jewish, managing director at Geschmay\u2019<\/em>.<\/p>\n\n\n<div class=\"wp-block-image is-resized\">\n<figure class=\"aligncenter size-large\"><img loading=\"lazy\" width=\"738\" height=\"1024\" src=\"http:\/\/stolpersteine-goeppingen.de\/wp-content\/uploads\/2022\/02\/Fleissig-Wilhelm-jpg-738x1024.jpg\" alt=\"\" class=\"wp-image-1315\" style=\"width:400px\" srcset=\"https:\/\/stolpersteine-goeppingen.de\/wp-content\/uploads\/2022\/02\/Fleissig-Wilhelm-jpg-738x1024.jpg 738w, https:\/\/stolpersteine-goeppingen.de\/wp-content\/uploads\/2022\/02\/Fleissig-Wilhelm-jpg-216x300.jpg 216w, https:\/\/stolpersteine-goeppingen.de\/wp-content\/uploads\/2022\/02\/Fleissig-Wilhelm-jpg-676x938.jpg 676w, https:\/\/stolpersteine-goeppingen.de\/wp-content\/uploads\/2022\/02\/Fleissig-Wilhelm-jpg.jpg 766w\" sizes=\"auto, (max-width: 738px) 100vw, 738px\" \/><figcaption class=\"wp-element-caption\">Wilhelm Fleissig<\/figcaption><\/figure>\n<\/div>\n\n\n<p><strong>Managing Director at Geschmay<\/strong><\/p>\n\n\n\n<p><em>\u201c<a href=\"https:\/\/stolpersteine-goeppingen.de\/en\/geschmay-pauline-und-david\/\" data-type=\"link\" data-id=\"https:\/\/stolpersteine-goeppingen.de\/en\/geschmay-pauline-und-david\/\">Geschmay<\/a>\u201d<\/em> can only mean the <em>\u201cWuerttemberg Felt-Cloth Factory D. Geschmay Company\u201d<\/em>, which was located in the Metzgerstrasse in Goeppingen. Besides the economic harassment to which \u2018Jewish\u2019 companies were subjected during the Nazi time, there also were difficulties on a personal level during the years from 1935 to 1938, as well as a death: Hans Geschmay, the junior partner, had primarily lived in Italy since 1935 in order to build a new factory there. His brother-in-law, Leo Neuburger, a former part-owner of the company, had moved to Stuttgart in 1935 and therefore had to resign from the firm. After these changes took place, Justin Rosenwald, who also was a brother-in-law of Hans Geschmay, became the new managing director. But in April 1938 Justin Rosenwald must probably already have been seriously ill because he died in G\u00f6ppingen a month later at only 55 years of age. Hans and his father David Geschmay must have felt fortunate to have found a qualified successor in Wilhelm Fleissig. It could hardly have been a coincidence that he was a citizen of Nuremberg: the deceased, Justin Rosenwald, had owned a stuffed-toy factory there for many years. He might perhaps have known Wilhelm Fleissig on a professional or private level.<\/p>\n\n\n\n<p><strong>A Diploma Chemist<\/strong><\/p>\n\n\n\n<p>Wilhelm Max Eugen Fleissig enrolled at the University of Erlangen when he was not even 18 years old yet. For two semesters he studied chemistry and political science. After the winter semester of 1924-25, he transferred to the Technical University of Munich where his specialization was in chemistry. During the 1927 summer semester he passed his preliminary diploma examination with a high grade. While he studied in Munich he made \u2018Requests for Tuition Waivers\u2019, a clue that Wilhelm Fleissig did not come from a well-to-do family. It is also known that he was a member of the \u201cFree Scientific Association\u201d, a student organization which had a different focus than the right-leaning fraternities that would not have admitted Jewish members anyway.<\/p>\n\n\n\n<p>According to one reference, Wilhelm Fleissig completed his studies at a Berlin university or college, but additional information could not be located. It is also not known where Mr. Fleissig held first professional positions but it can be assumed that without experience he would not have been qualified to apply for the managing director position in G\u00f6ppingen. Wilhelm Fleissig was able to work at the Geschmay firm until its \u2018Aryanization\u2019 at the end of 1938. It was fortunate that the new \u2018Aryan\u2019 owner Friedrich Haefele continued to employ him until his deportation \u2013 the alternative would have been forced labor &#8211; but most likely no longer in his capacity as managing director.<\/p>\n\n\n\n<p>Gerhard Kieffer, who was a fifteen-year-old apprentice in the company, remembered Wilhelm Fleissig:&nbsp; \u201cHe was approximately 1 Meter 75 [5\u20198\u201d] tall and had thinning dark blond hair. He had an athletic build. He was a man in his prime years and his appearance was what the Nazis would have thought of as \u2018Aryan\u2019. He was well-spoken, without a Franconian accent. On October 1, 1941, I began my commercial apprenticeship at the W\u00fcrttemberg Felt-Cloth Factory. Wilhelm Fleissig was very committed to making a good businessman out of me. I will never forget this admirable man. At that time I heard that Wilhelm Fleissig had been a researcher at the Kaiser-Wilhelm-Institute in Berlin. First he lost his Doctor title, then his work place. At the felt-cloth factory he had to share an office space with Theodor Dickfoss in the technical and Mathilde Jucker in the commercial areas of the business. I do not know in which capacity Wilhelm Fleissig worked. And then there was I, an apprentice whom Wilhelm Fleissig took under his wing. One day I came into the office and was surprised to find that his desk had been moved and was hidden behind a cabinet. Most likely this was due to new regulation that Jewish citizens were no longer permitted to work in the same room as \u2018Aryans\u2019.\u201d Mr. Kieffer\u2019s memories have also given an indication what and where Wilhelm Fleissig\u2019s work duties at Geschmay were. Until now we were not able to locate other sources confirming that Mr. Fleissig had worked at Kaiser-Wilhelm-Institute.<\/p>\n\n\n\n<p><strong>In the Concentration Camp and Being Homeless<\/strong><\/p>\n\n\n\n<p>Wilhelm Fleissig probably must have had his worst impression of G\u00f6ppingen, his new place of residence, during Pogrom Night November 9-10, 1938: The attacks on Jewish citizens, the destruction of businesses and of the Hotel <a href=\"http:\/\/stolpersteine-goeppingen.de\/goeppingen\/dettelbacher-frida\/\" data-type=\"page\" data-id=\"288\">Dettelbacher<\/a>, and the arson fire that destroyed the synagogue. He was arrested as well and tortured at the Dachau concentration camp from December 12 to 23, 1938.<\/p>\n\n\n\n<p>His return from Dachau was the beginning of an involuntary odyssey through many of G\u00f6ppingen&#8217;s \u2018Jewish Houses\u2019. The following notations appear in the residents\u2019 registration registry:<\/p>\n\n\n\n<p>Moved to Ludwigstrasse 30 (Clara Lang) on January 20, 1939. (The house on Ludwigstrasse 30, today M\u00f6rikestrasse 30, was owned by the Jewish family Veit -kmr)<\/p>\n\n\n\n<p>Moved to Grabenstrasse 18 (<a href=\"http:\/\/stolpersteine-goeppingen.de\/oppenheimer-frida-und-simon\/\" data-type=\"page\" data-id=\"450\">Oppenheimer<\/a>) on September 30, 1939<br>Moved to Haupstrasse 11, second floor (<a href=\"http:\/\/stolpersteine-goeppingen.de\/goeppingen\/fleischer-arthur-und-paula\/\" data-type=\"page\" data-id=\"381\">Fleischer<\/a>) on May 4, 1940<br>Moved to Metzgerstrasse 16, second floor (<a href=\"http:\/\/stolpersteine-goeppingen.de\/geschmay-pauline-und-david\/\" data-type=\"page\" data-id=\"452\">Geschmay<\/a>) on May 29, 1941<\/p>\n\n\n\n<p><strong>Roots in the Rems Valley&nbsp;&nbsp;&nbsp;&nbsp;&nbsp;&nbsp;&nbsp;&nbsp;&nbsp;&nbsp;&nbsp;&nbsp;&nbsp;&nbsp;&nbsp;&nbsp;&nbsp;&nbsp;&nbsp;&nbsp;&nbsp;&nbsp;&nbsp;&nbsp;&nbsp;&nbsp;&nbsp;&nbsp;&nbsp;&nbsp;&nbsp;&nbsp;&nbsp;&nbsp;&nbsp;&nbsp;&nbsp;&nbsp;&nbsp;&nbsp;&nbsp;&nbsp;&nbsp;&nbsp;&nbsp;&nbsp;&nbsp;&nbsp;&nbsp;&nbsp;&nbsp;&nbsp;&nbsp;&nbsp;&nbsp;&nbsp;&nbsp;&nbsp;&nbsp;&nbsp;&nbsp;&nbsp;&nbsp;&nbsp;&nbsp;&nbsp;&nbsp;&nbsp;&nbsp;&nbsp;&nbsp;&nbsp;&nbsp;&nbsp;&nbsp;&nbsp;&nbsp;&nbsp;&nbsp;&nbsp;&nbsp;&nbsp;&nbsp;&nbsp;&nbsp;&nbsp;&nbsp;&nbsp; <\/strong>It was not possible to confirm the notation \u2018Half Jewish\u2019 that was penciled in on the G\u00f6ppingen registration form. Both of Wilhelm\u2019s parents, his mother Wilhelmine Eleonore Fleissig, n\u00e9e Wertheimber, as well as his father Julius Fleissig, belonged to the Jewish faith.<\/p>\n\n\n<div class=\"wp-block-image is-resized\">\n<figure class=\"aligncenter size-large\"><img loading=\"lazy\" width=\"752\" height=\"1024\" src=\"https:\/\/stolpersteine-goeppingen.de\/wp-content\/uploads\/2022\/11\/Cacilia-und-Samuel-Fleissig-Wilhelms-Groseltern-752x1024.jpg\" alt=\"\" class=\"wp-image-2318\" style=\"width:500px\" srcset=\"https:\/\/stolpersteine-goeppingen.de\/wp-content\/uploads\/2022\/11\/Cacilia-und-Samuel-Fleissig-Wilhelms-Groseltern-752x1024.jpg 752w, https:\/\/stolpersteine-goeppingen.de\/wp-content\/uploads\/2022\/11\/Cacilia-und-Samuel-Fleissig-Wilhelms-Groseltern-220x300.jpg 220w, https:\/\/stolpersteine-goeppingen.de\/wp-content\/uploads\/2022\/11\/Cacilia-und-Samuel-Fleissig-Wilhelms-Groseltern-768x1046.jpg 768w, https:\/\/stolpersteine-goeppingen.de\/wp-content\/uploads\/2022\/11\/Cacilia-und-Samuel-Fleissig-Wilhelms-Groseltern-1128x1536.jpg 1128w, https:\/\/stolpersteine-goeppingen.de\/wp-content\/uploads\/2022\/11\/Cacilia-und-Samuel-Fleissig-Wilhelms-Groseltern-1504x2048.jpg 1504w, https:\/\/stolpersteine-goeppingen.de\/wp-content\/uploads\/2022\/11\/Cacilia-und-Samuel-Fleissig-Wilhelms-Groseltern-676x920.jpg 676w, https:\/\/stolpersteine-goeppingen.de\/wp-content\/uploads\/2022\/11\/Cacilia-und-Samuel-Fleissig-Wilhelms-Groseltern-scaled.jpg 1880w\" sizes=\"auto, (max-width: 752px) 100vw, 752px\" \/><figcaption class=\"wp-element-caption\">C\u00e4cilia and Samuel Fleissig (grandparents)<\/figcaption><\/figure>\n<\/div>\n\n\n<p>However Wilhelm Fleissig also had Christian ancestors: His grandmother on his mother\u2019s side, Wilhelmine Wertheimber, n\u00e9e Munder, was the daughter of a Christian family from Stetten in the Rems valley in W\u00fcrttemberg: Wilhelm\u2019s great-grandfather Christian Wilhelm Munder (1828-1901) was a nail-smith and vintner by profession, whose daughter Wilhelmine (1860-1934) was employed as a housekeeper for unmarried merchant Emil Wertheimber in Munich. Four years after the birth of their daughter Wilhelmine Eleonore in March 1883, the unlikely couple (age difference of 20 years) were married after all and their daughter was thereby \u2018legitimized\u2019.&nbsp; Because of her marriage Wilhelmine converted to the Jewish religion of her husband. Wilhelmine Wertheimber\u2019s daughter Wilhelmine Eleonore married Nuremberg merchant Julius Fleissig who owned a metals- and glasswares business there since 1901. Two children were born to this marriage:&nbsp; Wilhelm, born 1905, and Else Helene, born 1908. Julius Fleissig died in 1934. The notation mentioned above which listed Wilhelm Fleissig as \u2018Half Jewish\u2019 would not have met the criteria of the Nazis. However it is very understandable that Wilhelm Fleissig attempted to \u2018beautify\u2019 his ancestry because his life was in danger.<\/p>\n\n\n<div class=\"wp-block-image\">\n<figure class=\"aligncenter size-full is-resized\"><img loading=\"lazy\" width=\"498\" height=\"615\" src=\"http:\/\/stolpersteine-goeppingen.de\/wp-content\/uploads\/2022\/02\/Fleissig-Wilh.-Eleon.-jpg.jpg\" alt=\"\" class=\"wp-image-1316\" style=\"width:400px\" srcset=\"https:\/\/stolpersteine-goeppingen.de\/wp-content\/uploads\/2022\/02\/Fleissig-Wilh.-Eleon.-jpg.jpg 498w, https:\/\/stolpersteine-goeppingen.de\/wp-content\/uploads\/2022\/02\/Fleissig-Wilh.-Eleon.-jpg-243x300.jpg 243w\" sizes=\"auto, (max-width: 498px) 100vw, 498px\" \/><figcaption class=\"wp-element-caption\">Wilhelmine Eleonore Fleissig n\u00e9e Wertheimber (mother)<\/figcaption><\/figure>\n<\/div>\n\n\n<p>Wilhelm Fleissig&#8217;s uncle Paul Hugo Fleissig had already moved to Basel \/ Switzerland at the end of the 19th century. His family tried to motivate the Nuremberg relatives to flee to Switzerland during the Nazi era.<\/p>\n\n\n<div class=\"wp-block-image is-resized\">\n<figure class=\"aligncenter size-large\"><img loading=\"lazy\" width=\"768\" height=\"1024\" src=\"https:\/\/stolpersteine-goeppingen.de\/wp-content\/uploads\/2022\/11\/Paul-Hugo-Fleissig-Wilhelms-Onkel-768x1024.jpg\" alt=\"\" class=\"wp-image-2319\" style=\"width:400px\" srcset=\"https:\/\/stolpersteine-goeppingen.de\/wp-content\/uploads\/2022\/11\/Paul-Hugo-Fleissig-Wilhelms-Onkel-768x1024.jpg 768w, https:\/\/stolpersteine-goeppingen.de\/wp-content\/uploads\/2022\/11\/Paul-Hugo-Fleissig-Wilhelms-Onkel-225x300.jpg 225w, https:\/\/stolpersteine-goeppingen.de\/wp-content\/uploads\/2022\/11\/Paul-Hugo-Fleissig-Wilhelms-Onkel-1152x1536.jpg 1152w, https:\/\/stolpersteine-goeppingen.de\/wp-content\/uploads\/2022\/11\/Paul-Hugo-Fleissig-Wilhelms-Onkel-1536x2048.jpg 1536w, https:\/\/stolpersteine-goeppingen.de\/wp-content\/uploads\/2022\/11\/Paul-Hugo-Fleissig-Wilhelms-Onkel-676x901.jpg 676w, https:\/\/stolpersteine-goeppingen.de\/wp-content\/uploads\/2022\/11\/Paul-Hugo-Fleissig-Wilhelms-Onkel-scaled.jpg 1920w\" sizes=\"auto, (max-width: 768px) 100vw, 768px\" \/><figcaption class=\"wp-element-caption\">Paul Hugo Fleissig (uncle)<\/figcaption><\/figure>\n<\/div>\n\n\n<p><strong>Two Families Were Wiped Out<\/strong><\/p>\n\n\n\n<p>Wilhelmine Wertheimber, n\u00e9e Munder, Wilhelm Fleissig\u2019s \u2018Aryan\u2019 grandmother, died in Nuremberg in 1934, which spared her from knowing about the fates of her daughter and her two grandchildren:<\/p>\n\n\n\n<p>Her daughter Wilhelmine Eleonore Fleissig, n\u00e9e Wertheimber, 59 years old and a widow, according to the Nazis\u2019 criteria \u2018Half-Jewish\u2019, was deported on March 24, 1942, from Nuremberg to Izbica and murdered in a German extermination camp.<\/p>\n\n\n\n<p>Her granddaughter Else Helene Fleissig, (Wilhelm Fleissig\u2019s younger sister), 33 years old, unmarried and a governess by profession, was on the same transport as her mother and was also murdered.<\/p>\n\n\n\n<p>And also: Her grandson Wilhelm Fleissig, who was probably murdered at Riga\/Jungfernhof, to where he had been deported from G\u00f6ppingen on November 28, 1941, a few days before the deportation of his mother and sister.<br>Mr. Kieffer remembers:<em> \u201cBefore the Jews were taken away from Metzgerstrasse in 1941, Mr. Fleissig came to our office to say good-bye by telephone to his \u2018Aryan\u2019 mother in Nuremberg, and after that he said good-bye to us. It was an extremely dramatic scene. He gave me the book \u2018The Battle for the Matterhorn\u2019 by Carl H\u00e4nsel because he knew very well about my enthusiasm for mountaineering. This book still stands on my bookshelf today.\u201d<\/em><\/p>\n\n\n\n<p>Two other relatives from the Fleissig side of Wilhelm\u2019s family were also murdered:<\/p>\n\n\n<div class=\"wp-block-image is-resized\">\n<figure class=\"aligncenter size-large\"><img loading=\"lazy\" width=\"735\" height=\"1024\" src=\"http:\/\/stolpersteine-goeppingen.de\/wp-content\/uploads\/2022\/02\/Fleissig-Theodor-Max-jpg-735x1024.jpg\" alt=\"\" class=\"wp-image-1317\" style=\"width:400px\" srcset=\"https:\/\/stolpersteine-goeppingen.de\/wp-content\/uploads\/2022\/02\/Fleissig-Theodor-Max-jpg-735x1024.jpg 735w, https:\/\/stolpersteine-goeppingen.de\/wp-content\/uploads\/2022\/02\/Fleissig-Theodor-Max-jpg-215x300.jpg 215w, https:\/\/stolpersteine-goeppingen.de\/wp-content\/uploads\/2022\/02\/Fleissig-Theodor-Max-jpg-676x941.jpg 676w, https:\/\/stolpersteine-goeppingen.de\/wp-content\/uploads\/2022\/02\/Fleissig-Theodor-Max-jpg.jpg 762w\" sizes=\"auto, (max-width: 735px) 100vw, 735px\" \/><figcaption class=\"wp-element-caption\">Theodor Max Fleissig (uncle)<\/figcaption><\/figure>\n<\/div>\n\n\n<p>Wilhelm\u2019s single uncle Max Theodor Fleissig, a merchant, who had lived in Nuremberg, was, like his relatives, deported to Izbica in March 1942.<\/p>\n\n\n\n<p>Wilhelm\u2019s aunt Luise L\u00f6wy, n\u00e9e Fleissig, who was married and lived in Wuppertal, died in May 1942 at Theresienstadt concentration camp. The initiative came from her great-grandniece, Mrs. Santoro-Burckhardt, to whom we also owe the photos of Luise L\u00f6wy Fleissig and Samuel and C\u00e4cilie Fleissig.<\/p>\n\n\n<div class=\"wp-block-image is-resized\">\n<figure class=\"aligncenter size-large\"><img loading=\"lazy\" width=\"739\" height=\"1024\" src=\"https:\/\/stolpersteine-goeppingen.de\/wp-content\/uploads\/2022\/11\/Fleissig-Lowy-Louise-stehend-739x1024.jpg\" alt=\"\" class=\"wp-image-2320\" style=\"width:497px\" srcset=\"https:\/\/stolpersteine-goeppingen.de\/wp-content\/uploads\/2022\/11\/Fleissig-Lowy-Louise-stehend-739x1024.jpg 739w, https:\/\/stolpersteine-goeppingen.de\/wp-content\/uploads\/2022\/11\/Fleissig-Lowy-Louise-stehend-217x300.jpg 217w, https:\/\/stolpersteine-goeppingen.de\/wp-content\/uploads\/2022\/11\/Fleissig-Lowy-Louise-stehend-768x1064.jpg 768w, https:\/\/stolpersteine-goeppingen.de\/wp-content\/uploads\/2022\/11\/Fleissig-Lowy-Louise-stehend-1109x1536.jpg 1109w, https:\/\/stolpersteine-goeppingen.de\/wp-content\/uploads\/2022\/11\/Fleissig-Lowy-Louise-stehend-1478x2048.jpg 1478w, https:\/\/stolpersteine-goeppingen.de\/wp-content\/uploads\/2022\/11\/Fleissig-Lowy-Louise-stehend-676x936.jpg 676w, https:\/\/stolpersteine-goeppingen.de\/wp-content\/uploads\/2022\/11\/Fleissig-Lowy-Louise-stehend-scaled.jpg 1848w\" sizes=\"auto, (max-width: 739px) 100vw, 739px\" \/><figcaption class=\"wp-element-caption\">Louise L\u00f6wy Fleissig (standing), aunt<\/figcaption><\/figure>\n<\/div>\n\n\n<p>On September 19, 2012, Gunter Demnig laid a Stumbling Stone in front of the former building at Geislinger Str. 6 in memory of Wilhelm Fleissig\u2019s fate. There were no relatives who could have been invited to the ceremony.<\/p>\n\n\n<div class=\"wp-block-image\">\n<figure class=\"aligncenter size-large\"><img loading=\"lazy\" width=\"1024\" height=\"765\" src=\"http:\/\/stolpersteine-goeppingen.de\/wp-content\/uploads\/2022\/02\/Geislingerstr.-8-neu.-Das-urspruengliche-Gebaeude-wurde-abgerissen-1-1024x765.jpg\" alt=\"\" class=\"wp-image-1320\" srcset=\"https:\/\/stolpersteine-goeppingen.de\/wp-content\/uploads\/2022\/02\/Geislingerstr.-8-neu.-Das-urspruengliche-Gebaeude-wurde-abgerissen-1-1024x765.jpg 1024w, https:\/\/stolpersteine-goeppingen.de\/wp-content\/uploads\/2022\/02\/Geislingerstr.-8-neu.-Das-urspruengliche-Gebaeude-wurde-abgerissen-1-300x224.jpg 300w, https:\/\/stolpersteine-goeppingen.de\/wp-content\/uploads\/2022\/02\/Geislingerstr.-8-neu.-Das-urspruengliche-Gebaeude-wurde-abgerissen-1-768x574.jpg 768w, https:\/\/stolpersteine-goeppingen.de\/wp-content\/uploads\/2022\/02\/Geislingerstr.-8-neu.-Das-urspruengliche-Gebaeude-wurde-abgerissen-1-1536x1148.jpg 1536w, https:\/\/stolpersteine-goeppingen.de\/wp-content\/uploads\/2022\/02\/Geislingerstr.-8-neu.-Das-urspruengliche-Gebaeude-wurde-abgerissen-1-2048x1531.jpg 2048w, https:\/\/stolpersteine-goeppingen.de\/wp-content\/uploads\/2022\/02\/Geislingerstr.-8-neu.-Das-urspruengliche-Gebaeude-wurde-abgerissen-1-676x505.jpg 676w\" sizes=\"auto, (max-width: 1024px) 100vw, 1024px\" \/><figcaption class=\"wp-element-caption\">Geislingerstr. 6 today. The original house was torn down.<\/figcaption><\/figure>\n<\/div>\n\n\n<p>On November 27, 2024, Stolpersteine were laid for <a href=\"https:\/\/www.stolpersteine-nuernberg.de\/en\/familie-fleissig\" data-type=\"link\" data-id=\"https:\/\/www.stolpersteine-nuernberg.de\/en\/familie-fleissig\">Else, Wilhelmine, and Theodor Fleissig<\/a> at B\u00e4renschanzstr. 37 in Nuremberg.<\/p>\n\n\n<div class=\"wp-block-image\">\n<figure class=\"aligncenter size-full is-resized\"><img loading=\"lazy\" width=\"636\" height=\"816\" src=\"http:\/\/stolpersteine-goeppingen.de\/wp-content\/uploads\/2022\/02\/Gerhard-Kieffer2c-Zeitzeuge-4.jpg\" alt=\"\" class=\"wp-image-1318\" style=\"width:400px\" srcset=\"https:\/\/stolpersteine-goeppingen.de\/wp-content\/uploads\/2022\/02\/Gerhard-Kieffer2c-Zeitzeuge-4.jpg 636w, https:\/\/stolpersteine-goeppingen.de\/wp-content\/uploads\/2022\/02\/Gerhard-Kieffer2c-Zeitzeuge-4-234x300.jpg 234w\" sizes=\"auto, (max-width: 636px) 100vw, 636px\" \/><figcaption class=\"wp-element-caption\">Witness Gerhard Kieffer (\u2020)<\/figcaption><\/figure>\n<\/div>\n\n\n<p>We would like to thank Mr. Kieffer for sharing his memories of Wilhelm Fleissig with us. The state archives in Nuremberg kindly made photos of the family available to us. We would also like to thank Mrs. Miriam Santoro-Burckhardt for photos and further information about the family.<\/p>\n\n\n\n<p>(14.01.2026\u00a0 kmr\/ir)<\/p>\n\n\n<p><div class=\"leaflet-map WPLeafletMap\" style=\"height:450px; width:95%;\"><\/div><script>\nwindow.WPLeafletMapPlugin = window.WPLeafletMapPlugin || [];\nwindow.WPLeafletMapPlugin.push(function WPLeafletMapShortcode() {\/*<script>*\/\nvar baseUrl = atob('aHR0cHM6Ly97c30udGlsZS5vcGVuc3RyZWV0bWFwLm9yZy97en0ve3h9L3t5fS5wbmc=');\nvar base = (!baseUrl && window.MQ) ?\n    window.MQ.mapLayer() : L.tileLayer(baseUrl,\n        L.Util.extend({}, {\n            detectRetina: 1,\n        },\n        {\"subdomains\":\"abc\",\"noWrap\":false,\"maxZoom\":19}        )\n    );\n    var options = L.Util.extend({}, {\n        layers: [base],\n        attributionControl: false\n    },\n    {\"zoomControl\":true,\"scrollWheelZoom\":true,\"doubleClickZoom\":false,\"fitBounds\":false,\"minZoom\":0,\"maxZoom\":19,\"maxBounds\":null,\"attribution\":\"<a href=\\\"http:\\\/\\\/leafletjs.com\\\" title=\\\"Eine Javascript-Bibliothek f\\u00fcr interaktive Karten\\\">Leaflet<\\\/a>; \\u00a9 <a href=\\\"http:\\\/\\\/www.openstreetmap.org\\\/copyright\\\">OpenStreetMap<\\\/a> Mitwirkende\"},\n    {});\nwindow.WPLeafletMapPlugin.createMap(options).setView([48.700913606741,9.6565458668076],18);});<\/script><br \/>\n<script>\nwindow.WPLeafletMapPlugin = window.WPLeafletMapPlugin || [];\nwindow.WPLeafletMapPlugin.push(function WPLeafletMarkerShortcode() {\/*<script>*\/\nvar map = window.WPLeafletMapPlugin.getCurrentMap();\nvar group = window.WPLeafletMapPlugin.getCurrentGroup();\nvar marker_options = window.WPLeafletMapPlugin.getIconOptions({});\nvar marker = L.marker(\n    [48.700779071861,9.656110682584],\n    marker_options\n);\nvar is_image = map.is_image_map;\nif (marker_options.draggable) {\n    marker.on('dragend', function () {\n        var latlng = this.getLatLng();\n        var lat = latlng.lat;\n        var lng = latlng.lng;\n        if (is_image) {\n            console.log('leaflet-marker y=' + lat + ' x=' + lng);\n        } else {\n            console.log('leaflet-marker lat=' + lat + ' lng=' + lng);\n        }\n    });\n}\nmarker.addTo( group );\nwindow.WPLeafletMapPlugin.markers.push( marker );\n        });<\/script><\/p>\n","protected":false},"excerpt":{"rendered":"<p>Geislinger Str. 6 The following notation can be found in the residents\u2019 registration files of the G\u00f6ppingen city archives:Born: May 13, 1906, in Nuremberg, Single, Profession: Dipl. EngineerMoved from Nuremberg [&hellip;]<\/p>\n","protected":false},"author":1,"featured_media":0,"parent":118,"menu_order":16,"comment_status":"open","ping_status":"closed","template":"","meta":{"_coblocks_attr":"","_coblocks_dimensions":"","_coblocks_responsive_height":"","_coblocks_accordion_ie_support":"","ngg_post_thumbnail":0,"cybocfi_hide_featured_image":"","footnotes":"","_links_to":"","_links_to_target":""},"class_list":["post-445","page","type-page","status-publish","hentry","post-preview"],"translation":{"provider":"WPGlobus","version":"3.0.2","language":"en","enabled_languages":["de","en"],"languages":{"de":{"title":true,"content":true,"excerpt":false},"en":{"title":true,"content":true,"excerpt":false}}},"publishpress_future_action":{"enabled":false,"date":"2026-04-23 22:41:45","action":"change-status","newStatus":"draft","terms":[],"taxonomy":"","extraData":[]},"publishpress_future_workflow_manual_trigger":{"enabledWorkflows":[]},"_links":{"self":[{"href":"https:\/\/stolpersteine-goeppingen.de\/en\/wp-json\/wp\/v2\/pages\/445","targetHints":{"allow":["GET"]}}],"collection":[{"href":"https:\/\/stolpersteine-goeppingen.de\/en\/wp-json\/wp\/v2\/pages"}],"about":[{"href":"https:\/\/stolpersteine-goeppingen.de\/en\/wp-json\/wp\/v2\/types\/page"}],"author":[{"embeddable":true,"href":"https:\/\/stolpersteine-goeppingen.de\/en\/wp-json\/wp\/v2\/users\/1"}],"replies":[{"embeddable":true,"href":"https:\/\/stolpersteine-goeppingen.de\/en\/wp-json\/wp\/v2\/comments?post=445"}],"version-history":[{"count":50,"href":"https:\/\/stolpersteine-goeppingen.de\/en\/wp-json\/wp\/v2\/pages\/445\/revisions"}],"predecessor-version":[{"id":9415,"href":"https:\/\/stolpersteine-goeppingen.de\/en\/wp-json\/wp\/v2\/pages\/445\/revisions\/9415"}],"up":[{"embeddable":true,"href":"https:\/\/stolpersteine-goeppingen.de\/en\/wp-json\/wp\/v2\/pages\/118"}],"wp:attachment":[{"href":"https:\/\/stolpersteine-goeppingen.de\/en\/wp-json\/wp\/v2\/media?parent=445"}],"curies":[{"name":"wp","href":"https:\/\/api.w.org\/{rel}","templated":true}]}}