{"id":2614,"date":"2023-04-28T15:07:23","date_gmt":"2023-04-28T15:07:23","guid":{"rendered":"https:\/\/stolpersteine-goeppingen.de\/?page_id=2614"},"modified":"2023-12-21T07:18:25","modified_gmt":"2023-12-21T07:18:25","slug":"hermann-capell","status":"publish","type":"page","link":"https:\/\/stolpersteine-goeppingen.de\/en\/weissenstein-lauterstein\/hermann-capell\/","title":{"rendered":"Capell, Hermann"},"content":{"rendered":"\n<p><strong>Born on 14 August 1907 in D\u00fcren<br>Deported to Riga\/Jungfernhof on 1 December 1941 and murdered<br>Interned in Wei\u00dfenstein during November 1941<\/strong><\/p>\n\n\n\n<p>In December 1905, the town of D\u00fcren in the Rhineland had 29.771 inhabitants, 268 of whom belonged to the Israelite faith, including the Capell family. Hermann Heymann Capell was the first bearer of this name to settle in D\u00fcren. He was born in J\u00fclich in 1778 and is the great-grandfather of Hermann Capell, whose life is described here. The Capells, as far as one can assume from a founding family, belonged to the old-established in the town.<\/p>\n\n\n\n<p>Hermann Capell was born on 14 August 1907 into a world that was still quite intact for Jewish Germans, even though hatred of Jews was already being spread in writing and speech at that time. The Jewish people of D\u00fcren were often merchants, there was also a doctor among them, and in the communities of the surrounding countryside there were a few Jewish cattle dealers. Hermann&#8217;s parents were Josef Capell, born in 1880, and his wife Amalie, n\u00e9e Voos (sometimes spelled &#8216;Voss&#8217;), who was born in 1888 and came from Kerpen. The couple had been married since 1906, and the Capells&#8217; property, the inner-city house K\u00f6lnstrasse 72, had been in the Capell family since 1900.<\/p>\n\n\n<div class=\"wp-block-image\">\n<figure class=\"aligncenter size-large is-resized\"><img loading=\"lazy\" width=\"1024\" height=\"616\" src=\"https:\/\/stolpersteine-goeppingen.de\/wp-content\/uploads\/2023\/03\/Kolnstrase-in-Duren.-Quelle-StuKrADN-1024x616.jpg\" alt=\"\" class=\"wp-image-2467\" style=\"width:600px\" srcset=\"https:\/\/stolpersteine-goeppingen.de\/wp-content\/uploads\/2023\/03\/Kolnstrase-in-Duren.-Quelle-StuKrADN-1024x616.jpg 1024w, https:\/\/stolpersteine-goeppingen.de\/wp-content\/uploads\/2023\/03\/Kolnstrase-in-Duren.-Quelle-StuKrADN-300x181.jpg 300w, https:\/\/stolpersteine-goeppingen.de\/wp-content\/uploads\/2023\/03\/Kolnstrase-in-Duren.-Quelle-StuKrADN-768x462.jpg 768w, https:\/\/stolpersteine-goeppingen.de\/wp-content\/uploads\/2023\/03\/Kolnstrase-in-Duren.-Quelle-StuKrADN-1536x925.jpg 1536w, https:\/\/stolpersteine-goeppingen.de\/wp-content\/uploads\/2023\/03\/Kolnstrase-in-Duren.-Quelle-StuKrADN-2048x1233.jpg 2048w, https:\/\/stolpersteine-goeppingen.de\/wp-content\/uploads\/2023\/03\/Kolnstrase-in-Duren.-Quelle-StuKrADN-676x407.jpg 676w\" sizes=\"auto, (max-width: 1024px) 100vw, 1024px\" \/><figcaption class=\"wp-element-caption\">Picture K\u00f6lnstra\u00dfe<\/figcaption><\/figure>\n<\/div>\n\n\n<p>Hermann&#8217;s father Josef Capell had seven brothers and sisters, and it is typical of the change of generations that Josef himself had only two children: in addition to <strong>Hermann<\/strong>, his daughter <strong>Lieselotte<\/strong>, who was not born until 1919. The only record of Hermann&#8217;s childhood and youth is that he successfully completed his studies at the Protestant &#8216;Realgymnasium mit Realschule&#8217; in D\u00fcren in 1926. Based on the length of stay, one can assume that he achieved a Gymnasium degree.<\/p>\n\n\n\n<p>It is not known what Hermann Capell&#8217;s life was like in the 10 years after he left school. The business registrations of the city of D\u00fcren show that Hermann Capell registered a &#8216;paper goods wholesaler&#8217; in his parents&#8217; house on 23 October 1934. He continued the business of his father, who had been the owner of the &#8216;Papiergro\u00dfhandels Gebr. Capell&#8217; since 1912. Since D\u00fcren was a centre of paper production, the choice of the location was obvious. However, it remains an open question whether Hermann Capell would have preferred to choose an academic profession, which was later denied him by the Nazi decrees. On 31 August 1936, his father Josef Capell died, only 56 years old. A few years earlier, in March 1931, Josef had also founded a grain and feed store in the house. It is somewhat surprising that his daughter Lieselotte, who was only 12 years old, was registered as co-owner.<\/p>\n\n\n\n<p>With the beginning of the Nazi dictatorship, Jewish Germans in D\u00fcren also suffered exclusion, humiliation and potential violence. The culmination was the pogrom night of 9 to 10 November 1938, when the synagogue in D\u00fcren was also set on fire by Nazi gangs, the Jewish inhabitants were terrorised and as a result they had to give up their businesses or sell them for less than their value. 26 Jewish men from D\u00fcren were subsequently taken to the Sachsenhausen and Buchenwald concentration camps and interned there. It could not be clarified whether Hermann Capell was among them. Shortly afterwards, when it was impossible for him to continue his paper wholesale business, Hermann Capell probably left his home town and moved to Stuttgart.<\/p>\n\n\n\n<h2 class=\"wp-block-heading has-large-font-size\"><strong>Hermann Capell in Stuttgart<\/strong><\/h2>\n\n\n\n<p>Hermann&#8217;s stay in Stuttgart can only be proven indirectly, because his name does not appear in any of the address books from 1938 to 1941. However, the Stuttgart city archive has so-called &#8216;Judenlisten&#8217; (lists of Jews) which the Nazi administration had compiled. These show that Hermann Capell lived at the following addresses: Johannisstr. 51, 2nd floor, January 1939. Exactly there, in the address book of 1938, the names of four &#8216;Jewish&#8217; tenants can be found, including &#8216;Strau\u00df J. + Sohn, Woll- Fell- und Rauchwarengro\u00dfhandlung&#8217;. Had Hermann Capell found employment there as a merchant for a short time?<\/p>\n\n\n\n<p>The &#8216;Judenliste&#8217; of mid-October 1939 already shows a different address: &#8216;Capell, Hermann Israel, commercial employee, Urbanstr. 116, Eg&#8217;. Of the 13 tenants of this house, six can be identified as &#8216;Jewish&#8217; in the 1940 address book, and Willi Israel Stern, a merchant who had to work as an unskilled labourer, is registered for the ground floor. Did Hermann Capell live in his flat?<\/p>\n\n\n\n<p>Hermann could not stay long in Urbanstra\u00dfe either, the &#8216;Judenliste&#8217; from the end of December 1940 shows Werastr. 16, 2nd floor as his new address. The house belonged to the Jewish Lieblich family and according to the address book of 1941, 10 out of 12 residential entries were &#8216;Jewish&#8217;. The &#8216;Jewish house&#8217; Werastr. 16 can also be found on the document of 24.10.1941, on which 42 Jewish Stuttgart residents were listed who were to be taken to the forced residential home Schloss Wei\u00dfenstein, among them Hermann Capell &#8211; although only he came from Werastr. 16.<\/p>\n\n\n\n<h2 class=\"wp-block-heading has-large-font-size\">Interned in the forced residence Schloss Wei\u00dfenstein, murdered in Latvia<\/h2>\n\n\n\n<p>He was only 34 years old, a man and a non-Swabian, but he was an exception among the other internees. He was probably one of those who could actively assist the caretaker couple <a href=\"https:\/\/stolpersteine-goeppingen.de\/en\/weissenstein-lauterstein\/carry-isak-und-johanna-falk\/\" data-type=\"link\" data-id=\"https:\/\/stolpersteine-goeppingen.de\/en\/weissenstein-lauterstein\/carry-isak-und-johanna-falk\/\">Falk <\/a> &#8211; after all, the individual stoves had to be supplied with wood and coal in the beginning of winter. Hermann Capell&#8217;s stay in Wei\u00dfenstein Castle was short-lived, as he was already taken to Stuttgart \/ Killesberg camp at the end of November 1941 together with 16 other castle residents and deported to Riga\/Jungfernhof camp on 1 December 1941. Here Hermann Capell was murdered by the German Nazis or their Latvian auxiliaries. Whether he froze to death in the winter of 1941 \/ 42 or was shot in the Bikernieki forest in March 1942 is not known.<\/p>\n\n\n\n<h2 class=\"wp-block-heading has-large-font-size\">The fate of Lieselotte and Hans Clae\u00dfen<\/h2>\n\n\n\n<p>While Hermann lived in Stuttgart, his sister Lieselotte, who had learned the profession of a &#8216;nanny&#8217;, married <strong>Hans Clae\u00dfen<\/strong>, a merchant from Emmerich who was 15 years older. The wedding took place on 8 November 1940 in D\u00fcren, and the couple settled in Cologne, Spichernstr. 34. From Cologne they were taken to the Litzmannstadt (Lodz) concentration camp on 30 October 1941, where they were housed at Bleigasse 26 and presumably had to perform forced labour for years, hoping that their labour would guarantee their survival. On the deportation list to Litzmannstadt (facsimile?)Hans is described as a &#8216;worker&#8217;, Lieselotte as a &#8216;caretaker&#8217;. In the course of the gradual dissolution of the ghetto in June 1944, the couple was deported to the Kulmhof (Chelmo) extermination camp and murdered there.<\/p>\n\n\n\n<p>In Emmerich, in front of the house at Fischerort 8, where the Clae\u00dfen family ran a textile shop, there are Stolpersteine. They commemorate Hans, his mother <strong>Helene<\/strong>, n\u00e9e Levy, and his sister <strong>Gertrud<\/strong>, who were all murdered by the Nazis. Since <strong>Lieselotte Clae\u00dfen<\/strong>, n\u00e9e Capell had never lived in Emmerich, no memorial stone could be laid there for her either. (For the information on Emmerich we thank the &#8216;Sch\u00fcrmann &#8211; Archiv Emmerich am Rhein&#8217;.)<\/p>\n\n\n\n<h2 class=\"wp-block-heading has-large-font-size\">&#8216;Missing&#8217;: Hermann&#8217;s mother Amalie<\/h2>\n\n\n\n<p>After Hermann and Lieselotte left, the widowed <strong>Amalie Capell<\/strong> lived alone in D\u00fcren. How long could she stay in the familiar flat at K\u00f6lnstr. 72? A decisive date will have been 13 December 1940: On that day, the house and property were sold at public auction: that is, Amalie Capell had previously been forced to sell. <\/p>\n\n\n<div class=\"wp-block-image\">\n<figure class=\"aligncenter size-full is-resized\"><img loading=\"lazy\" width=\"944\" height=\"624\" src=\"https:\/\/stolpersteine-goeppingen.de\/wp-content\/uploads\/2023\/03\/image.png\" alt=\"\" class=\"wp-image-2473\" style=\"width:600px\" srcset=\"https:\/\/stolpersteine-goeppingen.de\/wp-content\/uploads\/2023\/03\/image.png 944w, https:\/\/stolpersteine-goeppingen.de\/wp-content\/uploads\/2023\/03\/image-300x198.png 300w, https:\/\/stolpersteine-goeppingen.de\/wp-content\/uploads\/2023\/03\/image-768x508.png 768w, https:\/\/stolpersteine-goeppingen.de\/wp-content\/uploads\/2023\/03\/image-676x447.png 676w\" sizes=\"auto, (max-width: 944px) 100vw, 944px\" \/><figcaption class=\"wp-element-caption\">Newspaper advertisement Westdeutscher Beobachter, 29.11.1940<br>(Source: City Archive D\u00fcren)<\/figcaption><\/figure>\n<\/div>\n\n\n<p>Could she continue to live in the house? At the end of April 1941, a forced residence for the remaining Jews in D\u00fcren was set up in the old Gerstenm\u00fchle. <\/p>\n\n\n<div class=\"wp-block-image\">\n<figure class=\"aligncenter size-large is-resized\"><img loading=\"lazy\" width=\"1024\" height=\"706\" src=\"https:\/\/stolpersteine-goeppingen.de\/wp-content\/uploads\/2023\/03\/Gerstenmuhle-in-Duren.-Quelle-StuKrADN-1024x706.jpg\" alt=\"\" class=\"wp-image-2469\" style=\"width:600px\" srcset=\"https:\/\/stolpersteine-goeppingen.de\/wp-content\/uploads\/2023\/03\/Gerstenmuhle-in-Duren.-Quelle-StuKrADN-1024x706.jpg 1024w, https:\/\/stolpersteine-goeppingen.de\/wp-content\/uploads\/2023\/03\/Gerstenmuhle-in-Duren.-Quelle-StuKrADN-300x207.jpg 300w, https:\/\/stolpersteine-goeppingen.de\/wp-content\/uploads\/2023\/03\/Gerstenmuhle-in-Duren.-Quelle-StuKrADN-768x529.jpg 768w, https:\/\/stolpersteine-goeppingen.de\/wp-content\/uploads\/2023\/03\/Gerstenmuhle-in-Duren.-Quelle-StuKrADN-1536x1059.jpg 1536w, https:\/\/stolpersteine-goeppingen.de\/wp-content\/uploads\/2023\/03\/Gerstenmuhle-in-Duren.-Quelle-StuKrADN-2048x1412.jpg 2048w, https:\/\/stolpersteine-goeppingen.de\/wp-content\/uploads\/2023\/03\/Gerstenmuhle-in-Duren.-Quelle-StuKrADN-676x466.jpg 676w\" sizes=\"auto, (max-width: 1024px) 100vw, 1024px\" \/><figcaption class=\"wp-element-caption\">Gerstenm\u00fchle in D\u00fcren (Source: City Archive D\u00fcren)<\/figcaption><\/figure>\n<\/div>\n\n\n<p>The uprooted Jews were only allowed to take a few pieces of furniture with them. According to a document from 1952, Amalie was also interned in the Gerstenm\u00fchle, then deported &#8216;to the East&#8217; in 1942. When and where to could not be clarified. Most of the Jews from D\u00fcren were taken to the Theresienstadt ghetto concentration camp in June 1942, but apparently not Amalie Capell. Unfortunately, it must be assumed that she was also murdered by the German Nazis.<\/p>\n\n\n\n<h2 class=\"wp-block-heading has-large-font-size\">Other murdered persons from Hermann Capell&#8217;s relatives<\/h2>\n\n\n\n<p><strong>On his mother&#8217;s side, the Voos family<\/strong><br><br>Hermann&#8217;s grandfather, <strong>Philipp Voos<\/strong>, born in 1856, lived in Kerpen as a widower. The old man was deported from Cologne to the concentration camp Theresienstadt on 27 July 1942, where he died on 3 December 1942, a few days before his 86th birthday, due to the murderous living conditions. <\/p>\n\n\n<div class=\"wp-block-image is-resized\">\n<figure class=\"aligncenter size-large\"><img loading=\"lazy\" width=\"721\" height=\"1024\" src=\"https:\/\/stolpersteine-goeppingen.de\/wp-content\/uploads\/2023\/03\/Voos-Philipp-Todesfallanzeige.-Quelle-holocaust.cz_-721x1024.jpg\" alt=\"\" class=\"wp-image-2468\" style=\"width:600px\" srcset=\"https:\/\/stolpersteine-goeppingen.de\/wp-content\/uploads\/2023\/03\/Voos-Philipp-Todesfallanzeige.-Quelle-holocaust.cz_-721x1024.jpg 721w, https:\/\/stolpersteine-goeppingen.de\/wp-content\/uploads\/2023\/03\/Voos-Philipp-Todesfallanzeige.-Quelle-holocaust.cz_-211x300.jpg 211w, https:\/\/stolpersteine-goeppingen.de\/wp-content\/uploads\/2023\/03\/Voos-Philipp-Todesfallanzeige.-Quelle-holocaust.cz_-768x1091.jpg 768w, https:\/\/stolpersteine-goeppingen.de\/wp-content\/uploads\/2023\/03\/Voos-Philipp-Todesfallanzeige.-Quelle-holocaust.cz_-676x960.jpg 676w, https:\/\/stolpersteine-goeppingen.de\/wp-content\/uploads\/2023\/03\/Voos-Philipp-Todesfallanzeige.-Quelle-holocaust.cz_.jpg 800w\" sizes=\"auto, (max-width: 721px) 100vw, 721px\" \/><figcaption class=\"wp-element-caption\">Death notice Philipp Voos<\/figcaption><\/figure>\n<\/div>\n\n\n<p><strong>Nathan Baum<\/strong>, born in 1883, was the widower of Hermann&#8217;s aunt Sophia, n\u00e9e Voos, his mother&#8217;s younger sister. Mr Baum, who had worked as a cattle dealer, was deported from Cologne to Minsk on 20 July 1942 and murdered in Maly Trostinec.<\/p>\n\n\n<div class=\"wp-block-image is-resized\">\n<figure class=\"aligncenter size-full\"><img loading=\"lazy\" width=\"828\" height=\"956\" src=\"https:\/\/stolpersteine-goeppingen.de\/wp-content\/uploads\/2023\/03\/Nathan-Baum-Quelle-Yad-Vashem.jpg\" alt=\"\" class=\"wp-image-2491\" style=\"width:500px\" srcset=\"https:\/\/stolpersteine-goeppingen.de\/wp-content\/uploads\/2023\/03\/Nathan-Baum-Quelle-Yad-Vashem.jpg 828w, https:\/\/stolpersteine-goeppingen.de\/wp-content\/uploads\/2023\/03\/Nathan-Baum-Quelle-Yad-Vashem-260x300.jpg 260w, https:\/\/stolpersteine-goeppingen.de\/wp-content\/uploads\/2023\/03\/Nathan-Baum-Quelle-Yad-Vashem-768x887.jpg 768w, https:\/\/stolpersteine-goeppingen.de\/wp-content\/uploads\/2023\/03\/Nathan-Baum-Quelle-Yad-Vashem-676x781.jpg 676w\" sizes=\"auto, (max-width: 828px) 100vw, 828px\" \/><figcaption class=\"wp-element-caption\">Picture Nathan Baum (Source: Yad Vashem)<\/figcaption><\/figure>\n<\/div>\n\n\n<p>After the early death of his wife Elise, n\u00e9e Wallich (Hermann&#8217;s grandm0other), Philipp Voos had married Jeanette Julie Cohen in second marriage and had four children with her. People from this branch of the family were also murdered by the Nazi regime:<\/p>\n\n\n\n<p>Hermann&#8217;s (half-) aunt <strong>Paula <\/strong>was also deported to Minsk on 20 July 1942 together with her husband <strong>Hermann Kaufmann<\/strong>; their lives ended in Maly Trostinec.<\/p>\n\n\n\n<p>Paula&#8217;s youngest brother, <strong>Heinrich (Heinz) Voos<\/strong>, born in 1896, who had remained single, was taken to the Theresienstadt ghetto concentration camp in 1942. Hermann Capell&#8217;s (half) uncle was deported from there to the Auschwitz extermination camp in September 1944.<\/p>\n\n\n\n<p><strong>On his father&#8217;s side, the Capell family<\/strong><br><br>Hermann&#8217;s eldest aunt <strong>Rosalie<\/strong>, born in 1873, lived in Dortmund with her (second) husband <strong>Sally (Salomon) Abrams<\/strong>. The couple was first taken to the Theresienstadt ghetto concentration camp in July 1942 and murdered in the Auschwitz extermination camp in May 1944. Their daughter Herta (a cousin of Hermann) must have managed to escape, because in the 1990s she filled out Yad Vashem memorial sheets for her murdered relatives.<\/p>\n\n\n\n<p><strong>Bertha (Berta) Capell<\/strong>, born in 1882, was Hermann&#8217;s youngest aunt. The unmarried woman, who had remained in D\u00fcren, fled to her death on 25 April 1941 when she was threatened with incarceration in the Gerstenm\u00fchle forced labour camp.<\/p>\n\n\n\n<p>The fate of <strong>Ludwig (Louis) Capell<\/strong>, born in 1885, Hermann&#8217;s youngest uncle, remains unknown. In 1953, the International Tracing Service in Arolsen could only provide the following information: &#8216;Deported from D\u00fcren to unknown in 1942&#8217;.<\/p>\n\n\n\n<p>(20.03.2023 kmr)<\/p>\n","protected":false},"excerpt":{"rendered":"<p>Born on 14 August 1907 in D\u00fcrenDeported to Riga\/Jungfernhof on 1 December 1941 and murderedInterned in Wei\u00dfenstein during November 1941 In December 1905, the town of D\u00fcren in the Rhineland [&hellip;]<\/p>\n","protected":false},"author":5,"featured_media":0,"parent":1841,"menu_order":5,"comment_status":"closed","ping_status":"closed","template":"","meta":{"_coblocks_attr":"","_coblocks_dimensions":"","_coblocks_responsive_height":"","_coblocks_accordion_ie_support":"","ngg_post_thumbnail":0,"cybocfi_hide_featured_image":"","footnotes":"","_links_to":"","_links_to_target":""},"class_list":["post-2614","page","type-page","status-publish","hentry","post-preview"],"translation":{"provider":"WPGlobus","version":"3.0.2","language":"en","enabled_languages":["de","en"],"languages":{"de":{"title":true,"content":true,"excerpt":false},"en":{"title":true,"content":true,"excerpt":false}}},"publishpress_future_action":{"enabled":false,"date":"2026-04-20 15:19:10","action":"change-status","newStatus":"draft","terms":[],"taxonomy":"","extraData":[]},"publishpress_future_workflow_manual_trigger":{"enabledWorkflows":[]},"_links":{"self":[{"href":"https:\/\/stolpersteine-goeppingen.de\/en\/wp-json\/wp\/v2\/pages\/2614","targetHints":{"allow":["GET"]}}],"collection":[{"href":"https:\/\/stolpersteine-goeppingen.de\/en\/wp-json\/wp\/v2\/pages"}],"about":[{"href":"https:\/\/stolpersteine-goeppingen.de\/en\/wp-json\/wp\/v2\/types\/page"}],"author":[{"embeddable":true,"href":"https:\/\/stolpersteine-goeppingen.de\/en\/wp-json\/wp\/v2\/users\/5"}],"replies":[{"embeddable":true,"href":"https:\/\/stolpersteine-goeppingen.de\/en\/wp-json\/wp\/v2\/comments?post=2614"}],"version-history":[{"count":42,"href":"https:\/\/stolpersteine-goeppingen.de\/en\/wp-json\/wp\/v2\/pages\/2614\/revisions"}],"predecessor-version":[{"id":6159,"href":"https:\/\/stolpersteine-goeppingen.de\/en\/wp-json\/wp\/v2\/pages\/2614\/revisions\/6159"}],"up":[{"embeddable":true,"href":"https:\/\/stolpersteine-goeppingen.de\/en\/wp-json\/wp\/v2\/pages\/1841"}],"wp:attachment":[{"href":"https:\/\/stolpersteine-goeppingen.de\/en\/wp-json\/wp\/v2\/media?parent=2614"}],"curies":[{"name":"wp","href":"https:\/\/api.w.org\/{rel}","templated":true}]}}