{"id":26,"date":"2021-10-21T13:33:02","date_gmt":"2021-10-21T13:33:56","guid":{"rendered":"http:\/\/stolpersteine-goeppingen.de\/?page_id=26"},"modified":"2026-02-06T17:40:50","modified_gmt":"2026-02-06T17:40:50","slug":"literatur","status":"publish","type":"page","link":"https:\/\/stolpersteine-goeppingen.de\/en\/die-initiative\/literatur\/","title":{"rendered":"Literature"},"content":{"rendered":"\n<p><strong>Local History<\/strong><\/p>\n\n\n\n<ul class=\"wp-block-list\">\n<li>Initiative Stolpersteine G\u00f6ppingen e.V.: Hier lebte&#8230; Stolpersteine in G\u00f6ppingen. Text in German und English Price: Euro 15.00 . ISBN: 978-3-933844-67-5<\/li>\n\n\n\n<li>Initiative Stolpersteine G\u00f6ppingen e.V.: &#8220;Aufkl\u00e4ren, Gedenken und Mahnen &#8211; Orte der Erinnerung an Gewalt und Verfolgung in der NS &#8211; Zeit im Landkreis G\u00f6ppingen Ein Wegweiser&#8221; (kostenfrei erh\u00e4ltlich)<\/li>\n\n\n\n<li>Baab\/Bader\/Gathmann: <a href=\"https:\/\/www.gew-bw.de\/index.php?eID=dumpFile&amp;t=f&amp;f=141490&amp;token=2a446a1dc0ed249fcc5778eec09e5e6c5a09a135&amp;sdownload=&amp;n=240125-GEW-Pogrom-gegen-die-Juden-in-Goeppingen.pdf\" target=\"_blank\" rel=\"noreferrer noopener\">Pogrom gegen die Juden in G\u00f6ppingen 9. \u2013 10. November 1938<\/a><\/li>\n\n\n\n<li>Bamberger, Naftali Bar-Giora: Der J\u00fcdische Friedhof Jebenhausen und G\u00f6ppingen. Ver\u00f6ffentlichung des Stadtarchivs G\u00f6ppingen Band 24., G\u00f6ppingen 1990<\/li>\n\n\n\n<li>G\u00f6ppingen unterm Hakenkreuz (Hrsg. Karl-Heinz Rue\u00df)<\/li>\n\n\n\n<li>Geschmay Mevorach, Anna Laura: Von der Schw\u00e4bischen Alb zur Venezianischen Lagune.<\/li>\n\n\n\n<li>Hildwein,Daniel and St\u00f6ckle, Thomas: Das Christophsbad G\u00f6ppingen. Eugenik und NS -&#8216;Euthanasie&#8217; 1933 bis 1945. Hrsg. Stadt G\u00f6ppingen 2023<\/li>\n\n\n\n<li>Liebenau-Meyer, Claudia: Lebenswege j\u00fcdischer Frauen. Lilo Guggenheim, Betty Heimann, Bertha T\u00e4nzer<\/li>\n\n\n\n<li>Liebenau-Meyer,Claudia &amp; Maier-Rubner, Klaus: Die stillen Helfer der Familie Frankfurter. Emilie Eisele, Carl Schlecht<\/li>\n\n\n\n<li>Maier-Rubner, Klaus: Die Buntweberei Gebr. Frankfurter. Die Arisierung des Unternehmens und das Schicksal der Familie Frankfurter<\/li>\n\n\n\n<li>Mayer, Hans: Die Familie Bernheimer und der G\u00f6ppinger Kr\u00e4utergeist &#8220;Borato&#8221;. (Hrsg. Stadtarchiv G\u00f6ppingen)<\/li>\n\n\n\n<li>Rue\u00df, Karl-Heinz: Die Deportation der G\u00f6ppinger Juden<\/li>\n\n\n\n<li>Rue\u00df, Karl-Heinz: &#8220;Was in Paris geschah, das habt ihr zu b\u00fc\u00dfen!&#8221; Die Pogromnacht in G\u00f6ppingen<\/li>\n\n\n\n<li>Rue\u00df, Karl-Heinz, Marcus Zecha (Hrsg.): Mutige Christen im NS-Staat<\/li>\n\n\n\n<li>Rue\u00df, Karl-Heinz: &#8216;Die Baumwollspinnerei und -weberei Gutmann in G\u00f6ppingen &#8211; der Zwangsverkauf an die Kolb &amp; Sch\u00fcle AG in Kirchheim u.T. und die R\u00fcckerstattung&#8217;&nbsp; &#8211;&nbsp; Enthalten in: &#8216;Ausgrenzung, Raub, Vernichtung&#8217; (Seiten 315 ff. ) ISBN 978-3-945414-69-9<\/li>\n\n\n\n<li>Seischab, Steffen: &#8220;Schwierige T\u00f6chter: &#8216;Arisierte&#8217; Unternehmen und ihre neuen Herren 1938-1945. Eine Fallstudie zu Abraham Gutmann &amp; Co. G\u00f6ppingen&#8221;&nbsp; &nbsp;&#8211;&nbsp; Enthalten in Hohenstaufen\/Helfenstein: Historisches Jahrbuch f\u00fcr den Kreis G\u00f6ppingen von Lang, Stefan u.a. ( Seiten 173-196) ISBN: 978-3-87437-593-1.<\/li>\n\n\n\n<li>St\u00f6ckle, Thomas: Die &#8220;Aktion T4&#8221; und die Heilanstalt Christophsbad in G\u00f6ppingen \u201eDie Vernichtung lebensunwerten Lebens in den Jahren 1940\/ 41\u201c (Untertitel) . Sie ist im Stadtarchiv und Buchhandel erh\u00e4ltlich (ISBN 978-3-933844-65-1).<\/li>\n\n\n\n<li>T\u00e4nzer, Aron: Die Geschichte der Juden in Jebenhausen und G\u00f6ppingen. Neu herausgegeben von Karl-Heinz Rue\u00df, Wei\u00dfenhorn 1988.<\/li>\n\n\n\n<li>Werle, Gerhard \/ Wandres, Thomas: Auschwitz vor Gericht. Das Urteil gegen Dr. Victor Capesius.<\/li>\n<\/ul>\n\n\n\n<p>The named Books are in German Language and available at <a href=\"https:\/\/www.goeppingen.de\/start\/erleben\/stadtarchiv.html\">Stadtarchiv G\u00f6ppingen<\/a>.<br><br><strong>Publications of the Jewish Museum<\/strong> from the lecture series &#8220;Dialogue in the Museum&#8221; can also be found in the <a href=\"https:\/\/www.edjewnet.de\/forschungsarbeiten_veroeffentlichungen.htm\" data-type=\"link\" data-id=\"https:\/\/www.edjewnet.de\/forschungsarbeiten_veroeffentlichungen.htm\">download section<\/a>.<\/p>\n\n\n\n<p><strong>Further Local History Literature<\/strong><\/p>\n\n\n\n<ul class=\"wp-block-list\">\n<li>Auerbacher, Inge: Ich bin ein Stern. Beltz, Gulliver Taschenbuch 949<\/li>\n\n\n\n<li>Buchholz, Christian (Hrsg.): Deine Tr\u00e4nen sind auch meine &#8230; Briefe aus der Todeszelle von Adolf Zanker. Manuela Kinzel Verlag<\/li>\n\n\n\n<li>Eberhardt, Sybille: ,,Als das Boot zur Galeere wurde&#8221;, 503 Seiten, Manuela Kinzel Verlag, ISBN: 978-395544-100-5 , 19 Euro<\/li>\n\n\n\n<li>Eberhardt, Sybille: ,,Was ist dir widerfahren, Isaak&#8221;, Manuela Kinzel Verlag, ISBN: 978-3-95544-145-6 , 16,90 Euro<\/li>\n\n\n\n<li>Hurst, Sylvia: Laugh or Cry (Biografie der Familie Fleischer)<\/li>\n\n\n\n<li>Netter, Edith: The House at Schumannstrasse 7, ISBN 978-1-63381-457-8<\/li>\n\n\n\n<li>Schmidt, Gilya Gerda: S\u00fcssen is now free of Jews. World War II, the Holocaust, and rural Judaism. Fordham University Press, New York 2012<\/li>\n\n\n\n<li><a href=\"https:\/\/www.lbi.org\/digibaeck\/results\/?term=Aron%20Taenzer&amp;qtype=basic&amp;dtype=any&amp;filter=All&amp;paging=25\">Aron T\u00e4nzer @ Leo Baeck Institute<\/a><\/li>\n\n\n\n<li>W\u00fcrfel, Maria: &#8220;Die j\u00fcdischen Gemeinden von Jebenhausen und G\u00f6ppingen im Unterricht. Materialien und Anregungen.&#8221; Ver\u00f6ffentlichung des Stadtarchiv G\u00f6ppingen. ISBN: 978-3-933844-63-7<\/li>\n<\/ul>\n\n\n\n<p><strong>Movie: <\/strong>\u201eAlle Juden raus\u201c (&#8216;All Jews out&#8217;) Directed by Emanuel Rund. (The focus is on the pogrom of 1938 in which the G\u00f6ppingen synagogue was destroyed).<\/p>\n\n\n\n<p><em>The film can be rented at the Kreismedienzentrum G\u00f6ppingen.<\/em><\/p>\n","protected":false},"excerpt":{"rendered":"<p>Local History The named Books are in German Language and available at Stadtarchiv G\u00f6ppingen. Publications of the Jewish Museum from the lecture series &#8220;Dialogue in the Museum&#8221; can also be [&hellip;]<\/p>\n","protected":false},"author":1,"featured_media":0,"parent":10,"menu_order":5,"comment_status":"closed","ping_status":"closed","template":"","meta":{"_coblocks_attr":"","_coblocks_dimensions":"","_coblocks_responsive_height":"","_coblocks_accordion_ie_support":"","ngg_post_thumbnail":0,"cybocfi_hide_featured_image":"","footnotes":"","_links_to":"","_links_to_target":""},"class_list":["post-26","page","type-page","status-publish","hentry","post-preview"],"translation":{"provider":"WPGlobus","version":"3.0.2","language":"en","enabled_languages":["de","en"],"languages":{"de":{"title":true,"content":true,"excerpt":false},"en":{"title":true,"content":true,"excerpt":false}}},"publishpress_future_action":{"enabled":false,"date":"2026-04-10 20:28:16","action":"change-status","newStatus":"draft","terms":[],"taxonomy":"","extraData":[]},"publishpress_future_workflow_manual_trigger":{"enabledWorkflows":[]},"_links":{"self":[{"href":"https:\/\/stolpersteine-goeppingen.de\/en\/wp-json\/wp\/v2\/pages\/26","targetHints":{"allow":["GET"]}}],"collection":[{"href":"https:\/\/stolpersteine-goeppingen.de\/en\/wp-json\/wp\/v2\/pages"}],"about":[{"href":"https:\/\/stolpersteine-goeppingen.de\/en\/wp-json\/wp\/v2\/types\/page"}],"author":[{"embeddable":true,"href":"https:\/\/stolpersteine-goeppingen.de\/en\/wp-json\/wp\/v2\/users\/1"}],"replies":[{"embeddable":true,"href":"https:\/\/stolpersteine-goeppingen.de\/en\/wp-json\/wp\/v2\/comments?post=26"}],"version-history":[{"count":45,"href":"https:\/\/stolpersteine-goeppingen.de\/en\/wp-json\/wp\/v2\/pages\/26\/revisions"}],"predecessor-version":[{"id":9557,"href":"https:\/\/stolpersteine-goeppingen.de\/en\/wp-json\/wp\/v2\/pages\/26\/revisions\/9557"}],"up":[{"embeddable":true,"href":"https:\/\/stolpersteine-goeppingen.de\/en\/wp-json\/wp\/v2\/pages\/10"}],"wp:attachment":[{"href":"https:\/\/stolpersteine-goeppingen.de\/en\/wp-json\/wp\/v2\/media?parent=26"}],"curies":[{"name":"wp","href":"https:\/\/api.w.org\/{rel}","templated":true}]}}