{"id":1952,"date":"2023-05-12T07:19:03","date_gmt":"2023-05-12T07:19:03","guid":{"rendered":"http:\/\/stolpersteine-goeppingen.de\/?page_id=1952"},"modified":"2024-01-03T15:22:03","modified_gmt":"2024-01-03T15:22:03","slug":"boss-berta","status":"publish","type":"page","link":"https:\/\/stolpersteine-goeppingen.de\/en\/weissenstein-lauterstein\/boss-berta\/","title":{"rendered":"Boss, Berta, n\u00e9e Heimann"},"content":{"rendered":"\n<p><strong>Born on 22.01.1872 in Laurah\u00fctte (Polish: Huta Laura)<br>Deported to the Treblinka extermination camp on 26.09.1942 and murdered there<br>Interned in Wei\u00dfenstein in February 1942<\/strong><\/p>\n\n\n\n<p>Berta Boss, n\u00e9e Heimann was born  into a Jewish family in what was then Upper Silesia . Her parents were Emma, n\u00e9e Cohn and the forwarding agent Wilhelm Heimann. Berta had at least two siblings. The Heimann family lived in Siemianovitz, the neighboring village of Laurah\u00fctte. It is not known whether Berta received professional training as a young woman; after her marriage she worked with her husband as a businesswoman.<\/p>\n\n\n\n<p>Berta moved to Stuttgart before 1900, when exactly and from where could not be clarified. At the beginning of July 1900, she then moved to Munich, where she worked as a &#8216;Ladnerin&#8217;. In Munich she probably met her future husband, the merchant Josef Boss, who had been living in that city since September 1900. However, the couple wanted to start a future together in Offenburg \/ Baden, where Josef was registered from October 1902.<\/p>\n\n\n\n<p><strong>Josef Boss<\/strong> also came from Upper Silesia, he was born on August 21, 1868 in Z\u00fclz (Polish: Biala) as the son of Ernestine, n\u00e9e Breslauer and Adolf Boss. His birthplace Z\u00fclz was part of a regionally radiating Jewish tradition.<\/p>\n\n\n\n<p>Berta and Josef&#8217;s wedding took place on February 24, 1903 in Strasbourg \/ Alsace, where Josef Boss&#8217; brother, Dr. Siegfried Boss lived and practiced medicine. Their three children were then born in Offenburg: <strong>Adolf <\/strong>on March 22, 1903, <strong>Edith <\/strong>on November 16, 1904, and <strong>Erwin <\/strong>on February 12, 1906.<\/p>\n\n\n\n<p>On May 31, 1910, the family moved to Villingen, where Berta and Josef opened a ladies&#8217; and girls&#8217; clothing store at Obere Str. 1. Heinrich Schidelko of the association &#8216;Pro Stolpersteine Villingen-Schwenningen&#8217; has determined the following about the Boss department store:<br><em>&#8220;It was with its 8 &#8211; 10 employees one of the large department stores in the city, which attracted attention in the daily newspaper of the time, the Villinger Volksblatt, at the end of the twenties with very large advertisements or special campaigns. For example, on a Saturday or Sunday from 3 to 6 p.m., the citizens of Villingen were invited to a spring concert from the historic bay window. A brass band played upstairs and the windows were opened for this purpose &#8211; downstairs the citizens listened. There was also at least once an open Sunday at the Boss department store, as could be read in the Villinger Volksblatt.&#8221;<\/em><\/p>\n\n\n<div class=\"wp-block-image\">\n<figure class=\"aligncenter size-large is-resized\"><img loading=\"lazy\" width=\"1024\" height=\"619\" src=\"https:\/\/stolpersteine-goeppingen.de\/wp-content\/uploads\/2023\/11\/Villingen-Obere-Str.-Kaufhaus.-Boss.ausgeschn.-Quelle-Stadtarchiv-V-S-1024x619.jpg\" alt=\"\" class=\"wp-image-5158\" style=\"width:600px\" srcset=\"https:\/\/stolpersteine-goeppingen.de\/wp-content\/uploads\/2023\/11\/Villingen-Obere-Str.-Kaufhaus.-Boss.ausgeschn.-Quelle-Stadtarchiv-V-S-1024x619.jpg 1024w, https:\/\/stolpersteine-goeppingen.de\/wp-content\/uploads\/2023\/11\/Villingen-Obere-Str.-Kaufhaus.-Boss.ausgeschn.-Quelle-Stadtarchiv-V-S-300x181.jpg 300w, https:\/\/stolpersteine-goeppingen.de\/wp-content\/uploads\/2023\/11\/Villingen-Obere-Str.-Kaufhaus.-Boss.ausgeschn.-Quelle-Stadtarchiv-V-S-768x464.jpg 768w, https:\/\/stolpersteine-goeppingen.de\/wp-content\/uploads\/2023\/11\/Villingen-Obere-Str.-Kaufhaus.-Boss.ausgeschn.-Quelle-Stadtarchiv-V-S-676x409.jpg 676w, https:\/\/stolpersteine-goeppingen.de\/wp-content\/uploads\/2023\/11\/Villingen-Obere-Str.-Kaufhaus.-Boss.ausgeschn.-Quelle-Stadtarchiv-V-S.jpg 1209w\" sizes=\"auto, (max-width: 1024px) 100vw, 1024px\" \/><figcaption class=\"wp-element-caption\">Boss department store, Villingen, Obere Stra\u00dfe (Source: Villingen-Schwenningen town archives)<\/figcaption><\/figure>\n<\/div>\n\n\n<p>Even though Berta was now &#8216;at home&#8217; in southern Germany, she must still have had a connection to the region of her birth. When in the spring of 1921 a referendum was called on the national status of Upper Silesian territories, she traveled to her native town as one of five citizens from Villingen in order to be able to participate in the vote on the spot. It may be assumed that she voted for the region to remain in the German Reich.<\/p>\n\n\n\n<p>Berta and Josef Boss were considered by business partners and neighbors to be capable and personally modest businessmen. However, the economic crisis at the end of the 1920s \/ beginning of the 1930s put a strain on their business, which was initially doing well. In addition, loans for the remodeling of the business building, which had taken place in the second half of the 1920s, had to be paid off.<\/p>\n\n\n\n<p>The 1930s initially brought good news for Berta: Her eldest son Adolf had successfully completed his medical studies in Freiburg and worked as a doctor at the Virchow Hospital in Berlin. Here he married in 1930 Josefine Stapenhorst, a fashion designer three years his junior, who came from a non-Jewish Protestant family. And on October 28, 1932, Berta&#8217;s first grandchild was born: Valentin Josef Boss. <\/p>\n\n\n<div class=\"wp-block-image is-resized\">\n<figure class=\"aligncenter size-full\"><img loading=\"lazy\" width=\"1025\" height=\"651\" src=\"http:\/\/stolpersteine-goeppingen.de\/wp-content\/uploads\/2022\/09\/Adolf-und-Valentin-Boss.jpg\" alt=\"\" class=\"wp-image-2087\" style=\"width:600px\" srcset=\"https:\/\/stolpersteine-goeppingen.de\/wp-content\/uploads\/2022\/09\/Adolf-und-Valentin-Boss.jpg 1025w, https:\/\/stolpersteine-goeppingen.de\/wp-content\/uploads\/2022\/09\/Adolf-und-Valentin-Boss-300x191.jpg 300w, https:\/\/stolpersteine-goeppingen.de\/wp-content\/uploads\/2022\/09\/Adolf-und-Valentin-Boss-768x488.jpg 768w, https:\/\/stolpersteine-goeppingen.de\/wp-content\/uploads\/2022\/09\/Adolf-und-Valentin-Boss-676x429.jpg 676w\" sizes=\"auto, (max-width: 1025px) 100vw, 1025px\" \/><figcaption class=\"wp-element-caption\">Adolf and Valentin Boss<\/figcaption><\/figure>\n<\/div>\n\n<div class=\"wp-block-image is-resized\">\n<figure class=\"aligncenter size-full\"><img loading=\"lazy\" width=\"615\" height=\"926\" src=\"http:\/\/stolpersteine-goeppingen.de\/wp-content\/uploads\/2022\/09\/Josephine_Boss.jpg\" alt=\"\" class=\"wp-image-2088\" style=\"width:500px\" srcset=\"https:\/\/stolpersteine-goeppingen.de\/wp-content\/uploads\/2022\/09\/Josephine_Boss.jpg 615w, https:\/\/stolpersteine-goeppingen.de\/wp-content\/uploads\/2022\/09\/Josephine_Boss-199x300.jpg 199w\" sizes=\"auto, (max-width: 615px) 100vw, 615px\" \/><figcaption class=\"wp-element-caption\">Josefine Boss<\/figcaption><\/figure>\n<\/div>\n\n\n<p>Berta&#8217;s daughter Edith also found a spouse: In October 1934 she married the mechanical engineer Karl Seufert, who was born in 1898 in Durlach \/ Karlsruhe into a Protestant family. Karl was an opponent of National Socialism and marrying a &#8216;Jewess&#8217; was probably also an expression of his political stance. Edith and Karl, who had lived together in Karlsruhe since 1935, had a child, but their daughter, who was to receive her mother&#8217;s first name, died shortly after birth in 1936.<\/p>\n\n\n<div class=\"wp-block-image is-resized\">\n<figure class=\"aligncenter size-full\"><img loading=\"lazy\" width=\"1005\" height=\"698\" src=\"https:\/\/stolpersteine-goeppingen.de\/wp-content\/uploads\/2023\/05\/grafik.png\" alt=\"\" class=\"wp-image-3036\" style=\"width:600px\" srcset=\"https:\/\/stolpersteine-goeppingen.de\/wp-content\/uploads\/2023\/05\/grafik.png 1005w, https:\/\/stolpersteine-goeppingen.de\/wp-content\/uploads\/2023\/05\/grafik-300x208.png 300w, https:\/\/stolpersteine-goeppingen.de\/wp-content\/uploads\/2023\/05\/grafik-768x533.png 768w, https:\/\/stolpersteine-goeppingen.de\/wp-content\/uploads\/2023\/05\/grafik-676x470.png 676w\" sizes=\"auto, (max-width: 1005px) 100vw, 1005px\" \/><figcaption class=\"wp-element-caption\">Identity card Edith Seufert<\/figcaption><\/figure>\n<\/div>\n\n\n<p>The Nazi dictatorship intervened in all areas of Berta&#8217;s family&#8217;s life. Heinrich Schidelko writes about the aggravated economic situation of the Villingen department store:<br><em>&#8220;When then at the time of National Socialism the harassment, restrictions and threats became greater and greater, the number of customers declined sharply. So he ( = Josef Boss, kmr) and his wife Berta had to give up the business in November 1935. He sold the house below value and moved to Stuttgart in March 1936.&#8221;<\/em><\/p>\n\n\n\n<p>Berta, Josef and later Erwin Boss lived in Stuttgart first in Reinsburgstr. 185 in the 1939 address book one finds the entry of &#8216;Boss, Josef Privatier&#8217; as a tenant in Scharnhorststr. 19 (since 1946: Rathenaustra\u00dfe), which is located in the Wei\u00dfenhofsiedlung. According to Nazi criteria, the owner of the house and his fellow tenants were &#8216;Aryan&#8217;; the entries in the Stuttgart address book of 1940 do not include the additional compulsory first names, &#8216;Sara&#8217; and &#8216;Israel&#8217;, which Jewish Germans had to bear.<\/p>\n\n\n\n<p>December 22, 1939 will have been a sad date in Berta&#8217;s life, as her husband Josef died at the age of 71 in Stuttgart&#8217;s Marienhospital. He was buried in Stuttgart&#8217;s Prague Cemetery, where the family grave still exists today.<\/p>\n\n\n<div class=\"wp-block-image is-resized\">\n<figure class=\"aligncenter size-large\"><img loading=\"lazy\" width=\"692\" height=\"1024\" src=\"https:\/\/stolpersteine-goeppingen.de\/wp-content\/uploads\/2023\/11\/Grab-617Josef-Boss-und-Familie-auf-dem-Stuttgarter-Pragfriedhof-692x1024.jpg\" alt=\"\" class=\"wp-image-5157\" style=\"width:500px\" srcset=\"https:\/\/stolpersteine-goeppingen.de\/wp-content\/uploads\/2023\/11\/Grab-617Josef-Boss-und-Familie-auf-dem-Stuttgarter-Pragfriedhof-692x1024.jpg 692w, https:\/\/stolpersteine-goeppingen.de\/wp-content\/uploads\/2023\/11\/Grab-617Josef-Boss-und-Familie-auf-dem-Stuttgarter-Pragfriedhof-203x300.jpg 203w, https:\/\/stolpersteine-goeppingen.de\/wp-content\/uploads\/2023\/11\/Grab-617Josef-Boss-und-Familie-auf-dem-Stuttgarter-Pragfriedhof-768x1136.jpg 768w, https:\/\/stolpersteine-goeppingen.de\/wp-content\/uploads\/2023\/11\/Grab-617Josef-Boss-und-Familie-auf-dem-Stuttgarter-Pragfriedhof-1038x1536.jpg 1038w, https:\/\/stolpersteine-goeppingen.de\/wp-content\/uploads\/2023\/11\/Grab-617Josef-Boss-und-Familie-auf-dem-Stuttgarter-Pragfriedhof-1384x2048.jpg 1384w, https:\/\/stolpersteine-goeppingen.de\/wp-content\/uploads\/2023\/11\/Grab-617Josef-Boss-und-Familie-auf-dem-Stuttgarter-Pragfriedhof-676x1000.jpg 676w, https:\/\/stolpersteine-goeppingen.de\/wp-content\/uploads\/2023\/11\/Grab-617Josef-Boss-und-Familie-auf-dem-Stuttgarter-Pragfriedhof-scaled.jpg 1731w\" sizes=\"auto, (max-width: 692px) 100vw, 692px\" \/><\/figure>\n<\/div>\n\n\n<p>Presumably, after Josef&#8217;s death, Berta&#8217;s daughter Edith Seufert moved to Stuttgart. From the address book of 1941 it can be seen that &#8220;Bo\u00df, Berta Sara We&#8221; initially continued to live at the previous address. In the course of 1941, however, the widow was evicted from her apartment in Scharnhorststrasse and had to move to Stuttgart&#8217;s Wannenstr. 16, a house that belonged to the Jewish lawyer <a href=\"https:\/\/www.stolpersteine-stuttgart.de\/index.php?docid=52&amp;mid=30\" data-type=\"URL\" data-id=\"https:\/\/www.stolpersteine-stuttgart.de\/index.php?docid=52&amp;mid=30\">Dr. Robert Mainzer and his wife Helene<\/a>.<\/p>\n\n\n\n<p>However, this was preceded by a catastrophe in Berta&#8217;s life: On December 1, 1941, her adult children Erwin Boss and Edith Seufert were deported from Stuttgart to Riga, where they initially had to live in the ghetto &#8211; subcamp Jungfernhof under life-threatening conditions.<\/p>\n\n\n<div class=\"wp-block-image is-resized\">\n<figure class=\"aligncenter size-large\"><img loading=\"lazy\" width=\"784\" height=\"1024\" src=\"https:\/\/stolpersteine-goeppingen.de\/wp-content\/uploads\/2023\/11\/Edith-Boss-784x1024.jpg\" alt=\"\" class=\"wp-image-5156\" style=\"width:500px\" srcset=\"https:\/\/stolpersteine-goeppingen.de\/wp-content\/uploads\/2023\/11\/Edith-Boss-784x1024.jpg 784w, https:\/\/stolpersteine-goeppingen.de\/wp-content\/uploads\/2023\/11\/Edith-Boss-230x300.jpg 230w, https:\/\/stolpersteine-goeppingen.de\/wp-content\/uploads\/2023\/11\/Edith-Boss-768x1003.jpg 768w, https:\/\/stolpersteine-goeppingen.de\/wp-content\/uploads\/2023\/11\/Edith-Boss-1176x1536.jpg 1176w, https:\/\/stolpersteine-goeppingen.de\/wp-content\/uploads\/2023\/11\/Edith-Boss-1568x2048.jpg 1568w, https:\/\/stolpersteine-goeppingen.de\/wp-content\/uploads\/2023\/11\/Edith-Boss-676x883.jpg 676w, https:\/\/stolpersteine-goeppingen.de\/wp-content\/uploads\/2023\/11\/Edith-Boss-scaled.jpg 1960w\" sizes=\"auto, (max-width: 784px) 100vw, 784px\" \/><figcaption class=\"wp-element-caption\">Edith Seufert, n\u00e9e Boss in her younger years<\/figcaption><\/figure>\n<\/div>\n\n\n<p>Was the deportation also the reason that their mother was forced out of her familiar home? From around the same time, namely from October \/ November 1941, a short film has been preserved about the so-called &#8216;Judenladen&#8217;, which was set up in April 1941 at Seestra\u00dfe 39 in Stuttgart. Contemporary witnesses also recognized Berta Boss in this film. Unfortunately, this knowledge was lost, so that we do not have a picture of Berta Boss.<\/p>\n\n\n\n<p>About the background of the &#8216;Judenladen&#8217; Maria Zelzer writes in her book &#8216;Wege und Schicksal der Stuttgarter Juden&#8217;:<br><em>&#8220;Any food, the farmed and the free, could only be bought in Judenladen, violators were threatened with concentration camp. After the Jews had to wear the star since September 1941, they were no longer allowed to use streetcars. So someone from Bad Cannstatt or Vaihingen had to walk to Seestra\u00dfe for a loaf of bread, and it could happen that he was brusquely turned away because the goods were not there.&#8221;<\/em><\/p>\n\n\n\n<p>Berta&#8217;s Stuttgart home addresses were not extremely far from the &#8216;Judenladen&#8217;, but just walking there as a &#8216;Sterntr\u00e4gerin&#8217; must have been a gauntlet for her.<\/p>\n\n\n\n<p>A list dated February 7, 1942 contains the names of Berta Boss and four other Jewish women from Stuttgart who were to be transferred to the forced residential home in Wei\u00dfenstein Castle in the district of G\u00f6ppingen. It is not known exactly when the Nazi authorities implemented this plan, but it was probably within a week of the date mentioned. A total of fifteen Stuttgart Jews arrived at the beginning of February 1942 in the neglected castle, which had functioned as a forced residential home since November 1941. After this influx, a total of 41 senior citizens were in the home, and the situation became cramped. Whether and if so to what extent Berta Boss was able to take furniture and furnishings with her to Wei\u00dfenstein is not clear from the restitution files. Berta Boss lived at the Wei\u00dfenstein castle for just under seven months. <\/p>\n\n\n\n<p>On August 20, 1942, she and 26 other residents were transferred to the Killesberg camp in Stuttgart. After two terribly endured days and nights, the approximately 1000 Jews were taken by train to the Theresienstadt concentration camp ghetto. Here, the 70-year-old Berta Boss lived for about a month; on September 26, she was deported to the Treblinka extermination camp, where she was murdered.<\/p>\n\n\n\n<p>As mentioned above, two of her children also fell into the clutches of the Nazis. Edith Seufert, n\u00e9e Boss is quoted in a restitution file from October 1948:<br><em>&#8220;My brother <strong>Erwin <\/strong>and I were deported to Riga on December 1, 1941. He then died about four weeks later in the Salaspils camp.&#8221;<\/em><\/p>\n\n\n\n<p>The fate of Berta&#8217;s oldest child, Adolf Boss is just as terrible as that of his younger brother. <strong>Dr. Adolf Boss<\/strong>, a physician and communist who lived in Berlin, had fled Nazi Germany with his wife and child as early as 1933 and eventually traveled to the USSR in 1934 to work in his profession as a doctor. In 1938 he fell into the clutches of the Stalinist secret service and was sentenced to a stay in a penal camp. After another trial he was shot in 1942. <a href=\"https:\/\/stolpersteine-goeppingen.de\/wp-content\/uploads\/2022\/09\/Josephine_Boss_C-Tischler.pdf\">Adolf&#8217;s wife Josefine was able to leave the Soviet Union with their son Valentin after many difficulties.<\/a><\/p>\n\n\n\n<p>Berta&#8217;s daughter <strong>Edith<\/strong>, married Seufert had the improbable luck to survive the concentration camp ordeals, on January 26, 1945 she was liberated in the concentration camp Thorn near Danzig. When she returned to Germany, she found no home, for her husband Karl Seufert was also no longer alive. He had already died in a field hospital in Warsaw in August 1942. Karl had had to separate from Edith under duress, because as soon as his employers learned that he was married to a &#8216;Jewess&#8217;, he was dismissed. His forced professional odyssey ended only in March 1941, when he found employment with the Wehrmacht. The fact that Edith, who was married to a German &#8216;Aryan&#8217; (&#8216;privileged mixed marriage&#8217;), was deported during his lifetime is an extraordinary hardship and indicates that the Nazis specifically wanted to &#8216;punish&#8217; Karl Seufert, an opponent of the regime, and his wife.<\/p>\n\n\n\n<p>After the liberation, Edith Seufert lived in a camp for &#8216;displaced people&#8217; in Stuttgart-Degerloch until 1948. In September 1949 she married the self-employed businessman Willi Steinmetz and lived with him in Frankfurt am Main until March 1959. The couple chose the town of Garmisch-Partenkirchen as their retirement home. But after only two years, Edith became a widow again. Edith Steinmetz, n\u00e9e Boss, widowed Seufert died on May 18, 1974 after a long illness in the district hospital of Garmisch-Partenkirchen.<\/p>\n\n\n\n<p>Berta&#8217;s daughter-in-law Josefine Boss first lived in England with Berta&#8217;s grandson Valentin, and in 1959 they emigrated to Canada. Valentin Josef Boss became a professor at Mc Gill University in Montreal, the city where he died in 2015. His only child, Berta&#8217;s great-granddaughter Sylvia Boss also lives in Canada.<\/p>\n\n\n\n<p>From the immediate Boss family were murdered in the Shoah: Berta&#8217;s brother-in-law <strong>Dr. Siegfried Boss<\/strong>, who fled to his death. His widow Klara Boss, n\u00e9e Selten was imprisoned in the Theresienstadt concentration camp at the same time as Berta, where she died on January 12, 1943.<\/p>\n\n\n\n<p><strong>Alma Hirschfeld<\/strong>, a half-sister of Berta&#8217;s husband Josef was murdered in the Auschwitz death camp in January 1943.<\/p>\n\n\n\n<p>Victims from the Heimann family are Berta&#8217;s brother <strong>Leo Heimann<\/strong>, he died violently on December 18, 1944 in the Gro\u00df Rosen concentration camp. Berta&#8217;s sister <strong>Else Glaser<\/strong>, n\u00e9e Heimann, nine years younger, was deported to the Auschwitz death camp on June 29, 1942, together with her husband Emanuel.<\/p>\n\n\n\n<p>Since 20 October 2021 there are Stolpersteine in front of the house Obere Str. 1 in Villingen in memory of Berta, Josef, Adolf, Erwin and Edith Boss.<\/p>\n\n\n<div class=\"wp-block-image\">\n<figure class=\"aligncenter size-large is-resized\"><img loading=\"lazy\" width=\"1024\" height=\"678\" src=\"http:\/\/stolpersteine-goeppingen.de\/wp-content\/uploads\/2022\/09\/Stolpersteine-fur-die-Familie-Boss-in-Villingen-1024x678.jpg\" alt=\"\" class=\"wp-image-2093\" style=\"width:600px\" srcset=\"https:\/\/stolpersteine-goeppingen.de\/wp-content\/uploads\/2022\/09\/Stolpersteine-fur-die-Familie-Boss-in-Villingen-1024x678.jpg 1024w, https:\/\/stolpersteine-goeppingen.de\/wp-content\/uploads\/2022\/09\/Stolpersteine-fur-die-Familie-Boss-in-Villingen-300x199.jpg 300w, https:\/\/stolpersteine-goeppingen.de\/wp-content\/uploads\/2022\/09\/Stolpersteine-fur-die-Familie-Boss-in-Villingen-768x509.jpg 768w, https:\/\/stolpersteine-goeppingen.de\/wp-content\/uploads\/2022\/09\/Stolpersteine-fur-die-Familie-Boss-in-Villingen-1536x1018.jpg 1536w, https:\/\/stolpersteine-goeppingen.de\/wp-content\/uploads\/2022\/09\/Stolpersteine-fur-die-Familie-Boss-in-Villingen-2048x1357.jpg 2048w, https:\/\/stolpersteine-goeppingen.de\/wp-content\/uploads\/2022\/09\/Stolpersteine-fur-die-Familie-Boss-in-Villingen-676x448.jpg 676w\" sizes=\"auto, (max-width: 1024px) 100vw, 1024px\" \/><figcaption class=\"wp-element-caption\">Stumbling Stones Family Boss<\/figcaption><\/figure>\n<\/div>\n\n\n<p>Our text is based on the thorough preparatory work of members of the <a href=\"https:\/\/pro-stolpersteine-vs.de\/\">Initiative Pro-Stolpersteine Villingen Schwenningen e.V<\/a>. . We also owe them the photos of Edith, Adolf, Valentin and Josefine Boss.<\/p>\n\n\n\n<p>(10.05.2023 kmr)<\/p>\n\n\n<p><div class=\"leaflet-map WPLeafletMap\" style=\"height:450px; width:95%;\"><\/div><script>\nwindow.WPLeafletMapPlugin = window.WPLeafletMapPlugin || [];\nwindow.WPLeafletMapPlugin.push(function WPLeafletMapShortcode() {\/*<script>*\/\nvar baseUrl = atob('aHR0cHM6Ly97c30udGlsZS5vcGVuc3RyZWV0bWFwLm9yZy97en0ve3h9L3t5fS5wbmc=');\nvar base = (!baseUrl && window.MQ) ?\n    window.MQ.mapLayer() : L.tileLayer(baseUrl,\n        L.Util.extend({}, {\n            detectRetina: 1,\n        },\n        {\"subdomains\":\"abc\",\"noWrap\":false,\"maxZoom\":19}        )\n    );\n    var options = L.Util.extend({}, {\n        layers: [base],\n        attributionControl: false\n    },\n    {\"zoomControl\":true,\"scrollWheelZoom\":true,\"doubleClickZoom\":false,\"fitBounds\":false,\"minZoom\":0,\"maxZoom\":19,\"maxBounds\":null,\"attribution\":\"<a href=\\\"http:\\\/\\\/leafletjs.com\\\" title=\\\"Eine Javascript-Bibliothek f\\u00fcr interaktive Karten\\\">Leaflet<\\\/a>; \\u00a9 <a href=\\\"http:\\\/\\\/www.openstreetmap.org\\\/copyright\\\">OpenStreetMap<\\\/a> Mitwirkende\"},\n    {});\nwindow.WPLeafletMapPlugin.createMap(options).setView([48.059653563723,8.4596936477318],17);});<\/script><br \/>\n<script>\nwindow.WPLeafletMapPlugin = window.WPLeafletMapPlugin || [];\nwindow.WPLeafletMapPlugin.push(function WPLeafletMarkerShortcode() {\/*<script>*\/\nvar map = window.WPLeafletMapPlugin.getCurrentMap();\nvar group = window.WPLeafletMapPlugin.getCurrentGroup();\nvar marker_options = window.WPLeafletMapPlugin.getIconOptions({});\nvar marker = L.marker(\n    [48.059836427166,8.4597167403964],\n    marker_options\n);\nvar is_image = map.is_image_map;\nif (marker_options.draggable) {\n    marker.on('dragend', function () {\n        var latlng = this.getLatLng();\n        var lat = latlng.lat;\n        var lng = latlng.lng;\n        if (is_image) {\n            console.log('leaflet-marker y=' + lat + ' x=' + lng);\n        } else {\n            console.log('leaflet-marker lat=' + lat + ' lng=' + lng);\n        }\n    });\n}\nmarker.addTo( group );\nwindow.WPLeafletMapPlugin.markers.push( marker );\n        });<\/script><\/p>\n","protected":false},"excerpt":{"rendered":"<p>Born on 22.01.1872 in Laurah\u00fctte (Polish: Huta Laura)Deported to the Treblinka extermination camp on 26.09.1942 and murdered thereInterned in Wei\u00dfenstein in February 1942 Berta Boss, n\u00e9e Heimann was born into [&hellip;]<\/p>\n","protected":false},"author":5,"featured_media":0,"parent":1841,"menu_order":4,"comment_status":"open","ping_status":"closed","template":"","meta":{"_coblocks_attr":"","_coblocks_dimensions":"","_coblocks_responsive_height":"","_coblocks_accordion_ie_support":"","ngg_post_thumbnail":0,"cybocfi_hide_featured_image":"","footnotes":"","_links_to":"","_links_to_target":""},"class_list":["post-1952","page","type-page","status-publish","hentry","post-preview"],"translation":{"provider":"WPGlobus","version":"3.0.2","language":"en","enabled_languages":["de","en"],"languages":{"de":{"title":true,"content":true,"excerpt":false},"en":{"title":true,"content":true,"excerpt":false}}},"publishpress_future_action":{"enabled":false,"date":"2026-04-20 16:43:52","action":"change-status","newStatus":"draft","terms":[],"taxonomy":"","extraData":[]},"publishpress_future_workflow_manual_trigger":{"enabledWorkflows":[]},"_links":{"self":[{"href":"https:\/\/stolpersteine-goeppingen.de\/en\/wp-json\/wp\/v2\/pages\/1952","targetHints":{"allow":["GET"]}}],"collection":[{"href":"https:\/\/stolpersteine-goeppingen.de\/en\/wp-json\/wp\/v2\/pages"}],"about":[{"href":"https:\/\/stolpersteine-goeppingen.de\/en\/wp-json\/wp\/v2\/types\/page"}],"author":[{"embeddable":true,"href":"https:\/\/stolpersteine-goeppingen.de\/en\/wp-json\/wp\/v2\/users\/5"}],"replies":[{"embeddable":true,"href":"https:\/\/stolpersteine-goeppingen.de\/en\/wp-json\/wp\/v2\/comments?post=1952"}],"version-history":[{"count":76,"href":"https:\/\/stolpersteine-goeppingen.de\/en\/wp-json\/wp\/v2\/pages\/1952\/revisions"}],"predecessor-version":[{"id":6388,"href":"https:\/\/stolpersteine-goeppingen.de\/en\/wp-json\/wp\/v2\/pages\/1952\/revisions\/6388"}],"up":[{"embeddable":true,"href":"https:\/\/stolpersteine-goeppingen.de\/en\/wp-json\/wp\/v2\/pages\/1841"}],"wp:attachment":[{"href":"https:\/\/stolpersteine-goeppingen.de\/en\/wp-json\/wp\/v2\/media?parent=1952"}],"curies":[{"name":"wp","href":"https:\/\/api.w.org\/{rel}","templated":true}]}}