{"id":1940,"date":"2022-09-18T21:41:00","date_gmt":"2022-09-18T21:41:00","guid":{"rendered":"http:\/\/stolpersteine-goeppingen.de\/?page_id=1940"},"modified":"2024-01-03T15:20:08","modified_gmt":"2024-01-03T15:20:08","slug":"becker-klara","status":"publish","type":"page","link":"https:\/\/stolpersteine-goeppingen.de\/en\/weissenstein-lauterstein\/becker-klara\/","title":{"rendered":"Becker, Klara (Clara), n\u00e9e Schottl\u00e4nder"},"content":{"rendered":"\n<p><strong>Born on February 13, 1867, in Ludwigsburg<br>Murdered on May 27, 1942, in Ghetto Theresienstadt concentration camp<\/strong><br><strong>Interned in Wei\u00dfenstein in February 1942<\/strong><\/p>\n\n\n\n<p>Klara Becker&#8217;s parents both came from Jewish families, but from different regions in Germany. Her father, Hermann (Hirsch) Schottl\u00e4nder, was born on August 16, 1838, in Bleicherode \/ Thuringia. He married his first wife, Emma Goldschmidt, in his hometown. She gave birth to a daughter named Julie in nearby Sondershausen in September 1858. Emma Schottl\u00e4nder died in May 1860 while she was giving birth to another child. <\/p>\n\n\n\n<p>Hermann Schottl\u00e4nder, who was now a widower, made major changes in his life: he first moved to Ludwigsburg where in January 1, 1864, he started a sheet metal manufacturing company. In the same year he married his second wife, Pauline Fleischer, who was born on November 12, 1832, in Jebenhausen near G\u00f6ppingen. Her parents, Fanny (V\u00f6gele) n\u00e9e L\u00f6bstein (1813-1864) and David L\u00f6b Fleischer (1791-1841) came from one of the first Jewish families who had settled in the community beginning in 1777. <\/p>\n\n\n\n<p>Branches of the Fleischer family founded several successful companies, Pauline\u2019s younger brother Moriz Fleischer (1839-1908), for example, founded an innovative paper mill in Eislingen.<\/p>\n\n\n<div class=\"wp-block-image\">\n<figure class=\"aligncenter size-large is-resized\"><img loading=\"lazy\" width=\"736\" height=\"1024\" src=\"https:\/\/stolpersteine-goeppingen.de\/wp-content\/uploads\/2022\/09\/Moriz-Fleischer-Klaras-Onkel-736x1024.jpg\" alt=\"\" class=\"wp-image-2075\" style=\"aspect-ratio:0.71875;width:463px;height:auto\" srcset=\"https:\/\/stolpersteine-goeppingen.de\/wp-content\/uploads\/2022\/09\/Moriz-Fleischer-Klaras-Onkel-736x1024.jpg 736w, https:\/\/stolpersteine-goeppingen.de\/wp-content\/uploads\/2022\/09\/Moriz-Fleischer-Klaras-Onkel-216x300.jpg 216w, https:\/\/stolpersteine-goeppingen.de\/wp-content\/uploads\/2022\/09\/Moriz-Fleischer-Klaras-Onkel-768x1069.jpg 768w, https:\/\/stolpersteine-goeppingen.de\/wp-content\/uploads\/2022\/09\/Moriz-Fleischer-Klaras-Onkel-1104x1536.jpg 1104w, https:\/\/stolpersteine-goeppingen.de\/wp-content\/uploads\/2022\/09\/Moriz-Fleischer-Klaras-Onkel-676x941.jpg 676w, https:\/\/stolpersteine-goeppingen.de\/wp-content\/uploads\/2022\/09\/Moriz-Fleischer-Klaras-Onkel.jpg 1433w\" sizes=\"auto, (max-width: 736px) 100vw, 736px\" \/><figcaption class=\"wp-element-caption\">Moriz Fleischer, Klara&#8217;s uncle (Source: City archive Eislingen)<\/figcaption><\/figure>\n<\/div>\n\n\n<p>Pauline and Hermann Schottl\u00e4nder had eight children, six of whom sadly died before they reached their third year of life. Only two of the couple\u2019s children reached adulthood: their second-born daughter Klara, who was born on February 13, 1867, in Ludwigsburg, and their son Theodor, born on March 12, 1872, in G\u00f6ppingen. <\/p>\n\n\n\n<p>The family moved from Ludwigsburg to Pauline\u2019s hometown of Jebenhausen in 1869, with Julie, Hermann\u2019s daughter by first marriage, their daughter Klara, and their son Leopold, who was born in July 1869 and died in 1872.<\/p>\n\n\n\n<p>In 1871 the Schottl\u00e4nder family moved from Jebenhausen to the nearby industrial city of G\u00f6ppingen.  Manufacturing, especially the textile industry, flourished there during the &#8216;Gr\u00fcnderzeit&#8217; [time of economic boom], and Hermann Schottl\u00e4nder got a new start there. G\u00f6ppingen\u2019s Rabbi Dr. Aron T\u00e4nzer mentioned in his book &#8216;The History of the Jews in Jebenhausen and G\u00f6ppingen&#8217; under the category &#8216;jersey weaving&#8217;:<br><em>&#8220;Schottl\u00e4nder and Bros., manufacture of sewn corsets and cotton goods, and trade in such. The brothers Hermann and Julius Schottl\u00e4nder from Nordhausen founded this company in 1871. Julius left during the first year of operation. In 1898 the company was dissolved.\u201d<\/em><\/p>\n\n\n<div class=\"wp-block-image\">\n<figure class=\"aligncenter size-large\"><img loading=\"lazy\" width=\"1024\" height=\"569\" src=\"https:\/\/stolpersteine-goeppingen.de\/wp-content\/uploads\/2023\/10\/Meldung-im-Goeppinger-Wochenblatt-1024x569.jpg\" alt=\"\" class=\"wp-image-5041\" srcset=\"https:\/\/stolpersteine-goeppingen.de\/wp-content\/uploads\/2023\/10\/Meldung-im-Goeppinger-Wochenblatt-1024x569.jpg 1024w, https:\/\/stolpersteine-goeppingen.de\/wp-content\/uploads\/2023\/10\/Meldung-im-Goeppinger-Wochenblatt-300x167.jpg 300w, https:\/\/stolpersteine-goeppingen.de\/wp-content\/uploads\/2023\/10\/Meldung-im-Goeppinger-Wochenblatt-768x427.jpg 768w, https:\/\/stolpersteine-goeppingen.de\/wp-content\/uploads\/2023\/10\/Meldung-im-Goeppinger-Wochenblatt-1536x854.jpg 1536w, https:\/\/stolpersteine-goeppingen.de\/wp-content\/uploads\/2023\/10\/Meldung-im-Goeppinger-Wochenblatt-2048x1138.jpg 2048w, https:\/\/stolpersteine-goeppingen.de\/wp-content\/uploads\/2023\/10\/Meldung-im-Goeppinger-Wochenblatt-676x376.jpg 676w\" sizes=\"auto, (max-width: 1024px) 100vw, 1024px\" \/><figcaption class=\"wp-element-caption\">The change in the commercial register (photo from the G\u00f6ppinger Wochenblatt)<\/figcaption><\/figure>\n<\/div>\n\n\n<p>Julius Schottl\u00e4nder, Hermann\u2019s brother, was involved in the construction of the G\u00f6ppingen synagogue and remained in G\u00f6ppingen for a few more years, then moved to Bernburg and started a family there. Another brother lived temporarily in G\u00f6ppingen: Moritz Schottl\u00e4nder, born in 1847, and his wife Bertha, n\u00e9e Herbst, must have lived there until at least 1885 because in June of that year their first child, a daughter Selma, was born there. Their second child, a son Julius, was born in Mainz in 1887, where the family had moved.<\/p>\n\n\n\n<p>During the time period before 1898, Hermann Schottl\u00e4nder also started a completely different &#8216;career&#8217;: in addition to being successful in his profession, he was elected as a member of the G\u00f6ppingen Citizens Committee and served from 1880-81. He also he was a member of the city council from 1888 to 1894. That made him one of seven Jewish citizens in G\u00f6ppingen who served on municipal committees between 1862 and 1919. This is an indication of how well Jewish citizens were &#8217;emancipated\u2019 or accepted during that time. It shows that Hermann Schottl\u00e4nder was highly regarded and was involved in community life because he was treasurer of the G\u00f6ppingen \u2018Liederkranz\u2019 Singing Club for two years.<\/p>\n\n\n\n<p>The family lived in their own home at Uhlandstr. 11 (today: Theodor-Heuss-Stra\u00dfe), outside the old city center, surrounded on two sides by the city stream. A good environment for Klara&#8217;s childhood? Maybe yes, but Klara had to live with the fact that one of her younger siblings died almost every year, which must have been was a traumatic experience for the whole family.<\/p>\n\n\n<div class=\"wp-block-image\">\n<figure class=\"aligncenter size-large\"><img loading=\"lazy\" width=\"1024\" height=\"463\" src=\"http:\/\/stolpersteine-goeppingen.de\/wp-content\/uploads\/2022\/08\/Uhlandstr.11-Schottlander-1-1024x463.jpg\" alt=\"\" class=\"wp-image-1947\" srcset=\"https:\/\/stolpersteine-goeppingen.de\/wp-content\/uploads\/2022\/08\/Uhlandstr.11-Schottlander-1-1024x463.jpg 1024w, https:\/\/stolpersteine-goeppingen.de\/wp-content\/uploads\/2022\/08\/Uhlandstr.11-Schottlander-1-300x136.jpg 300w, https:\/\/stolpersteine-goeppingen.de\/wp-content\/uploads\/2022\/08\/Uhlandstr.11-Schottlander-1-768x348.jpg 768w, https:\/\/stolpersteine-goeppingen.de\/wp-content\/uploads\/2022\/08\/Uhlandstr.11-Schottlander-1-676x306.jpg 676w, https:\/\/stolpersteine-goeppingen.de\/wp-content\/uploads\/2022\/08\/Uhlandstr.11-Schottlander-1.jpg 1096w\" sizes=\"auto, (max-width: 1024px) 100vw, 1024px\" \/><figcaption class=\"wp-element-caption\">Uhlandstr. 11 in the present (today: Theodor-Heuss-Stra\u00dfe)<\/figcaption><\/figure>\n<\/div>\n\n\n<p>Klara&#8217;s half sister Julie had married Gustav Gugenheim, a merchant from Ulm, in 1878. Eleven years later, on August 12, 1889, Klara was married in G\u00f6ppingen to Emanuel Becker, who was born in Billigheim. Her husband was six years older than she and a businessman by trade. It is unfortunately not documented where Klara received her schooling, but one can assume that she attended the &#8216;Higher Daughters School&#8217; like other girls of the upper middle class. Two years after the wedding, on the February 21,1891, Ilse Johanna Becker was born in G\u00f6ppingen, the first and only child of Klara and Emanuel.<\/p>\n\n\n\n<p>Ilse&#8217;s grandparents Hermann and Pauline Schottl\u00e4nder took the daring step at the advanced age of around 60 to make a fresh start in the USA and emigrated there in 1896\/97, accompanied by their son Theodor. They both lived to an old age and both died in Chicago, Hermann Schottl\u00e4nder in August 1925, Pauline in September 1913.<\/p>\n\n\n\n<p>During the same year, on October 1, 1913, Klara, Emanuel and Ilse Becker moved to Esslingen. As Joachim Hahn documented in his book &#8216;Jewish Life in Esslingen&#8217;, the family lived at Friedrichstr. 23 until 1917 and later, until May 6, 1937, in Wilhelmstr. 9.1 where Emanuel Becker operated a &#8216;cloth agency&#8217;. <\/p>\n\n\n<div class=\"wp-block-image\">\n<figure class=\"aligncenter size-large\"><img loading=\"lazy\" width=\"1024\" height=\"688\" src=\"https:\/\/stolpersteine-goeppingen.de\/wp-content\/uploads\/2023\/10\/Becker-K-u-E-StAEFslg.6145Wilhelmstr.9-bearb-1024x688.jpg\" alt=\"\" class=\"wp-image-5038\" srcset=\"https:\/\/stolpersteine-goeppingen.de\/wp-content\/uploads\/2023\/10\/Becker-K-u-E-StAEFslg.6145Wilhelmstr.9-bearb-1024x688.jpg 1024w, https:\/\/stolpersteine-goeppingen.de\/wp-content\/uploads\/2023\/10\/Becker-K-u-E-StAEFslg.6145Wilhelmstr.9-bearb-300x202.jpg 300w, https:\/\/stolpersteine-goeppingen.de\/wp-content\/uploads\/2023\/10\/Becker-K-u-E-StAEFslg.6145Wilhelmstr.9-bearb-768x516.jpg 768w, https:\/\/stolpersteine-goeppingen.de\/wp-content\/uploads\/2023\/10\/Becker-K-u-E-StAEFslg.6145Wilhelmstr.9-bearb-1536x1032.jpg 1536w, https:\/\/stolpersteine-goeppingen.de\/wp-content\/uploads\/2023\/10\/Becker-K-u-E-StAEFslg.6145Wilhelmstr.9-bearb-2048x1376.jpg 2048w, https:\/\/stolpersteine-goeppingen.de\/wp-content\/uploads\/2023\/10\/Becker-K-u-E-StAEFslg.6145Wilhelmstr.9-bearb-676x454.jpg 676w\" sizes=\"auto, (max-width: 1024px) 100vw, 1024px\" \/><figcaption class=\"wp-element-caption\">Wilhelmstr. 9, right side of the street, second house from the right (Source: Esslingen City Archives)<\/figcaption><\/figure>\n<\/div>\n\n\n<p>At that time, Ilse had already started her own life away from her parents\u2019 home: in August 1919 she was married in Esslingen to Karl Bernhard Trick from Pfalzgrafenweiler. He was a merchant who came from a Protestant family. Most certainly Klara and Emanuel Becker were happy about their grandson Rolf Trick, who was born in Stuttgart. Unfortunately having a child did not stabilize the marriage of Ilse and Karl Trick, and they were divorced in April 1924. As their grandparents had, Ilse\u2019s generation also sadly experienced the fate of childhood death when Rolf Trick died at the young age of nine on December 9, 1930, in Esslingen.<\/p>\n\n\n<div class=\"wp-block-image\">\n<figure class=\"aligncenter size-large\"><img loading=\"lazy\" width=\"1024\" height=\"662\" src=\"http:\/\/stolpersteine-goeppingen.de\/wp-content\/uploads\/2022\/08\/Becker-K-u-E-StAE-PK-1402Wilhelmstr.9-1024x662.jpg\" alt=\"\" class=\"wp-image-1943\" srcset=\"https:\/\/stolpersteine-goeppingen.de\/wp-content\/uploads\/2022\/08\/Becker-K-u-E-StAE-PK-1402Wilhelmstr.9-1024x662.jpg 1024w, https:\/\/stolpersteine-goeppingen.de\/wp-content\/uploads\/2022\/08\/Becker-K-u-E-StAE-PK-1402Wilhelmstr.9-300x194.jpg 300w, https:\/\/stolpersteine-goeppingen.de\/wp-content\/uploads\/2022\/08\/Becker-K-u-E-StAE-PK-1402Wilhelmstr.9-768x497.jpg 768w, https:\/\/stolpersteine-goeppingen.de\/wp-content\/uploads\/2022\/08\/Becker-K-u-E-StAE-PK-1402Wilhelmstr.9-1536x994.jpg 1536w, https:\/\/stolpersteine-goeppingen.de\/wp-content\/uploads\/2022\/08\/Becker-K-u-E-StAE-PK-1402Wilhelmstr.9-2048x1325.jpg 2048w, https:\/\/stolpersteine-goeppingen.de\/wp-content\/uploads\/2022\/08\/Becker-K-u-E-StAE-PK-1402Wilhelmstr.9-676x437.jpg 676w\" sizes=\"auto, (max-width: 1024px) 100vw, 1024px\" \/><figcaption class=\"wp-element-caption\">The smaller house to the right of the center: Wilhelmstr. 9 (Source: Esslingen City Archives)<\/figcaption><\/figure>\n<\/div>\n\n\n<p>The remaining family sold their house in Esslingen at Wilhelmstrasse 9 to Fritz Quist in August 1937, then left the city and moved to Stuttgart. Emanuel Becker is listed for the first time in the Stuttgart address books in the 1938 edition. He and his wife Klara rented the ground floor of a large five-story townhouse at Johannesstrasse 26. The city directory also lists &#8216;Trick, Ilse, Mrs.&#8217;, at the same address, indicating that their daughter Ilse Johanna lived in the house as well.<\/p>\n\n\n\n<p>The owner and landlord of the building was Dr. med. Josef Neu, a Jewish doctor who had opened his internal medicine practice there in 1924.<\/p>\n\n\n<div class=\"wp-block-image\">\n<figure class=\"aligncenter size-full is-resized\"><img loading=\"lazy\" width=\"427\" height=\"729\" src=\"https:\/\/stolpersteine-goeppingen.de\/wp-content\/uploads\/2023\/10\/Dr.-med-Josef-Neu.jpg\" alt=\"\" class=\"wp-image-5040\" style=\"aspect-ratio:0.5857338820301783;width:447px;height:auto\" srcset=\"https:\/\/stolpersteine-goeppingen.de\/wp-content\/uploads\/2023\/10\/Dr.-med-Josef-Neu.jpg 427w, https:\/\/stolpersteine-goeppingen.de\/wp-content\/uploads\/2023\/10\/Dr.-med-Josef-Neu-176x300.jpg 176w\" sizes=\"auto, (max-width: 427px) 100vw, 427px\" \/><figcaption class=\"wp-element-caption\">The physician Dr. Josef Neu (Source: State Archives Ludwigsburg)<\/figcaption><\/figure>\n<\/div>\n\n\n<p>Even prior to the Nazi era Jewish and non-Jewish people lived as tenants next door to each other in his house. In 1939, Dr. Neu was forced to sell the house, as one of the conditions for his forced emigration in January 1940. The buyer was master butcher and innkeeper Wilhelm Sautter, who owned the house next-door at Johannesstrasse 28. The change of ownership apparently had no serious consequences for the Jewish tenants, and the Becker family remained there as other Jewish tenants moved in, but not all &#8216;Aryan&#8217; tenants left the house. Even Wilhelm Sautter, the &#8216;Aryan&#8217; owner, also moved into the house himself in 1943.<\/p>\n\n\n\n<p>It should be noted that Ilse Trick is listed in the 1939 address book under her married last name, but in 1940 she is listed under her maiden name of Becker. The reason for this was Nazi legislation, which in most cases required that Jewish Germans go by the compulsory names &#8216;Sara&#8217; and &#8216;Isaak&#8217; and also forced those who were divorced from &#8216;Aryans&#8217; to go back to using their birth names again.<\/p>\n\n\n\n<p>1940 was a horrible year for Klara Becker. Her husband Emanuel died on May 20 of &#8216;cardiac paralysis&#8217; as a result of arteriosclerosis. The death certificate shows that the patient had at least received medical care. Even if one can still consider her husband&#8217;s cause of death \u2018natural&#8217;, that was not the case for the way her daughter Ilse Johanna Becker\u2019s life ended.<\/p>\n\n\n\n<p>The date of her death, November 30, 1941, was not accidental. Ilse Becker fled into death, probably because she was facing deportation to Riga the next day. The death certificate lists the cause of Ilse\u2019s death as an overdose of sleeping pills, however, she did not die in the apartment at Johannesstrasse 26 but was still alive when she was admitted at the B\u00fcrgerhospital (Citizens&#8217; hospital).<\/p>\n\n\n\n<figure class=\"wp-block-image size-large\"><img loading=\"lazy\" width=\"717\" height=\"1024\" src=\"http:\/\/stolpersteine-goeppingen.de\/wp-content\/uploads\/2022\/08\/Becker-Ilse-Totenschein-717x1024.jpg\" alt=\"\" class=\"wp-image-1946\" srcset=\"https:\/\/stolpersteine-goeppingen.de\/wp-content\/uploads\/2022\/08\/Becker-Ilse-Totenschein-717x1024.jpg 717w, https:\/\/stolpersteine-goeppingen.de\/wp-content\/uploads\/2022\/08\/Becker-Ilse-Totenschein-210x300.jpg 210w, https:\/\/stolpersteine-goeppingen.de\/wp-content\/uploads\/2022\/08\/Becker-Ilse-Totenschein-768x1096.jpg 768w, https:\/\/stolpersteine-goeppingen.de\/wp-content\/uploads\/2022\/08\/Becker-Ilse-Totenschein-676x965.jpg 676w, https:\/\/stolpersteine-goeppingen.de\/wp-content\/uploads\/2022\/08\/Becker-Ilse-Totenschein.jpg 777w\" sizes=\"auto, (max-width: 717px) 100vw, 717px\" \/><\/figure>\n\n\n\n<p>After these catastrophes, Klara Becker lived alone in the almost empty apartment for about three more months. On February 6, 1942, she and four other women from Stuttgart were transported to the forced retirement home at Wei\u00dfenstein Castle in G\u00f6ppingen county. Klara Becker only remained there<br>a few months, and on August 22, 1942, she was taken from Stuttgart to the Theresienstadt concentration camp. There she succumbed to the murderous living conditions on May 27, 1943, at the age of 76.<\/p>\n\n\n\n<p>Other close relatives of Klara were also murdered by the Nazis:<\/p>\n\n\n\n<p>Her younger cousin <strong>Selma Schottl\u00e4nder<\/strong>, who was single and had lived in Mainz, was deported to Piaski ghetto on March 25, 1942, and subsequently murdered. <\/p>\n\n\n<div class=\"wp-block-image\">\n<figure class=\"aligncenter size-large\"><img loading=\"lazy\" width=\"1024\" height=\"727\" src=\"https:\/\/stolpersteine-goeppingen.de\/wp-content\/uploads\/2023\/11\/Goeppingen-KK-MZ-Schottlaender-Selma-1024x727.jpg\" alt=\"\" class=\"wp-image-5529\" srcset=\"https:\/\/stolpersteine-goeppingen.de\/wp-content\/uploads\/2023\/11\/Goeppingen-KK-MZ-Schottlaender-Selma-1024x727.jpg 1024w, https:\/\/stolpersteine-goeppingen.de\/wp-content\/uploads\/2023\/11\/Goeppingen-KK-MZ-Schottlaender-Selma-300x213.jpg 300w, https:\/\/stolpersteine-goeppingen.de\/wp-content\/uploads\/2023\/11\/Goeppingen-KK-MZ-Schottlaender-Selma-768x546.jpg 768w, https:\/\/stolpersteine-goeppingen.de\/wp-content\/uploads\/2023\/11\/Goeppingen-KK-MZ-Schottlaender-Selma-676x480.jpg 676w, https:\/\/stolpersteine-goeppingen.de\/wp-content\/uploads\/2023\/11\/Goeppingen-KK-MZ-Schottlaender-Selma.jpg 1326w\" sizes=\"auto, (max-width: 1024px) 100vw, 1024px\" \/><figcaption class=\"wp-element-caption\">Identity card Selma Schottl\u00e4nder (Source: Alemannia Judaica)<\/figcaption><\/figure>\n<\/div>\n\n\n<p>The children of Klara&#8217;s older half-sister <strong>Julie Gugenheim<\/strong>, n\u00e9e Schottl\u00e4nder, also died violently: <strong>Bertha Gugenheim<\/strong>, who was single and lived in Esslingen, was deported to Riga\/Jungfernhof camp on December 1, 1941. A Stolperstein (Stumbling Stone) was laid for her at Schelztorstrasse 17 in Esslingen.<\/p>\n\n\n\n<p>Bertha&#8217;s younger brother <strong>Otto Gugenheim<\/strong> was deported together with his wife <strong>Ilse <\/strong>and daughter <strong>Gertrud <\/strong>from Munich to Kaunas on November 25, 1941.<\/p>\n\n\n<div class=\"wp-block-image\">\n<figure class=\"alignleft size-full\"><img loading=\"lazy\" width=\"191\" height=\"292\" src=\"http:\/\/stolpersteine-goeppingen.de\/wp-content\/uploads\/2022\/09\/1251-Otto-Gugenheim.jpg\" alt=\"\" class=\"wp-image-2077\"\/><figcaption class=\"wp-element-caption\">Otto Gugenheim<\/figcaption><\/figure>\n<\/div>\n\n<div class=\"wp-block-image\">\n<figure class=\"alignright size-full\"><img loading=\"lazy\" width=\"191\" height=\"292\" src=\"http:\/\/stolpersteine-goeppingen.de\/wp-content\/uploads\/2022\/09\/1246-Ilse-Gugenheim.jpg\" alt=\"\" class=\"wp-image-2076\"\/><figcaption class=\"wp-element-caption\">Ilse Gugenheim<\/figcaption><\/figure>\n<\/div>\n\n\n<p><br><\/p>\n\n\n\n<p><\/p>\n\n\n\n<p><\/p>\n\n\n\n<p><\/p>\n\n\n\n<p><\/p>\n\n\n\n<p>In the family of Emanuel Becker two of his cousins were murdered.<\/p>\n\n\n\n<p>(15.03.2020 kmr)<\/p>\n","protected":false},"excerpt":{"rendered":"<p>Born on February 13, 1867, in LudwigsburgMurdered on May 27, 1942, in Ghetto Theresienstadt concentration campInterned in Wei\u00dfenstein in February 1942 Klara Becker&#8217;s parents both came from Jewish families, but [&hellip;]<\/p>\n","protected":false},"author":1,"featured_media":0,"parent":1841,"menu_order":2,"comment_status":"closed","ping_status":"closed","template":"","meta":{"_coblocks_attr":"","_coblocks_dimensions":"","_coblocks_responsive_height":"","_coblocks_accordion_ie_support":"","ngg_post_thumbnail":0,"cybocfi_hide_featured_image":"","footnotes":"","_links_to":"","_links_to_target":""},"class_list":["post-1940","page","type-page","status-publish","hentry","post-preview"],"translation":{"provider":"WPGlobus","version":"3.0.2","language":"en","enabled_languages":["de","en"],"languages":{"de":{"title":true,"content":true,"excerpt":false},"en":{"title":true,"content":true,"excerpt":false}}},"publishpress_future_action":{"enabled":false,"date":"2026-04-20 15:17:28","action":"change-status","newStatus":"draft","terms":[],"taxonomy":"","extraData":[]},"publishpress_future_workflow_manual_trigger":{"enabledWorkflows":[]},"_links":{"self":[{"href":"https:\/\/stolpersteine-goeppingen.de\/en\/wp-json\/wp\/v2\/pages\/1940","targetHints":{"allow":["GET"]}}],"collection":[{"href":"https:\/\/stolpersteine-goeppingen.de\/en\/wp-json\/wp\/v2\/pages"}],"about":[{"href":"https:\/\/stolpersteine-goeppingen.de\/en\/wp-json\/wp\/v2\/types\/page"}],"author":[{"embeddable":true,"href":"https:\/\/stolpersteine-goeppingen.de\/en\/wp-json\/wp\/v2\/users\/1"}],"replies":[{"embeddable":true,"href":"https:\/\/stolpersteine-goeppingen.de\/en\/wp-json\/wp\/v2\/comments?post=1940"}],"version-history":[{"count":57,"href":"https:\/\/stolpersteine-goeppingen.de\/en\/wp-json\/wp\/v2\/pages\/1940\/revisions"}],"predecessor-version":[{"id":6386,"href":"https:\/\/stolpersteine-goeppingen.de\/en\/wp-json\/wp\/v2\/pages\/1940\/revisions\/6386"}],"up":[{"embeddable":true,"href":"https:\/\/stolpersteine-goeppingen.de\/en\/wp-json\/wp\/v2\/pages\/1841"}],"wp:attachment":[{"href":"https:\/\/stolpersteine-goeppingen.de\/en\/wp-json\/wp\/v2\/media?parent=1940"}],"curies":[{"name":"wp","href":"https:\/\/api.w.org\/{rel}","templated":true}]}}