{"id":1841,"date":"2022-08-04T15:39:29","date_gmt":"2022-08-04T15:39:01","guid":{"rendered":"https:\/\/stolpersteine-goeppingen.de\/weissenstein-lauterstein\/"},"modified":"2025-04-18T13:48:01","modified_gmt":"2025-04-18T13:48:01","slug":"weissenstein-lauterstein","status":"publish","type":"page","link":"https:\/\/stolpersteine-goeppingen.de\/en\/weissenstein-lauterstein\/","title":{"rendered":"Wei\u00dfenstein (Lauterstein)"},"content":{"rendered":"\n<p class=\"has-large-font-size\"><\/p>\n\n\n<div id=\"ccchildpages-1\" class=\"ccchildpages ccflex onecol myclass ccclearfix\"><div class=\"ccchildpage  ccodd ccpage-count-1 ccpage-id-7471 ccpage-gedenktafel-in-weissenstein ccpage-has-parent ccpage-pid-1841 ccpage-parent-weissenstein-lauterstein\"><h3 class=\"ccpage_title ccpage_linked_title\" title=\"Memorial plaque in Wei\u00dfenstein\"><a class=\"ccpage_title_link\" href=\"https:\/\/stolpersteine-goeppingen.de\/en\/weissenstein-lauterstein\/gedenktafel-in-weissenstein\/\" title=\"Memorial plaque in Wei\u00dfenstein\">Memorial plaque in Wei\u00dfenstein<\/a><\/h3><img loading=\"lazy\" width=\"676\" height=\"619\" src=\"https:\/\/stolpersteine-goeppingen.de\/wp-content\/uploads\/2025\/01\/gedenktafe_weissenstein-1024x937-1.jpg\" class=\"cc-child-pages-thumb wp-post-image\" alt=\"Memorial plaque in Wei\u00dfenstein\" title=\"Memorial plaque in Wei\u00dfenstein\" srcset=\"https:\/\/stolpersteine-goeppingen.de\/wp-content\/uploads\/2025\/01\/gedenktafe_weissenstein-1024x937-1.jpg 1024w, https:\/\/stolpersteine-goeppingen.de\/wp-content\/uploads\/2025\/01\/gedenktafe_weissenstein-1024x937-1-300x275.jpg 300w, https:\/\/stolpersteine-goeppingen.de\/wp-content\/uploads\/2025\/01\/gedenktafe_weissenstein-1024x937-1-768x703.jpg 768w, https:\/\/stolpersteine-goeppingen.de\/wp-content\/uploads\/2025\/01\/gedenktafe_weissenstein-1024x937-1-676x619.jpg 676w\" sizes=\"auto, (max-width: 676px) 100vw, 676px\" \/><\/div><\/div>\n\n\n<div id=\"ccchildpages-2\" class=\"ccchildpages ccflex onecol myclass ccclearfix\"><div class=\"ccchildpage  ccodd ccpage-count-1 ccpage-id-2021 ccpage-das-zwangswohnheim-fur-judinnen-und-juden-im-schloss-weisenstein ccpage-has-parent ccpage-pid-1841 ccpage-parent-weissenstein-lauterstein\"><h3 class=\"ccpage_title ccpage_linked_title\" title=\"The Forced Residential Home for Jews in Wei\u00dfenstein Castle\"><a class=\"ccpage_title_link\" href=\"https:\/\/stolpersteine-goeppingen.de\/en\/weissenstein-lauterstein\/das-zwangswohnheim-fur-judinnen-und-juden-im-schloss-weisenstein\/\" title=\"The Forced Residential Home for Jews in Wei\u00dfenstein Castle\">The Forced Residential Home for Jews in Wei\u00dfenstein Castle<\/a><\/h3><div class=\"ccpages_excerpt\">{:de} Die Verdr\u00e4ngung von J\u00fcdinnen und Juden aus ihren Wohnungen ab 1939 Die Errichtung des Zwangswohnheims im November 1941 geh\u00f6rte zu den Ma\u00dfnahmen, mit denen die NS-Verwaltungen massiv ins Leben der j\u00fcdischen Deutschen eingriffen. Schon mit dem \u201aGesetz \u00fcber Mietverh\u00e4ltnisse mit Juden\u2018 vom 30. April 1939 war die \u201arechtliche\u2018 Grundlage...<\/div><p class=\"ccpages_more\"><a href=\"https:\/\/stolpersteine-goeppingen.de\/en\/weissenstein-lauterstein\/das-zwangswohnheim-fur-judinnen-und-juden-im-schloss-weisenstein\/\"  title=\"Read more ...\">Read more ...<\/a><\/p><\/div><\/div>\n\n\n\n<p class=\"has-large-font-size\"><strong>Biographies<\/strong><\/p>\n\n\n\n\n\n<div id=\"ccchildpages-4\" class=\"ccchildpages ccflex onecol myclass ccclearfix\"><div class=\"ccchildpage  ccodd ccpage-count-1 ccpage-id-2133 ccpage-weissenstein-insassen-mit-stuttgarter-stolperstein-biografien ccpage-has-parent ccpage-pid-1841 ccpage-parent-weissenstein-lauterstein\"><h3 class=\"ccpage_title ccpage_linked_title\" title=\"Wei\u00dfenstein-Inmates&#8217; Biographies on Stumbling Stones Stuttgart\"><a class=\"ccpage_title_link\" href=\"https:\/\/stolpersteine-goeppingen.de\/en\/weissenstein-lauterstein\/weissenstein-insassen-mit-stuttgarter-stolperstein-biografien\/\" title=\"Wei\u00dfenstein-Inmates&#8217; Biographies on Stumbling Stones Stuttgart\">Wei\u00dfenstein-Inmates&#8217; Biographies on Stumbling Stones Stuttgart<\/a><\/h3><div class=\"ccpages_excerpt\">The displacement of Jews from their homes from 1939 onwards List of Inmates' of the Forced Residential Home for Jews in Weissenstein Castle Biographies on Stumbling Stones Stuttgart<\/div><\/div><\/div>\n\n\n<ul class=\"display-posts-listing\"><li class=\"listing-item one-third first\"><a class=\"title\" href=\"https:\/\/www.stolpersteine-stuttgart.de\/biografien\/sigmunde-friedmann-hohenstaufenstr-17a\/\">Friedmann, Sigmunde<\/a><\/li><li class=\"listing-item one-third\"><a class=\"title\" href=\"https:\/\/www.stolpersteine-stuttgart.de\/biografien\/hannchen-und-emil-nachmann-betty-und-josef-gruenberg-albert-schaeffle-str-105\/\">Gr\u00fcnberg, Betty<\/a><\/li><li class=\"listing-item one-third\"><a class=\"title\" href=\"https:\/\/www.stolpersteine-stuttgart.de\/biografien\/johanna-harburger-falkertstr-88\/\">Harburger, Johanna<\/a><\/li><li class=\"listing-item one-third first\"><a class=\"title\" href=\"https:\/\/www.stolpersteine-stuttgart.de\/biografien\/gertrud-und-klara-henoch-hauptmannsreute-17\/\">Henoch, Klara<\/a><\/li><li class=\"listing-item one-third\"><a class=\"title\" href=\"https:\/\/www.stolpersteine-stuttgart.de\/biografien\/lazarus-karschinierow-neckarstr-150\/\">Karschinierow, Lazarus<\/a><\/li><li class=\"listing-item one-third\"><a class=\"title\" href=\"https:\/\/www.stolpersteine-stuttgart.de\/biografien\/bernhardine-salomon-hermine-nachmann-und-richard-loewenstein-traubergstr-15\/\">L\u00f6wenstein, Richard<\/a><\/li><li class=\"listing-item one-third first\"><a class=\"title\" href=\"https:\/\/www.stolpersteine-stuttgart.de\/biografien\/kaethe-loewenthal-malerei-als-ein-ort-fuer-liebe-glaube-und-hoffnung\/\">Loewenthal, K\u00e4the<\/a><\/li><li class=\"listing-item one-third\"><a class=\"title\" href=\"https:\/\/www.stolpersteine-stuttgart.de\/biografien\/kornelia-und-lucie-mayer-seestr-112\/\">Mayer, Kornelia<\/a><\/li><li class=\"listing-item one-third\"><a class=\"title\" href=\"https:\/\/www.stolpersteine-stuttgart.de\/biografien\/kornelia-und-lucie-mayer-seestr-112\/\">Mayer, Lucie<\/a><\/li><li class=\"listing-item one-third first\"><a class=\"title\" href=\"https:\/\/www.stolpersteine-stuttgart.de\/biografien\/martha-neumark-seestr-112\/\">Neumark, Martha<\/a><\/li><li class=\"listing-item one-third\"><a class=\"title\" href=\"https:\/\/www.stolpersteine-stuttgart.de\/biografien\/meta-oppenheimer-libanonstr-31\/\">Oppenheimer, Meta<\/a><\/li><li class=\"listing-item one-third\"><a class=\"title\" href=\"https:\/\/www.stolpersteine-stuttgart.de\/biografien\/sophie-rosenthal-falkertstr-88\/\">Rosenthal, Sophie<\/a><\/li><li class=\"listing-item one-third first\"><a class=\"title\" href=\"https:\/\/www.stolpersteine-stuttgart.de\/biografien\/elisabeth-stein-am-weissenhof-36\/\">Stein, Elisabeth<\/a><\/li><li class=\"listing-item one-third\"><a class=\"title\" href=\"https:\/\/www.stolpersteine-stuttgart.de\/biografien\/berta-waldt-olgastr-139\/\">Waldt, Berta<\/a><\/li><li class=\"listing-item one-third\"><a class=\"title\" href=\"https:\/\/www.stolpersteine-stuttgart.de\/biografien\/suse-und-marianne-weil-sattlerstr-25\/\">Weil, Marianne<\/a><\/li><li class=\"listing-item one-third first\"><a class=\"title\" href=\"https:\/\/www.stolpersteine-stuttgart.de\/biografien\/suse-und-marianne-weil-sattlerstr-25\/\">Weil, Suse<\/a><\/li><\/ul>\n","protected":false},"excerpt":{"rendered":"<p>Biographies<\/p>\n","protected":false},"author":1,"featured_media":0,"parent":0,"menu_order":17,"comment_status":"closed","ping_status":"closed","template":"","meta":{"_coblocks_attr":"","_coblocks_dimensions":"","_coblocks_responsive_height":"","_coblocks_accordion_ie_support":"","ngg_post_thumbnail":0,"cybocfi_hide_featured_image":"","footnotes":"","_links_to":"","_links_to_target":""},"class_list":["post-1841","page","type-page","status-publish","hentry","post-preview"],"translation":{"provider":"WPGlobus","version":"3.0.2","language":"en","enabled_languages":["de","en"],"languages":{"de":{"title":true,"content":true,"excerpt":false},"en":{"title":true,"content":true,"excerpt":false}}},"publishpress_future_action":{"enabled":false,"date":"2026-04-20 13:49:29","action":"change-status","newStatus":"draft","terms":[],"taxonomy":"","extraData":[]},"publishpress_future_workflow_manual_trigger":{"enabledWorkflows":[]},"_links":{"self":[{"href":"https:\/\/stolpersteine-goeppingen.de\/en\/wp-json\/wp\/v2\/pages\/1841","targetHints":{"allow":["GET"]}}],"collection":[{"href":"https:\/\/stolpersteine-goeppingen.de\/en\/wp-json\/wp\/v2\/pages"}],"about":[{"href":"https:\/\/stolpersteine-goeppingen.de\/en\/wp-json\/wp\/v2\/types\/page"}],"author":[{"embeddable":true,"href":"https:\/\/stolpersteine-goeppingen.de\/en\/wp-json\/wp\/v2\/users\/1"}],"replies":[{"embeddable":true,"href":"https:\/\/stolpersteine-goeppingen.de\/en\/wp-json\/wp\/v2\/comments?post=1841"}],"version-history":[{"count":106,"href":"https:\/\/stolpersteine-goeppingen.de\/en\/wp-json\/wp\/v2\/pages\/1841\/revisions"}],"predecessor-version":[{"id":8503,"href":"https:\/\/stolpersteine-goeppingen.de\/en\/wp-json\/wp\/v2\/pages\/1841\/revisions\/8503"}],"wp:attachment":[{"href":"https:\/\/stolpersteine-goeppingen.de\/en\/wp-json\/wp\/v2\/media?parent=1841"}],"curies":[{"name":"wp","href":"https:\/\/api.w.org\/{rel}","templated":true}]}}