{"id":175,"date":"2021-10-22T10:07:55","date_gmt":"2021-10-22T10:07:55","guid":{"rendered":"http:\/\/stolpersteine-goeppingen.de\/?page_id=175"},"modified":"2025-01-14T16:20:27","modified_gmt":"2025-01-14T16:20:27","slug":"buehler-rosa","status":"publish","type":"page","link":"https:\/\/stolpersteine-goeppingen.de\/en\/goeppingen\/buehler-rosa\/","title":{"rendered":"B\u00fchler, Rosa"},"content":{"rendered":"\n<p><strong>Bergstr. 11\/1<\/strong><\/p>\n\n\n\n<figure class=\"wp-block-image size-large\"><img loading=\"lazy\" width=\"1024\" height=\"977\" src=\"https:\/\/stolpersteine-goeppingen.de\/wp-content\/uploads\/2022\/01\/Buehler-Stein-Ausschnitt-1024x977.jpg\" alt=\"\" class=\"wp-image-1203\" srcset=\"https:\/\/stolpersteine-goeppingen.de\/wp-content\/uploads\/2022\/01\/Buehler-Stein-Ausschnitt-1024x977.jpg 1024w, https:\/\/stolpersteine-goeppingen.de\/wp-content\/uploads\/2022\/01\/Buehler-Stein-Ausschnitt-300x286.jpg 300w, https:\/\/stolpersteine-goeppingen.de\/wp-content\/uploads\/2022\/01\/Buehler-Stein-Ausschnitt-768x733.jpg 768w, https:\/\/stolpersteine-goeppingen.de\/wp-content\/uploads\/2022\/01\/Buehler-Stein-Ausschnitt-676x645.jpg 676w, https:\/\/stolpersteine-goeppingen.de\/wp-content\/uploads\/2022\/01\/Buehler-Stein-Ausschnitt.jpg 1048w\" sizes=\"auto, (max-width: 1024px) 100vw, 1024px\" \/><\/figure>\n\n\n\n<p><strong>An Old-Established Family<\/strong><\/p>\n\n\n\n<p>Rosa B\u0171hler, n\u00e9e Heumann, was born on April 2, 1870, in G\u0151ppingen.&nbsp; Samuel Heumann, her father, was a for rags (paper production) from Laupheim who did not move to G\u0151ppingen until 1866. In Laupheim Samuel had left a great family. Some of uncles played major roles in the social life of the town. Most likely the connection with G\u0151ppingen was established because of his wife Franziska (also Fanny \/ Fanni), n\u00e9e Lindauer, whom he married in 1864.&nbsp; The wedding did not take place in Jebenhausen, the bride&#8217;s place of residence, but in Laupheim, which was unusual according to the traditions of that time. And here the Lindauer family had been among the first Jewish settlers there! Rosa&#8217;s great-grandfather Seligmann L\u0151b Lindauer had been one of the &#8216;Schutzjuden&#8217; [Jews under special protection] who on July 17, 1777, were granted special permission to settle in the territory of the Liebenstein barony. A majority of the Lindauer family emigrated to the USA during the 19th century, including six of the eight siblings of Rosa&#8217;s mother Franziska. It is not known where the young Heumann family took up residence in G\u0151ppingen when they first arrived there. Probably it was at Querstrasse 14, then in 1900 at Langestrasse 40a, according the the city directory. Rosa was only seven years old when her mother died \u2013 which must have been one of the saddest experiences in her life. Samuel Heumann re-married, and hopefully his second wife Karoline Herz was a good stepmother to the small child Rosa. Karoline later had three children of her own; Benno, her first child, was not born until two years after the wedding took place \u2013 therefore Karoline should have had enough time to get used to her stepchildren. The New World also attracted this new generation of Lindauer descendants: Rosa&#8217;s oldest brothers Julius and Hermann&nbsp; emigrated to the USA in 1890 and 1895 respectively.<\/p>\n\n\n\n<p>Only her younger brother Hugo Heumann remained in G\u0151ppingen and carried on the business of his father which was located in the Ulrichstrasse and dealt in cotton goods and rags.<\/p>\n\n\n\n<p><strong>Marriage and Move to Munich<\/strong><\/p>\n\n\n\n<p>Rosa did not move across the &#8216;Big Lake&#8217; [Atlantic Ocean], however, on January 1, 1892, she moved to Munich with Samuel B\u0171hler, whom she had married in December 1891 in G\u0151ppingen. Samuel came from the village of Kleinerdlingen near Noerdlingen. He was seven years older than Rosa and was a merchant by profession.&nbsp; Additional information about his business activities could not be ascertained, but he might have worked with his brother Rafael who also lived in Munich. According to documents in the G\u0151ppingen archives, Rosa and Samuel B\u0171hler remained childless.&nbsp; However, the Munich residents registry shows different information: on December 23, 1892, Rosa gave birth to a daughter who was named Franziska after her mother, however the child died soon, on January 12, 1893.&nbsp; Two years later the tragedy repeated itself: on April 10, 1895, Rosa gave birth to a boy who was to be named Justin. It could not be determined exactly when this much hoped-for child died, but it must have been shortly thereafter. How did Rosa&#8217;s life without children continue in Munich? Did she try to find employment, maybe working in the business of her husband? Unfortunately there are not answers to these questions. On November 26, 1935, her husband Samuel died after 42 years of marriage. Rosa remained in Munich only one more year after that. The Munich documents read as follows:&nbsp;<em>\u201cIn April 1936, Mrs. B\u0171hler received permission to sell the remaining inventory of her deceased husband&#8217;s business.\u201d<\/em><\/p>\n\n\n\n<p><strong>Her Own &#8216;Little House&#8217; in G\u0151ppingen<\/strong><\/p>\n\n\n<div class=\"wp-block-image\">\n<figure class=\"aligncenter size-full is-resized\"><img loading=\"lazy\" width=\"750\" height=\"1000\" src=\"https:\/\/stolpersteine-goeppingen.de\/wp-content\/uploads\/2022\/01\/Buehler-Bergstr.-11-1.jpg\" alt=\"\" class=\"wp-image-1204\" style=\"aspect-ratio:0.75;width:562px;height:auto\" srcset=\"https:\/\/stolpersteine-goeppingen.de\/wp-content\/uploads\/2022\/01\/Buehler-Bergstr.-11-1.jpg 750w, https:\/\/stolpersteine-goeppingen.de\/wp-content\/uploads\/2022\/01\/Buehler-Bergstr.-11-1-225x300.jpg 225w, https:\/\/stolpersteine-goeppingen.de\/wp-content\/uploads\/2022\/01\/Buehler-Bergstr.-11-1-676x901.jpg 676w\" sizes=\"auto, (max-width: 750px) 100vw, 750px\" \/><figcaption class=\"wp-element-caption\">Bergstr. 11\/1<\/figcaption><\/figure>\n<\/div>\n\n\n<p>On July 30, 1936, Rosa moved back to G\u0151ppingen, her birth place, according to the Munich residents registry records. (According to G\u0151ppingen records, her move already took place on July 1).&nbsp; At that time, her brother Hugo, as well as half-siblings from her father&#8217;s second marriage, were living in&nbsp; G\u0151ppingen. But Rosa B\u0171hler did not arrive penniless in G\u0151ppingen because on August 10, 1936, she was able to buy a house at Bergstrasse 11\/1, where it was recorded that she lived until August 19, 1941. Why did she leave her own house after that date and move to a house at Burgstrasse 16 which was owned by the Banemann family? Had she become so financially destitute that she had to rent out her house?&nbsp; On July 3, 1942, G\u0151ppingen resident&nbsp;<a href=\"https:\/\/stolpersteine-goeppingen.de\/en\/goeppingen\/frankfurter-hedwig-und-sigmund\/\" data-type=\"URL\" data-id=\"https:\/\/stolpersteine-goeppingen.de\/en\/goeppingen\/frankfurter-hedwig-und-sigmund\/\">Hedwig Frankfurter<\/a> wrote to her friend Thilde Gutmann who lived in Switzerland: <em>&#8216;H. <a href=\"https:\/\/stolpersteine-goeppingen.de\/en\/goeppingen\/lendt-georg-und-mathilde\/\" data-type=\"URL\" data-id=\"https:\/\/stolpersteine-goeppingen.de\/en\/goeppingen\/lendt-georg-und-mathilde\/\">Lendt<\/a>, Fr. <a href=\"https:\/\/stolpersteine-goeppingen.de\/en\/goeppingen\/heimann-jenny-und-felicia\/\" data-type=\"URL\" data-id=\"https:\/\/stolpersteine-goeppingen.de\/en\/goeppingen\/heimann-jenny-und-felicia\/\">Jenny Heimann<\/a>, Fr. <a href=\"https:\/\/stolpersteine-goeppingen.de\/en\/goeppingen\/bensinger-elise\/\" data-type=\"URL\" data-id=\"https:\/\/stolpersteine-goeppingen.de\/en\/goeppingen\/bensinger-elise\/\">Benzinger<\/a>, and Fr. B\u0171hler have to go to Wei\u00dfenstein.<\/em>&#8216;<\/p>\n\n\n\n<p>The mention of &#8216;Wei\u00dfenstein&#8217; refers to a <a href=\"https:\/\/stolpersteine-goeppingen.de\/en\/weissenstein-lauterstein\/das-zwangswohnheim-fur-judinnen-und-juden-im-schloss-weisenstein\/\">castle <\/a>located in the County of G\u0151ppingen which at that time was being misused as a forced residential home for Jewish people. However, at the time this letter was written, Rosa B\u0171hler was already living in the &#8216;Jewish house&#8217; at Metzgerstrasse 16, where she had to exist under depressing conditions for half a year until August 20, 1942. But Rosa never was taken to Wei\u00dfenstein, which was only a stop-over on the way to be murdered anyway.<\/p>\n\n\n\n<p><strong>Theresienstadt \u2013 Treblinka<\/strong><\/p>\n\n\n\n<p>On August 23, 1942, pensioner Rosa B\u0171hler was locked into a train which traveled from Stuttgart&#8217;s Nordbahnhof [northern railway station] to the ghetto concentration camp Theresienstadt. She was one of 13 mainly elderly Jewish G\u0151ppingen residents on this transport. Inge Auerbacher, who was the only child among them, remembers their arrival: \u201cTwo days later, loud yelling ended our trip. We had arrived at the railroad station of Bohusovice. &#8216;Throw away everything but your sleeping roll and your eating utensils \u2013 hurry up, march, no resistance!&#8217;&nbsp; Guards with whips and rifles surrounded us. We all were very tired and scared. A few older people who were not steady on their legs fell down. Their cries for help filled the air. Many died on the way. (\u2026) We had to walk about three kilometers and were driven through an arched entrance into a large barracks area. There we were surrounded by high walls.\u201d Rosa B\u0171hler survived the horrendous scene of the arrival, but she already had to leave Theresienstadt one month later: on September 29, 1942, she was deported to Treblinka, the&nbsp; extermination concentration camp located in German-occupied Poland. Here Rosa B\u0171hler was murdered at the age of 72. In Treblinka most of the victims were asphyxiated by muffler exhaust gases; whoever was too frail to manage the walk from the railroad track to the gas chamber was shot by the SS guards right by the ditches which had been dug there.<\/p>\n\n\n\n<p>After Rosa B\u0171hler&#8217;s deportation, the NS-government (= Reich finance administration) enriched itself by taking possession of her house at Bergstrasse 11\/1 so it could be sold to G\u0151ppingen Hitler-Youth-leader Paul Schillo in 1943. During the restitution proceedings, when Mr. Schillo was forced to turn the house over to Rosa B\u0171hler&#8217;s heirs, he felt cheated: he had been assured by the official who handled the sale that there would never be any heirs who could make claims for the property.<\/p>\n\n\n\n<p>Many of Rosa\u2019s close relatives were also murdered by the Nazis: her cousin Jeanette Oppenheimer, n\u00e9e Heumann, who lived in Munich, died like Rosa at the Treblinka extermination camp. Fanny Nathan, n\u00e9e Heumann, who lived in Ulm and also was a cousin on her father\u2019s side lost her life at Theresienstadt, Fanny\u2019s daughter Sara Nathan was murdered at Izbica. Four children of Rosa\u2019s cousin Heinrich Heumann as well as a child of her cousin Josef Heumann died during the holocaust. The siblings of Rosa\u2019s sister-in-law Frieda B\u00fchler, n\u00e9e Rosenau, who was the wife of her brother Hugo, were also murdered.<\/p>\n\n\n<div class=\"wp-block-image\">\n<figure class=\"aligncenter size-full is-resized\"><img loading=\"lazy\" width=\"191\" height=\"292\" src=\"https:\/\/stolpersteine-goeppingen.de\/wp-content\/uploads\/2022\/01\/Jeanette-Oppenheimer-geb.-Heumann.jpg\" alt=\"\" class=\"wp-image-1205\" style=\"aspect-ratio:0.6541095890410958;width:317px;height:auto\"\/><figcaption class=\"wp-element-caption\">Jeanette Oppenheimer, n\u00e9e. Heumann<\/figcaption><\/figure>\n<\/div>\n\n\n<p>On October 2, 2013, a Stumbling Stone was laid in memory of Rosa B\u0171hler in front of her house at Bergstrasse 11\/1.<\/p>\n\n\n\n<p>(19<sup>th<\/sup> of December 2016 kmr\/ir)<\/p>\n\n\n<p><div class=\"leaflet-map WPLeafletMap\" style=\"height:450px; width:95%;\"><\/div><script>\nwindow.WPLeafletMapPlugin = window.WPLeafletMapPlugin || [];\nwindow.WPLeafletMapPlugin.push(function WPLeafletMapShortcode() {\/*<script>*\/\nvar baseUrl = atob('aHR0cHM6Ly97c30udGlsZS5vcGVuc3RyZWV0bWFwLm9yZy97en0ve3h9L3t5fS5wbmc=');\nvar base = (!baseUrl && window.MQ) ?\n    window.MQ.mapLayer() : L.tileLayer(baseUrl,\n        L.Util.extend({}, {\n            detectRetina: 1,\n        },\n        {\"subdomains\":\"abc\",\"noWrap\":false,\"maxZoom\":19}        )\n    );\n    var options = L.Util.extend({}, {\n        layers: [base],\n        attributionControl: false\n    },\n    {\"zoomControl\":true,\"scrollWheelZoom\":true,\"doubleClickZoom\":false,\"fitBounds\":false,\"minZoom\":0,\"maxZoom\":19,\"maxBounds\":null,\"attribution\":\"<a href=\\\"http:\\\/\\\/leafletjs.com\\\" title=\\\"Eine Javascript-Bibliothek f\\u00fcr interaktive Karten\\\">Leaflet<\\\/a>; \\u00a9 <a href=\\\"http:\\\/\\\/www.openstreetmap.org\\\/copyright\\\">OpenStreetMap<\\\/a> Mitwirkende\"},\n    {});\nwindow.WPLeafletMapPlugin.createMap(options).setView([48.699136264149,9.6483079104154],18);});<\/script><br \/>\n<script>\nwindow.WPLeafletMapPlugin = window.WPLeafletMapPlugin || [];\nwindow.WPLeafletMapPlugin.push(function WPLeafletMarkerShortcode() {\/*<script>*\/\nvar map = window.WPLeafletMapPlugin.getCurrentMap();\nvar group = window.WPLeafletMapPlugin.getCurrentGroup();\nvar marker_options = window.WPLeafletMapPlugin.getIconOptions({});\nvar marker = L.marker(\n    [48.699026508677,9.6494560382876],\n    marker_options\n);\nvar is_image = map.is_image_map;\nif (marker_options.draggable) {\n    marker.on('dragend', function () {\n        var latlng = this.getLatLng();\n        var lat = latlng.lat;\n        var lng = latlng.lng;\n        if (is_image) {\n            console.log('leaflet-marker y=' + lat + ' x=' + lng);\n        } else {\n            console.log('leaflet-marker lat=' + lat + ' lng=' + lng);\n        }\n    });\n}\nmarker.addTo( group );\nwindow.WPLeafletMapPlugin.markers.push( marker );\n        });<\/script><\/p>\n","protected":false},"excerpt":{"rendered":"<p>Bergstr. 11\/1 An Old-Established Family Rosa B\u0171hler, n\u00e9e Heumann, was born on April 2, 1870, in G\u0151ppingen.&nbsp; Samuel Heumann, her father, was a for rags (paper production) from Laupheim who [&hellip;]<\/p>\n","protected":false},"author":1,"featured_media":0,"parent":118,"menu_order":8,"comment_status":"open","ping_status":"closed","template":"","meta":{"_coblocks_attr":"","_coblocks_dimensions":"","_coblocks_responsive_height":"","_coblocks_accordion_ie_support":"","ngg_post_thumbnail":0,"cybocfi_hide_featured_image":"","footnotes":"","_links_to":"","_links_to_target":""},"class_list":["post-175","page","type-page","status-publish","hentry","post-preview"],"translation":{"provider":"WPGlobus","version":"3.0.2","language":"en","enabled_languages":["de","en"],"languages":{"de":{"title":true,"content":true,"excerpt":false},"en":{"title":true,"content":true,"excerpt":false}}},"publishpress_future_action":{"enabled":false,"date":"2026-04-20 16:37:16","action":"change-status","newStatus":"draft","terms":[],"taxonomy":"","extraData":[]},"publishpress_future_workflow_manual_trigger":{"enabledWorkflows":[]},"_links":{"self":[{"href":"https:\/\/stolpersteine-goeppingen.de\/en\/wp-json\/wp\/v2\/pages\/175","targetHints":{"allow":["GET"]}}],"collection":[{"href":"https:\/\/stolpersteine-goeppingen.de\/en\/wp-json\/wp\/v2\/pages"}],"about":[{"href":"https:\/\/stolpersteine-goeppingen.de\/en\/wp-json\/wp\/v2\/types\/page"}],"author":[{"embeddable":true,"href":"https:\/\/stolpersteine-goeppingen.de\/en\/wp-json\/wp\/v2\/users\/1"}],"replies":[{"embeddable":true,"href":"https:\/\/stolpersteine-goeppingen.de\/en\/wp-json\/wp\/v2\/comments?post=175"}],"version-history":[{"count":45,"href":"https:\/\/stolpersteine-goeppingen.de\/en\/wp-json\/wp\/v2\/pages\/175\/revisions"}],"predecessor-version":[{"id":7678,"href":"https:\/\/stolpersteine-goeppingen.de\/en\/wp-json\/wp\/v2\/pages\/175\/revisions\/7678"}],"up":[{"embeddable":true,"href":"https:\/\/stolpersteine-goeppingen.de\/en\/wp-json\/wp\/v2\/pages\/118"}],"wp:attachment":[{"href":"https:\/\/stolpersteine-goeppingen.de\/en\/wp-json\/wp\/v2\/media?parent=175"}],"curies":[{"name":"wp","href":"https:\/\/api.w.org\/{rel}","templated":true}]}}