{"id":13,"date":"2021-10-21T13:24:48","date_gmt":"2021-10-21T13:24:48","guid":{"rendered":"http:\/\/stolpersteine-goeppingen.de\/?page_id=13"},"modified":"2025-01-23T11:55:49","modified_gmt":"2025-01-23T11:55:49","slug":"satzung-stolpersteine-e-v","status":"publish","type":"page","link":"https:\/\/stolpersteine-goeppingen.de\/en\/die-initiative\/satzung-stolpersteine-e-v\/","title":{"rendered":"Satzung Stolpersteine e.V."},"content":{"rendered":"\n<p><strong>Satzung des Vereins Initiative Stolpersteine G\u00f6ppingen vom 1. M\u00e4rz 2011<\/strong><\/p>\n\n\n\n<p><strong>\u00a7 1&nbsp;&nbsp;&nbsp;&nbsp;&nbsp;&nbsp; Name und Sitz, Organe, Gesch\u00e4ftsjahr<\/strong><\/p>\n\n\n\n<p>Der Verein soll in das Vereinsregister eingetragen werden und Initiative Stolpersteine G\u00f6ppingen e.&nbsp;V. hei\u00dfen.<\/p>\n\n\n\n<p>Er hat seinen Sitz in G\u00f6ppingen.<\/p>\n\n\n\n<p>Organe des Vereins sind die Mitgliederversammlung und der Vorstand.<\/p>\n\n\n\n<p>Gesch\u00e4ftsjahr ist das Kalenderjahr.<\/p>\n\n\n\n<p><strong>\u00a7 2&nbsp;&nbsp;&nbsp;&nbsp;&nbsp;&nbsp; Vereinszweck<\/strong><\/p>\n\n\n\n<p>Der Verein f\u00f6rdert und unterst\u00fctzt das Projekt \u201eStolpersteine f\u00fcr G\u00f6ppingen\u201c im Sinne der Erinnerung an die Verfolgten und Ermordeten der Zeit des Nationalsozialismus und der F\u00f6rderung der V\u00f6lkerverst\u00e4ndigung.<\/p>\n\n\n\n<p>Der Satzungszweck wird verwirklicht insbesondere durch:<\/p>\n\n\n\n<ul class=\"wp-block-list\"><li>die Verlegung von Stolpersteinen im Gebiet der Stadt G\u00f6ppingen (sowie deren Erhaltung),<\/li><li>die Anregung von Schulpatenschaften,<\/li><li>die Aufnahme und Pflege von Kontakten zu Angeh\u00f6rigen oder Bekannten der Personen, an die durch die Stolpersteine erinnert wird,<\/li><li>deren finanzielle Unterst\u00fctzung bei der Anreise und beim Aufenthalt in G\u00f6ppingen,<\/li><li>\u00d6ffentlichkeitsarbeit f\u00fcr das Projekt,<\/li><li>die Beschaffung von Mitteln, um diese Aktivit\u00e4ten zu erm\u00f6glichen.<\/li><\/ul>\n\n\n\n<p>Der Verein verfolgt ausschlie\u00dflich und unmittelbar gemeinn\u00fctzige Zwecke im Sinne des Abschnitts &#8220;Steuerbeg\u00fcnstigte Zwecke&#8221; der Abgabenordnung.<\/p>\n\n\n\n<p><strong>\u00a7 3&nbsp;&nbsp;&nbsp;&nbsp;&nbsp;&nbsp; Selbstlosigkeit<\/strong><\/p>\n\n\n\n<p>Der Verein ist selbstlos t\u00e4tig; er verfolgt nicht in erster Linie eigenwirtschaftliche Zwecke.<\/p>\n\n\n\n<p>Mittel des Vereins d\u00fcrfen nur f\u00fcr die satzungsm\u00e4\u00dfigen Zwecke verwendet werden.<\/p>\n\n\n\n<p>Die zur Erreichung des Vereinszwecks erforderlichen Mittel werden aufgebracht durch Mitgliedsbeitr\u00e4ge und Spenden und Zusch\u00fcsse jeder Art.<\/p>\n\n\n\n<p>Die Mitglieder erhalten keine Zuwendungen aus Mitteln des Vereins. Es darf keine Person durch Ausgaben, die dem Zweck des Vereins fremd sind oder durch unverh\u00e4ltnism\u00e4\u00dfig hohe Verg\u00fctungen beg\u00fcnstigt werden.<\/p>\n\n\n\n<p>Alle Inhaber von Vereins\u00e4mtern sind ehrenamtlich t\u00e4tig. Sie haben Anspruch auf Ersatz von angemessenen Auslagen.<\/p>\n\n\n\n<p><strong>\u00a7 4&nbsp;&nbsp;&nbsp;&nbsp;&nbsp;&nbsp; Mitgliedschaft<\/strong><\/p>\n\n\n\n<p>Mitglied kann jede vollj\u00e4hrige nat\u00fcrliche oder juristische Person werden. Dem schriftlichen Aufnahmeantrag kann der Vorstand innerhalb eines Monats widersprechen.<\/p>\n\n\n\n<p>Es k\u00f6nnen Mitgliedsbeitr\u00e4ge erhoben werden. \u00dcber die F\u00e4lligkeit und H\u00f6he entscheidet die Mitgliederversammlung.<\/p>\n\n\n\n<p>Die Mitgliedschaft endet mit Tod, Austritt oder Ausschluss aus dem Verein. Der Austritt kann nur zum Ende eines Kalenderjahres erfolgen und muss 3 Monate vor dem Jahresende schriftlich mitgeteilt werden.<\/p>\n\n\n\n<p>Bei groben Verletzungen der Vereinspflichten, z. B. Nichtzahlung des Mitgliedsbeitrags trotz einmaliger Mahnung, kann der Vorstand den Ausschluss eines Mitglieds beschlie\u00dfen.<\/p>\n\n\n\n<p><strong>\u00a7 5&nbsp;&nbsp;&nbsp;&nbsp;&nbsp;&nbsp; Mitgliederversammlung<\/strong><\/p>\n\n\n\n<p>Aufgaben der Mitgliederversammlung sind u.a.:<\/p>\n\n\n\n<ul class=\"wp-block-list\"><li>die Wahl und Entlastung des Vorstands,<\/li><li>die Entgegennahme des Jahresberichts des Vorstands und die Beschlussfassung \u00fcber den Haushalt,<\/li><li>Satzungs\u00e4nderungen, \u00c4nderungen des Vereinszwecks und Aufl\u00f6sung des Vereins,<\/li><li>die Wahl von Rechnungspr\u00fcfern sowie die Entgegennahme deren Berichts.<\/li><\/ul>\n\n\n\n<p>Die Mitgliederversammlung ist beschlussf\u00e4hig, wenn sie ordnungsgem\u00e4\u00df einberufen wurde.<\/p>\n\n\n\n<p>Sie fasst mit der einfachen Mehrheit der anwesenden Mitglieder Beschl\u00fcsse.<\/p>\n\n\n\n<p>Satzungs\u00e4nderungen, eine \u00c4nderung des Vereinszwecks sowie eine Aufl\u00f6sung des Vereins bed\u00fcrfen einer 2\/3 Mehrheit der anwesenden Mitglieder. Mitglieder, die sich der Stimme enthalten, werden behandelt wie nicht erschienene.<\/p>\n\n\n\n<p>Die Beschl\u00fcsse der Mitgliederversammlung werden in einem Protokoll festgehalten, das vom dem\/der Versammlungsleiter\/in unterzeichnet wird.<\/p>\n\n\n\n<p><strong>\u00a7 6&nbsp;&nbsp;&nbsp;&nbsp;&nbsp;&nbsp; Vorstand<\/strong><\/p>\n\n\n\n<p>Der Vorstand ist f\u00fcr alle Vereinsangelegenheiten zust\u00e4ndig, die nicht durch Satzung ausdr\u00fccklich der Mitgliederversammlung zugewiesen sind.<\/p>\n\n\n\n<p>Der Vorstand besteht aus dem\/der Vorsitzenden, einem\/r Stellvertreter\/in und einem\/r Kassierer\/in.<\/p>\n\n\n\n<p>Er wird f\u00fcr die Dauer von 2 Jahren gew\u00e4hlt. Der Vorstand bleibt bis zur Wahl eines neuen Vorstandes im Amt.<\/p>\n\n\n\n<p>Er fasst Beschl\u00fcsse mit einfacher Mehrheit. Der Vorstand ist beschlussf\u00e4hig, wenn mindestens zwei Vorstandsmitglieder anwesend sind.<\/p>\n\n\n\n<p>Jedes Vorstandsmitglied ist einzeln zur Vertretung des Vereins berechtigt. Die einzelvertretungsberechtigten Vorstandsmitglieder sind an die Mehrheitsbeschl\u00fcsse des Vorstands gebunden.<\/p>\n\n\n\n<p>Der Vorstand l\u00e4dt schriftlich (dies kann auch per Email erfolgen) zwei Wochen im Voraus mindestens einmal im Jahr zur Mitgliederversammlung ein. Dabei ist die vom Vorstand festgesetzte Tagesordnung mitzuteilen.<\/p>\n\n\n\n<p>Stehen der Eintragung im Vereinsregister oder der Anerkennung der Gemeinn\u00fctzigkeit durch das zust\u00e4ndige Finanzamt bestimmte Satzungsinhalte entgegen, ist der Vorstand berechtigt, entsprechende \u00c4nderungen eigenst\u00e4ndig durchzuf\u00fchren.<\/p>\n\n\n\n<p><strong>\u00a7 7&nbsp;&nbsp;&nbsp;&nbsp;&nbsp;&nbsp; Rechnungspr\u00fcfung<\/strong><\/p>\n\n\n\n<p>Die Mitgliederversammlung w\u00e4hlt f\u00fcr die Dauer von zwei Jahren mindestens eine\/n Rechnungspr\u00fcfer\/in. Diese\/r ist nicht Mitglied des Vorstandes und arbeitet als Kontrollorgan des Vorstandes im Auftrag der Mitglieder. Er\/sie kontrolliert die Finanzgesch\u00e4fte des Vereins und unterbreitet der Mitgliederversammlung mindestens einmal pro Kalenderjahr einen Pr\u00fcfbericht.<\/p>\n\n\n\n<p><strong>\u00a7 8&nbsp;&nbsp;&nbsp;&nbsp;&nbsp;&nbsp; Aufl\u00f6sung \/ Wegfall des steuerbeg\u00fcnstigten Zwecks<\/strong><\/p>\n\n\n\n<p>Bei Aufl\u00f6sung des Vereins oder bei Wegfall steuerbeg\u00fcnstigter Zwecke f\u00e4llt das Verm\u00f6gen des Vereins an die Stadt G\u00f6ppingen mit der Auflage, es ausschlie\u00dflich und unmittelbar f\u00fcr steuerbeg\u00fcnstigte Zwecke der F\u00f6rderung der V\u00f6lkerverst\u00e4ndigung sowie der Erinnerung an die Verfolgten und Ermordeten des Nationalsozialismus zu verwenden.<\/p>\n\n\n\n<p>Die Liquidation erfolgt durch die zum Zeitpunkt des Aufl\u00f6sungsbeschlusses amtierenden Vorstandsmitglieder.<\/p>\n","protected":false},"excerpt":{"rendered":"<p>Satzung des Vereins Initiative Stolpersteine G\u00f6ppingen vom 1. M\u00e4rz 2011 \u00a7 1&nbsp;&nbsp;&nbsp;&nbsp;&nbsp;&nbsp; Name und Sitz, Organe, Gesch\u00e4ftsjahr Der Verein soll in das Vereinsregister eingetragen werden und Initiative Stolpersteine G\u00f6ppingen e.&nbsp;V. [&hellip;]<\/p>\n","protected":false},"author":1,"featured_media":0,"parent":10,"menu_order":6,"comment_status":"closed","ping_status":"closed","template":"","meta":{"_coblocks_attr":"","_coblocks_dimensions":"","_coblocks_responsive_height":"","_coblocks_accordion_ie_support":"","ngg_post_thumbnail":0,"cybocfi_hide_featured_image":"","footnotes":"","_links_to":"","_links_to_target":""},"class_list":["post-13","page","type-page","status-publish","hentry","post-preview"],"translation":{"provider":"WPGlobus","version":"3.0.2","language":"en","enabled_languages":["de","en"],"languages":{"de":{"title":true,"content":true,"excerpt":false},"en":{"title":false,"content":false,"excerpt":false}}},"publishpress_future_action":{"enabled":false,"date":"2026-04-20 16:10:51","action":"change-status","newStatus":"draft","terms":[],"taxonomy":"","extraData":[]},"publishpress_future_workflow_manual_trigger":{"enabledWorkflows":[]},"_links":{"self":[{"href":"https:\/\/stolpersteine-goeppingen.de\/en\/wp-json\/wp\/v2\/pages\/13","targetHints":{"allow":["GET"]}}],"collection":[{"href":"https:\/\/stolpersteine-goeppingen.de\/en\/wp-json\/wp\/v2\/pages"}],"about":[{"href":"https:\/\/stolpersteine-goeppingen.de\/en\/wp-json\/wp\/v2\/types\/page"}],"author":[{"embeddable":true,"href":"https:\/\/stolpersteine-goeppingen.de\/en\/wp-json\/wp\/v2\/users\/1"}],"replies":[{"embeddable":true,"href":"https:\/\/stolpersteine-goeppingen.de\/en\/wp-json\/wp\/v2\/comments?post=13"}],"version-history":[{"count":1,"href":"https:\/\/stolpersteine-goeppingen.de\/en\/wp-json\/wp\/v2\/pages\/13\/revisions"}],"predecessor-version":[{"id":14,"href":"https:\/\/stolpersteine-goeppingen.de\/en\/wp-json\/wp\/v2\/pages\/13\/revisions\/14"}],"up":[{"embeddable":true,"href":"https:\/\/stolpersteine-goeppingen.de\/en\/wp-json\/wp\/v2\/pages\/10"}],"wp:attachment":[{"href":"https:\/\/stolpersteine-goeppingen.de\/en\/wp-json\/wp\/v2\/media?parent=13"}],"curies":[{"name":"wp","href":"https:\/\/api.w.org\/{rel}","templated":true}]}}